{"id":5011,"date":"2023-03-07T09:06:12","date_gmt":"2023-03-07T08:06:12","guid":{"rendered":"https:\/\/bck.sk\/?page_id=5011"},"modified":"2023-06-28T15:06:31","modified_gmt":"2023-06-28T13:06:31","slug":"%d0%bb%d0%b5%d1%82%d0%bda-%d0%ba%d0%be%d1%88%d0%b8%d1%86e-%d0%ba%d0%be%d0%bd%d1%82%d0%b0%d0%ba%d1%82","status":"publish","type":"page","link":"https:\/\/bck.sk\/uk\/%d0%bb%d0%b5%d1%82%d0%bda-%d0%ba%d0%be%d1%88%d0%b8%d1%86e\/%d0%bb%d0%b5%d1%82%d0%bda-%d0%ba%d0%be%d1%88%d0%b8%d1%86e-%d0%ba%d0%be%d0%bd%d1%82%d0%b0%d0%ba%d1%82\/","title":{"rendered":"\u041b\u0415\u0422\u041dA \u041a\u041e\u0428\u0418\u0426E &#8211; \u041a\u041e\u041d\u0422\u0410\u041a\u0422"},"content":{"rendered":"<div class=\"grid-container\">\n<div class=\"grid-x grid-padding-x grid-margin-x\">\n<div class=\"cell small-12 text-center my-content-cell\">\n<h2>\u0410\u0414\u0420\u0415\u0421\u0410<\/h2>\n<p>Letn\u00e1 47, 040 01 Ko\u0161ice<br \/>\nSlovensk\u00e1 republika (\u0421\u043b\u043e\u0432\u0430\u0446\u044c\u043a\u0430 \u0420\u0435\u0441\u043f\u0443\u0431\u043b\u0456\u043a\u0430)<\/p>\n<p><a class=\"button small\" title=\"Zobrazi\u0165 na map\u00e1ch Google\" href=\"https:\/\/goo.gl\/maps\/XebkLUVPaRGcPJX49\" target=\"_blank\" rel=\"noopener noreferrer\"><i class=\"fas fa-map-marker-alt\"><\/i> \u041a\u0410\u0420\u0422\u0410 \/ \u041c\u0410\u0420\u0428\u0420\u0423\u0422 (Google maps)<\/a><\/p>\n<hr \/>\n<h2>\u041f\u041e\u0428\u0422\u041e\u0412\u0410 \u0410\u0414\u0420\u0415\u0421\u0410 \u0422\u0410 \u0410\u0414\u0420\u0415\u0421\u0410 \u0414\u041b\u042f \u041d\u0410\u0414\u0421\u0418\u041b\u0410\u041d\u041d\u042f \u0420\u0410\u0425\u0423\u041d\u041a\u0406\u0412\u0424\u0410\u041a\u0422\u0423\u0420<\/h2>\n<p>CTR WatsoNova s. r. o.<br \/>\n\u0160t\u00farova 27, 040 01 Ko\u0161ice,<br \/>\nSlovensk\u00e1 republika (\u0421\u043b\u043e\u0432\u0430\u0446\u044c\u043a\u0430 \u0420\u0435\u0441\u043f\u0443\u0431\u043b\u0456\u043a\u0430)<\/p>\n<hr \/>\n<div class=\"cell small-12 medium-6 large-4 kontakty-2\">\n<h2>\u041a\u041e\u041d\u0422\u0410\u041a\u0422<\/h2>\n<p>\u041d\u043e\u043c\u0435\u0440 \u043c\u043e\u0431\u0456\u043b\u044c\u043d\u043e\u0433\u043e \u0442\u0435\u043b\u0435\u0444\u043e\u043d\u0443: + 421 908 072 363<br \/>\nE-mail: kecskes@bck.sk<\/p>\n<hr \/>\n<p>\u0427\u043b\u0435\u043d \u0433\u0440\u0443\u043f\u0438 CTR<\/p>\n<p><a title=\"Zobrazi\u0165 webov\u00e9 s\u00eddlo CTR Group\" href=\"https:\/\/ctrholding.com\/\" target=\"_blank\" rel=\"noopener noreferrer\"><img loading=\"lazy\" decoding=\"async\" class=\"size-medium wp-image-478\" src=\"\/wp-content\/uploads\/2020\/04\/CTR-group_logo_invers-300x158.jpg\" alt=\"CTR Group logo\" width=\"300\" height=\"158\" srcset=\"https:\/\/bck.sk\/wp-content\/uploads\/2020\/04\/CTR-group_logo_invers-300x158.jpg 300w, https:\/\/bck.sk\/wp-content\/uploads\/2020\/04\/CTR-group_logo_invers-768x404.jpg 768w, https:\/\/bck.sk\/wp-content\/uploads\/2020\/04\/CTR-group_logo_invers.jpg 886w\" sizes=\"auto, (max-width: 300px) 100vw, 300px\" \/><\/a><\/p>\n<p><a class=\"button small\" title=\"Zobrazi\u0165 webov\u00e9 s\u00eddlo CTR Group\" href=\"https:\/\/ctrholding.com\/\" target=\"_blank\" rel=\"noopener noreferrer\">www.ctrholding.com<\/a><\/p>\n<\/div>\n<div class=\"cell small-12 medium-12 large-4 kontakty-3\">\n<\/div>\n<\/div>\n","protected":false},"excerpt":{"rendered":"<p>\u0410\u0414\u0420\u0415\u0421\u0410 Letn\u00e1 47, 040 01 Ko\u0161ice Slovensk\u00e1 republika (\u0421\u043b\u043e\u0432\u0430\u0446\u044c\u043a\u0430 \u0420\u0435\u0441\u043f\u0443\u0431\u043b\u0456\u043a\u0430) \u041a\u0410\u0420\u0422\u0410 \/ \u041c\u0410\u0420\u0428\u0420\u0423\u0422 (Google maps) \u041f\u041e\u0428\u0422\u041e\u0412\u0410 \u0410\u0414\u0420\u0415\u0421\u0410 \u0422\u0410 \u0410\u0414\u0420\u0415\u0421\u0410 \u0414\u041b\u042f \u041d\u0410\u0414\u0421\u0418\u041b\u0410\u041d\u041d\u042f \u0420\u0410\u0425\u0423\u041d\u041a\u0406\u0412\u0424\u0410\u041a\u0422\u0423\u0420 CTR WatsoNova s. r. o. \u0160t\u00farova 27, 040 01 Ko\u0161ice, Slovensk\u00e1 republika (\u0421\u043b\u043e\u0432\u0430\u0446\u044c\u043a\u0430 \u0420\u0435\u0441\u043f\u0443\u0431\u043b\u0456\u043a\u0430) \u041a\u041e\u041d\u0422\u0410\u041a\u0422 \u041d\u043e\u043c\u0435\u0440 \u043c\u043e\u0431\u0456\u043b\u044c\u043d\u043e\u0433\u043e \u0442\u0435\u043b\u0435\u0444\u043e\u043d\u0443: + 421 908 072 363 E-mail: kecskes@bck.sk \u0427\u043b\u0435\u043d \u0433\u0440\u0443\u043f\u0438 CTR www.ctrholding.com<\/p>\n","protected":false},"author":1,"featured_media":0,"parent":5010,"menu_order":0,"comment_status":"closed","ping_status":"closed","template":"template-kontakty-letna.php","meta":{"_acf_changed":false,"footnotes":""},"class_list":["post-5011","page","type-page","status-publish","hentry"],"acf":[],"yoast_head":"<!-- This site is optimized with the Yoast SEO plugin v27.3 - https:\/\/yoast.com\/product\/yoast-seo-wordpress\/ -->\n<title>\u041b\u0415\u0422\u041dA \u041a\u041e\u0428\u0418\u0426E - \u041a\u041e\u041d\u0422\u0410\u041a\u0422 - Business Centre Ko\u0161ice<\/title>\n<meta name=\"robots\" content=\"index, follow, max-snippet:-1, max-image-preview:large, max-video-preview:-1\" \/>\n<link rel=\"canonical\" href=\"https:\/\/bck.sk\/uk\/%d0%bb%d0%b5%d1%82%d0%bda-%d0%ba%d0%be%d1%88%d0%b8%d1%86e\/%d0%bb%d0%b5%d1%82%d0%bda-%d0%ba%d0%be%d1%88%d0%b8%d1%86e-%d0%ba%d0%be%d0%bd%d1%82%d0%b0%d0%ba%d1%82\/\" \/>\n<meta property=\"og:locale\" content=\"uk_UA\" \/>\n<meta property=\"og:type\" content=\"article\" \/>\n<meta property=\"og:title\" content=\"\u041b\u0415\u0422\u041dA \u041a\u041e\u0428\u0418\u0426E - \u041a\u041e\u041d\u0422\u0410\u041a\u0422 - Business Centre Ko\u0161ice\" \/>\n<meta property=\"og:description\" content=\"\u0410\u0414\u0420\u0415\u0421\u0410 Letn\u00e1 47, 040 01 Ko\u0161ice Slovensk\u00e1 republika (\u0421\u043b\u043e\u0432\u0430\u0446\u044c\u043a\u0430 \u0420\u0435\u0441\u043f\u0443\u0431\u043b\u0456\u043a\u0430) \u041a\u0410\u0420\u0422\u0410 \/ \u041c\u0410\u0420\u0428\u0420\u0423\u0422 (Google maps) \u041f\u041e\u0428\u0422\u041e\u0412\u0410 \u0410\u0414\u0420\u0415\u0421\u0410 \u0422\u0410 \u0410\u0414\u0420\u0415\u0421\u0410 \u0414\u041b\u042f \u041d\u0410\u0414\u0421\u0418\u041b\u0410\u041d\u041d\u042f \u0420\u0410\u0425\u0423\u041d\u041a\u0406\u0412\u0424\u0410\u041a\u0422\u0423\u0420 CTR WatsoNova s. r. o. \u0160t\u00farova 27, 040 01 Ko\u0161ice, Slovensk\u00e1 republika (\u0421\u043b\u043e\u0432\u0430\u0446\u044c\u043a\u0430 \u0420\u0435\u0441\u043f\u0443\u0431\u043b\u0456\u043a\u0430) \u041a\u041e\u041d\u0422\u0410\u041a\u0422 \u041d\u043e\u043c\u0435\u0440 \u043c\u043e\u0431\u0456\u043b\u044c\u043d\u043e\u0433\u043e \u0442\u0435\u043b\u0435\u0444\u043e\u043d\u0443: + 421 908 072 363 E-mail: kecskes@bck.sk \u0427\u043b\u0435\u043d \u0433\u0440\u0443\u043f\u0438 CTR www.ctrholding.com\" \/>\n<meta property=\"og:url\" content=\"https:\/\/bck.sk\/uk\/%d0%bb%d0%b5%d1%82%d0%bda-%d0%ba%d0%be%d1%88%d0%b8%d1%86e\/%d0%bb%d0%b5%d1%82%d0%bda-%d0%ba%d0%be%d1%88%d0%b8%d1%86e-%d0%ba%d0%be%d0%bd%d1%82%d0%b0%d0%ba%d1%82\/\" \/>\n<meta property=\"og:site_name\" content=\"Business Centre Ko\u0161ice\" \/>\n<meta property=\"article:modified_time\" content=\"2023-06-28T13:06:31+00:00\" \/>\n<meta name=\"twitter:card\" content=\"summary_large_image\" \/>\n<meta name=\"twitter:label1\" content=\"\u041f\u0440\u0438\u0431\u043b. \u0447\u0430\u0441 \u0447\u0438\u0442\u0430\u043d\u043d\u044f\" \/>\n\t<meta name=\"twitter:data1\" content=\"1 \u0445\u0432\u0438\u043b\u0438\u043d\u0430\" \/>\n<script type=\"application\/ld+json\" class=\"yoast-schema-graph\">{\"@context\":\"https:\\\/\\\/schema.org\",\"@graph\":[{\"@type\":\"WebPage\",\"@id\":\"https:\\\/\\\/bck.sk\\\/uk\\\/%d0%bb%d0%b5%d1%82%d0%bda-%d0%ba%d0%be%d1%88%d0%b8%d1%86e\\\/%d0%bb%d0%b5%d1%82%d0%bda-%d0%ba%d0%be%d1%88%d0%b8%d1%86e-%d0%ba%d0%be%d0%bd%d1%82%d0%b0%d0%ba%d1%82\\\/\",\"url\":\"https:\\\/\\\/bck.sk\\\/uk\\\/%d0%bb%d0%b5%d1%82%d0%bda-%d0%ba%d0%be%d1%88%d0%b8%d1%86e\\\/%d0%bb%d0%b5%d1%82%d0%bda-%d0%ba%d0%be%d1%88%d0%b8%d1%86e-%d0%ba%d0%be%d0%bd%d1%82%d0%b0%d0%ba%d1%82\\\/\",\"name\":\"\u041b\u0415\u0422\u041dA \u041a\u041e\u0428\u0418\u0426E - \u041a\u041e\u041d\u0422\u0410\u041a\u0422 - Business Centre Ko\u0161ice\",\"isPartOf\":{\"@id\":\"https:\\\/\\\/bck.sk\\\/uk\\\/#website\"},\"datePublished\":\"2023-03-07T08:06:12+00:00\",\"dateModified\":\"2023-06-28T13:06:31+00:00\",\"breadcrumb\":{\"@id\":\"https:\\\/\\\/bck.sk\\\/uk\\\/%d0%bb%d0%b5%d1%82%d0%bda-%d0%ba%d0%be%d1%88%d0%b8%d1%86e\\\/%d0%bb%d0%b5%d1%82%d0%bda-%d0%ba%d0%be%d1%88%d0%b8%d1%86e-%d0%ba%d0%be%d0%bd%d1%82%d0%b0%d0%ba%d1%82\\\/#breadcrumb\"},\"inLanguage\":\"uk\",\"potentialAction\":[{\"@type\":\"ReadAction\",\"target\":[\"https:\\\/\\\/bck.sk\\\/uk\\\/%d0%bb%d0%b5%d1%82%d0%bda-%d0%ba%d0%be%d1%88%d0%b8%d1%86e\\\/%d0%bb%d0%b5%d1%82%d0%bda-%d0%ba%d0%be%d1%88%d0%b8%d1%86e-%d0%ba%d0%be%d0%bd%d1%82%d0%b0%d0%ba%d1%82\\\/\"]}]},{\"@type\":\"BreadcrumbList\",\"@id\":\"https:\\\/\\\/bck.sk\\\/uk\\\/%d0%bb%d0%b5%d1%82%d0%bda-%d0%ba%d0%be%d1%88%d0%b8%d1%86e\\\/%d0%bb%d0%b5%d1%82%d0%bda-%d0%ba%d0%be%d1%88%d0%b8%d1%86e-%d0%ba%d0%be%d0%bd%d1%82%d0%b0%d0%ba%d1%82\\\/#breadcrumb\",\"itemListElement\":[{\"@type\":\"ListItem\",\"position\":1,\"name\":\"Home\",\"item\":\"https:\\\/\\\/bck.sk\\\/uk\\\/\"},{\"@type\":\"ListItem\",\"position\":2,\"name\":\"\u041b\u0415\u0422\u041dA \u041a\u041e\u0428\u0418\u0426E\",\"item\":\"https:\\\/\\\/bck.sk\\\/uk\\\/%d0%bb%d0%b5%d1%82%d0%bda-%d0%ba%d0%be%d1%88%d0%b8%d1%86e\\\/\"},{\"@type\":\"ListItem\",\"position\":3,\"name\":\"\u041b\u0415\u0422\u041dA \u041a\u041e\u0428\u0418\u0426E &#8211; \u041a\u041e\u041d\u0422\u0410\u041a\u0422\"}]},{\"@type\":\"WebSite\",\"@id\":\"https:\\\/\\\/bck.sk\\\/uk\\\/#website\",\"url\":\"https:\\\/\\\/bck.sk\\\/uk\\\/\",\"name\":\"Business Centre Ko\u0161ice\",\"description\":\"Kancel\u00e1rie na pren\u00e1jom - luxusn\u00e9 kancel\u00e1rske priestory Ko\u0161ice\",\"potentialAction\":[{\"@type\":\"SearchAction\",\"target\":{\"@type\":\"EntryPoint\",\"urlTemplate\":\"https:\\\/\\\/bck.sk\\\/uk\\\/?s={search_term_string}\"},\"query-input\":{\"@type\":\"PropertyValueSpecification\",\"valueRequired\":true,\"valueName\":\"search_term_string\"}}],\"inLanguage\":\"uk\"}]}<\/script>\n<!-- \/ Yoast SEO plugin. -->","yoast_head_json":{"title":"\u041b\u0415\u0422\u041dA \u041a\u041e\u0428\u0418\u0426E - \u041a\u041e\u041d\u0422\u0410\u041a\u0422 - Business Centre Ko\u0161ice","robots":{"index":"index","follow":"follow","max-snippet":"max-snippet:-1","max-image-preview":"max-image-preview:large","max-video-preview":"max-video-preview:-1"},"canonical":"https:\/\/bck.sk\/uk\/%d0%bb%d0%b5%d1%82%d0%bda-%d0%ba%d0%be%d1%88%d0%b8%d1%86e\/%d0%bb%d0%b5%d1%82%d0%bda-%d0%ba%d0%be%d1%88%d0%b8%d1%86e-%d0%ba%d0%be%d0%bd%d1%82%d0%b0%d0%ba%d1%82\/","og_locale":"uk_UA","og_type":"article","og_title":"\u041b\u0415\u0422\u041dA \u041a\u041e\u0428\u0418\u0426E - \u041a\u041e\u041d\u0422\u0410\u041a\u0422 - Business Centre Ko\u0161ice","og_description":"\u0410\u0414\u0420\u0415\u0421\u0410 Letn\u00e1 47, 040 01 Ko\u0161ice Slovensk\u00e1 republika (\u0421\u043b\u043e\u0432\u0430\u0446\u044c\u043a\u0430 \u0420\u0435\u0441\u043f\u0443\u0431\u043b\u0456\u043a\u0430) \u041a\u0410\u0420\u0422\u0410 \/ \u041c\u0410\u0420\u0428\u0420\u0423\u0422 (Google maps) \u041f\u041e\u0428\u0422\u041e\u0412\u0410 \u0410\u0414\u0420\u0415\u0421\u0410 \u0422\u0410 \u0410\u0414\u0420\u0415\u0421\u0410 \u0414\u041b\u042f \u041d\u0410\u0414\u0421\u0418\u041b\u0410\u041d\u041d\u042f \u0420\u0410\u0425\u0423\u041d\u041a\u0406\u0412\u0424\u0410\u041a\u0422\u0423\u0420 CTR WatsoNova s. r. o. \u0160t\u00farova 27, 040 01 Ko\u0161ice, Slovensk\u00e1 republika (\u0421\u043b\u043e\u0432\u0430\u0446\u044c\u043a\u0430 \u0420\u0435\u0441\u043f\u0443\u0431\u043b\u0456\u043a\u0430) \u041a\u041e\u041d\u0422\u0410\u041a\u0422 \u041d\u043e\u043c\u0435\u0440 \u043c\u043e\u0431\u0456\u043b\u044c\u043d\u043e\u0433\u043e \u0442\u0435\u043b\u0435\u0444\u043e\u043d\u0443: + 421 908 072 363 E-mail: kecskes@bck.sk \u0427\u043b\u0435\u043d \u0433\u0440\u0443\u043f\u0438 CTR www.ctrholding.com","og_url":"https:\/\/bck.sk\/uk\/%d0%bb%d0%b5%d1%82%d0%bda-%d0%ba%d0%be%d1%88%d0%b8%d1%86e\/%d0%bb%d0%b5%d1%82%d0%bda-%d0%ba%d0%be%d1%88%d0%b8%d1%86e-%d0%ba%d0%be%d0%bd%d1%82%d0%b0%d0%ba%d1%82\/","og_site_name":"Business Centre Ko\u0161ice","article_modified_time":"2023-06-28T13:06:31+00:00","twitter_card":"summary_large_image","twitter_misc":{"\u041f\u0440\u0438\u0431\u043b. \u0447\u0430\u0441 \u0447\u0438\u0442\u0430\u043d\u043d\u044f":"1 \u0445\u0432\u0438\u043b\u0438\u043d\u0430"},"schema":{"@context":"https:\/\/schema.org","@graph":[{"@type":"WebPage","@id":"https:\/\/bck.sk\/uk\/%d0%bb%d0%b5%d1%82%d0%bda-%d0%ba%d0%be%d1%88%d0%b8%d1%86e\/%d0%bb%d0%b5%d1%82%d0%bda-%d0%ba%d0%be%d1%88%d0%b8%d1%86e-%d0%ba%d0%be%d0%bd%d1%82%d0%b0%d0%ba%d1%82\/","url":"https:\/\/bck.sk\/uk\/%d0%bb%d0%b5%d1%82%d0%bda-%d0%ba%d0%be%d1%88%d0%b8%d1%86e\/%d0%bb%d0%b5%d1%82%d0%bda-%d0%ba%d0%be%d1%88%d0%b8%d1%86e-%d0%ba%d0%be%d0%bd%d1%82%d0%b0%d0%ba%d1%82\/","name":"\u041b\u0415\u0422\u041dA \u041a\u041e\u0428\u0418\u0426E - \u041a\u041e\u041d\u0422\u0410\u041a\u0422 - Business Centre Ko\u0161ice","isPartOf":{"@id":"https:\/\/bck.sk\/uk\/#website"},"datePublished":"2023-03-07T08:06:12+00:00","dateModified":"2023-06-28T13:06:31+00:00","breadcrumb":{"@id":"https:\/\/bck.sk\/uk\/%d0%bb%d0%b5%d1%82%d0%bda-%d0%ba%d0%be%d1%88%d0%b8%d1%86e\/%d0%bb%d0%b5%d1%82%d0%bda-%d0%ba%d0%be%d1%88%d0%b8%d1%86e-%d0%ba%d0%be%d0%bd%d1%82%d0%b0%d0%ba%d1%82\/#breadcrumb"},"inLanguage":"uk","potentialAction":[{"@type":"ReadAction","target":["https:\/\/bck.sk\/uk\/%d0%bb%d0%b5%d1%82%d0%bda-%d0%ba%d0%be%d1%88%d0%b8%d1%86e\/%d0%bb%d0%b5%d1%82%d0%bda-%d0%ba%d0%be%d1%88%d0%b8%d1%86e-%d0%ba%d0%be%d0%bd%d1%82%d0%b0%d0%ba%d1%82\/"]}]},{"@type":"BreadcrumbList","@id":"https:\/\/bck.sk\/uk\/%d0%bb%d0%b5%d1%82%d0%bda-%d0%ba%d0%be%d1%88%d0%b8%d1%86e\/%d0%bb%d0%b5%d1%82%d0%bda-%d0%ba%d0%be%d1%88%d0%b8%d1%86e-%d0%ba%d0%be%d0%bd%d1%82%d0%b0%d0%ba%d1%82\/#breadcrumb","itemListElement":[{"@type":"ListItem","position":1,"name":"Home","item":"https:\/\/bck.sk\/uk\/"},{"@type":"ListItem","position":2,"name":"\u041b\u0415\u0422\u041dA \u041a\u041e\u0428\u0418\u0426E","item":"https:\/\/bck.sk\/uk\/%d0%bb%d0%b5%d1%82%d0%bda-%d0%ba%d0%be%d1%88%d0%b8%d1%86e\/"},{"@type":"ListItem","position":3,"name":"\u041b\u0415\u0422\u041dA \u041a\u041e\u0428\u0418\u0426E &#8211; \u041a\u041e\u041d\u0422\u0410\u041a\u0422"}]},{"@type":"WebSite","@id":"https:\/\/bck.sk\/uk\/#website","url":"https:\/\/bck.sk\/uk\/","name":"Business Centre Ko\u0161ice","description":"Kancel\u00e1rie na pren\u00e1jom - luxusn\u00e9 kancel\u00e1rske priestory Ko\u0161ice","potentialAction":[{"@type":"SearchAction","target":{"@type":"EntryPoint","urlTemplate":"https:\/\/bck.sk\/uk\/?s={search_term_string}"},"query-input":{"@type":"PropertyValueSpecification","valueRequired":true,"valueName":"search_term_string"}}],"inLanguage":"uk"}]}},"_links":{"self":[{"href":"https:\/\/bck.sk\/uk\/wp-json\/wp\/v2\/pages\/5011","targetHints":{"allow":["GET"]}}],"collection":[{"href":"https:\/\/bck.sk\/uk\/wp-json\/wp\/v2\/pages"}],"about":[{"href":"https:\/\/bck.sk\/uk\/wp-json\/wp\/v2\/types\/page"}],"author":[{"embeddable":true,"href":"https:\/\/bck.sk\/uk\/wp-json\/wp\/v2\/users\/1"}],"replies":[{"embeddable":true,"href":"https:\/\/bck.sk\/uk\/wp-json\/wp\/v2\/comments?post=5011"}],"version-history":[{"count":4,"href":"https:\/\/bck.sk\/uk\/wp-json\/wp\/v2\/pages\/5011\/revisions"}],"predecessor-version":[{"id":5118,"href":"https:\/\/bck.sk\/uk\/wp-json\/wp\/v2\/pages\/5011\/revisions\/5118"}],"up":[{"embeddable":true,"href":"https:\/\/bck.sk\/uk\/wp-json\/wp\/v2\/pages\/5010"}],"wp:attachment":[{"href":"https:\/\/bck.sk\/uk\/wp-json\/wp\/v2\/media?parent=5011"}],"curies":[{"name":"wp","href":"https:\/\/api.w.org\/{rel}","templated":true}]}}