{"id":5010,"date":"2023-03-07T09:06:08","date_gmt":"2023-03-07T08:06:08","guid":{"rendered":"https:\/\/bck.sk\/?page_id=5010"},"modified":"2023-03-07T09:32:35","modified_gmt":"2023-03-07T08:32:35","slug":"%d0%bb%d0%b5%d1%82%d0%bda-%d0%ba%d0%be%d1%88%d0%b8%d1%86e","status":"publish","type":"page","link":"https:\/\/bck.sk\/uk\/%d0%bb%d0%b5%d1%82%d0%bda-%d0%ba%d0%be%d1%88%d0%b8%d1%86e\/","title":{"rendered":"\u041b\u0415\u0422\u041dA \u041a\u041e\u0428\u0418\u0426E"},"content":{"rendered":"<div class=\"grid-container\">\n<div class=\"grid-x grid-padding-x grid-margin-x\">\n<div class=\"cell small-12 text-center my-content-cell\">\n<strong>\u041c\u0406\u0421\u0426\u0415\u0417\u041d\u0410\u0425\u041e\u0414\u0416\u0415\u041d\u041d\u042f<\/strong><br \/>\n\u041b\u0435\u0442\u043d\u0430 \/ \u0412\u0430\u0442\u0441\u043e\u043d\u043e\u0432\u0430 \/ \u0421\u0442\u0430\u0440\u0430 \u0441\u043f\u0456\u0448\u0441\u044c\u043a\u0430 \u0446\u0435\u0441\u0442\u0430, \u041a\u043e\u0448\u0438\u0446\u0435, \u0421\u043b\u043e\u0432\u0430\u0447\u0447\u0438\u043d\u0430<br \/>\n<strong>\u0416\u0418\u0422\u041b\u041e\u0412\u0418\u0419 \u041f\u0420\u041e\u0421\u0422\u0406\u0420<\/strong><br \/>\n\u043f\u0440\u0438\u0431\u043b\u0438\u0437\u043d\u043e 39 200 m<sup>2<\/sup><br \/>\n<strong>\u0422\u0418\u041f\u0418 \u0410\u041f\u0410\u0420\u0422\u0410\u041c\u0415\u041d\u0422\u0406\u0412<\/strong><br \/>\n1+ \u043c\u0456\u043d\u0456-\u043a\u0443\u0445\u043d\u044f \u2013 4+ \u043c\u0456\u043d\u0456-\u043a\u0443\u0445\u043d\u044f<br \/>\n<strong>\u041a\u041e\u041c\u0415\u0420\u0426\u0406\u0419\u041d\u0410 \u0427\u0410\u0421\u0422\u0418\u041d\u0410<\/strong><br \/>\n\u043f\u0440\u0438\u0431\u043b\u0438\u0437\u043d\u043e 6 500 m<sup>2<\/sup><br \/>\n<strong>\u0421\u0422\u0410\u0422\u0423\u0421 \u041f\u0420\u041e\u0415\u041a\u0422\u0423<\/strong><br \/>\n\u0443 \u043f\u0440\u043e\u0446\u0435\u0441\u0456 \u043f\u0456\u0434\u0433\u043e\u0442\u043e\u0432\u043a\u0438<\/p>\n<div class=\"cell small-12 text-center my-content-cell\">\n\u041a\u043e\u043c\u043f\u0430\u043d\u0456\u044f <a href=\"https:\/\/ctrgroup.cz\" target=\"_blank\" rel=\"noopener\"><strong>CTR Holding Assets GmbH<\/strong><\/a> \u0440\u043e\u0437\u0440\u043e\u0431\u0438\u0442\u044c \u043e\u0434\u0438\u043d \u0437 \u043d\u0430\u0439\u0431\u0456\u043b\u044c\u0448\u0438\u0445 \u043f\u0440\u043e\u0435\u043a\u0442\u0456\u0432 \u0443 \u0441\u0432\u043e\u0457\u0439 \u0456\u0441\u0442\u043e\u0440\u0456\u0457 \u043d\u0430 \u0432\u0435\u043b\u0438\u043a\u0456\u0439 \u0434\u0456\u043b\u044f\u043d\u0446\u0456 \u0431\u0440\u0430\u0443\u043d\u0444\u0456\u043b\u0434\u0443 \u043f\u043b\u043e\u0449\u0435\u044e \u0431\u043b\u0438\u0437\u044c\u043a\u043e 30 000 \u043c2.<br \/>\n\u0423 \u043d\u0430\u0439\u0431\u043b\u0438\u0436\u0447\u0456 \u043a\u0456\u043b\u044c\u043a\u0430 \u0440\u043e\u043a\u0456\u0432 \u043a\u043e\u043c\u043f\u0430\u043d\u0456\u044f \u043f\u043b\u0430\u043d\u0443\u0454 \u043f\u043e\u0431\u0443\u0434\u0443\u0432\u0430\u0442\u0438 \u0441\u0443\u0447\u0430\u0441\u043d\u0438\u0439 \u043c\u0456\u0441\u044c\u043a\u0438\u0439 \u0440\u0430\u0439\u043e\u043d \u0437 \u043a\u0432\u0430\u0440\u0442\u0438\u0440\u0430\u043c\u0438, \u043c\u0430\u0433\u0430\u0437\u0438\u043d\u0430\u043c\u0438, \u043f\u043e\u0441\u043b\u0443\u0433\u0430\u043c\u0438 \u0442\u0430 \u0446\u0456\u043d\u043d\u0438\u043c \u0433\u0440\u043e\u043c\u0430\u0434\u0441\u044c\u043a\u0438\u043c \u043f\u0440\u043e\u0441\u0442\u043e\u0440\u043e\u043c.<br \/>\n\u0410\u0431\u0441\u043e\u043b\u044e\u0442\u043d\u043e \u043d\u043e\u0432\u0430 \u0442\u0430 \u0430\u0440\u0445\u0456\u0442\u0435\u043a\u0442\u0443\u0440\u043d\u043e \u043e\u0440\u0438\u0433\u0456\u043d\u0430\u043b\u044c\u043d\u0430 \u0447\u0430\u0441\u0442\u0438\u043d\u0430 \u041a\u043e\u0448\u0438\u0446\u0435 \u0431\u0443\u0434\u0435 \u0441\u0442\u0432\u043e\u0440\u0435\u043d\u0430 \u043f\u0440\u044f\u043c\u043e \u043f\u0456\u0434 \u041a\u0430\u043b\u044c\u0432\u0430\u0440\u0456\u0454\u044e.<\/p>\n<p><strong>\u041d\u0438\u043d\u0456\u0448\u043d\u044f \u0433\u043e\u043b\u043e\u0432\u043d\u0430 \u0431\u0443\u0434\u0456\u0432\u043b\u044f<\/strong><\/p>\n<div class=\"grid-container grid-container-gallery-content\">\n<div class=\"grid-x grid-margin-x text-center align-center\">\n<div class=\"cell small-12 medium-4 large-3\">\n<div class=\"my-gallery-thumbnail-container-content\">\n<a href=\"https:\/\/bck.sk\/wp-content\/uploads\/2021\/09\/BCK_Letna_exterier-1-1.jpg\" data-lightbox=\"Gal\u00e9ria\" data-title=\"BCK Letn\u00e1 - exteri\u00e9r\" class=\"my-gallery-img-button-content\"><img loading=\"lazy\" decoding=\"async\" class=\"gallery-img-content\" src=\"https:\/\/bck.sk\/wp-content\/uploads\/2021\/09\/BCK_Letna_exterier-1-1-800x500.jpg\" width=\"800\" height=\"500\" alt=\"BCK Letn\u00e1 - exteri\u00e9r\" title=\"BCK Letn\u00e1 - exteri\u00e9r\" \/><\/a>\n<\/div>\n<\/div>\n<div class=\"cell small-12 medium-4 large-3\">\n<div class=\"my-gallery-thumbnail-container-content\">\n<a href=\"https:\/\/bck.sk\/wp-content\/uploads\/2021\/10\/bck4-drohne-seitlich.jpg\" data-lightbox=\"Gal\u00e9ria\" data-title=\"\" class=\"my-gallery-img-button-content\"><img loading=\"lazy\" decoding=\"async\" class=\"gallery-img-content\" src=\"https:\/\/bck.sk\/wp-content\/uploads\/2021\/10\/bck4-drohne-seitlich-800x500.jpg\" width=\"800\" height=\"500\" alt=\"\" title=\"\" \/><\/a>\n<\/div>\n<\/div>\n<div class=\"cell small-12 medium-4 large-3\">\n<div class=\"my-gallery-thumbnail-container-content\">\n<a href=\"https:\/\/bck.sk\/wp-content\/uploads\/2021\/10\/bck4-drohne-frontal.jpg\" data-lightbox=\"Gal\u00e9ria\" data-title=\"\" class=\"my-gallery-img-button-content\"><img loading=\"lazy\" decoding=\"async\" class=\"gallery-img-content\" src=\"https:\/\/bck.sk\/wp-content\/uploads\/2021\/10\/bck4-drohne-frontal-800x500.jpg\" width=\"800\" height=\"500\" alt=\"\" title=\"\" \/><\/a>\n<\/div>\n<\/div>\n<\/div><\/div>\n\n<p><strong>\u0412\u0456\u0437\u0443\u0430\u043b\u0456\u0437\u0430\u0446\u0456\u0457<\/strong><br \/>\n\u041f\u0440\u043e\u0435\u043a\u0442-\u043f\u0435\u0440\u0435\u043c\u043e\u0436\u0435\u0446\u044c, \u0440\u043e\u0437\u0440\u043e\u0431\u043b\u0435\u043d\u0438\u0439 \u0430\u0440\u0445\u0456\u0442\u0435\u043a\u0442\u043e\u0440\u0430\u043c\u0438 Kuba &#038; Pila\u0159, \u0431\u0443\u0432 \u043e\u0431\u0440\u0430\u043d\u0438\u0439 \u043d\u0430 \u043a\u043e\u043d\u043a\u0443\u0440\u0441\u0456 \u0430\u0440\u0445\u0456\u0442\u0435\u043a\u0442\u0443\u0440\u043d\u043e\u0433\u043e \u0442\u0430 \u0443\u0440\u0431\u0430\u043d\u0456\u0441\u0442\u0438\u0447\u043d\u043e\u0433\u043e \u0434\u0438\u0437\u0430\u0439\u043d\u0443, \u0432 \u044f\u043a\u043e\u043c\u0443 \u0431\u0440\u0430\u043b\u0438 \u0443\u0447\u0430\u0441\u0442\u044c \u043a\u0456\u043b\u044c\u043a\u0430 \u0432\u0456\u0434\u043e\u043c\u0438\u0445 \u0447\u0435\u0441\u044c\u043a\u0438\u0445 \u0456 \u0441\u043b\u043e\u0432\u0430\u0446\u044c\u043a\u0438\u0445 \u0441\u0442\u0443\u0434\u0456\u0439. \u041a\u043e\u043d\u0446\u0435\u043f\u0446\u0456\u044f-\u043f\u0435\u0440\u0435\u043c\u043e\u0436\u0435\u0446\u044c \u0442\u0435\u043f\u0435\u0440 \u0431\u0443\u0434\u0435 \u0440\u043e\u0437\u0440\u043e\u0431\u043b\u0435\u043d\u0430 \u0443 \u0441\u043f\u0456\u0432\u043f\u0440\u0430\u0446\u0456 \u0437 \u0432\u0456\u0434\u043e\u043c\u043e\u044e \u043a\u043e\u0448\u0438\u0446\u044c\u043a\u043e\u044e \u0430\u0440\u0445\u0456\u0442\u0435\u043a\u0442\u0443\u0440\u043d\u043e\u044e \u0441\u0442\u0443\u0434\u0456\u0454\u044e KOPA Design<\/p>\n<div class=\"grid-container grid-container-gallery-content\">\n<div class=\"grid-x grid-margin-x text-center align-center\">\n<div class=\"cell small-12 medium-4 large-3\">\n<div class=\"my-gallery-thumbnail-container-content\">\n<a href=\"https:\/\/bck.sk\/wp-content\/uploads\/2022\/11\/Letna-1-scaled.jpg\" data-lightbox=\"Gal\u00e9ria\" data-title=\"\" class=\"my-gallery-img-button-content\"><img loading=\"lazy\" decoding=\"async\" class=\"gallery-img-content\" src=\"https:\/\/bck.sk\/wp-content\/uploads\/2022\/11\/Letna-1-800x500.jpg\" width=\"800\" height=\"500\" alt=\"\" title=\"\" \/><\/a>\n<\/div>\n<\/div>\n<div class=\"cell small-12 medium-4 large-3\">\n<div class=\"my-gallery-thumbnail-container-content\">\n<a href=\"https:\/\/bck.sk\/wp-content\/uploads\/2022\/11\/Letna-2-scaled.jpg\" data-lightbox=\"Gal\u00e9ria\" data-title=\"\" class=\"my-gallery-img-button-content\"><img loading=\"lazy\" decoding=\"async\" class=\"gallery-img-content\" src=\"https:\/\/bck.sk\/wp-content\/uploads\/2022\/11\/Letna-2-800x500.jpg\" width=\"800\" height=\"500\" alt=\"\" title=\"\" \/><\/a>\n<\/div>\n<\/div>\n<div class=\"cell small-12 medium-4 large-3\">\n<div class=\"my-gallery-thumbnail-container-content\">\n<a href=\"https:\/\/bck.sk\/wp-content\/uploads\/2022\/11\/Letna-3-scaled.jpg\" data-lightbox=\"Gal\u00e9ria\" data-title=\"\" class=\"my-gallery-img-button-content\"><img loading=\"lazy\" decoding=\"async\" class=\"gallery-img-content\" src=\"https:\/\/bck.sk\/wp-content\/uploads\/2022\/11\/Letna-3-800x500.jpg\" width=\"800\" height=\"500\" alt=\"\" title=\"\" \/><\/a>\n<\/div>\n<\/div>\n<\/div><\/div>\n\n<\/div>\n<\/div>\n<\/div>\n","protected":false},"excerpt":{"rendered":"<p>\u041c\u0406\u0421\u0426\u0415\u0417\u041d\u0410\u0425\u041e\u0414\u0416\u0415\u041d\u041d\u042f \u041b\u0435\u0442\u043d\u0430 \/ \u0412\u0430\u0442\u0441\u043e\u043d\u043e\u0432\u0430 \/ \u0421\u0442\u0430\u0440\u0430 \u0441\u043f\u0456\u0448\u0441\u044c\u043a\u0430 \u0446\u0435\u0441\u0442\u0430, \u041a\u043e\u0448\u0438\u0446\u0435, \u0421\u043b\u043e\u0432\u0430\u0447\u0447\u0438\u043d\u0430 \u0416\u0418\u0422\u041b\u041e\u0412\u0418\u0419 \u041f\u0420\u041e\u0421\u0422\u0406\u0420 \u043f\u0440\u0438\u0431\u043b\u0438\u0437\u043d\u043e 39 200 m2 \u0422\u0418\u041f\u0418 \u0410\u041f\u0410\u0420\u0422\u0410\u041c\u0415\u041d\u0422\u0406\u0412 1+ \u043c\u0456\u043d\u0456-\u043a\u0443\u0445\u043d\u044f \u2013 4+ \u043c\u0456\u043d\u0456-\u043a\u0443\u0445\u043d\u044f \u041a\u041e\u041c\u0415\u0420\u0426\u0406\u0419\u041d\u0410 \u0427\u0410\u0421\u0422\u0418\u041d\u0410 \u043f\u0440\u0438\u0431\u043b\u0438\u0437\u043d\u043e 6 500 m2 \u0421\u0422\u0410\u0422\u0423\u0421 \u041f\u0420\u041e\u0415\u041a\u0422\u0423 \u0443 \u043f\u0440\u043e\u0446\u0435\u0441\u0456 \u043f\u0456\u0434\u0433\u043e\u0442\u043e\u0432\u043a\u0438 \u041a\u043e\u043c\u043f\u0430\u043d\u0456\u044f CTR Holding Assets GmbH \u0440\u043e\u0437\u0440\u043e\u0431\u0438\u0442\u044c \u043e\u0434\u0438\u043d \u0437 \u043d\u0430\u0439\u0431\u0456\u043b\u044c\u0448\u0438\u0445 \u043f\u0440\u043e\u0435\u043a\u0442\u0456\u0432 \u0443 \u0441\u0432\u043e\u0457\u0439 \u0456\u0441\u0442\u043e\u0440\u0456\u0457 \u043d\u0430 \u0432\u0435\u043b\u0438\u043a\u0456\u0439 \u0434\u0456\u043b\u044f\u043d\u0446\u0456 \u0431\u0440\u0430\u0443\u043d\u0444\u0456\u043b\u0434\u0443 \u043f\u043b\u043e\u0449\u0435\u044e \u0431\u043b\u0438\u0437\u044c\u043a\u043e 30 000<a class=\"excerpt-read-more\" href=\"https:\/\/bck.sk\/uk\/%d0%bb%d0%b5%d1%82%d0%bda-%d0%ba%d0%be%d1%88%d0%b8%d1%86e\/\" title=\"Read\u041b\u0415\u0422\u041dA \u041a\u041e\u0428\u0418\u0426E\">&#8230; Read more &raquo;<\/a><\/p>\n","protected":false},"author":1,"featured_media":0,"parent":0,"menu_order":0,"comment_status":"closed","ping_status":"closed","template":"template-full-width.php","meta":{"_acf_changed":false,"footnotes":""},"class_list":["post-5010","page","type-page","status-publish","hentry"],"acf":[],"yoast_head":"<!-- This site is optimized with the Yoast SEO plugin v27.3 - https:\/\/yoast.com\/product\/yoast-seo-wordpress\/ -->\n<title>\u041b\u0415\u0422\u041dA \u041a\u041e\u0428\u0418\u0426E - Business Centre Ko\u0161ice<\/title>\n<meta name=\"robots\" content=\"index, follow, max-snippet:-1, max-image-preview:large, max-video-preview:-1\" \/>\n<link rel=\"canonical\" href=\"https:\/\/bck.sk\/uk\/%d0%bb%d0%b5%d1%82%d0%bda-%d0%ba%d0%be%d1%88%d0%b8%d1%86e\/\" \/>\n<meta property=\"og:locale\" content=\"uk_UA\" \/>\n<meta property=\"og:type\" content=\"article\" \/>\n<meta property=\"og:title\" content=\"\u041b\u0415\u0422\u041dA \u041a\u041e\u0428\u0418\u0426E - Business Centre Ko\u0161ice\" \/>\n<meta property=\"og:description\" content=\"\u041c\u0406\u0421\u0426\u0415\u0417\u041d\u0410\u0425\u041e\u0414\u0416\u0415\u041d\u041d\u042f \u041b\u0435\u0442\u043d\u0430 \/ \u0412\u0430\u0442\u0441\u043e\u043d\u043e\u0432\u0430 \/ \u0421\u0442\u0430\u0440\u0430 \u0441\u043f\u0456\u0448\u0441\u044c\u043a\u0430 \u0446\u0435\u0441\u0442\u0430, \u041a\u043e\u0448\u0438\u0446\u0435, \u0421\u043b\u043e\u0432\u0430\u0447\u0447\u0438\u043d\u0430 \u0416\u0418\u0422\u041b\u041e\u0412\u0418\u0419 \u041f\u0420\u041e\u0421\u0422\u0406\u0420 \u043f\u0440\u0438\u0431\u043b\u0438\u0437\u043d\u043e 39 200 m2 \u0422\u0418\u041f\u0418 \u0410\u041f\u0410\u0420\u0422\u0410\u041c\u0415\u041d\u0422\u0406\u0412 1+ \u043c\u0456\u043d\u0456-\u043a\u0443\u0445\u043d\u044f \u2013 4+ \u043c\u0456\u043d\u0456-\u043a\u0443\u0445\u043d\u044f \u041a\u041e\u041c\u0415\u0420\u0426\u0406\u0419\u041d\u0410 \u0427\u0410\u0421\u0422\u0418\u041d\u0410 \u043f\u0440\u0438\u0431\u043b\u0438\u0437\u043d\u043e 6 500 m2 \u0421\u0422\u0410\u0422\u0423\u0421 \u041f\u0420\u041e\u0415\u041a\u0422\u0423 \u0443 \u043f\u0440\u043e\u0446\u0435\u0441\u0456 \u043f\u0456\u0434\u0433\u043e\u0442\u043e\u0432\u043a\u0438 \u041a\u043e\u043c\u043f\u0430\u043d\u0456\u044f CTR Holding Assets GmbH \u0440\u043e\u0437\u0440\u043e\u0431\u0438\u0442\u044c \u043e\u0434\u0438\u043d \u0437 \u043d\u0430\u0439\u0431\u0456\u043b\u044c\u0448\u0438\u0445 \u043f\u0440\u043e\u0435\u043a\u0442\u0456\u0432 \u0443 \u0441\u0432\u043e\u0457\u0439 \u0456\u0441\u0442\u043e\u0440\u0456\u0457 \u043d\u0430 \u0432\u0435\u043b\u0438\u043a\u0456\u0439 \u0434\u0456\u043b\u044f\u043d\u0446\u0456 \u0431\u0440\u0430\u0443\u043d\u0444\u0456\u043b\u0434\u0443 \u043f\u043b\u043e\u0449\u0435\u044e \u0431\u043b\u0438\u0437\u044c\u043a\u043e 30 000... Read more &raquo;\" \/>\n<meta property=\"og:url\" content=\"https:\/\/bck.sk\/uk\/%d0%bb%d0%b5%d1%82%d0%bda-%d0%ba%d0%be%d1%88%d0%b8%d1%86e\/\" \/>\n<meta property=\"og:site_name\" content=\"Business Centre Ko\u0161ice\" \/>\n<meta property=\"article:modified_time\" content=\"2023-03-07T08:32:35+00:00\" \/>\n<meta name=\"twitter:card\" content=\"summary_large_image\" \/>\n<meta name=\"twitter:label1\" content=\"\u041f\u0440\u0438\u0431\u043b. \u0447\u0430\u0441 \u0447\u0438\u0442\u0430\u043d\u043d\u044f\" \/>\n\t<meta name=\"twitter:data1\" content=\"1 \u0445\u0432\u0438\u043b\u0438\u043d\u0430\" \/>\n<script type=\"application\/ld+json\" class=\"yoast-schema-graph\">{\"@context\":\"https:\\\/\\\/schema.org\",\"@graph\":[{\"@type\":\"WebPage\",\"@id\":\"https:\\\/\\\/bck.sk\\\/uk\\\/%d0%bb%d0%b5%d1%82%d0%bda-%d0%ba%d0%be%d1%88%d0%b8%d1%86e\\\/\",\"url\":\"https:\\\/\\\/bck.sk\\\/uk\\\/%d0%bb%d0%b5%d1%82%d0%bda-%d0%ba%d0%be%d1%88%d0%b8%d1%86e\\\/\",\"name\":\"\u041b\u0415\u0422\u041dA \u041a\u041e\u0428\u0418\u0426E - Business Centre Ko\u0161ice\",\"isPartOf\":{\"@id\":\"https:\\\/\\\/bck.sk\\\/uk\\\/#website\"},\"datePublished\":\"2023-03-07T08:06:08+00:00\",\"dateModified\":\"2023-03-07T08:32:35+00:00\",\"breadcrumb\":{\"@id\":\"https:\\\/\\\/bck.sk\\\/uk\\\/%d0%bb%d0%b5%d1%82%d0%bda-%d0%ba%d0%be%d1%88%d0%b8%d1%86e\\\/#breadcrumb\"},\"inLanguage\":\"uk\",\"potentialAction\":[{\"@type\":\"ReadAction\",\"target\":[\"https:\\\/\\\/bck.sk\\\/uk\\\/%d0%bb%d0%b5%d1%82%d0%bda-%d0%ba%d0%be%d1%88%d0%b8%d1%86e\\\/\"]}]},{\"@type\":\"BreadcrumbList\",\"@id\":\"https:\\\/\\\/bck.sk\\\/uk\\\/%d0%bb%d0%b5%d1%82%d0%bda-%d0%ba%d0%be%d1%88%d0%b8%d1%86e\\\/#breadcrumb\",\"itemListElement\":[{\"@type\":\"ListItem\",\"position\":1,\"name\":\"Home\",\"item\":\"https:\\\/\\\/bck.sk\\\/uk\\\/\"},{\"@type\":\"ListItem\",\"position\":2,\"name\":\"\u041b\u0415\u0422\u041dA \u041a\u041e\u0428\u0418\u0426E\"}]},{\"@type\":\"WebSite\",\"@id\":\"https:\\\/\\\/bck.sk\\\/uk\\\/#website\",\"url\":\"https:\\\/\\\/bck.sk\\\/uk\\\/\",\"name\":\"Business Centre Ko\u0161ice\",\"description\":\"Kancel\u00e1rie na pren\u00e1jom - luxusn\u00e9 kancel\u00e1rske priestory Ko\u0161ice\",\"potentialAction\":[{\"@type\":\"SearchAction\",\"target\":{\"@type\":\"EntryPoint\",\"urlTemplate\":\"https:\\\/\\\/bck.sk\\\/uk\\\/?s={search_term_string}\"},\"query-input\":{\"@type\":\"PropertyValueSpecification\",\"valueRequired\":true,\"valueName\":\"search_term_string\"}}],\"inLanguage\":\"uk\"}]}<\/script>\n<!-- \/ Yoast SEO plugin. -->","yoast_head_json":{"title":"\u041b\u0415\u0422\u041dA \u041a\u041e\u0428\u0418\u0426E - Business Centre Ko\u0161ice","robots":{"index":"index","follow":"follow","max-snippet":"max-snippet:-1","max-image-preview":"max-image-preview:large","max-video-preview":"max-video-preview:-1"},"canonical":"https:\/\/bck.sk\/uk\/%d0%bb%d0%b5%d1%82%d0%bda-%d0%ba%d0%be%d1%88%d0%b8%d1%86e\/","og_locale":"uk_UA","og_type":"article","og_title":"\u041b\u0415\u0422\u041dA \u041a\u041e\u0428\u0418\u0426E - Business Centre Ko\u0161ice","og_description":"\u041c\u0406\u0421\u0426\u0415\u0417\u041d\u0410\u0425\u041e\u0414\u0416\u0415\u041d\u041d\u042f \u041b\u0435\u0442\u043d\u0430 \/ \u0412\u0430\u0442\u0441\u043e\u043d\u043e\u0432\u0430 \/ \u0421\u0442\u0430\u0440\u0430 \u0441\u043f\u0456\u0448\u0441\u044c\u043a\u0430 \u0446\u0435\u0441\u0442\u0430, \u041a\u043e\u0448\u0438\u0446\u0435, \u0421\u043b\u043e\u0432\u0430\u0447\u0447\u0438\u043d\u0430 \u0416\u0418\u0422\u041b\u041e\u0412\u0418\u0419 \u041f\u0420\u041e\u0421\u0422\u0406\u0420 \u043f\u0440\u0438\u0431\u043b\u0438\u0437\u043d\u043e 39 200 m2 \u0422\u0418\u041f\u0418 \u0410\u041f\u0410\u0420\u0422\u0410\u041c\u0415\u041d\u0422\u0406\u0412 1+ \u043c\u0456\u043d\u0456-\u043a\u0443\u0445\u043d\u044f \u2013 4+ \u043c\u0456\u043d\u0456-\u043a\u0443\u0445\u043d\u044f \u041a\u041e\u041c\u0415\u0420\u0426\u0406\u0419\u041d\u0410 \u0427\u0410\u0421\u0422\u0418\u041d\u0410 \u043f\u0440\u0438\u0431\u043b\u0438\u0437\u043d\u043e 6 500 m2 \u0421\u0422\u0410\u0422\u0423\u0421 \u041f\u0420\u041e\u0415\u041a\u0422\u0423 \u0443 \u043f\u0440\u043e\u0446\u0435\u0441\u0456 \u043f\u0456\u0434\u0433\u043e\u0442\u043e\u0432\u043a\u0438 \u041a\u043e\u043c\u043f\u0430\u043d\u0456\u044f CTR Holding Assets GmbH \u0440\u043e\u0437\u0440\u043e\u0431\u0438\u0442\u044c \u043e\u0434\u0438\u043d \u0437 \u043d\u0430\u0439\u0431\u0456\u043b\u044c\u0448\u0438\u0445 \u043f\u0440\u043e\u0435\u043a\u0442\u0456\u0432 \u0443 \u0441\u0432\u043e\u0457\u0439 \u0456\u0441\u0442\u043e\u0440\u0456\u0457 \u043d\u0430 \u0432\u0435\u043b\u0438\u043a\u0456\u0439 \u0434\u0456\u043b\u044f\u043d\u0446\u0456 \u0431\u0440\u0430\u0443\u043d\u0444\u0456\u043b\u0434\u0443 \u043f\u043b\u043e\u0449\u0435\u044e \u0431\u043b\u0438\u0437\u044c\u043a\u043e 30 000... Read more &raquo;","og_url":"https:\/\/bck.sk\/uk\/%d0%bb%d0%b5%d1%82%d0%bda-%d0%ba%d0%be%d1%88%d0%b8%d1%86e\/","og_site_name":"Business Centre Ko\u0161ice","article_modified_time":"2023-03-07T08:32:35+00:00","twitter_card":"summary_large_image","twitter_misc":{"\u041f\u0440\u0438\u0431\u043b. \u0447\u0430\u0441 \u0447\u0438\u0442\u0430\u043d\u043d\u044f":"1 \u0445\u0432\u0438\u043b\u0438\u043d\u0430"},"schema":{"@context":"https:\/\/schema.org","@graph":[{"@type":"WebPage","@id":"https:\/\/bck.sk\/uk\/%d0%bb%d0%b5%d1%82%d0%bda-%d0%ba%d0%be%d1%88%d0%b8%d1%86e\/","url":"https:\/\/bck.sk\/uk\/%d0%bb%d0%b5%d1%82%d0%bda-%d0%ba%d0%be%d1%88%d0%b8%d1%86e\/","name":"\u041b\u0415\u0422\u041dA \u041a\u041e\u0428\u0418\u0426E - Business Centre Ko\u0161ice","isPartOf":{"@id":"https:\/\/bck.sk\/uk\/#website"},"datePublished":"2023-03-07T08:06:08+00:00","dateModified":"2023-03-07T08:32:35+00:00","breadcrumb":{"@id":"https:\/\/bck.sk\/uk\/%d0%bb%d0%b5%d1%82%d0%bda-%d0%ba%d0%be%d1%88%d0%b8%d1%86e\/#breadcrumb"},"inLanguage":"uk","potentialAction":[{"@type":"ReadAction","target":["https:\/\/bck.sk\/uk\/%d0%bb%d0%b5%d1%82%d0%bda-%d0%ba%d0%be%d1%88%d0%b8%d1%86e\/"]}]},{"@type":"BreadcrumbList","@id":"https:\/\/bck.sk\/uk\/%d0%bb%d0%b5%d1%82%d0%bda-%d0%ba%d0%be%d1%88%d0%b8%d1%86e\/#breadcrumb","itemListElement":[{"@type":"ListItem","position":1,"name":"Home","item":"https:\/\/bck.sk\/uk\/"},{"@type":"ListItem","position":2,"name":"\u041b\u0415\u0422\u041dA \u041a\u041e\u0428\u0418\u0426E"}]},{"@type":"WebSite","@id":"https:\/\/bck.sk\/uk\/#website","url":"https:\/\/bck.sk\/uk\/","name":"Business Centre Ko\u0161ice","description":"Kancel\u00e1rie na pren\u00e1jom - luxusn\u00e9 kancel\u00e1rske priestory Ko\u0161ice","potentialAction":[{"@type":"SearchAction","target":{"@type":"EntryPoint","urlTemplate":"https:\/\/bck.sk\/uk\/?s={search_term_string}"},"query-input":{"@type":"PropertyValueSpecification","valueRequired":true,"valueName":"search_term_string"}}],"inLanguage":"uk"}]}},"_links":{"self":[{"href":"https:\/\/bck.sk\/uk\/wp-json\/wp\/v2\/pages\/5010","targetHints":{"allow":["GET"]}}],"collection":[{"href":"https:\/\/bck.sk\/uk\/wp-json\/wp\/v2\/pages"}],"about":[{"href":"https:\/\/bck.sk\/uk\/wp-json\/wp\/v2\/types\/page"}],"author":[{"embeddable":true,"href":"https:\/\/bck.sk\/uk\/wp-json\/wp\/v2\/users\/1"}],"replies":[{"embeddable":true,"href":"https:\/\/bck.sk\/uk\/wp-json\/wp\/v2\/comments?post=5010"}],"version-history":[{"count":3,"href":"https:\/\/bck.sk\/uk\/wp-json\/wp\/v2\/pages\/5010\/revisions"}],"predecessor-version":[{"id":5024,"href":"https:\/\/bck.sk\/uk\/wp-json\/wp\/v2\/pages\/5010\/revisions\/5024"}],"wp:attachment":[{"href":"https:\/\/bck.sk\/uk\/wp-json\/wp\/v2\/media?parent=5010"}],"curies":[{"name":"wp","href":"https:\/\/api.w.org\/{rel}","templated":true}]}}