{"id":4983,"date":"2023-03-06T14:28:58","date_gmt":"2023-03-06T13:28:58","guid":{"rendered":"https:\/\/bck.sk\/?page_id=4983"},"modified":"2023-03-06T14:28:58","modified_gmt":"2023-03-06T13:28:58","slug":"%d0%b5%d1%82%d0%b0%d0%bf-i-1-%d0%b9-%d0%bf%d0%be%d0%b2%d0%b5%d1%80%d1%85-2-%d0%b9-%d0%bd%d0%b0%d0%b4%d0%b7%d0%b5%d0%bc%d0%bd%d0%b8%d0%b9-%d0%bf%d0%be%d0%b2%d0%b5%d1%80%d1%85","status":"publish","type":"page","link":"https:\/\/bck.sk\/uk\/3d-%d0%b2%d0%b8%d0%b1%d1%96%d1%80-%d0%bf%d1%80%d0%be%d1%81%d1%82%d0%be%d1%80%d1%96%d0%b2\/%d0%b5%d1%82%d0%b0%d0%bf-i-1-%d0%b9-%d0%bf%d0%be%d0%b2%d0%b5%d1%80%d1%85-2-%d0%b9-%d0%bd%d0%b0%d0%b4%d0%b7%d0%b5%d0%bc%d0%bd%d0%b8%d0%b9-%d0%bf%d0%be%d0%b2%d0%b5%d1%80%d1%85\/","title":{"rendered":"\u0415\u0442\u0430\u043f I &#8211; 1-\u0439 \u043f\u043e\u0432\u0435\u0440\u0445 (2-\u0439 \u043d\u0430\u0434\u0437\u0435\u043c\u043d\u0438\u0439 \u043f\u043e\u0432\u0435\u0440\u0445)"},"content":{"rendered":"<p><!--\n\n\n<p style=\"text-align: center;\">Modern\u00fd kancel\u00e1rsky priestor situovan\u00fd na 3. NP \u2013 1. etapa o celkovej v\u00fdmere 625 m2.<\/p>\n\n\n\n\n<p style=\"text-align: center;\">K\u00a0dispoz\u00edcii od 1.7.2020.<\/p>\n\n\n\n\n[caption id=\"attachment_1066\" align=\"alignnone\" width=\"1024\"]<img loading=\"lazy\" decoding=\"async\" class=\"wp-image-1066 size-large\" src=\"\/wp-content\/uploads\/2020\/04\/VIZ_007-1024x576.jpg\" alt=\"\" width=\"1024\" height=\"576\" srcset=\"https:\/\/bck.sk\/wp-content\/uploads\/2020\/04\/VIZ_007-1024x576.jpg 1024w, https:\/\/bck.sk\/wp-content\/uploads\/2020\/04\/VIZ_007-300x169.jpg 300w, https:\/\/bck.sk\/wp-content\/uploads\/2020\/04\/VIZ_007-768x432.jpg 768w, https:\/\/bck.sk\/wp-content\/uploads\/2020\/04\/VIZ_007-1536x864.jpg 1536w, https:\/\/bck.sk\/wp-content\/uploads\/2020\/04\/VIZ_007.jpg 1600w\" sizes=\"auto, (max-width: 1024px) 100vw, 1024px\" \/> kancel\u00e1rie BCK 1. etapa, 2. NP[\/caption]\n\n[caption id=\"attachment_1062\" align=\"alignnone\" width=\"1024\"]<img loading=\"lazy\" decoding=\"async\" class=\"wp-image-1062 size-large\" src=\"\/wp-content\/uploads\/2020\/04\/VIZ_001-1024x576.jpg\" alt=\"\" width=\"1024\" height=\"576\" srcset=\"https:\/\/bck.sk\/wp-content\/uploads\/2020\/04\/VIZ_001-1024x576.jpg 1024w, https:\/\/bck.sk\/wp-content\/uploads\/2020\/04\/VIZ_001-300x169.jpg 300w, https:\/\/bck.sk\/wp-content\/uploads\/2020\/04\/VIZ_001-768x432.jpg 768w, https:\/\/bck.sk\/wp-content\/uploads\/2020\/04\/VIZ_001-1536x864.jpg 1536w, https:\/\/bck.sk\/wp-content\/uploads\/2020\/04\/VIZ_001.jpg 1600w\" sizes=\"auto, (max-width: 1024px) 100vw, 1024px\" \/> kancel\u00e1rie BCK 1. etapa, 2. NP[\/caption]\n\n[caption id=\"attachment_1058\" align=\"alignnone\" width=\"1024\"]<img loading=\"lazy\" decoding=\"async\" class=\"wp-image-1058 size-large\" src=\"\/wp-content\/uploads\/2020\/04\/Foto5-1024x365.jpg\" alt=\"\" width=\"1024\" height=\"365\" \/> kancel\u00e1rie BCK 1. etapa, 2. NP[\/caption]\n\n[caption id=\"attachment_1054\" align=\"alignnone\" width=\"960\"]<img loading=\"lazy\" decoding=\"async\" class=\"wp-image-1054 size-full\" src=\"\/wp-content\/uploads\/2020\/04\/Foto4.jpg\" alt=\"\" width=\"960\" height=\"478\" srcset=\"https:\/\/bck.sk\/wp-content\/uploads\/2020\/04\/Foto4.jpg 960w, https:\/\/bck.sk\/wp-content\/uploads\/2020\/04\/Foto4-300x149.jpg 300w, https:\/\/bck.sk\/wp-content\/uploads\/2020\/04\/Foto4-768x382.jpg 768w\" sizes=\"auto, (max-width: 960px) 100vw, 960px\" \/> kancel\u00e1rie BCK 1. etapa, 2. NP[\/caption]\n\n[caption id=\"attachment_1050\" align=\"alignnone\" width=\"960\"]<img loading=\"lazy\" decoding=\"async\" class=\"wp-image-1050 size-full\" src=\"\/wp-content\/uploads\/2020\/04\/Foto3.jpg\" alt=\"\" width=\"960\" height=\"686\" srcset=\"https:\/\/bck.sk\/wp-content\/uploads\/2020\/04\/Foto3.jpg 960w, https:\/\/bck.sk\/wp-content\/uploads\/2020\/04\/Foto3-300x214.jpg 300w, https:\/\/bck.sk\/wp-content\/uploads\/2020\/04\/Foto3-768x549.jpg 768w\" sizes=\"auto, (max-width: 960px) 100vw, 960px\" \/> kancel\u00e1rie BCK 1. etapa, 2. NP[\/caption]\n\n[caption id=\"attachment_1046\" align=\"alignnone\" width=\"960\"]<img loading=\"lazy\" decoding=\"async\" class=\"wp-image-1046 size-full\" src=\"\/wp-content\/uploads\/2020\/04\/Foto1.jpg\" alt=\"\" width=\"960\" height=\"720\" srcset=\"https:\/\/bck.sk\/wp-content\/uploads\/2020\/04\/Foto1.jpg 960w, https:\/\/bck.sk\/wp-content\/uploads\/2020\/04\/Foto1-300x225.jpg 300w, https:\/\/bck.sk\/wp-content\/uploads\/2020\/04\/Foto1-768x576.jpg 768w, https:\/\/bck.sk\/wp-content\/uploads\/2020\/04\/Foto1-800x600.jpg 800w\" sizes=\"auto, (max-width: 960px) 100vw, 960px\" \/> kancel\u00e1rie BCK 1. etapa, 2. NP[\/caption]\n--><\/p>\n","protected":false},"excerpt":{"rendered":"","protected":false},"author":1,"featured_media":0,"parent":4967,"menu_order":20,"comment_status":"closed","ping_status":"closed","template":"template-poschodie.php","meta":{"_acf_changed":false,"footnotes":""},"class_list":["post-4983","page","type-page","status-publish","hentry"],"acf":[],"yoast_head":"<!-- This site is optimized with the Yoast SEO plugin v27.3 - https:\/\/yoast.com\/product\/yoast-seo-wordpress\/ -->\n<title>\u0415\u0442\u0430\u043f I - 1-\u0439 \u043f\u043e\u0432\u0435\u0440\u0445 (2-\u0439 \u043d\u0430\u0434\u0437\u0435\u043c\u043d\u0438\u0439 \u043f\u043e\u0432\u0435\u0440\u0445) - Business Centre Ko\u0161ice<\/title>\n<meta name=\"robots\" content=\"index, follow, max-snippet:-1, max-image-preview:large, max-video-preview:-1\" \/>\n<link rel=\"canonical\" href=\"https:\/\/bck.sk\/uk\/3d-%d0%b2%d0%b8%d0%b1%d1%96%d1%80-%d0%bf%d1%80%d0%be%d1%81%d1%82%d0%be%d1%80%d1%96%d0%b2\/%d0%b5%d1%82%d0%b0%d0%bf-i-1-%d0%b9-%d0%bf%d0%be%d0%b2%d0%b5%d1%80%d1%85-2-%d0%b9-%d0%bd%d0%b0%d0%b4%d0%b7%d0%b5%d0%bc%d0%bd%d0%b8%d0%b9-%d0%bf%d0%be%d0%b2%d0%b5%d1%80%d1%85\/\" \/>\n<meta property=\"og:locale\" content=\"uk_UA\" \/>\n<meta property=\"og:type\" content=\"article\" \/>\n<meta property=\"og:title\" content=\"\u0415\u0442\u0430\u043f I - 1-\u0439 \u043f\u043e\u0432\u0435\u0440\u0445 (2-\u0439 \u043d\u0430\u0434\u0437\u0435\u043c\u043d\u0438\u0439 \u043f\u043e\u0432\u0435\u0440\u0445) - Business Centre Ko\u0161ice\" \/>\n<meta property=\"og:url\" content=\"https:\/\/bck.sk\/uk\/3d-%d0%b2%d0%b8%d0%b1%d1%96%d1%80-%d0%bf%d1%80%d0%be%d1%81%d1%82%d0%be%d1%80%d1%96%d0%b2\/%d0%b5%d1%82%d0%b0%d0%bf-i-1-%d0%b9-%d0%bf%d0%be%d0%b2%d0%b5%d1%80%d1%85-2-%d0%b9-%d0%bd%d0%b0%d0%b4%d0%b7%d0%b5%d0%bc%d0%bd%d0%b8%d0%b9-%d0%bf%d0%be%d0%b2%d0%b5%d1%80%d1%85\/\" \/>\n<meta property=\"og:site_name\" content=\"Business Centre Ko\u0161ice\" \/>\n<meta name=\"twitter:card\" content=\"summary_large_image\" \/>\n<script type=\"application\/ld+json\" class=\"yoast-schema-graph\">{\"@context\":\"https:\\\/\\\/schema.org\",\"@graph\":[{\"@type\":\"WebPage\",\"@id\":\"https:\\\/\\\/bck.sk\\\/uk\\\/3d-%d0%b2%d0%b8%d0%b1%d1%96%d1%80-%d0%bf%d1%80%d0%be%d1%81%d1%82%d0%be%d1%80%d1%96%d0%b2\\\/%d0%b5%d1%82%d0%b0%d0%bf-i-1-%d0%b9-%d0%bf%d0%be%d0%b2%d0%b5%d1%80%d1%85-2-%d0%b9-%d0%bd%d0%b0%d0%b4%d0%b7%d0%b5%d0%bc%d0%bd%d0%b8%d0%b9-%d0%bf%d0%be%d0%b2%d0%b5%d1%80%d1%85\\\/\",\"url\":\"https:\\\/\\\/bck.sk\\\/uk\\\/3d-%d0%b2%d0%b8%d0%b1%d1%96%d1%80-%d0%bf%d1%80%d0%be%d1%81%d1%82%d0%be%d1%80%d1%96%d0%b2\\\/%d0%b5%d1%82%d0%b0%d0%bf-i-1-%d0%b9-%d0%bf%d0%be%d0%b2%d0%b5%d1%80%d1%85-2-%d0%b9-%d0%bd%d0%b0%d0%b4%d0%b7%d0%b5%d0%bc%d0%bd%d0%b8%d0%b9-%d0%bf%d0%be%d0%b2%d0%b5%d1%80%d1%85\\\/\",\"name\":\"\u0415\u0442\u0430\u043f I - 1-\u0439 \u043f\u043e\u0432\u0435\u0440\u0445 (2-\u0439 \u043d\u0430\u0434\u0437\u0435\u043c\u043d\u0438\u0439 \u043f\u043e\u0432\u0435\u0440\u0445) - Business Centre Ko\u0161ice\",\"isPartOf\":{\"@id\":\"https:\\\/\\\/bck.sk\\\/uk\\\/#website\"},\"datePublished\":\"2023-03-06T13:28:58+00:00\",\"breadcrumb\":{\"@id\":\"https:\\\/\\\/bck.sk\\\/uk\\\/3d-%d0%b2%d0%b8%d0%b1%d1%96%d1%80-%d0%bf%d1%80%d0%be%d1%81%d1%82%d0%be%d1%80%d1%96%d0%b2\\\/%d0%b5%d1%82%d0%b0%d0%bf-i-1-%d0%b9-%d0%bf%d0%be%d0%b2%d0%b5%d1%80%d1%85-2-%d0%b9-%d0%bd%d0%b0%d0%b4%d0%b7%d0%b5%d0%bc%d0%bd%d0%b8%d0%b9-%d0%bf%d0%be%d0%b2%d0%b5%d1%80%d1%85\\\/#breadcrumb\"},\"inLanguage\":\"uk\",\"potentialAction\":[{\"@type\":\"ReadAction\",\"target\":[\"https:\\\/\\\/bck.sk\\\/uk\\\/3d-%d0%b2%d0%b8%d0%b1%d1%96%d1%80-%d0%bf%d1%80%d0%be%d1%81%d1%82%d0%be%d1%80%d1%96%d0%b2\\\/%d0%b5%d1%82%d0%b0%d0%bf-i-1-%d0%b9-%d0%bf%d0%be%d0%b2%d0%b5%d1%80%d1%85-2-%d0%b9-%d0%bd%d0%b0%d0%b4%d0%b7%d0%b5%d0%bc%d0%bd%d0%b8%d0%b9-%d0%bf%d0%be%d0%b2%d0%b5%d1%80%d1%85\\\/\"]}]},{\"@type\":\"BreadcrumbList\",\"@id\":\"https:\\\/\\\/bck.sk\\\/uk\\\/3d-%d0%b2%d0%b8%d0%b1%d1%96%d1%80-%d0%bf%d1%80%d0%be%d1%81%d1%82%d0%be%d1%80%d1%96%d0%b2\\\/%d0%b5%d1%82%d0%b0%d0%bf-i-1-%d0%b9-%d0%bf%d0%be%d0%b2%d0%b5%d1%80%d1%85-2-%d0%b9-%d0%bd%d0%b0%d0%b4%d0%b7%d0%b5%d0%bc%d0%bd%d0%b8%d0%b9-%d0%bf%d0%be%d0%b2%d0%b5%d1%80%d1%85\\\/#breadcrumb\",\"itemListElement\":[{\"@type\":\"ListItem\",\"position\":1,\"name\":\"Home\",\"item\":\"https:\\\/\\\/bck.sk\\\/uk\\\/\"},{\"@type\":\"ListItem\",\"position\":2,\"name\":\"3D \u0412\u0418\u0411\u0406\u0420 \u041f\u0420\u041e\u0421\u0422\u041e\u0420\u0406\u0412\",\"item\":\"https:\\\/\\\/bck.sk\\\/uk\\\/3d-%d0%b2%d0%b8%d0%b1%d1%96%d1%80-%d0%bf%d1%80%d0%be%d1%81%d1%82%d0%be%d1%80%d1%96%d0%b2\\\/\"},{\"@type\":\"ListItem\",\"position\":3,\"name\":\"\u0415\u0442\u0430\u043f I &#8211; 1-\u0439 \u043f\u043e\u0432\u0435\u0440\u0445 (2-\u0439 \u043d\u0430\u0434\u0437\u0435\u043c\u043d\u0438\u0439 \u043f\u043e\u0432\u0435\u0440\u0445)\"}]},{\"@type\":\"WebSite\",\"@id\":\"https:\\\/\\\/bck.sk\\\/uk\\\/#website\",\"url\":\"https:\\\/\\\/bck.sk\\\/uk\\\/\",\"name\":\"Business Centre Ko\u0161ice\",\"description\":\"Kancel\u00e1rie na pren\u00e1jom - luxusn\u00e9 kancel\u00e1rske priestory Ko\u0161ice\",\"potentialAction\":[{\"@type\":\"SearchAction\",\"target\":{\"@type\":\"EntryPoint\",\"urlTemplate\":\"https:\\\/\\\/bck.sk\\\/uk\\\/?s={search_term_string}\"},\"query-input\":{\"@type\":\"PropertyValueSpecification\",\"valueRequired\":true,\"valueName\":\"search_term_string\"}}],\"inLanguage\":\"uk\"}]}<\/script>\n<!-- \/ Yoast SEO plugin. -->","yoast_head_json":{"title":"\u0415\u0442\u0430\u043f I - 1-\u0439 \u043f\u043e\u0432\u0435\u0440\u0445 (2-\u0439 \u043d\u0430\u0434\u0437\u0435\u043c\u043d\u0438\u0439 \u043f\u043e\u0432\u0435\u0440\u0445) - Business Centre Ko\u0161ice","robots":{"index":"index","follow":"follow","max-snippet":"max-snippet:-1","max-image-preview":"max-image-preview:large","max-video-preview":"max-video-preview:-1"},"canonical":"https:\/\/bck.sk\/uk\/3d-%d0%b2%d0%b8%d0%b1%d1%96%d1%80-%d0%bf%d1%80%d0%be%d1%81%d1%82%d0%be%d1%80%d1%96%d0%b2\/%d0%b5%d1%82%d0%b0%d0%bf-i-1-%d0%b9-%d0%bf%d0%be%d0%b2%d0%b5%d1%80%d1%85-2-%d0%b9-%d0%bd%d0%b0%d0%b4%d0%b7%d0%b5%d0%bc%d0%bd%d0%b8%d0%b9-%d0%bf%d0%be%d0%b2%d0%b5%d1%80%d1%85\/","og_locale":"uk_UA","og_type":"article","og_title":"\u0415\u0442\u0430\u043f I - 1-\u0439 \u043f\u043e\u0432\u0435\u0440\u0445 (2-\u0439 \u043d\u0430\u0434\u0437\u0435\u043c\u043d\u0438\u0439 \u043f\u043e\u0432\u0435\u0440\u0445) - Business Centre Ko\u0161ice","og_url":"https:\/\/bck.sk\/uk\/3d-%d0%b2%d0%b8%d0%b1%d1%96%d1%80-%d0%bf%d1%80%d0%be%d1%81%d1%82%d0%be%d1%80%d1%96%d0%b2\/%d0%b5%d1%82%d0%b0%d0%bf-i-1-%d0%b9-%d0%bf%d0%be%d0%b2%d0%b5%d1%80%d1%85-2-%d0%b9-%d0%bd%d0%b0%d0%b4%d0%b7%d0%b5%d0%bc%d0%bd%d0%b8%d0%b9-%d0%bf%d0%be%d0%b2%d0%b5%d1%80%d1%85\/","og_site_name":"Business Centre Ko\u0161ice","twitter_card":"summary_large_image","schema":{"@context":"https:\/\/schema.org","@graph":[{"@type":"WebPage","@id":"https:\/\/bck.sk\/uk\/3d-%d0%b2%d0%b8%d0%b1%d1%96%d1%80-%d0%bf%d1%80%d0%be%d1%81%d1%82%d0%be%d1%80%d1%96%d0%b2\/%d0%b5%d1%82%d0%b0%d0%bf-i-1-%d0%b9-%d0%bf%d0%be%d0%b2%d0%b5%d1%80%d1%85-2-%d0%b9-%d0%bd%d0%b0%d0%b4%d0%b7%d0%b5%d0%bc%d0%bd%d0%b8%d0%b9-%d0%bf%d0%be%d0%b2%d0%b5%d1%80%d1%85\/","url":"https:\/\/bck.sk\/uk\/3d-%d0%b2%d0%b8%d0%b1%d1%96%d1%80-%d0%bf%d1%80%d0%be%d1%81%d1%82%d0%be%d1%80%d1%96%d0%b2\/%d0%b5%d1%82%d0%b0%d0%bf-i-1-%d0%b9-%d0%bf%d0%be%d0%b2%d0%b5%d1%80%d1%85-2-%d0%b9-%d0%bd%d0%b0%d0%b4%d0%b7%d0%b5%d0%bc%d0%bd%d0%b8%d0%b9-%d0%bf%d0%be%d0%b2%d0%b5%d1%80%d1%85\/","name":"\u0415\u0442\u0430\u043f I - 1-\u0439 \u043f\u043e\u0432\u0435\u0440\u0445 (2-\u0439 \u043d\u0430\u0434\u0437\u0435\u043c\u043d\u0438\u0439 \u043f\u043e\u0432\u0435\u0440\u0445) - Business Centre Ko\u0161ice","isPartOf":{"@id":"https:\/\/bck.sk\/uk\/#website"},"datePublished":"2023-03-06T13:28:58+00:00","breadcrumb":{"@id":"https:\/\/bck.sk\/uk\/3d-%d0%b2%d0%b8%d0%b1%d1%96%d1%80-%d0%bf%d1%80%d0%be%d1%81%d1%82%d0%be%d1%80%d1%96%d0%b2\/%d0%b5%d1%82%d0%b0%d0%bf-i-1-%d0%b9-%d0%bf%d0%be%d0%b2%d0%b5%d1%80%d1%85-2-%d0%b9-%d0%bd%d0%b0%d0%b4%d0%b7%d0%b5%d0%bc%d0%bd%d0%b8%d0%b9-%d0%bf%d0%be%d0%b2%d0%b5%d1%80%d1%85\/#breadcrumb"},"inLanguage":"uk","potentialAction":[{"@type":"ReadAction","target":["https:\/\/bck.sk\/uk\/3d-%d0%b2%d0%b8%d0%b1%d1%96%d1%80-%d0%bf%d1%80%d0%be%d1%81%d1%82%d0%be%d1%80%d1%96%d0%b2\/%d0%b5%d1%82%d0%b0%d0%bf-i-1-%d0%b9-%d0%bf%d0%be%d0%b2%d0%b5%d1%80%d1%85-2-%d0%b9-%d0%bd%d0%b0%d0%b4%d0%b7%d0%b5%d0%bc%d0%bd%d0%b8%d0%b9-%d0%bf%d0%be%d0%b2%d0%b5%d1%80%d1%85\/"]}]},{"@type":"BreadcrumbList","@id":"https:\/\/bck.sk\/uk\/3d-%d0%b2%d0%b8%d0%b1%d1%96%d1%80-%d0%bf%d1%80%d0%be%d1%81%d1%82%d0%be%d1%80%d1%96%d0%b2\/%d0%b5%d1%82%d0%b0%d0%bf-i-1-%d0%b9-%d0%bf%d0%be%d0%b2%d0%b5%d1%80%d1%85-2-%d0%b9-%d0%bd%d0%b0%d0%b4%d0%b7%d0%b5%d0%bc%d0%bd%d0%b8%d0%b9-%d0%bf%d0%be%d0%b2%d0%b5%d1%80%d1%85\/#breadcrumb","itemListElement":[{"@type":"ListItem","position":1,"name":"Home","item":"https:\/\/bck.sk\/uk\/"},{"@type":"ListItem","position":2,"name":"3D \u0412\u0418\u0411\u0406\u0420 \u041f\u0420\u041e\u0421\u0422\u041e\u0420\u0406\u0412","item":"https:\/\/bck.sk\/uk\/3d-%d0%b2%d0%b8%d0%b1%d1%96%d1%80-%d0%bf%d1%80%d0%be%d1%81%d1%82%d0%be%d1%80%d1%96%d0%b2\/"},{"@type":"ListItem","position":3,"name":"\u0415\u0442\u0430\u043f I &#8211; 1-\u0439 \u043f\u043e\u0432\u0435\u0440\u0445 (2-\u0439 \u043d\u0430\u0434\u0437\u0435\u043c\u043d\u0438\u0439 \u043f\u043e\u0432\u0435\u0440\u0445)"}]},{"@type":"WebSite","@id":"https:\/\/bck.sk\/uk\/#website","url":"https:\/\/bck.sk\/uk\/","name":"Business Centre Ko\u0161ice","description":"Kancel\u00e1rie na pren\u00e1jom - luxusn\u00e9 kancel\u00e1rske priestory Ko\u0161ice","potentialAction":[{"@type":"SearchAction","target":{"@type":"EntryPoint","urlTemplate":"https:\/\/bck.sk\/uk\/?s={search_term_string}"},"query-input":{"@type":"PropertyValueSpecification","valueRequired":true,"valueName":"search_term_string"}}],"inLanguage":"uk"}]}},"_links":{"self":[{"href":"https:\/\/bck.sk\/uk\/wp-json\/wp\/v2\/pages\/4983","targetHints":{"allow":["GET"]}}],"collection":[{"href":"https:\/\/bck.sk\/uk\/wp-json\/wp\/v2\/pages"}],"about":[{"href":"https:\/\/bck.sk\/uk\/wp-json\/wp\/v2\/types\/page"}],"author":[{"embeddable":true,"href":"https:\/\/bck.sk\/uk\/wp-json\/wp\/v2\/users\/1"}],"replies":[{"embeddable":true,"href":"https:\/\/bck.sk\/uk\/wp-json\/wp\/v2\/comments?post=4983"}],"version-history":[{"count":1,"href":"https:\/\/bck.sk\/uk\/wp-json\/wp\/v2\/pages\/4983\/revisions"}],"predecessor-version":[{"id":5003,"href":"https:\/\/bck.sk\/uk\/wp-json\/wp\/v2\/pages\/4983\/revisions\/5003"}],"up":[{"embeddable":true,"href":"https:\/\/bck.sk\/uk\/wp-json\/wp\/v2\/pages\/4967"}],"wp:attachment":[{"href":"https:\/\/bck.sk\/uk\/wp-json\/wp\/v2\/media?parent=4983"}],"curies":[{"name":"wp","href":"https:\/\/api.w.org\/{rel}","templated":true}]}}