{"id":4979,"date":"2023-03-06T14:27:51","date_gmt":"2023-03-06T13:27:51","guid":{"rendered":"https:\/\/bck.sk\/?page_id=4979"},"modified":"2023-03-06T14:28:07","modified_gmt":"2023-03-06T13:28:07","slug":"%d0%b5%d1%82%d0%b0%d0%bf-i-9-%d0%b9-%d0%bf%d0%be%d0%b2%d0%b5%d1%80%d1%85-10-%d0%b9-%d0%bd%d0%b0%d0%b4%d0%b7%d0%b5%d0%bc%d0%bd%d0%b8%d0%b9-%d0%bf%d0%be%d0%b2%d0%b5%d1%80%d1%85","status":"publish","type":"page","link":"https:\/\/bck.sk\/uk\/3d-%d0%b2%d0%b8%d0%b1%d1%96%d1%80-%d0%bf%d1%80%d0%be%d1%81%d1%82%d0%be%d1%80%d1%96%d0%b2\/%d0%b5%d1%82%d0%b0%d0%bf-i-9-%d0%b9-%d0%bf%d0%be%d0%b2%d0%b5%d1%80%d1%85-10-%d0%b9-%d0%bd%d0%b0%d0%b4%d0%b7%d0%b5%d0%bc%d0%bd%d0%b8%d0%b9-%d0%bf%d0%be%d0%b2%d0%b5%d1%80%d1%85\/","title":{"rendered":"\u0415\u0442\u0430\u043f I &#8211; 9-\u0439 \u043f\u043e\u0432\u0435\u0440\u0445 (10-\u0439 \u043d\u0430\u0434\u0437\u0435\u043c\u043d\u0438\u0439 \u043f\u043e\u0432\u0435\u0440\u0445)"},"content":{"rendered":"<p><!--\n\n\n<p style=\"text-align: center;\">Modern\u00fd kancel\u00e1rsky priestor situovan\u00fd na 10. NP \u2013 1. etapa o\u00a0celkovej v\u00fdmere 380 m2 s\u00a0kr\u00e1snym panoramatick\u00fdm v\u00fdh\u013eadom na mesto Ko\u0161ice.<\/p>\n\n\n\n\n<p style=\"text-align: center;\">K\u00a0dispoz\u00edcii od 1.7.2020.<\/p>\n\n\n<img loading=\"lazy\" decoding=\"async\" class=\"alignnone wp-image-1115 size-full\" src=\"\/wp-content\/uploads\/2020\/04\/p\u00f4dorys-10-NP.jpg\" alt=\"\" width=\"949\" height=\"841\" srcset=\"https:\/\/bck.sk\/wp-content\/uploads\/2020\/04\/p\u00f4dorys-10-NP.jpg 949w, https:\/\/bck.sk\/wp-content\/uploads\/2020\/04\/p\u00f4dorys-10-NP-300x266.jpg 300w, https:\/\/bck.sk\/wp-content\/uploads\/2020\/04\/p\u00f4dorys-10-NP-768x681.jpg 768w\" sizes=\"auto, (max-width: 949px) 100vw, 949px\" \/>\n\n\n<p data-wp-editing=\"1\"><img loading=\"lazy\" decoding=\"async\" class=\"alignnone wp-image-1110 size-large\" src=\"\/wp-content\/uploads\/2020\/04\/1.-etapa-Budova-B.-10.-NP-1024x684.jpg\" alt=\"\" width=\"1024\" height=\"684\" \/><\/p>\n\n\n--><\/p>\n","protected":false},"excerpt":{"rendered":"","protected":false},"author":1,"featured_media":0,"parent":4967,"menu_order":12,"comment_status":"closed","ping_status":"closed","template":"template-poschodie.php","meta":{"_acf_changed":false,"footnotes":""},"class_list":["post-4979","page","type-page","status-publish","hentry"],"acf":[],"yoast_head":"<!-- This site is optimized with the Yoast SEO plugin v27.3 - https:\/\/yoast.com\/product\/yoast-seo-wordpress\/ -->\n<title>\u0415\u0442\u0430\u043f I - 9-\u0439 \u043f\u043e\u0432\u0435\u0440\u0445 (10-\u0439 \u043d\u0430\u0434\u0437\u0435\u043c\u043d\u0438\u0439 \u043f\u043e\u0432\u0435\u0440\u0445) - Business Centre Ko\u0161ice<\/title>\n<meta name=\"robots\" content=\"index, follow, max-snippet:-1, max-image-preview:large, max-video-preview:-1\" \/>\n<link rel=\"canonical\" href=\"https:\/\/bck.sk\/uk\/3d-%d0%b2%d0%b8%d0%b1%d1%96%d1%80-%d0%bf%d1%80%d0%be%d1%81%d1%82%d0%be%d1%80%d1%96%d0%b2\/%d0%b5%d1%82%d0%b0%d0%bf-i-9-%d0%b9-%d0%bf%d0%be%d0%b2%d0%b5%d1%80%d1%85-10-%d0%b9-%d0%bd%d0%b0%d0%b4%d0%b7%d0%b5%d0%bc%d0%bd%d0%b8%d0%b9-%d0%bf%d0%be%d0%b2%d0%b5%d1%80%d1%85\/\" \/>\n<meta property=\"og:locale\" content=\"uk_UA\" \/>\n<meta property=\"og:type\" content=\"article\" \/>\n<meta property=\"og:title\" content=\"\u0415\u0442\u0430\u043f I - 9-\u0439 \u043f\u043e\u0432\u0435\u0440\u0445 (10-\u0439 \u043d\u0430\u0434\u0437\u0435\u043c\u043d\u0438\u0439 \u043f\u043e\u0432\u0435\u0440\u0445) - Business Centre Ko\u0161ice\" \/>\n<meta property=\"og:url\" content=\"https:\/\/bck.sk\/uk\/3d-%d0%b2%d0%b8%d0%b1%d1%96%d1%80-%d0%bf%d1%80%d0%be%d1%81%d1%82%d0%be%d1%80%d1%96%d0%b2\/%d0%b5%d1%82%d0%b0%d0%bf-i-9-%d0%b9-%d0%bf%d0%be%d0%b2%d0%b5%d1%80%d1%85-10-%d0%b9-%d0%bd%d0%b0%d0%b4%d0%b7%d0%b5%d0%bc%d0%bd%d0%b8%d0%b9-%d0%bf%d0%be%d0%b2%d0%b5%d1%80%d1%85\/\" \/>\n<meta property=\"og:site_name\" content=\"Business Centre Ko\u0161ice\" \/>\n<meta property=\"article:modified_time\" content=\"2023-03-06T13:28:07+00:00\" \/>\n<meta name=\"twitter:card\" content=\"summary_large_image\" \/>\n<meta name=\"twitter:label1\" content=\"\u041f\u0440\u0438\u0431\u043b. \u0447\u0430\u0441 \u0447\u0438\u0442\u0430\u043d\u043d\u044f\" \/>\n\t<meta name=\"twitter:data1\" content=\"1 \u0445\u0432\u0438\u043b\u0438\u043d\u0430\" \/>\n<script type=\"application\/ld+json\" class=\"yoast-schema-graph\">{\"@context\":\"https:\\\/\\\/schema.org\",\"@graph\":[{\"@type\":\"WebPage\",\"@id\":\"https:\\\/\\\/bck.sk\\\/uk\\\/3d-%d0%b2%d0%b8%d0%b1%d1%96%d1%80-%d0%bf%d1%80%d0%be%d1%81%d1%82%d0%be%d1%80%d1%96%d0%b2\\\/%d0%b5%d1%82%d0%b0%d0%bf-i-9-%d0%b9-%d0%bf%d0%be%d0%b2%d0%b5%d1%80%d1%85-10-%d0%b9-%d0%bd%d0%b0%d0%b4%d0%b7%d0%b5%d0%bc%d0%bd%d0%b8%d0%b9-%d0%bf%d0%be%d0%b2%d0%b5%d1%80%d1%85\\\/\",\"url\":\"https:\\\/\\\/bck.sk\\\/uk\\\/3d-%d0%b2%d0%b8%d0%b1%d1%96%d1%80-%d0%bf%d1%80%d0%be%d1%81%d1%82%d0%be%d1%80%d1%96%d0%b2\\\/%d0%b5%d1%82%d0%b0%d0%bf-i-9-%d0%b9-%d0%bf%d0%be%d0%b2%d0%b5%d1%80%d1%85-10-%d0%b9-%d0%bd%d0%b0%d0%b4%d0%b7%d0%b5%d0%bc%d0%bd%d0%b8%d0%b9-%d0%bf%d0%be%d0%b2%d0%b5%d1%80%d1%85\\\/\",\"name\":\"\u0415\u0442\u0430\u043f I - 9-\u0439 \u043f\u043e\u0432\u0435\u0440\u0445 (10-\u0439 \u043d\u0430\u0434\u0437\u0435\u043c\u043d\u0438\u0439 \u043f\u043e\u0432\u0435\u0440\u0445) - Business Centre Ko\u0161ice\",\"isPartOf\":{\"@id\":\"https:\\\/\\\/bck.sk\\\/uk\\\/#website\"},\"datePublished\":\"2023-03-06T13:27:51+00:00\",\"dateModified\":\"2023-03-06T13:28:07+00:00\",\"breadcrumb\":{\"@id\":\"https:\\\/\\\/bck.sk\\\/uk\\\/3d-%d0%b2%d0%b8%d0%b1%d1%96%d1%80-%d0%bf%d1%80%d0%be%d1%81%d1%82%d0%be%d1%80%d1%96%d0%b2\\\/%d0%b5%d1%82%d0%b0%d0%bf-i-9-%d0%b9-%d0%bf%d0%be%d0%b2%d0%b5%d1%80%d1%85-10-%d0%b9-%d0%bd%d0%b0%d0%b4%d0%b7%d0%b5%d0%bc%d0%bd%d0%b8%d0%b9-%d0%bf%d0%be%d0%b2%d0%b5%d1%80%d1%85\\\/#breadcrumb\"},\"inLanguage\":\"uk\",\"potentialAction\":[{\"@type\":\"ReadAction\",\"target\":[\"https:\\\/\\\/bck.sk\\\/uk\\\/3d-%d0%b2%d0%b8%d0%b1%d1%96%d1%80-%d0%bf%d1%80%d0%be%d1%81%d1%82%d0%be%d1%80%d1%96%d0%b2\\\/%d0%b5%d1%82%d0%b0%d0%bf-i-9-%d0%b9-%d0%bf%d0%be%d0%b2%d0%b5%d1%80%d1%85-10-%d0%b9-%d0%bd%d0%b0%d0%b4%d0%b7%d0%b5%d0%bc%d0%bd%d0%b8%d0%b9-%d0%bf%d0%be%d0%b2%d0%b5%d1%80%d1%85\\\/\"]}]},{\"@type\":\"BreadcrumbList\",\"@id\":\"https:\\\/\\\/bck.sk\\\/uk\\\/3d-%d0%b2%d0%b8%d0%b1%d1%96%d1%80-%d0%bf%d1%80%d0%be%d1%81%d1%82%d0%be%d1%80%d1%96%d0%b2\\\/%d0%b5%d1%82%d0%b0%d0%bf-i-9-%d0%b9-%d0%bf%d0%be%d0%b2%d0%b5%d1%80%d1%85-10-%d0%b9-%d0%bd%d0%b0%d0%b4%d0%b7%d0%b5%d0%bc%d0%bd%d0%b8%d0%b9-%d0%bf%d0%be%d0%b2%d0%b5%d1%80%d1%85\\\/#breadcrumb\",\"itemListElement\":[{\"@type\":\"ListItem\",\"position\":1,\"name\":\"Home\",\"item\":\"https:\\\/\\\/bck.sk\\\/uk\\\/\"},{\"@type\":\"ListItem\",\"position\":2,\"name\":\"3D \u0412\u0418\u0411\u0406\u0420 \u041f\u0420\u041e\u0421\u0422\u041e\u0420\u0406\u0412\",\"item\":\"https:\\\/\\\/bck.sk\\\/uk\\\/3d-%d0%b2%d0%b8%d0%b1%d1%96%d1%80-%d0%bf%d1%80%d0%be%d1%81%d1%82%d0%be%d1%80%d1%96%d0%b2\\\/\"},{\"@type\":\"ListItem\",\"position\":3,\"name\":\"\u0415\u0442\u0430\u043f I &#8211; 9-\u0439 \u043f\u043e\u0432\u0435\u0440\u0445 (10-\u0439 \u043d\u0430\u0434\u0437\u0435\u043c\u043d\u0438\u0439 \u043f\u043e\u0432\u0435\u0440\u0445)\"}]},{\"@type\":\"WebSite\",\"@id\":\"https:\\\/\\\/bck.sk\\\/uk\\\/#website\",\"url\":\"https:\\\/\\\/bck.sk\\\/uk\\\/\",\"name\":\"Business Centre Ko\u0161ice\",\"description\":\"Kancel\u00e1rie na pren\u00e1jom - luxusn\u00e9 kancel\u00e1rske priestory Ko\u0161ice\",\"potentialAction\":[{\"@type\":\"SearchAction\",\"target\":{\"@type\":\"EntryPoint\",\"urlTemplate\":\"https:\\\/\\\/bck.sk\\\/uk\\\/?s={search_term_string}\"},\"query-input\":{\"@type\":\"PropertyValueSpecification\",\"valueRequired\":true,\"valueName\":\"search_term_string\"}}],\"inLanguage\":\"uk\"}]}<\/script>\n<!-- \/ Yoast SEO plugin. -->","yoast_head_json":{"title":"\u0415\u0442\u0430\u043f I - 9-\u0439 \u043f\u043e\u0432\u0435\u0440\u0445 (10-\u0439 \u043d\u0430\u0434\u0437\u0435\u043c\u043d\u0438\u0439 \u043f\u043e\u0432\u0435\u0440\u0445) - Business Centre Ko\u0161ice","robots":{"index":"index","follow":"follow","max-snippet":"max-snippet:-1","max-image-preview":"max-image-preview:large","max-video-preview":"max-video-preview:-1"},"canonical":"https:\/\/bck.sk\/uk\/3d-%d0%b2%d0%b8%d0%b1%d1%96%d1%80-%d0%bf%d1%80%d0%be%d1%81%d1%82%d0%be%d1%80%d1%96%d0%b2\/%d0%b5%d1%82%d0%b0%d0%bf-i-9-%d0%b9-%d0%bf%d0%be%d0%b2%d0%b5%d1%80%d1%85-10-%d0%b9-%d0%bd%d0%b0%d0%b4%d0%b7%d0%b5%d0%bc%d0%bd%d0%b8%d0%b9-%d0%bf%d0%be%d0%b2%d0%b5%d1%80%d1%85\/","og_locale":"uk_UA","og_type":"article","og_title":"\u0415\u0442\u0430\u043f I - 9-\u0439 \u043f\u043e\u0432\u0435\u0440\u0445 (10-\u0439 \u043d\u0430\u0434\u0437\u0435\u043c\u043d\u0438\u0439 \u043f\u043e\u0432\u0435\u0440\u0445) - Business Centre Ko\u0161ice","og_url":"https:\/\/bck.sk\/uk\/3d-%d0%b2%d0%b8%d0%b1%d1%96%d1%80-%d0%bf%d1%80%d0%be%d1%81%d1%82%d0%be%d1%80%d1%96%d0%b2\/%d0%b5%d1%82%d0%b0%d0%bf-i-9-%d0%b9-%d0%bf%d0%be%d0%b2%d0%b5%d1%80%d1%85-10-%d0%b9-%d0%bd%d0%b0%d0%b4%d0%b7%d0%b5%d0%bc%d0%bd%d0%b8%d0%b9-%d0%bf%d0%be%d0%b2%d0%b5%d1%80%d1%85\/","og_site_name":"Business Centre Ko\u0161ice","article_modified_time":"2023-03-06T13:28:07+00:00","twitter_card":"summary_large_image","twitter_misc":{"\u041f\u0440\u0438\u0431\u043b. \u0447\u0430\u0441 \u0447\u0438\u0442\u0430\u043d\u043d\u044f":"1 \u0445\u0432\u0438\u043b\u0438\u043d\u0430"},"schema":{"@context":"https:\/\/schema.org","@graph":[{"@type":"WebPage","@id":"https:\/\/bck.sk\/uk\/3d-%d0%b2%d0%b8%d0%b1%d1%96%d1%80-%d0%bf%d1%80%d0%be%d1%81%d1%82%d0%be%d1%80%d1%96%d0%b2\/%d0%b5%d1%82%d0%b0%d0%bf-i-9-%d0%b9-%d0%bf%d0%be%d0%b2%d0%b5%d1%80%d1%85-10-%d0%b9-%d0%bd%d0%b0%d0%b4%d0%b7%d0%b5%d0%bc%d0%bd%d0%b8%d0%b9-%d0%bf%d0%be%d0%b2%d0%b5%d1%80%d1%85\/","url":"https:\/\/bck.sk\/uk\/3d-%d0%b2%d0%b8%d0%b1%d1%96%d1%80-%d0%bf%d1%80%d0%be%d1%81%d1%82%d0%be%d1%80%d1%96%d0%b2\/%d0%b5%d1%82%d0%b0%d0%bf-i-9-%d0%b9-%d0%bf%d0%be%d0%b2%d0%b5%d1%80%d1%85-10-%d0%b9-%d0%bd%d0%b0%d0%b4%d0%b7%d0%b5%d0%bc%d0%bd%d0%b8%d0%b9-%d0%bf%d0%be%d0%b2%d0%b5%d1%80%d1%85\/","name":"\u0415\u0442\u0430\u043f I - 9-\u0439 \u043f\u043e\u0432\u0435\u0440\u0445 (10-\u0439 \u043d\u0430\u0434\u0437\u0435\u043c\u043d\u0438\u0439 \u043f\u043e\u0432\u0435\u0440\u0445) - Business Centre Ko\u0161ice","isPartOf":{"@id":"https:\/\/bck.sk\/uk\/#website"},"datePublished":"2023-03-06T13:27:51+00:00","dateModified":"2023-03-06T13:28:07+00:00","breadcrumb":{"@id":"https:\/\/bck.sk\/uk\/3d-%d0%b2%d0%b8%d0%b1%d1%96%d1%80-%d0%bf%d1%80%d0%be%d1%81%d1%82%d0%be%d1%80%d1%96%d0%b2\/%d0%b5%d1%82%d0%b0%d0%bf-i-9-%d0%b9-%d0%bf%d0%be%d0%b2%d0%b5%d1%80%d1%85-10-%d0%b9-%d0%bd%d0%b0%d0%b4%d0%b7%d0%b5%d0%bc%d0%bd%d0%b8%d0%b9-%d0%bf%d0%be%d0%b2%d0%b5%d1%80%d1%85\/#breadcrumb"},"inLanguage":"uk","potentialAction":[{"@type":"ReadAction","target":["https:\/\/bck.sk\/uk\/3d-%d0%b2%d0%b8%d0%b1%d1%96%d1%80-%d0%bf%d1%80%d0%be%d1%81%d1%82%d0%be%d1%80%d1%96%d0%b2\/%d0%b5%d1%82%d0%b0%d0%bf-i-9-%d0%b9-%d0%bf%d0%be%d0%b2%d0%b5%d1%80%d1%85-10-%d0%b9-%d0%bd%d0%b0%d0%b4%d0%b7%d0%b5%d0%bc%d0%bd%d0%b8%d0%b9-%d0%bf%d0%be%d0%b2%d0%b5%d1%80%d1%85\/"]}]},{"@type":"BreadcrumbList","@id":"https:\/\/bck.sk\/uk\/3d-%d0%b2%d0%b8%d0%b1%d1%96%d1%80-%d0%bf%d1%80%d0%be%d1%81%d1%82%d0%be%d1%80%d1%96%d0%b2\/%d0%b5%d1%82%d0%b0%d0%bf-i-9-%d0%b9-%d0%bf%d0%be%d0%b2%d0%b5%d1%80%d1%85-10-%d0%b9-%d0%bd%d0%b0%d0%b4%d0%b7%d0%b5%d0%bc%d0%bd%d0%b8%d0%b9-%d0%bf%d0%be%d0%b2%d0%b5%d1%80%d1%85\/#breadcrumb","itemListElement":[{"@type":"ListItem","position":1,"name":"Home","item":"https:\/\/bck.sk\/uk\/"},{"@type":"ListItem","position":2,"name":"3D \u0412\u0418\u0411\u0406\u0420 \u041f\u0420\u041e\u0421\u0422\u041e\u0420\u0406\u0412","item":"https:\/\/bck.sk\/uk\/3d-%d0%b2%d0%b8%d0%b1%d1%96%d1%80-%d0%bf%d1%80%d0%be%d1%81%d1%82%d0%be%d1%80%d1%96%d0%b2\/"},{"@type":"ListItem","position":3,"name":"\u0415\u0442\u0430\u043f I &#8211; 9-\u0439 \u043f\u043e\u0432\u0435\u0440\u0445 (10-\u0439 \u043d\u0430\u0434\u0437\u0435\u043c\u043d\u0438\u0439 \u043f\u043e\u0432\u0435\u0440\u0445)"}]},{"@type":"WebSite","@id":"https:\/\/bck.sk\/uk\/#website","url":"https:\/\/bck.sk\/uk\/","name":"Business Centre Ko\u0161ice","description":"Kancel\u00e1rie na pren\u00e1jom - luxusn\u00e9 kancel\u00e1rske priestory Ko\u0161ice","potentialAction":[{"@type":"SearchAction","target":{"@type":"EntryPoint","urlTemplate":"https:\/\/bck.sk\/uk\/?s={search_term_string}"},"query-input":{"@type":"PropertyValueSpecification","valueRequired":true,"valueName":"search_term_string"}}],"inLanguage":"uk"}]}},"_links":{"self":[{"href":"https:\/\/bck.sk\/uk\/wp-json\/wp\/v2\/pages\/4979","targetHints":{"allow":["GET"]}}],"collection":[{"href":"https:\/\/bck.sk\/uk\/wp-json\/wp\/v2\/pages"}],"about":[{"href":"https:\/\/bck.sk\/uk\/wp-json\/wp\/v2\/types\/page"}],"author":[{"embeddable":true,"href":"https:\/\/bck.sk\/uk\/wp-json\/wp\/v2\/users\/1"}],"replies":[{"embeddable":true,"href":"https:\/\/bck.sk\/uk\/wp-json\/wp\/v2\/comments?post=4979"}],"version-history":[{"count":1,"href":"https:\/\/bck.sk\/uk\/wp-json\/wp\/v2\/pages\/4979\/revisions"}],"predecessor-version":[{"id":4999,"href":"https:\/\/bck.sk\/uk\/wp-json\/wp\/v2\/pages\/4979\/revisions\/4999"}],"up":[{"embeddable":true,"href":"https:\/\/bck.sk\/uk\/wp-json\/wp\/v2\/pages\/4967"}],"wp:attachment":[{"href":"https:\/\/bck.sk\/uk\/wp-json\/wp\/v2\/media?parent=4979"}],"curies":[{"name":"wp","href":"https:\/\/api.w.org\/{rel}","templated":true}]}}