{"id":4975,"date":"2023-03-06T14:26:57","date_gmt":"2023-03-06T13:26:57","guid":{"rendered":"https:\/\/bck.sk\/?page_id=4975"},"modified":"2023-03-06T14:26:57","modified_gmt":"2023-03-06T13:26:57","slug":"%d0%b5%d1%82%d0%b0%d0%bf-i-13-%d0%b9-%d0%bf%d0%be%d0%b2%d0%b5%d1%80%d1%85-14-%d0%b9-%d0%bd%d0%b0%d0%b4%d0%b7%d0%b5%d0%bc%d0%bd%d0%b8%d0%b9-%d0%bf%d0%be%d0%b2%d0%b5%d1%80%d1%85-%d0%bf","status":"publish","type":"page","link":"https:\/\/bck.sk\/uk\/3d-%d0%b2%d0%b8%d0%b1%d1%96%d1%80-%d0%bf%d1%80%d0%be%d1%81%d1%82%d0%be%d1%80%d1%96%d0%b2\/%d0%b5%d1%82%d0%b0%d0%bf-i-13-%d0%b9-%d0%bf%d0%be%d0%b2%d0%b5%d1%80%d1%85-14-%d0%b9-%d0%bd%d0%b0%d0%b4%d0%b7%d0%b5%d0%bc%d0%bd%d0%b8%d0%b9-%d0%bf%d0%be%d0%b2%d0%b5%d1%80%d1%85-%d0%bf\/","title":{"rendered":"\u0415\u0442\u0430\u043f I &#8211; 13-\u0439 \u043f\u043e\u0432\u0435\u0440\u0445 (14-\u0439 \u043d\u0430\u0434\u0437\u0435\u043c\u043d\u0438\u0439 \u043f\u043e\u0432\u0435\u0440\u0445) \u2013 \u041f\u0435\u0440\u0435\u0433\u043e\u0432\u043e\u0440\u043d\u0456 \u043a\u0456\u043c\u043d\u0430\u0442\u0438"},"content":{"rendered":"","protected":false},"excerpt":{"rendered":"","protected":false},"author":1,"featured_media":0,"parent":4967,"menu_order":8,"comment_status":"closed","ping_status":"closed","template":"template-poschodie.php","meta":{"_acf_changed":false,"footnotes":""},"class_list":["post-4975","page","type-page","status-publish","hentry"],"acf":[],"yoast_head":"<!-- This site is optimized with the Yoast SEO plugin v27.3 - https:\/\/yoast.com\/product\/yoast-seo-wordpress\/ -->\n<title>\u0415\u0442\u0430\u043f I - 13-\u0439 \u043f\u043e\u0432\u0435\u0440\u0445 (14-\u0439 \u043d\u0430\u0434\u0437\u0435\u043c\u043d\u0438\u0439 \u043f\u043e\u0432\u0435\u0440\u0445) \u2013 \u041f\u0435\u0440\u0435\u0433\u043e\u0432\u043e\u0440\u043d\u0456 \u043a\u0456\u043c\u043d\u0430\u0442\u0438 - Business Centre Ko\u0161ice<\/title>\n<meta name=\"robots\" content=\"index, follow, max-snippet:-1, max-image-preview:large, max-video-preview:-1\" \/>\n<link rel=\"canonical\" href=\"https:\/\/bck.sk\/uk\/3d-%d0%b2%d0%b8%d0%b1%d1%96%d1%80-%d0%bf%d1%80%d0%be%d1%81%d1%82%d0%be%d1%80%d1%96%d0%b2\/%d0%b5%d1%82%d0%b0%d0%bf-i-13-%d0%b9-%d0%bf%d0%be%d0%b2%d0%b5%d1%80%d1%85-14-%d0%b9-%d0%bd%d0%b0%d0%b4%d0%b7%d0%b5%d0%bc%d0%bd%d0%b8%d0%b9-%d0%bf%d0%be%d0%b2%d0%b5%d1%80%d1%85-%d0%bf\/\" \/>\n<meta property=\"og:locale\" content=\"uk_UA\" \/>\n<meta property=\"og:type\" content=\"article\" \/>\n<meta property=\"og:title\" content=\"\u0415\u0442\u0430\u043f I - 13-\u0439 \u043f\u043e\u0432\u0435\u0440\u0445 (14-\u0439 \u043d\u0430\u0434\u0437\u0435\u043c\u043d\u0438\u0439 \u043f\u043e\u0432\u0435\u0440\u0445) \u2013 \u041f\u0435\u0440\u0435\u0433\u043e\u0432\u043e\u0440\u043d\u0456 \u043a\u0456\u043c\u043d\u0430\u0442\u0438 - Business Centre Ko\u0161ice\" \/>\n<meta property=\"og:url\" content=\"https:\/\/bck.sk\/uk\/3d-%d0%b2%d0%b8%d0%b1%d1%96%d1%80-%d0%bf%d1%80%d0%be%d1%81%d1%82%d0%be%d1%80%d1%96%d0%b2\/%d0%b5%d1%82%d0%b0%d0%bf-i-13-%d0%b9-%d0%bf%d0%be%d0%b2%d0%b5%d1%80%d1%85-14-%d0%b9-%d0%bd%d0%b0%d0%b4%d0%b7%d0%b5%d0%bc%d0%bd%d0%b8%d0%b9-%d0%bf%d0%be%d0%b2%d0%b5%d1%80%d1%85-%d0%bf\/\" \/>\n<meta property=\"og:site_name\" content=\"Business Centre Ko\u0161ice\" \/>\n<meta name=\"twitter:card\" content=\"summary_large_image\" \/>\n<script type=\"application\/ld+json\" class=\"yoast-schema-graph\">{\"@context\":\"https:\\\/\\\/schema.org\",\"@graph\":[{\"@type\":\"WebPage\",\"@id\":\"https:\\\/\\\/bck.sk\\\/uk\\\/3d-%d0%b2%d0%b8%d0%b1%d1%96%d1%80-%d0%bf%d1%80%d0%be%d1%81%d1%82%d0%be%d1%80%d1%96%d0%b2\\\/%d0%b5%d1%82%d0%b0%d0%bf-i-13-%d0%b9-%d0%bf%d0%be%d0%b2%d0%b5%d1%80%d1%85-14-%d0%b9-%d0%bd%d0%b0%d0%b4%d0%b7%d0%b5%d0%bc%d0%bd%d0%b8%d0%b9-%d0%bf%d0%be%d0%b2%d0%b5%d1%80%d1%85-%d0%bf\\\/\",\"url\":\"https:\\\/\\\/bck.sk\\\/uk\\\/3d-%d0%b2%d0%b8%d0%b1%d1%96%d1%80-%d0%bf%d1%80%d0%be%d1%81%d1%82%d0%be%d1%80%d1%96%d0%b2\\\/%d0%b5%d1%82%d0%b0%d0%bf-i-13-%d0%b9-%d0%bf%d0%be%d0%b2%d0%b5%d1%80%d1%85-14-%d0%b9-%d0%bd%d0%b0%d0%b4%d0%b7%d0%b5%d0%bc%d0%bd%d0%b8%d0%b9-%d0%bf%d0%be%d0%b2%d0%b5%d1%80%d1%85-%d0%bf\\\/\",\"name\":\"\u0415\u0442\u0430\u043f I - 13-\u0439 \u043f\u043e\u0432\u0435\u0440\u0445 (14-\u0439 \u043d\u0430\u0434\u0437\u0435\u043c\u043d\u0438\u0439 \u043f\u043e\u0432\u0435\u0440\u0445) \u2013 \u041f\u0435\u0440\u0435\u0433\u043e\u0432\u043e\u0440\u043d\u0456 \u043a\u0456\u043c\u043d\u0430\u0442\u0438 - Business Centre Ko\u0161ice\",\"isPartOf\":{\"@id\":\"https:\\\/\\\/bck.sk\\\/uk\\\/#website\"},\"datePublished\":\"2023-03-06T13:26:57+00:00\",\"breadcrumb\":{\"@id\":\"https:\\\/\\\/bck.sk\\\/uk\\\/3d-%d0%b2%d0%b8%d0%b1%d1%96%d1%80-%d0%bf%d1%80%d0%be%d1%81%d1%82%d0%be%d1%80%d1%96%d0%b2\\\/%d0%b5%d1%82%d0%b0%d0%bf-i-13-%d0%b9-%d0%bf%d0%be%d0%b2%d0%b5%d1%80%d1%85-14-%d0%b9-%d0%bd%d0%b0%d0%b4%d0%b7%d0%b5%d0%bc%d0%bd%d0%b8%d0%b9-%d0%bf%d0%be%d0%b2%d0%b5%d1%80%d1%85-%d0%bf\\\/#breadcrumb\"},\"inLanguage\":\"uk\",\"potentialAction\":[{\"@type\":\"ReadAction\",\"target\":[\"https:\\\/\\\/bck.sk\\\/uk\\\/3d-%d0%b2%d0%b8%d0%b1%d1%96%d1%80-%d0%bf%d1%80%d0%be%d1%81%d1%82%d0%be%d1%80%d1%96%d0%b2\\\/%d0%b5%d1%82%d0%b0%d0%bf-i-13-%d0%b9-%d0%bf%d0%be%d0%b2%d0%b5%d1%80%d1%85-14-%d0%b9-%d0%bd%d0%b0%d0%b4%d0%b7%d0%b5%d0%bc%d0%bd%d0%b8%d0%b9-%d0%bf%d0%be%d0%b2%d0%b5%d1%80%d1%85-%d0%bf\\\/\"]}]},{\"@type\":\"BreadcrumbList\",\"@id\":\"https:\\\/\\\/bck.sk\\\/uk\\\/3d-%d0%b2%d0%b8%d0%b1%d1%96%d1%80-%d0%bf%d1%80%d0%be%d1%81%d1%82%d0%be%d1%80%d1%96%d0%b2\\\/%d0%b5%d1%82%d0%b0%d0%bf-i-13-%d0%b9-%d0%bf%d0%be%d0%b2%d0%b5%d1%80%d1%85-14-%d0%b9-%d0%bd%d0%b0%d0%b4%d0%b7%d0%b5%d0%bc%d0%bd%d0%b8%d0%b9-%d0%bf%d0%be%d0%b2%d0%b5%d1%80%d1%85-%d0%bf\\\/#breadcrumb\",\"itemListElement\":[{\"@type\":\"ListItem\",\"position\":1,\"name\":\"Home\",\"item\":\"https:\\\/\\\/bck.sk\\\/uk\\\/\"},{\"@type\":\"ListItem\",\"position\":2,\"name\":\"3D \u0412\u0418\u0411\u0406\u0420 \u041f\u0420\u041e\u0421\u0422\u041e\u0420\u0406\u0412\",\"item\":\"https:\\\/\\\/bck.sk\\\/uk\\\/3d-%d0%b2%d0%b8%d0%b1%d1%96%d1%80-%d0%bf%d1%80%d0%be%d1%81%d1%82%d0%be%d1%80%d1%96%d0%b2\\\/\"},{\"@type\":\"ListItem\",\"position\":3,\"name\":\"\u0415\u0442\u0430\u043f I &#8211; 13-\u0439 \u043f\u043e\u0432\u0435\u0440\u0445 (14-\u0439 \u043d\u0430\u0434\u0437\u0435\u043c\u043d\u0438\u0439 \u043f\u043e\u0432\u0435\u0440\u0445) \u2013 \u041f\u0435\u0440\u0435\u0433\u043e\u0432\u043e\u0440\u043d\u0456 \u043a\u0456\u043c\u043d\u0430\u0442\u0438\"}]},{\"@type\":\"WebSite\",\"@id\":\"https:\\\/\\\/bck.sk\\\/uk\\\/#website\",\"url\":\"https:\\\/\\\/bck.sk\\\/uk\\\/\",\"name\":\"Business Centre Ko\u0161ice\",\"description\":\"Kancel\u00e1rie na pren\u00e1jom - luxusn\u00e9 kancel\u00e1rske priestory Ko\u0161ice\",\"potentialAction\":[{\"@type\":\"SearchAction\",\"target\":{\"@type\":\"EntryPoint\",\"urlTemplate\":\"https:\\\/\\\/bck.sk\\\/uk\\\/?s={search_term_string}\"},\"query-input\":{\"@type\":\"PropertyValueSpecification\",\"valueRequired\":true,\"valueName\":\"search_term_string\"}}],\"inLanguage\":\"uk\"}]}<\/script>\n<!-- \/ Yoast SEO plugin. -->","yoast_head_json":{"title":"\u0415\u0442\u0430\u043f I - 13-\u0439 \u043f\u043e\u0432\u0435\u0440\u0445 (14-\u0439 \u043d\u0430\u0434\u0437\u0435\u043c\u043d\u0438\u0439 \u043f\u043e\u0432\u0435\u0440\u0445) \u2013 \u041f\u0435\u0440\u0435\u0433\u043e\u0432\u043e\u0440\u043d\u0456 \u043a\u0456\u043c\u043d\u0430\u0442\u0438 - Business Centre Ko\u0161ice","robots":{"index":"index","follow":"follow","max-snippet":"max-snippet:-1","max-image-preview":"max-image-preview:large","max-video-preview":"max-video-preview:-1"},"canonical":"https:\/\/bck.sk\/uk\/3d-%d0%b2%d0%b8%d0%b1%d1%96%d1%80-%d0%bf%d1%80%d0%be%d1%81%d1%82%d0%be%d1%80%d1%96%d0%b2\/%d0%b5%d1%82%d0%b0%d0%bf-i-13-%d0%b9-%d0%bf%d0%be%d0%b2%d0%b5%d1%80%d1%85-14-%d0%b9-%d0%bd%d0%b0%d0%b4%d0%b7%d0%b5%d0%bc%d0%bd%d0%b8%d0%b9-%d0%bf%d0%be%d0%b2%d0%b5%d1%80%d1%85-%d0%bf\/","og_locale":"uk_UA","og_type":"article","og_title":"\u0415\u0442\u0430\u043f I - 13-\u0439 \u043f\u043e\u0432\u0435\u0440\u0445 (14-\u0439 \u043d\u0430\u0434\u0437\u0435\u043c\u043d\u0438\u0439 \u043f\u043e\u0432\u0435\u0440\u0445) \u2013 \u041f\u0435\u0440\u0435\u0433\u043e\u0432\u043e\u0440\u043d\u0456 \u043a\u0456\u043c\u043d\u0430\u0442\u0438 - Business Centre Ko\u0161ice","og_url":"https:\/\/bck.sk\/uk\/3d-%d0%b2%d0%b8%d0%b1%d1%96%d1%80-%d0%bf%d1%80%d0%be%d1%81%d1%82%d0%be%d1%80%d1%96%d0%b2\/%d0%b5%d1%82%d0%b0%d0%bf-i-13-%d0%b9-%d0%bf%d0%be%d0%b2%d0%b5%d1%80%d1%85-14-%d0%b9-%d0%bd%d0%b0%d0%b4%d0%b7%d0%b5%d0%bc%d0%bd%d0%b8%d0%b9-%d0%bf%d0%be%d0%b2%d0%b5%d1%80%d1%85-%d0%bf\/","og_site_name":"Business Centre Ko\u0161ice","twitter_card":"summary_large_image","schema":{"@context":"https:\/\/schema.org","@graph":[{"@type":"WebPage","@id":"https:\/\/bck.sk\/uk\/3d-%d0%b2%d0%b8%d0%b1%d1%96%d1%80-%d0%bf%d1%80%d0%be%d1%81%d1%82%d0%be%d1%80%d1%96%d0%b2\/%d0%b5%d1%82%d0%b0%d0%bf-i-13-%d0%b9-%d0%bf%d0%be%d0%b2%d0%b5%d1%80%d1%85-14-%d0%b9-%d0%bd%d0%b0%d0%b4%d0%b7%d0%b5%d0%bc%d0%bd%d0%b8%d0%b9-%d0%bf%d0%be%d0%b2%d0%b5%d1%80%d1%85-%d0%bf\/","url":"https:\/\/bck.sk\/uk\/3d-%d0%b2%d0%b8%d0%b1%d1%96%d1%80-%d0%bf%d1%80%d0%be%d1%81%d1%82%d0%be%d1%80%d1%96%d0%b2\/%d0%b5%d1%82%d0%b0%d0%bf-i-13-%d0%b9-%d0%bf%d0%be%d0%b2%d0%b5%d1%80%d1%85-14-%d0%b9-%d0%bd%d0%b0%d0%b4%d0%b7%d0%b5%d0%bc%d0%bd%d0%b8%d0%b9-%d0%bf%d0%be%d0%b2%d0%b5%d1%80%d1%85-%d0%bf\/","name":"\u0415\u0442\u0430\u043f I - 13-\u0439 \u043f\u043e\u0432\u0435\u0440\u0445 (14-\u0439 \u043d\u0430\u0434\u0437\u0435\u043c\u043d\u0438\u0439 \u043f\u043e\u0432\u0435\u0440\u0445) \u2013 \u041f\u0435\u0440\u0435\u0433\u043e\u0432\u043e\u0440\u043d\u0456 \u043a\u0456\u043c\u043d\u0430\u0442\u0438 - Business Centre Ko\u0161ice","isPartOf":{"@id":"https:\/\/bck.sk\/uk\/#website"},"datePublished":"2023-03-06T13:26:57+00:00","breadcrumb":{"@id":"https:\/\/bck.sk\/uk\/3d-%d0%b2%d0%b8%d0%b1%d1%96%d1%80-%d0%bf%d1%80%d0%be%d1%81%d1%82%d0%be%d1%80%d1%96%d0%b2\/%d0%b5%d1%82%d0%b0%d0%bf-i-13-%d0%b9-%d0%bf%d0%be%d0%b2%d0%b5%d1%80%d1%85-14-%d0%b9-%d0%bd%d0%b0%d0%b4%d0%b7%d0%b5%d0%bc%d0%bd%d0%b8%d0%b9-%d0%bf%d0%be%d0%b2%d0%b5%d1%80%d1%85-%d0%bf\/#breadcrumb"},"inLanguage":"uk","potentialAction":[{"@type":"ReadAction","target":["https:\/\/bck.sk\/uk\/3d-%d0%b2%d0%b8%d0%b1%d1%96%d1%80-%d0%bf%d1%80%d0%be%d1%81%d1%82%d0%be%d1%80%d1%96%d0%b2\/%d0%b5%d1%82%d0%b0%d0%bf-i-13-%d0%b9-%d0%bf%d0%be%d0%b2%d0%b5%d1%80%d1%85-14-%d0%b9-%d0%bd%d0%b0%d0%b4%d0%b7%d0%b5%d0%bc%d0%bd%d0%b8%d0%b9-%d0%bf%d0%be%d0%b2%d0%b5%d1%80%d1%85-%d0%bf\/"]}]},{"@type":"BreadcrumbList","@id":"https:\/\/bck.sk\/uk\/3d-%d0%b2%d0%b8%d0%b1%d1%96%d1%80-%d0%bf%d1%80%d0%be%d1%81%d1%82%d0%be%d1%80%d1%96%d0%b2\/%d0%b5%d1%82%d0%b0%d0%bf-i-13-%d0%b9-%d0%bf%d0%be%d0%b2%d0%b5%d1%80%d1%85-14-%d0%b9-%d0%bd%d0%b0%d0%b4%d0%b7%d0%b5%d0%bc%d0%bd%d0%b8%d0%b9-%d0%bf%d0%be%d0%b2%d0%b5%d1%80%d1%85-%d0%bf\/#breadcrumb","itemListElement":[{"@type":"ListItem","position":1,"name":"Home","item":"https:\/\/bck.sk\/uk\/"},{"@type":"ListItem","position":2,"name":"3D \u0412\u0418\u0411\u0406\u0420 \u041f\u0420\u041e\u0421\u0422\u041e\u0420\u0406\u0412","item":"https:\/\/bck.sk\/uk\/3d-%d0%b2%d0%b8%d0%b1%d1%96%d1%80-%d0%bf%d1%80%d0%be%d1%81%d1%82%d0%be%d1%80%d1%96%d0%b2\/"},{"@type":"ListItem","position":3,"name":"\u0415\u0442\u0430\u043f I &#8211; 13-\u0439 \u043f\u043e\u0432\u0435\u0440\u0445 (14-\u0439 \u043d\u0430\u0434\u0437\u0435\u043c\u043d\u0438\u0439 \u043f\u043e\u0432\u0435\u0440\u0445) \u2013 \u041f\u0435\u0440\u0435\u0433\u043e\u0432\u043e\u0440\u043d\u0456 \u043a\u0456\u043c\u043d\u0430\u0442\u0438"}]},{"@type":"WebSite","@id":"https:\/\/bck.sk\/uk\/#website","url":"https:\/\/bck.sk\/uk\/","name":"Business Centre Ko\u0161ice","description":"Kancel\u00e1rie na pren\u00e1jom - luxusn\u00e9 kancel\u00e1rske priestory Ko\u0161ice","potentialAction":[{"@type":"SearchAction","target":{"@type":"EntryPoint","urlTemplate":"https:\/\/bck.sk\/uk\/?s={search_term_string}"},"query-input":{"@type":"PropertyValueSpecification","valueRequired":true,"valueName":"search_term_string"}}],"inLanguage":"uk"}]}},"_links":{"self":[{"href":"https:\/\/bck.sk\/uk\/wp-json\/wp\/v2\/pages\/4975","targetHints":{"allow":["GET"]}}],"collection":[{"href":"https:\/\/bck.sk\/uk\/wp-json\/wp\/v2\/pages"}],"about":[{"href":"https:\/\/bck.sk\/uk\/wp-json\/wp\/v2\/types\/page"}],"author":[{"embeddable":true,"href":"https:\/\/bck.sk\/uk\/wp-json\/wp\/v2\/users\/1"}],"replies":[{"embeddable":true,"href":"https:\/\/bck.sk\/uk\/wp-json\/wp\/v2\/comments?post=4975"}],"version-history":[{"count":1,"href":"https:\/\/bck.sk\/uk\/wp-json\/wp\/v2\/pages\/4975\/revisions"}],"predecessor-version":[{"id":4995,"href":"https:\/\/bck.sk\/uk\/wp-json\/wp\/v2\/pages\/4975\/revisions\/4995"}],"up":[{"embeddable":true,"href":"https:\/\/bck.sk\/uk\/wp-json\/wp\/v2\/pages\/4967"}],"wp:attachment":[{"href":"https:\/\/bck.sk\/uk\/wp-json\/wp\/v2\/media?parent=4975"}],"curies":[{"name":"wp","href":"https:\/\/api.w.org\/{rel}","templated":true}]}}