{"id":4925,"date":"2023-03-06T11:53:12","date_gmt":"2023-03-06T10:53:12","guid":{"rendered":"https:\/\/bck.sk\/?page_id=4925"},"modified":"2023-03-06T11:53:12","modified_gmt":"2023-03-06T10:53:12","slug":"%d1%81%d1%82%d0%b0%d0%bd%d0%b4%d0%b0%d1%80%d1%82-%d0%be%d1%84%d1%96%d1%81%d1%96%d0%b2-%d1%96-%d1%82%d0%b5%d1%85%d0%bd%d0%be%d0%bb%d0%be%d0%b3%d1%96%d1%97","status":"publish","type":"page","link":"https:\/\/bck.sk\/uk\/%d1%81%d1%82%d0%b0%d0%bd%d0%b4%d0%b0%d1%80%d1%82-%d0%be%d1%84%d1%96%d1%81%d1%96%d0%b2-%d1%96-%d1%82%d0%b5%d1%85%d0%bd%d0%be%d0%bb%d0%be%d0%b3%d1%96%d1%97\/","title":{"rendered":"\u0421\u0422\u0410\u041d\u0414\u0410\u0420\u0422 \u041e\u0424\u0406\u0421\u0406\u0412 \u0406 \u0422\u0415\u0425\u041d\u041e\u041b\u041e\u0413\u0406\u0407"},"content":{"rendered":"<div class=\"grid-container\">\n<div class=\"grid-x grid-padding-x grid-margin-x\">\n<div class=\"cell small-12 medium-6 my-content-cell\">\n<p style=\"text-align: left;\">\u0411\u0456\u0437\u043d\u0435\u0441-\u0446\u0435\u043d\u0442\u0440 \u041a\u043e\u0448\u0438\u0446\u0435 \u043f\u0440\u043e\u043f\u043e\u043d\u0443\u0454 \u0441\u0432\u043e\u0457\u043c \u043e\u0440\u0435\u043d\u0434\u0430\u0440\u044f\u043c:<\/p>\n<div>\n<div style=\"float: left; padding-right: 25px; min-width: 285px;\">\n<ul>\n<li style=\"text-align: left;\">\u0434\u0438\u0437\u0430\u0439\u043d\u043e\u0432\u0443 \u0442\u0430 \u043f\u043e\u0437\u0430\u0447\u0430\u0441\u043e\u0432y \u0430\u0440\u0445\u0456\u0442\u0435\u043a\u0442\u0443\u0440\u0443<\/li>\n<li style=\"text-align: left;\">\u0435\u043d\u0435\u0440\u0433\u0435\u0442\u0438\u0447\u043d\u0438\u0439 \u0441\u0435\u0440\u0442\u0438\u0444\u0456\u043a\u0430\u0442 \u0442\u0438\u043f\u0443 \u0410<\/li>\n<li style=\"text-align: left;\">\u0432\u043e\u043b\u043e\u043a\u043e\u043d\u043d\u043e-\u043e\u043f\u0442\u0438\u0447\u043d\u0435 \u0437&#8217;\u0454\u0434\u043d\u0430\u043d\u043d\u044f \u0434\u043b\u044f \u043f\u0435\u0440\u0435\u0434\u0430\u0447\u0456 \u0434\u0430\u043d\u0438\u0445<\/li>\n<li style=\"text-align: left;\">\u0440\u0435\u0433\u0443\u043b\u044c\u043e\u0432\u0430\u043d\u0443 \u0441\u0438\u0441\u0442\u0435\u043c\u0443 \u043e\u043f\u0430\u043b\u0435\u043d\u043d\u044f<\/li>\n<li style=\"text-align: left;\">\u043a\u043e\u043d\u0434\u0438\u0446\u0456\u043e\u043d\u0435\u0440<\/li>\n<li style=\"text-align: left;\">\u0432\u0456\u0434\u043a\u0440\u0438\u0432\u0430\u043d\u043d\u044f \u0432\u0456\u043a\u043e\u043d<\/li>\n<li style=\"text-align: left;\">\u043f\u043e\u0432\u043d\u0438\u0439 \u0441\u043a\u043b\u044f\u043d\u0438\u0439 \u0444\u0430\u0441\u0430\u0434<\/li>\n<\/ul>\n<\/div>\n<div style=\"width: 310px; float: left;\">\n<ul>\n<li style=\"text-align: left;\">\u0432\u0456\u0434\u043c\u0456\u043d\u043d\u0435 \u043f\u0440\u043e\u043d\u0438\u043a\u043d\u0435\u043d\u043d\u044f \u043f\u0440\u0438\u0440\u043e\u0434\u043d\u043e\u0433\u043e \u0441\u0432\u0456\u0442\u043b\u0430<\/li>\n<li style=\"text-align: left;\">c\u0438\u0441\u0442\u0435\u043cy \u043f\u0440\u043e\u0442\u0438\u043f\u043e\u0436\u0435\u0436\u043d\u043e\u0433\u043e \u0437\u0430\u0445\u0438\u0441\u0442\u0443 EPS<\/li>\n<li style=\"text-align: left;\">\u0440\u0435\u0433\u0443\u043b\u044f\u0440\u043d\u0435 \u043e\u0431\u0441\u043b\u0443\u0433\u043e\u0432\u0443\u0432\u0430\u043d\u043d\u044f \u043b\u0456\u0444\u0442\u0456\u0432<\/li>\n<li style=\"text-align: left;\">\u0441\u0442\u0440\u0443\u043a\u0442\u0443\u0440\u043e\u0432\u0430\u043d\u0456 \u043a\u0430\u0431\u0435\u043b\u0456<\/li>\n<li style=\"text-align: left;\">\u0441\u0438\u0441\u0442\u0435\u043cy \u0432\u0456\u0434\u0435\u043e\u043a\u0430\u043c\u0435\u0440 \u0441\u043f\u043e\u0441\u0442\u0435\u0440\u0435\u0436\u0435\u043d\u043d\u044f<\/li>\n<li style=\"text-align: left;\">\u0441\u0438\u0441\u0442\u0435\u043cy \u043a\u043e\u043d\u0442\u0440\u043e\u043b\u044f \u0434\u043e\u0441\u0442\u0443\u043f\u0443<\/li>\n<\/ul>\n<\/div>\n<\/div>\n<\/div>\n<div class=\"cell small-12 medium-6 my-content-cell\"><img loading=\"lazy\" decoding=\"async\" class=\"alignnone wp-image-4067\" src=\"https:\/\/bck.sk\/wp-content\/uploads\/2022\/10\/GlobalLogic-5.jpg\" alt=\"\" width=\"942\" height=\"530\" \/><\/div>\n<\/div>\n<\/div>\n","protected":false},"excerpt":{"rendered":"<p>\u0411\u0456\u0437\u043d\u0435\u0441-\u0446\u0435\u043d\u0442\u0440 \u041a\u043e\u0448\u0438\u0446\u0435 \u043f\u0440\u043e\u043f\u043e\u043d\u0443\u0454 \u0441\u0432\u043e\u0457\u043c \u043e\u0440\u0435\u043d\u0434\u0430\u0440\u044f\u043c: \u0434\u0438\u0437\u0430\u0439\u043d\u043e\u0432\u0443 \u0442\u0430 \u043f\u043e\u0437\u0430\u0447\u0430\u0441\u043e\u0432y \u0430\u0440\u0445\u0456\u0442\u0435\u043a\u0442\u0443\u0440\u0443 \u0435\u043d\u0435\u0440\u0433\u0435\u0442\u0438\u0447\u043d\u0438\u0439 \u0441\u0435\u0440\u0442\u0438\u0444\u0456\u043a\u0430\u0442 \u0442\u0438\u043f\u0443 \u0410 \u0432\u043e\u043b\u043e\u043a\u043e\u043d\u043d\u043e-\u043e\u043f\u0442\u0438\u0447\u043d\u0435 \u0437&#8217;\u0454\u0434\u043d\u0430\u043d\u043d\u044f \u0434\u043b\u044f \u043f\u0435\u0440\u0435\u0434\u0430\u0447\u0456 \u0434\u0430\u043d\u0438\u0445 \u0440\u0435\u0433\u0443\u043b\u044c\u043e\u0432\u0430\u043d\u0443 \u0441\u0438\u0441\u0442\u0435\u043c\u0443 \u043e\u043f\u0430\u043b\u0435\u043d\u043d\u044f \u043a\u043e\u043d\u0434\u0438\u0446\u0456\u043e\u043d\u0435\u0440 \u0432\u0456\u0434\u043a\u0440\u0438\u0432\u0430\u043d\u043d\u044f \u0432\u0456\u043a\u043e\u043d \u043f\u043e\u0432\u043d\u0438\u0439 \u0441\u043a\u043b\u044f\u043d\u0438\u0439 \u0444\u0430\u0441\u0430\u0434 \u0432\u0456\u0434\u043c\u0456\u043d\u043d\u0435 \u043f\u0440\u043e\u043d\u0438\u043a\u043d\u0435\u043d\u043d\u044f \u043f\u0440\u0438\u0440\u043e\u0434\u043d\u043e\u0433\u043e \u0441\u0432\u0456\u0442\u043b\u0430 c\u0438\u0441\u0442\u0435\u043cy \u043f\u0440\u043e\u0442\u0438\u043f\u043e\u0436\u0435\u0436\u043d\u043e\u0433\u043e \u0437\u0430\u0445\u0438\u0441\u0442\u0443 EPS \u0440\u0435\u0433\u0443\u043b\u044f\u0440\u043d\u0435 \u043e\u0431\u0441\u043b\u0443\u0433\u043e\u0432\u0443\u0432\u0430\u043d\u043d\u044f \u043b\u0456\u0444\u0442\u0456\u0432 \u0441\u0442\u0440\u0443\u043a\u0442\u0443\u0440\u043e\u0432\u0430\u043d\u0456 \u043a\u0430\u0431\u0435\u043b\u0456 \u0441\u0438\u0441\u0442\u0435\u043cy \u0432\u0456\u0434\u0435\u043e\u043a\u0430\u043c\u0435\u0440 \u0441\u043f\u043e\u0441\u0442\u0435\u0440\u0435\u0436\u0435\u043d\u043d\u044f \u0441\u0438\u0441\u0442\u0435\u043cy \u043a\u043e\u043d\u0442\u0440\u043e\u043b\u044f \u0434\u043e\u0441\u0442\u0443\u043f\u0443<\/p>\n","protected":false},"author":1,"featured_media":4854,"parent":0,"menu_order":32,"comment_status":"closed","ping_status":"closed","template":"template-full-width.php","meta":{"_acf_changed":false,"footnotes":""},"class_list":["post-4925","page","type-page","status-publish","has-post-thumbnail","hentry"],"acf":[],"yoast_head":"<!-- This site is optimized with the Yoast SEO plugin v27.3 - https:\/\/yoast.com\/product\/yoast-seo-wordpress\/ -->\n<title>\u0421\u0422\u0410\u041d\u0414\u0410\u0420\u0422 \u041e\u0424\u0406\u0421\u0406\u0412 \u0406 \u0422\u0415\u0425\u041d\u041e\u041b\u041e\u0413\u0406\u0407 - Business Centre Ko\u0161ice<\/title>\n<meta name=\"robots\" content=\"index, follow, max-snippet:-1, max-image-preview:large, max-video-preview:-1\" \/>\n<link rel=\"canonical\" href=\"https:\/\/bck.sk\/uk\/%d1%81%d1%82%d0%b0%d0%bd%d0%b4%d0%b0%d1%80%d1%82-%d0%be%d1%84%d1%96%d1%81%d1%96%d0%b2-%d1%96-%d1%82%d0%b5%d1%85%d0%bd%d0%be%d0%bb%d0%be%d0%b3%d1%96%d1%97\/\" \/>\n<meta property=\"og:locale\" content=\"uk_UA\" \/>\n<meta property=\"og:type\" content=\"article\" \/>\n<meta property=\"og:title\" content=\"\u0421\u0422\u0410\u041d\u0414\u0410\u0420\u0422 \u041e\u0424\u0406\u0421\u0406\u0412 \u0406 \u0422\u0415\u0425\u041d\u041e\u041b\u041e\u0413\u0406\u0407 - Business Centre Ko\u0161ice\" \/>\n<meta property=\"og:description\" content=\"\u0411\u0456\u0437\u043d\u0435\u0441-\u0446\u0435\u043d\u0442\u0440 \u041a\u043e\u0448\u0438\u0446\u0435 \u043f\u0440\u043e\u043f\u043e\u043d\u0443\u0454 \u0441\u0432\u043e\u0457\u043c \u043e\u0440\u0435\u043d\u0434\u0430\u0440\u044f\u043c: \u0434\u0438\u0437\u0430\u0439\u043d\u043e\u0432\u0443 \u0442\u0430 \u043f\u043e\u0437\u0430\u0447\u0430\u0441\u043e\u0432y \u0430\u0440\u0445\u0456\u0442\u0435\u043a\u0442\u0443\u0440\u0443 \u0435\u043d\u0435\u0440\u0433\u0435\u0442\u0438\u0447\u043d\u0438\u0439 \u0441\u0435\u0440\u0442\u0438\u0444\u0456\u043a\u0430\u0442 \u0442\u0438\u043f\u0443 \u0410 \u0432\u043e\u043b\u043e\u043a\u043e\u043d\u043d\u043e-\u043e\u043f\u0442\u0438\u0447\u043d\u0435 \u0437&#8217;\u0454\u0434\u043d\u0430\u043d\u043d\u044f \u0434\u043b\u044f \u043f\u0435\u0440\u0435\u0434\u0430\u0447\u0456 \u0434\u0430\u043d\u0438\u0445 \u0440\u0435\u0433\u0443\u043b\u044c\u043e\u0432\u0430\u043d\u0443 \u0441\u0438\u0441\u0442\u0435\u043c\u0443 \u043e\u043f\u0430\u043b\u0435\u043d\u043d\u044f \u043a\u043e\u043d\u0434\u0438\u0446\u0456\u043e\u043d\u0435\u0440 \u0432\u0456\u0434\u043a\u0440\u0438\u0432\u0430\u043d\u043d\u044f \u0432\u0456\u043a\u043e\u043d \u043f\u043e\u0432\u043d\u0438\u0439 \u0441\u043a\u043b\u044f\u043d\u0438\u0439 \u0444\u0430\u0441\u0430\u0434 \u0432\u0456\u0434\u043c\u0456\u043d\u043d\u0435 \u043f\u0440\u043e\u043d\u0438\u043a\u043d\u0435\u043d\u043d\u044f \u043f\u0440\u0438\u0440\u043e\u0434\u043d\u043e\u0433\u043e \u0441\u0432\u0456\u0442\u043b\u0430 c\u0438\u0441\u0442\u0435\u043cy \u043f\u0440\u043e\u0442\u0438\u043f\u043e\u0436\u0435\u0436\u043d\u043e\u0433\u043e \u0437\u0430\u0445\u0438\u0441\u0442\u0443 EPS \u0440\u0435\u0433\u0443\u043b\u044f\u0440\u043d\u0435 \u043e\u0431\u0441\u043b\u0443\u0433\u043e\u0432\u0443\u0432\u0430\u043d\u043d\u044f \u043b\u0456\u0444\u0442\u0456\u0432 \u0441\u0442\u0440\u0443\u043a\u0442\u0443\u0440\u043e\u0432\u0430\u043d\u0456 \u043a\u0430\u0431\u0435\u043b\u0456 \u0441\u0438\u0441\u0442\u0435\u043cy \u0432\u0456\u0434\u0435\u043e\u043a\u0430\u043c\u0435\u0440 \u0441\u043f\u043e\u0441\u0442\u0435\u0440\u0435\u0436\u0435\u043d\u043d\u044f \u0441\u0438\u0441\u0442\u0435\u043cy \u043a\u043e\u043d\u0442\u0440\u043e\u043b\u044f \u0434\u043e\u0441\u0442\u0443\u043f\u0443\" \/>\n<meta property=\"og:url\" content=\"https:\/\/bck.sk\/uk\/%d1%81%d1%82%d0%b0%d0%bd%d0%b4%d0%b0%d1%80%d1%82-%d0%be%d1%84%d1%96%d1%81%d1%96%d0%b2-%d1%96-%d1%82%d0%b5%d1%85%d0%bd%d0%be%d0%bb%d0%be%d0%b3%d1%96%d1%97\/\" \/>\n<meta property=\"og:site_name\" content=\"Business Centre Ko\u0161ice\" \/>\n<meta property=\"og:image\" content=\"https:\/\/bck.sk\/wp-content\/uploads\/2022\/10\/BCK-kancelarie-21-scaled.jpg\" \/>\n\t<meta property=\"og:image:width\" content=\"2560\" \/>\n\t<meta property=\"og:image:height\" content=\"1707\" \/>\n\t<meta property=\"og:image:type\" content=\"image\/jpeg\" \/>\n<meta name=\"twitter:card\" content=\"summary_large_image\" \/>\n<script type=\"application\/ld+json\" class=\"yoast-schema-graph\">{\"@context\":\"https:\\\/\\\/schema.org\",\"@graph\":[{\"@type\":\"WebPage\",\"@id\":\"https:\\\/\\\/bck.sk\\\/uk\\\/%d1%81%d1%82%d0%b0%d0%bd%d0%b4%d0%b0%d1%80%d1%82-%d0%be%d1%84%d1%96%d1%81%d1%96%d0%b2-%d1%96-%d1%82%d0%b5%d1%85%d0%bd%d0%be%d0%bb%d0%be%d0%b3%d1%96%d1%97\\\/\",\"url\":\"https:\\\/\\\/bck.sk\\\/uk\\\/%d1%81%d1%82%d0%b0%d0%bd%d0%b4%d0%b0%d1%80%d1%82-%d0%be%d1%84%d1%96%d1%81%d1%96%d0%b2-%d1%96-%d1%82%d0%b5%d1%85%d0%bd%d0%be%d0%bb%d0%be%d0%b3%d1%96%d1%97\\\/\",\"name\":\"\u0421\u0422\u0410\u041d\u0414\u0410\u0420\u0422 \u041e\u0424\u0406\u0421\u0406\u0412 \u0406 \u0422\u0415\u0425\u041d\u041e\u041b\u041e\u0413\u0406\u0407 - Business Centre Ko\u0161ice\",\"isPartOf\":{\"@id\":\"https:\\\/\\\/bck.sk\\\/uk\\\/#website\"},\"primaryImageOfPage\":{\"@id\":\"https:\\\/\\\/bck.sk\\\/uk\\\/%d1%81%d1%82%d0%b0%d0%bd%d0%b4%d0%b0%d1%80%d1%82-%d0%be%d1%84%d1%96%d1%81%d1%96%d0%b2-%d1%96-%d1%82%d0%b5%d1%85%d0%bd%d0%be%d0%bb%d0%be%d0%b3%d1%96%d1%97\\\/#primaryimage\"},\"image\":{\"@id\":\"https:\\\/\\\/bck.sk\\\/uk\\\/%d1%81%d1%82%d0%b0%d0%bd%d0%b4%d0%b0%d1%80%d1%82-%d0%be%d1%84%d1%96%d1%81%d1%96%d0%b2-%d1%96-%d1%82%d0%b5%d1%85%d0%bd%d0%be%d0%bb%d0%be%d0%b3%d1%96%d1%97\\\/#primaryimage\"},\"thumbnailUrl\":\"https:\\\/\\\/bck.sk\\\/wp-content\\\/uploads\\\/2022\\\/10\\\/BCK-kancelarie-21-scaled.jpg\",\"datePublished\":\"2023-03-06T10:53:12+00:00\",\"breadcrumb\":{\"@id\":\"https:\\\/\\\/bck.sk\\\/uk\\\/%d1%81%d1%82%d0%b0%d0%bd%d0%b4%d0%b0%d1%80%d1%82-%d0%be%d1%84%d1%96%d1%81%d1%96%d0%b2-%d1%96-%d1%82%d0%b5%d1%85%d0%bd%d0%be%d0%bb%d0%be%d0%b3%d1%96%d1%97\\\/#breadcrumb\"},\"inLanguage\":\"uk\",\"potentialAction\":[{\"@type\":\"ReadAction\",\"target\":[\"https:\\\/\\\/bck.sk\\\/uk\\\/%d1%81%d1%82%d0%b0%d0%bd%d0%b4%d0%b0%d1%80%d1%82-%d0%be%d1%84%d1%96%d1%81%d1%96%d0%b2-%d1%96-%d1%82%d0%b5%d1%85%d0%bd%d0%be%d0%bb%d0%be%d0%b3%d1%96%d1%97\\\/\"]}]},{\"@type\":\"ImageObject\",\"inLanguage\":\"uk\",\"@id\":\"https:\\\/\\\/bck.sk\\\/uk\\\/%d1%81%d1%82%d0%b0%d0%bd%d0%b4%d0%b0%d1%80%d1%82-%d0%be%d1%84%d1%96%d1%81%d1%96%d0%b2-%d1%96-%d1%82%d0%b5%d1%85%d0%bd%d0%be%d0%bb%d0%be%d0%b3%d1%96%d1%97\\\/#primaryimage\",\"url\":\"https:\\\/\\\/bck.sk\\\/wp-content\\\/uploads\\\/2022\\\/10\\\/BCK-kancelarie-21-scaled.jpg\",\"contentUrl\":\"https:\\\/\\\/bck.sk\\\/wp-content\\\/uploads\\\/2022\\\/10\\\/BCK-kancelarie-21-scaled.jpg\",\"width\":2560,\"height\":1707,\"caption\":\"Autor n\u00e1vrhu: Ing. arch. Miloslav Kov\u00e1\u010d, PhD.\\\/KOV\u00c1\u010carchitekt Autor fotografi\u00ed: Mgr.art.Marek Bern\u00e1t\\\/Videopreteba\"},{\"@type\":\"BreadcrumbList\",\"@id\":\"https:\\\/\\\/bck.sk\\\/uk\\\/%d1%81%d1%82%d0%b0%d0%bd%d0%b4%d0%b0%d1%80%d1%82-%d0%be%d1%84%d1%96%d1%81%d1%96%d0%b2-%d1%96-%d1%82%d0%b5%d1%85%d0%bd%d0%be%d0%bb%d0%be%d0%b3%d1%96%d1%97\\\/#breadcrumb\",\"itemListElement\":[{\"@type\":\"ListItem\",\"position\":1,\"name\":\"Home\",\"item\":\"https:\\\/\\\/bck.sk\\\/uk\\\/\"},{\"@type\":\"ListItem\",\"position\":2,\"name\":\"\u0421\u0422\u0410\u041d\u0414\u0410\u0420\u0422 \u041e\u0424\u0406\u0421\u0406\u0412 \u0406 \u0422\u0415\u0425\u041d\u041e\u041b\u041e\u0413\u0406\u0407\"}]},{\"@type\":\"WebSite\",\"@id\":\"https:\\\/\\\/bck.sk\\\/uk\\\/#website\",\"url\":\"https:\\\/\\\/bck.sk\\\/uk\\\/\",\"name\":\"Business Centre Ko\u0161ice\",\"description\":\"Kancel\u00e1rie na pren\u00e1jom - luxusn\u00e9 kancel\u00e1rske priestory Ko\u0161ice\",\"potentialAction\":[{\"@type\":\"SearchAction\",\"target\":{\"@type\":\"EntryPoint\",\"urlTemplate\":\"https:\\\/\\\/bck.sk\\\/uk\\\/?s={search_term_string}\"},\"query-input\":{\"@type\":\"PropertyValueSpecification\",\"valueRequired\":true,\"valueName\":\"search_term_string\"}}],\"inLanguage\":\"uk\"}]}<\/script>\n<!-- \/ Yoast SEO plugin. -->","yoast_head_json":{"title":"\u0421\u0422\u0410\u041d\u0414\u0410\u0420\u0422 \u041e\u0424\u0406\u0421\u0406\u0412 \u0406 \u0422\u0415\u0425\u041d\u041e\u041b\u041e\u0413\u0406\u0407 - Business Centre Ko\u0161ice","robots":{"index":"index","follow":"follow","max-snippet":"max-snippet:-1","max-image-preview":"max-image-preview:large","max-video-preview":"max-video-preview:-1"},"canonical":"https:\/\/bck.sk\/uk\/%d1%81%d1%82%d0%b0%d0%bd%d0%b4%d0%b0%d1%80%d1%82-%d0%be%d1%84%d1%96%d1%81%d1%96%d0%b2-%d1%96-%d1%82%d0%b5%d1%85%d0%bd%d0%be%d0%bb%d0%be%d0%b3%d1%96%d1%97\/","og_locale":"uk_UA","og_type":"article","og_title":"\u0421\u0422\u0410\u041d\u0414\u0410\u0420\u0422 \u041e\u0424\u0406\u0421\u0406\u0412 \u0406 \u0422\u0415\u0425\u041d\u041e\u041b\u041e\u0413\u0406\u0407 - Business Centre Ko\u0161ice","og_description":"\u0411\u0456\u0437\u043d\u0435\u0441-\u0446\u0435\u043d\u0442\u0440 \u041a\u043e\u0448\u0438\u0446\u0435 \u043f\u0440\u043e\u043f\u043e\u043d\u0443\u0454 \u0441\u0432\u043e\u0457\u043c \u043e\u0440\u0435\u043d\u0434\u0430\u0440\u044f\u043c: \u0434\u0438\u0437\u0430\u0439\u043d\u043e\u0432\u0443 \u0442\u0430 \u043f\u043e\u0437\u0430\u0447\u0430\u0441\u043e\u0432y \u0430\u0440\u0445\u0456\u0442\u0435\u043a\u0442\u0443\u0440\u0443 \u0435\u043d\u0435\u0440\u0433\u0435\u0442\u0438\u0447\u043d\u0438\u0439 \u0441\u0435\u0440\u0442\u0438\u0444\u0456\u043a\u0430\u0442 \u0442\u0438\u043f\u0443 \u0410 \u0432\u043e\u043b\u043e\u043a\u043e\u043d\u043d\u043e-\u043e\u043f\u0442\u0438\u0447\u043d\u0435 \u0437&#8217;\u0454\u0434\u043d\u0430\u043d\u043d\u044f \u0434\u043b\u044f \u043f\u0435\u0440\u0435\u0434\u0430\u0447\u0456 \u0434\u0430\u043d\u0438\u0445 \u0440\u0435\u0433\u0443\u043b\u044c\u043e\u0432\u0430\u043d\u0443 \u0441\u0438\u0441\u0442\u0435\u043c\u0443 \u043e\u043f\u0430\u043b\u0435\u043d\u043d\u044f \u043a\u043e\u043d\u0434\u0438\u0446\u0456\u043e\u043d\u0435\u0440 \u0432\u0456\u0434\u043a\u0440\u0438\u0432\u0430\u043d\u043d\u044f \u0432\u0456\u043a\u043e\u043d \u043f\u043e\u0432\u043d\u0438\u0439 \u0441\u043a\u043b\u044f\u043d\u0438\u0439 \u0444\u0430\u0441\u0430\u0434 \u0432\u0456\u0434\u043c\u0456\u043d\u043d\u0435 \u043f\u0440\u043e\u043d\u0438\u043a\u043d\u0435\u043d\u043d\u044f \u043f\u0440\u0438\u0440\u043e\u0434\u043d\u043e\u0433\u043e \u0441\u0432\u0456\u0442\u043b\u0430 c\u0438\u0441\u0442\u0435\u043cy \u043f\u0440\u043e\u0442\u0438\u043f\u043e\u0436\u0435\u0436\u043d\u043e\u0433\u043e \u0437\u0430\u0445\u0438\u0441\u0442\u0443 EPS \u0440\u0435\u0433\u0443\u043b\u044f\u0440\u043d\u0435 \u043e\u0431\u0441\u043b\u0443\u0433\u043e\u0432\u0443\u0432\u0430\u043d\u043d\u044f \u043b\u0456\u0444\u0442\u0456\u0432 \u0441\u0442\u0440\u0443\u043a\u0442\u0443\u0440\u043e\u0432\u0430\u043d\u0456 \u043a\u0430\u0431\u0435\u043b\u0456 \u0441\u0438\u0441\u0442\u0435\u043cy \u0432\u0456\u0434\u0435\u043e\u043a\u0430\u043c\u0435\u0440 \u0441\u043f\u043e\u0441\u0442\u0435\u0440\u0435\u0436\u0435\u043d\u043d\u044f \u0441\u0438\u0441\u0442\u0435\u043cy \u043a\u043e\u043d\u0442\u0440\u043e\u043b\u044f \u0434\u043e\u0441\u0442\u0443\u043f\u0443","og_url":"https:\/\/bck.sk\/uk\/%d1%81%d1%82%d0%b0%d0%bd%d0%b4%d0%b0%d1%80%d1%82-%d0%be%d1%84%d1%96%d1%81%d1%96%d0%b2-%d1%96-%d1%82%d0%b5%d1%85%d0%bd%d0%be%d0%bb%d0%be%d0%b3%d1%96%d1%97\/","og_site_name":"Business Centre Ko\u0161ice","og_image":[{"width":2560,"height":1707,"url":"https:\/\/bck.sk\/wp-content\/uploads\/2022\/10\/BCK-kancelarie-21-scaled.jpg","type":"image\/jpeg"}],"twitter_card":"summary_large_image","schema":{"@context":"https:\/\/schema.org","@graph":[{"@type":"WebPage","@id":"https:\/\/bck.sk\/uk\/%d1%81%d1%82%d0%b0%d0%bd%d0%b4%d0%b0%d1%80%d1%82-%d0%be%d1%84%d1%96%d1%81%d1%96%d0%b2-%d1%96-%d1%82%d0%b5%d1%85%d0%bd%d0%be%d0%bb%d0%be%d0%b3%d1%96%d1%97\/","url":"https:\/\/bck.sk\/uk\/%d1%81%d1%82%d0%b0%d0%bd%d0%b4%d0%b0%d1%80%d1%82-%d0%be%d1%84%d1%96%d1%81%d1%96%d0%b2-%d1%96-%d1%82%d0%b5%d1%85%d0%bd%d0%be%d0%bb%d0%be%d0%b3%d1%96%d1%97\/","name":"\u0421\u0422\u0410\u041d\u0414\u0410\u0420\u0422 \u041e\u0424\u0406\u0421\u0406\u0412 \u0406 \u0422\u0415\u0425\u041d\u041e\u041b\u041e\u0413\u0406\u0407 - Business Centre Ko\u0161ice","isPartOf":{"@id":"https:\/\/bck.sk\/uk\/#website"},"primaryImageOfPage":{"@id":"https:\/\/bck.sk\/uk\/%d1%81%d1%82%d0%b0%d0%bd%d0%b4%d0%b0%d1%80%d1%82-%d0%be%d1%84%d1%96%d1%81%d1%96%d0%b2-%d1%96-%d1%82%d0%b5%d1%85%d0%bd%d0%be%d0%bb%d0%be%d0%b3%d1%96%d1%97\/#primaryimage"},"image":{"@id":"https:\/\/bck.sk\/uk\/%d1%81%d1%82%d0%b0%d0%bd%d0%b4%d0%b0%d1%80%d1%82-%d0%be%d1%84%d1%96%d1%81%d1%96%d0%b2-%d1%96-%d1%82%d0%b5%d1%85%d0%bd%d0%be%d0%bb%d0%be%d0%b3%d1%96%d1%97\/#primaryimage"},"thumbnailUrl":"https:\/\/bck.sk\/wp-content\/uploads\/2022\/10\/BCK-kancelarie-21-scaled.jpg","datePublished":"2023-03-06T10:53:12+00:00","breadcrumb":{"@id":"https:\/\/bck.sk\/uk\/%d1%81%d1%82%d0%b0%d0%bd%d0%b4%d0%b0%d1%80%d1%82-%d0%be%d1%84%d1%96%d1%81%d1%96%d0%b2-%d1%96-%d1%82%d0%b5%d1%85%d0%bd%d0%be%d0%bb%d0%be%d0%b3%d1%96%d1%97\/#breadcrumb"},"inLanguage":"uk","potentialAction":[{"@type":"ReadAction","target":["https:\/\/bck.sk\/uk\/%d1%81%d1%82%d0%b0%d0%bd%d0%b4%d0%b0%d1%80%d1%82-%d0%be%d1%84%d1%96%d1%81%d1%96%d0%b2-%d1%96-%d1%82%d0%b5%d1%85%d0%bd%d0%be%d0%bb%d0%be%d0%b3%d1%96%d1%97\/"]}]},{"@type":"ImageObject","inLanguage":"uk","@id":"https:\/\/bck.sk\/uk\/%d1%81%d1%82%d0%b0%d0%bd%d0%b4%d0%b0%d1%80%d1%82-%d0%be%d1%84%d1%96%d1%81%d1%96%d0%b2-%d1%96-%d1%82%d0%b5%d1%85%d0%bd%d0%be%d0%bb%d0%be%d0%b3%d1%96%d1%97\/#primaryimage","url":"https:\/\/bck.sk\/wp-content\/uploads\/2022\/10\/BCK-kancelarie-21-scaled.jpg","contentUrl":"https:\/\/bck.sk\/wp-content\/uploads\/2022\/10\/BCK-kancelarie-21-scaled.jpg","width":2560,"height":1707,"caption":"Autor n\u00e1vrhu: Ing. arch. Miloslav Kov\u00e1\u010d, PhD.\/KOV\u00c1\u010carchitekt Autor fotografi\u00ed: Mgr.art.Marek Bern\u00e1t\/Videopreteba"},{"@type":"BreadcrumbList","@id":"https:\/\/bck.sk\/uk\/%d1%81%d1%82%d0%b0%d0%bd%d0%b4%d0%b0%d1%80%d1%82-%d0%be%d1%84%d1%96%d1%81%d1%96%d0%b2-%d1%96-%d1%82%d0%b5%d1%85%d0%bd%d0%be%d0%bb%d0%be%d0%b3%d1%96%d1%97\/#breadcrumb","itemListElement":[{"@type":"ListItem","position":1,"name":"Home","item":"https:\/\/bck.sk\/uk\/"},{"@type":"ListItem","position":2,"name":"\u0421\u0422\u0410\u041d\u0414\u0410\u0420\u0422 \u041e\u0424\u0406\u0421\u0406\u0412 \u0406 \u0422\u0415\u0425\u041d\u041e\u041b\u041e\u0413\u0406\u0407"}]},{"@type":"WebSite","@id":"https:\/\/bck.sk\/uk\/#website","url":"https:\/\/bck.sk\/uk\/","name":"Business Centre Ko\u0161ice","description":"Kancel\u00e1rie na pren\u00e1jom - luxusn\u00e9 kancel\u00e1rske priestory Ko\u0161ice","potentialAction":[{"@type":"SearchAction","target":{"@type":"EntryPoint","urlTemplate":"https:\/\/bck.sk\/uk\/?s={search_term_string}"},"query-input":{"@type":"PropertyValueSpecification","valueRequired":true,"valueName":"search_term_string"}}],"inLanguage":"uk"}]}},"_links":{"self":[{"href":"https:\/\/bck.sk\/uk\/wp-json\/wp\/v2\/pages\/4925","targetHints":{"allow":["GET"]}}],"collection":[{"href":"https:\/\/bck.sk\/uk\/wp-json\/wp\/v2\/pages"}],"about":[{"href":"https:\/\/bck.sk\/uk\/wp-json\/wp\/v2\/types\/page"}],"author":[{"embeddable":true,"href":"https:\/\/bck.sk\/uk\/wp-json\/wp\/v2\/users\/1"}],"replies":[{"embeddable":true,"href":"https:\/\/bck.sk\/uk\/wp-json\/wp\/v2\/comments?post=4925"}],"version-history":[{"count":1,"href":"https:\/\/bck.sk\/uk\/wp-json\/wp\/v2\/pages\/4925\/revisions"}],"predecessor-version":[{"id":4926,"href":"https:\/\/bck.sk\/uk\/wp-json\/wp\/v2\/pages\/4925\/revisions\/4926"}],"wp:featuredmedia":[{"embeddable":true,"href":"https:\/\/bck.sk\/uk\/wp-json\/wp\/v2\/media\/4854"}],"wp:attachment":[{"href":"https:\/\/bck.sk\/uk\/wp-json\/wp\/v2\/media?parent=4925"}],"curies":[{"name":"wp","href":"https:\/\/api.w.org\/{rel}","templated":true}]}}