{"id":4886,"date":"2023-03-06T10:03:51","date_gmt":"2023-03-06T09:03:51","guid":{"rendered":"https:\/\/bck.sk\/?page_id=4886"},"modified":"2023-03-06T10:03:51","modified_gmt":"2023-03-06T09:03:51","slug":"%d0%bc%d1%96%d1%81%d1%86%d0%b5%d0%b7%d0%bd%d0%b0%d1%85%d0%be%d0%b4%d0%b6%d0%b5%d0%bd%d0%bd%d1%8f","status":"publish","type":"page","link":"https:\/\/bck.sk\/uk\/%d0%bc%d1%96%d1%81%d1%86%d0%b5%d0%b7%d0%bd%d0%b0%d1%85%d0%be%d0%b4%d0%b6%d0%b5%d0%bd%d0%bd%d1%8f\/","title":{"rendered":"\u041c\u0406\u0421\u0426\u0415\u0417\u041d\u0410\u0425\u041e\u0414\u0416\u0415\u041d\u041d\u042f"},"content":{"rendered":"<p>\u041a\u043e\u043c\u043f\u043b\u0435\u043a\u0441 Business Centre Ko\u0161ice \u0437\u043d\u0430\u0445\u043e\u0434\u0438\u0442\u044c\u0441\u044f \u0432 \u0446\u0435\u043d\u0442\u0440\u0456 \u043c\u0456\u0441\u0442\u0430 \u041a\u043e\u0448\u0438\u0446\u0435 \u043d\u0430 \u043f\u0435\u0440\u0435\u0442\u0438\u043d\u0456 \u0432\u0443\u043b\u0438\u0446\u044c \u0428\u0442\u0443\u0440\u043e\u0432\u0430, \u041a\u0443\u0437\u044c\u043c\u0430\u043d\u0438\u0433\u043e \u0442\u0430 \u0416\u0438\u0436\u043a\u043e\u0432\u0430, \u043d\u0435\u043f\u043e\u0434\u0430\u043b\u0456\u043a \u0432\u0456\u0434 \u0441\u0442\u0430\u0434\u0456\u043e\u043d\u0443 &#8220;Steel Arena&#8221;.<\/p>\n<p><iframe loading=\"lazy\" style=\"border: 0;\" tabindex=\"0\" src=\"https:\/\/www.google.com\/maps\/embed?pb=!1m18!1m12!1m3!1d2632.3942215909337!2d21.248214915669394!3d48.71705847927394!2m3!1f0!2f0!3f0!3m2!1i1024!2i768!4f13.1!3m3!1m2!1s0x473ee06ec5c84f69%3A0x1102cc0c9e7bd72d!2sBusiness%20Centre%20Ko%C5%A1ice%2C%20%C5%A0t%C3%BArova%2027%2C%20040%2001%20Star%C3%A9%20Mesto%2C%20Slovensko!5e0!3m2!1scs!2scz!4v1588002392154!5m2!1scs!2scz\" width=\"100%\" height=\"300\" frameborder=\"0\" allowfullscreen=\"allowfullscreen\" aria-hidden=\"false\"><span data-mce-type=\"bookmark\" style=\"display: inline-block; width: 0px; overflow: hidden; line-height: 0;\" class=\"mce_SELRES_start\">\ufeff<\/span><\/iframe><\/p>\n<h2>\u0422\u0420\u0410\u041d\u0421\u041f\u041e\u0420\u0422\u041d\u0410 \u0414\u041e\u0421\u0422\u0423\u041f\u041d\u0406\u0421\u0422\u042c<\/h2>\n<p>\u0414\u043e \u0456\u0441\u0442\u043e\u0440\u0438\u0447\u043d\u043e\u0433\u043e \u0446\u0435\u043d\u0442\u0440\u0443 \u041a\u043e\u0448\u0438\u0446\u0435 \u0432\u0441\u044c\u043e\u0433\u043e 800 \u043c\u0435\u0442\u0440\u0456\u0432, \u0442\u043e\u0436 \u0434\u043e \u0433\u043e\u043b\u043e\u0432\u043d\u043e\u0457 \u0432\u0443\u043b\u0438\u0446\u0456 \u043c\u043e\u0436\u043d\u0430 \u0434\u0456\u0439\u0442\u0438 \u043f\u0456\u0448\u043a\u0438. \u041a\u0440\u0456\u043c \u0442\u043e\u0433\u043e, \u043f\u0440\u044f\u043c\u043e \u043f\u0435\u0440\u0435\u0434 \u0431\u0443\u0434\u0456\u0432\u043b\u0435\u044e \u0437\u043d\u0430\u0445\u043e\u0434\u0438\u0442\u044c\u0441\u044f \u0442\u0440\u0430\u043c\u0432\u0430\u0439\u043d\u0430 \u0442\u0430 \u0430\u0432\u0442\u043e\u0431\u0443\u0441\u043d\u0430 \u0437\u0443\u043f\u0438\u043d\u043a\u0430. \u041c\u0456\u0436\u043d\u0430\u0440\u043e\u0434\u043d\u0438\u0439 \u0430\u0435\u0440\u043e\u043f\u043e\u0440\u0442 \u041a\u043e\u0448\u0438\u0446\u0435 \u0442\u0430\u043a\u043e\u0436 \u0434\u0443\u0436\u0435 \u0434\u043e\u0441\u0442\u0443\u043f\u043d\u0438\u0439, \u0434\u043e \u043d\u044c\u043e\u0433\u043e \u043c\u043e\u0436\u043d\u0430 \u0434\u0456\u0441\u0442\u0430\u0442\u0438\u0441\u044f \u0437\u0430 10 \u0445\u0432\u0438\u043b\u0438\u043d \u043d\u0430 \u043c\u0430\u0448\u0438\u043d\u0456. \u0417\u0430\u0432\u0434\u044f\u043a\u0438 \u0441\u0432\u043e\u0454\u043c\u0443 \u0440\u043e\u0437\u0442\u0430\u0448\u0443\u0432\u0430\u043d\u043d\u044e, \u0432\u0441\u0456 \u043a\u043b\u044e\u0447\u043e\u0432\u0456 \u043f\u0435\u0440\u0435\u0445\u0440\u0435\u0441\u0442\u044f \u0437 \u0432\u0438\u0445\u043e\u0434\u0430\u043c\u0438 \u043d\u0430 \u0430\u0432\u0442\u043e\u043c\u0430\u0433\u0456\u0441\u0442\u0440\u0430\u043b\u0456 \u0437\u043d\u0430\u0445\u043e\u0434\u044f\u0442\u044c\u0441\u044f \u043f\u043e\u0431\u043b\u0438\u0437\u0443.<\/p>\n","protected":false},"excerpt":{"rendered":"<p>\u041a\u043e\u043c\u043f\u043b\u0435\u043a\u0441 Business Centre Ko\u0161ice \u0437\u043d\u0430\u0445\u043e\u0434\u0438\u0442\u044c\u0441\u044f \u0432 \u0446\u0435\u043d\u0442\u0440\u0456 \u043c\u0456\u0441\u0442\u0430 \u041a\u043e\u0448\u0438\u0446\u0435 \u043d\u0430 \u043f\u0435\u0440\u0435\u0442\u0438\u043d\u0456 \u0432\u0443\u043b\u0438\u0446\u044c \u0428\u0442\u0443\u0440\u043e\u0432\u0430, \u041a\u0443\u0437\u044c\u043c\u0430\u043d\u0438\u0433\u043e \u0442\u0430 \u0416\u0438\u0436\u043a\u043e\u0432\u0430, \u043d\u0435\u043f\u043e\u0434\u0430\u043b\u0456\u043a \u0432\u0456\u0434 \u0441\u0442\u0430\u0434\u0456\u043e\u043d\u0443 &#8220;Steel Arena&#8221;. \ufeff \u0422\u0420\u0410\u041d\u0421\u041f\u041e\u0420\u0422\u041d\u0410 \u0414\u041e\u0421\u0422\u0423\u041f\u041d\u0406\u0421\u0422\u042c \u0414\u043e \u0456\u0441\u0442\u043e\u0440\u0438\u0447\u043d\u043e\u0433\u043e \u0446\u0435\u043d\u0442\u0440\u0443 \u041a\u043e\u0448\u0438\u0446\u0435 \u0432\u0441\u044c\u043e\u0433\u043e 800 \u043c\u0435\u0442\u0440\u0456\u0432, \u0442\u043e\u0436 \u0434\u043e \u0433\u043e\u043b\u043e\u0432\u043d\u043e\u0457 \u0432\u0443\u043b\u0438\u0446\u0456 \u043c\u043e\u0436\u043d\u0430 \u0434\u0456\u0439\u0442\u0438 \u043f\u0456\u0448\u043a\u0438. \u041a\u0440\u0456\u043c \u0442\u043e\u0433\u043e, \u043f\u0440\u044f\u043c\u043e \u043f\u0435\u0440\u0435\u0434 \u0431\u0443\u0434\u0456\u0432\u043b\u0435\u044e \u0437\u043d\u0430\u0445\u043e\u0434\u0438\u0442\u044c\u0441\u044f \u0442\u0440\u0430\u043c\u0432\u0430\u0439\u043d\u0430 \u0442\u0430 \u0430\u0432\u0442\u043e\u0431\u0443\u0441\u043d\u0430 \u0437\u0443\u043f\u0438\u043d\u043a\u0430. \u041c\u0456\u0436\u043d\u0430\u0440\u043e\u0434\u043d\u0438\u0439 \u0430\u0435\u0440\u043e\u043f\u043e\u0440\u0442 \u041a\u043e\u0448\u0438\u0446\u0435 \u0442\u0430\u043a\u043e\u0436 \u0434\u0443\u0436\u0435 \u0434\u043e\u0441\u0442\u0443\u043f\u043d\u0438\u0439, \u0434\u043e<a class=\"excerpt-read-more\" href=\"https:\/\/bck.sk\/uk\/%d0%bc%d1%96%d1%81%d1%86%d0%b5%d0%b7%d0%bd%d0%b0%d1%85%d0%be%d0%b4%d0%b6%d0%b5%d0%bd%d0%bd%d1%8f\/\" title=\"Read\u041c\u0406\u0421\u0426\u0415\u0417\u041d\u0410\u0425\u041e\u0414\u0416\u0415\u041d\u041d\u042f\">&#8230; Read more &raquo;<\/a><\/p>\n","protected":false},"author":1,"featured_media":0,"parent":0,"menu_order":24,"comment_status":"closed","ping_status":"closed","template":"template-full-width.php","meta":{"_acf_changed":false,"footnotes":""},"class_list":["post-4886","page","type-page","status-publish","hentry"],"acf":[],"yoast_head":"<!-- This site is optimized with the Yoast SEO plugin v27.3 - https:\/\/yoast.com\/product\/yoast-seo-wordpress\/ -->\n<title>\u041c\u0406\u0421\u0426\u0415\u0417\u041d\u0410\u0425\u041e\u0414\u0416\u0415\u041d\u041d\u042f - Business Centre Ko\u0161ice<\/title>\n<meta name=\"robots\" content=\"index, follow, max-snippet:-1, max-image-preview:large, max-video-preview:-1\" \/>\n<link rel=\"canonical\" href=\"https:\/\/bck.sk\/uk\/%d0%bc%d1%96%d1%81%d1%86%d0%b5%d0%b7%d0%bd%d0%b0%d1%85%d0%be%d0%b4%d0%b6%d0%b5%d0%bd%d0%bd%d1%8f\/\" \/>\n<meta property=\"og:locale\" content=\"uk_UA\" \/>\n<meta property=\"og:type\" content=\"article\" \/>\n<meta property=\"og:title\" content=\"\u041c\u0406\u0421\u0426\u0415\u0417\u041d\u0410\u0425\u041e\u0414\u0416\u0415\u041d\u041d\u042f - Business Centre Ko\u0161ice\" \/>\n<meta property=\"og:description\" content=\"\u041a\u043e\u043c\u043f\u043b\u0435\u043a\u0441 Business Centre Ko\u0161ice \u0437\u043d\u0430\u0445\u043e\u0434\u0438\u0442\u044c\u0441\u044f \u0432 \u0446\u0435\u043d\u0442\u0440\u0456 \u043c\u0456\u0441\u0442\u0430 \u041a\u043e\u0448\u0438\u0446\u0435 \u043d\u0430 \u043f\u0435\u0440\u0435\u0442\u0438\u043d\u0456 \u0432\u0443\u043b\u0438\u0446\u044c \u0428\u0442\u0443\u0440\u043e\u0432\u0430, \u041a\u0443\u0437\u044c\u043c\u0430\u043d\u0438\u0433\u043e \u0442\u0430 \u0416\u0438\u0436\u043a\u043e\u0432\u0430, \u043d\u0435\u043f\u043e\u0434\u0430\u043b\u0456\u043a \u0432\u0456\u0434 \u0441\u0442\u0430\u0434\u0456\u043e\u043d\u0443 &#8220;Steel Arena&#8221;. \ufeff \u0422\u0420\u0410\u041d\u0421\u041f\u041e\u0420\u0422\u041d\u0410 \u0414\u041e\u0421\u0422\u0423\u041f\u041d\u0406\u0421\u0422\u042c \u0414\u043e \u0456\u0441\u0442\u043e\u0440\u0438\u0447\u043d\u043e\u0433\u043e \u0446\u0435\u043d\u0442\u0440\u0443 \u041a\u043e\u0448\u0438\u0446\u0435 \u0432\u0441\u044c\u043e\u0433\u043e 800 \u043c\u0435\u0442\u0440\u0456\u0432, \u0442\u043e\u0436 \u0434\u043e \u0433\u043e\u043b\u043e\u0432\u043d\u043e\u0457 \u0432\u0443\u043b\u0438\u0446\u0456 \u043c\u043e\u0436\u043d\u0430 \u0434\u0456\u0439\u0442\u0438 \u043f\u0456\u0448\u043a\u0438. \u041a\u0440\u0456\u043c \u0442\u043e\u0433\u043e, \u043f\u0440\u044f\u043c\u043e \u043f\u0435\u0440\u0435\u0434 \u0431\u0443\u0434\u0456\u0432\u043b\u0435\u044e \u0437\u043d\u0430\u0445\u043e\u0434\u0438\u0442\u044c\u0441\u044f \u0442\u0440\u0430\u043c\u0432\u0430\u0439\u043d\u0430 \u0442\u0430 \u0430\u0432\u0442\u043e\u0431\u0443\u0441\u043d\u0430 \u0437\u0443\u043f\u0438\u043d\u043a\u0430. \u041c\u0456\u0436\u043d\u0430\u0440\u043e\u0434\u043d\u0438\u0439 \u0430\u0435\u0440\u043e\u043f\u043e\u0440\u0442 \u041a\u043e\u0448\u0438\u0446\u0435 \u0442\u0430\u043a\u043e\u0436 \u0434\u0443\u0436\u0435 \u0434\u043e\u0441\u0442\u0443\u043f\u043d\u0438\u0439, \u0434\u043e... Read more &raquo;\" \/>\n<meta property=\"og:url\" content=\"https:\/\/bck.sk\/uk\/%d0%bc%d1%96%d1%81%d1%86%d0%b5%d0%b7%d0%bd%d0%b0%d1%85%d0%be%d0%b4%d0%b6%d0%b5%d0%bd%d0%bd%d1%8f\/\" \/>\n<meta property=\"og:site_name\" content=\"Business Centre Ko\u0161ice\" \/>\n<meta name=\"twitter:card\" content=\"summary_large_image\" \/>\n<script type=\"application\/ld+json\" class=\"yoast-schema-graph\">{\"@context\":\"https:\\\/\\\/schema.org\",\"@graph\":[{\"@type\":\"WebPage\",\"@id\":\"https:\\\/\\\/bck.sk\\\/uk\\\/%d0%bc%d1%96%d1%81%d1%86%d0%b5%d0%b7%d0%bd%d0%b0%d1%85%d0%be%d0%b4%d0%b6%d0%b5%d0%bd%d0%bd%d1%8f\\\/\",\"url\":\"https:\\\/\\\/bck.sk\\\/uk\\\/%d0%bc%d1%96%d1%81%d1%86%d0%b5%d0%b7%d0%bd%d0%b0%d1%85%d0%be%d0%b4%d0%b6%d0%b5%d0%bd%d0%bd%d1%8f\\\/\",\"name\":\"\u041c\u0406\u0421\u0426\u0415\u0417\u041d\u0410\u0425\u041e\u0414\u0416\u0415\u041d\u041d\u042f - Business Centre Ko\u0161ice\",\"isPartOf\":{\"@id\":\"https:\\\/\\\/bck.sk\\\/uk\\\/#website\"},\"datePublished\":\"2023-03-06T09:03:51+00:00\",\"breadcrumb\":{\"@id\":\"https:\\\/\\\/bck.sk\\\/uk\\\/%d0%bc%d1%96%d1%81%d1%86%d0%b5%d0%b7%d0%bd%d0%b0%d1%85%d0%be%d0%b4%d0%b6%d0%b5%d0%bd%d0%bd%d1%8f\\\/#breadcrumb\"},\"inLanguage\":\"uk\",\"potentialAction\":[{\"@type\":\"ReadAction\",\"target\":[\"https:\\\/\\\/bck.sk\\\/uk\\\/%d0%bc%d1%96%d1%81%d1%86%d0%b5%d0%b7%d0%bd%d0%b0%d1%85%d0%be%d0%b4%d0%b6%d0%b5%d0%bd%d0%bd%d1%8f\\\/\"]}]},{\"@type\":\"BreadcrumbList\",\"@id\":\"https:\\\/\\\/bck.sk\\\/uk\\\/%d0%bc%d1%96%d1%81%d1%86%d0%b5%d0%b7%d0%bd%d0%b0%d1%85%d0%be%d0%b4%d0%b6%d0%b5%d0%bd%d0%bd%d1%8f\\\/#breadcrumb\",\"itemListElement\":[{\"@type\":\"ListItem\",\"position\":1,\"name\":\"Home\",\"item\":\"https:\\\/\\\/bck.sk\\\/uk\\\/\"},{\"@type\":\"ListItem\",\"position\":2,\"name\":\"\u041c\u0406\u0421\u0426\u0415\u0417\u041d\u0410\u0425\u041e\u0414\u0416\u0415\u041d\u041d\u042f\"}]},{\"@type\":\"WebSite\",\"@id\":\"https:\\\/\\\/bck.sk\\\/uk\\\/#website\",\"url\":\"https:\\\/\\\/bck.sk\\\/uk\\\/\",\"name\":\"Business Centre Ko\u0161ice\",\"description\":\"Kancel\u00e1rie na pren\u00e1jom - luxusn\u00e9 kancel\u00e1rske priestory Ko\u0161ice\",\"potentialAction\":[{\"@type\":\"SearchAction\",\"target\":{\"@type\":\"EntryPoint\",\"urlTemplate\":\"https:\\\/\\\/bck.sk\\\/uk\\\/?s={search_term_string}\"},\"query-input\":{\"@type\":\"PropertyValueSpecification\",\"valueRequired\":true,\"valueName\":\"search_term_string\"}}],\"inLanguage\":\"uk\"}]}<\/script>\n<!-- \/ Yoast SEO plugin. -->","yoast_head_json":{"title":"\u041c\u0406\u0421\u0426\u0415\u0417\u041d\u0410\u0425\u041e\u0414\u0416\u0415\u041d\u041d\u042f - Business Centre Ko\u0161ice","robots":{"index":"index","follow":"follow","max-snippet":"max-snippet:-1","max-image-preview":"max-image-preview:large","max-video-preview":"max-video-preview:-1"},"canonical":"https:\/\/bck.sk\/uk\/%d0%bc%d1%96%d1%81%d1%86%d0%b5%d0%b7%d0%bd%d0%b0%d1%85%d0%be%d0%b4%d0%b6%d0%b5%d0%bd%d0%bd%d1%8f\/","og_locale":"uk_UA","og_type":"article","og_title":"\u041c\u0406\u0421\u0426\u0415\u0417\u041d\u0410\u0425\u041e\u0414\u0416\u0415\u041d\u041d\u042f - Business Centre Ko\u0161ice","og_description":"\u041a\u043e\u043c\u043f\u043b\u0435\u043a\u0441 Business Centre Ko\u0161ice \u0437\u043d\u0430\u0445\u043e\u0434\u0438\u0442\u044c\u0441\u044f \u0432 \u0446\u0435\u043d\u0442\u0440\u0456 \u043c\u0456\u0441\u0442\u0430 \u041a\u043e\u0448\u0438\u0446\u0435 \u043d\u0430 \u043f\u0435\u0440\u0435\u0442\u0438\u043d\u0456 \u0432\u0443\u043b\u0438\u0446\u044c \u0428\u0442\u0443\u0440\u043e\u0432\u0430, \u041a\u0443\u0437\u044c\u043c\u0430\u043d\u0438\u0433\u043e \u0442\u0430 \u0416\u0438\u0436\u043a\u043e\u0432\u0430, \u043d\u0435\u043f\u043e\u0434\u0430\u043b\u0456\u043a \u0432\u0456\u0434 \u0441\u0442\u0430\u0434\u0456\u043e\u043d\u0443 &#8220;Steel Arena&#8221;. \ufeff \u0422\u0420\u0410\u041d\u0421\u041f\u041e\u0420\u0422\u041d\u0410 \u0414\u041e\u0421\u0422\u0423\u041f\u041d\u0406\u0421\u0422\u042c \u0414\u043e \u0456\u0441\u0442\u043e\u0440\u0438\u0447\u043d\u043e\u0433\u043e \u0446\u0435\u043d\u0442\u0440\u0443 \u041a\u043e\u0448\u0438\u0446\u0435 \u0432\u0441\u044c\u043e\u0433\u043e 800 \u043c\u0435\u0442\u0440\u0456\u0432, \u0442\u043e\u0436 \u0434\u043e \u0433\u043e\u043b\u043e\u0432\u043d\u043e\u0457 \u0432\u0443\u043b\u0438\u0446\u0456 \u043c\u043e\u0436\u043d\u0430 \u0434\u0456\u0439\u0442\u0438 \u043f\u0456\u0448\u043a\u0438. \u041a\u0440\u0456\u043c \u0442\u043e\u0433\u043e, \u043f\u0440\u044f\u043c\u043e \u043f\u0435\u0440\u0435\u0434 \u0431\u0443\u0434\u0456\u0432\u043b\u0435\u044e \u0437\u043d\u0430\u0445\u043e\u0434\u0438\u0442\u044c\u0441\u044f \u0442\u0440\u0430\u043c\u0432\u0430\u0439\u043d\u0430 \u0442\u0430 \u0430\u0432\u0442\u043e\u0431\u0443\u0441\u043d\u0430 \u0437\u0443\u043f\u0438\u043d\u043a\u0430. \u041c\u0456\u0436\u043d\u0430\u0440\u043e\u0434\u043d\u0438\u0439 \u0430\u0435\u0440\u043e\u043f\u043e\u0440\u0442 \u041a\u043e\u0448\u0438\u0446\u0435 \u0442\u0430\u043a\u043e\u0436 \u0434\u0443\u0436\u0435 \u0434\u043e\u0441\u0442\u0443\u043f\u043d\u0438\u0439, \u0434\u043e... Read more &raquo;","og_url":"https:\/\/bck.sk\/uk\/%d0%bc%d1%96%d1%81%d1%86%d0%b5%d0%b7%d0%bd%d0%b0%d1%85%d0%be%d0%b4%d0%b6%d0%b5%d0%bd%d0%bd%d1%8f\/","og_site_name":"Business Centre Ko\u0161ice","twitter_card":"summary_large_image","schema":{"@context":"https:\/\/schema.org","@graph":[{"@type":"WebPage","@id":"https:\/\/bck.sk\/uk\/%d0%bc%d1%96%d1%81%d1%86%d0%b5%d0%b7%d0%bd%d0%b0%d1%85%d0%be%d0%b4%d0%b6%d0%b5%d0%bd%d0%bd%d1%8f\/","url":"https:\/\/bck.sk\/uk\/%d0%bc%d1%96%d1%81%d1%86%d0%b5%d0%b7%d0%bd%d0%b0%d1%85%d0%be%d0%b4%d0%b6%d0%b5%d0%bd%d0%bd%d1%8f\/","name":"\u041c\u0406\u0421\u0426\u0415\u0417\u041d\u0410\u0425\u041e\u0414\u0416\u0415\u041d\u041d\u042f - Business Centre Ko\u0161ice","isPartOf":{"@id":"https:\/\/bck.sk\/uk\/#website"},"datePublished":"2023-03-06T09:03:51+00:00","breadcrumb":{"@id":"https:\/\/bck.sk\/uk\/%d0%bc%d1%96%d1%81%d1%86%d0%b5%d0%b7%d0%bd%d0%b0%d1%85%d0%be%d0%b4%d0%b6%d0%b5%d0%bd%d0%bd%d1%8f\/#breadcrumb"},"inLanguage":"uk","potentialAction":[{"@type":"ReadAction","target":["https:\/\/bck.sk\/uk\/%d0%bc%d1%96%d1%81%d1%86%d0%b5%d0%b7%d0%bd%d0%b0%d1%85%d0%be%d0%b4%d0%b6%d0%b5%d0%bd%d0%bd%d1%8f\/"]}]},{"@type":"BreadcrumbList","@id":"https:\/\/bck.sk\/uk\/%d0%bc%d1%96%d1%81%d1%86%d0%b5%d0%b7%d0%bd%d0%b0%d1%85%d0%be%d0%b4%d0%b6%d0%b5%d0%bd%d0%bd%d1%8f\/#breadcrumb","itemListElement":[{"@type":"ListItem","position":1,"name":"Home","item":"https:\/\/bck.sk\/uk\/"},{"@type":"ListItem","position":2,"name":"\u041c\u0406\u0421\u0426\u0415\u0417\u041d\u0410\u0425\u041e\u0414\u0416\u0415\u041d\u041d\u042f"}]},{"@type":"WebSite","@id":"https:\/\/bck.sk\/uk\/#website","url":"https:\/\/bck.sk\/uk\/","name":"Business Centre Ko\u0161ice","description":"Kancel\u00e1rie na pren\u00e1jom - luxusn\u00e9 kancel\u00e1rske priestory Ko\u0161ice","potentialAction":[{"@type":"SearchAction","target":{"@type":"EntryPoint","urlTemplate":"https:\/\/bck.sk\/uk\/?s={search_term_string}"},"query-input":{"@type":"PropertyValueSpecification","valueRequired":true,"valueName":"search_term_string"}}],"inLanguage":"uk"}]}},"_links":{"self":[{"href":"https:\/\/bck.sk\/uk\/wp-json\/wp\/v2\/pages\/4886","targetHints":{"allow":["GET"]}}],"collection":[{"href":"https:\/\/bck.sk\/uk\/wp-json\/wp\/v2\/pages"}],"about":[{"href":"https:\/\/bck.sk\/uk\/wp-json\/wp\/v2\/types\/page"}],"author":[{"embeddable":true,"href":"https:\/\/bck.sk\/uk\/wp-json\/wp\/v2\/users\/1"}],"replies":[{"embeddable":true,"href":"https:\/\/bck.sk\/uk\/wp-json\/wp\/v2\/comments?post=4886"}],"version-history":[{"count":1,"href":"https:\/\/bck.sk\/uk\/wp-json\/wp\/v2\/pages\/4886\/revisions"}],"predecessor-version":[{"id":4887,"href":"https:\/\/bck.sk\/uk\/wp-json\/wp\/v2\/pages\/4886\/revisions\/4887"}],"wp:attachment":[{"href":"https:\/\/bck.sk\/uk\/wp-json\/wp\/v2\/media?parent=4886"}],"curies":[{"name":"wp","href":"https:\/\/api.w.org\/{rel}","templated":true}]}}