{"id":3469,"date":"2021-09-23T08:29:39","date_gmt":"2021-09-23T06:29:39","guid":{"rendered":"https:\/\/bck.sk\/?page_id=3469"},"modified":"2023-06-28T15:05:41","modified_gmt":"2023-06-28T13:05:41","slug":"bck-letna-contact","status":"publish","type":"page","link":"https:\/\/bck.sk\/en\/bck-letna\/bck-letna-contact\/","title":{"rendered":"Letn\u00e1 Ko\u0161ice &#8211; Contact"},"content":{"rendered":"<div class=\"grid-container\">\n<div class=\"grid-x grid-padding-x grid-margin-x\">\n<div class=\"cell small-12 text-center my-content-cell\">\n<h2>ADDRESS<\/h2>\n<p>Letn\u00e1 47, 040 01 Ko\u0161ice<br \/>\nSlovak republic<\/p>\n<p><a class=\"button small\" title=\"Zobrazi\u0165 na map\u00e1ch Google\" href=\"https:\/\/goo.gl\/maps\/XebkLUVPaRGcPJX49\" target=\"_blank\" rel=\"noopener noreferrer\"><i class=\"fas fa-map-marker-alt\"><\/i> MAP \/ ROUTE (GOOGLE MAPS)<\/a><\/p>\n<hr \/>\n<h2>POSTAL AND BILLING ADDRESS<\/h2>\n<p>CTR WatsoNova s. r. o.<br \/>\n\u0160t\u00farova 27<br \/>\n040 01, Ko\u0161ice &#8211; Star\u00e9 Mesto<\/p>\n<hr \/>\n<div class=\"cell small-12 medium-6 large-4 kontakty-2\">\n<h2>CONTACT<\/h2>\n<p>Tel.: + 421 908 072 363<br \/>\nE-mail: kecskes@bck.sk<\/p>\n<hr \/>\n<p>Member of CTR group<\/p>\n<p><a title=\"Zobrazi\u0165 webov\u00e9 s\u00eddlo CTR Group\" href=\"https:\/\/ctrholding.com\/\" target=\"_blank\" rel=\"noopener noreferrer\"><img loading=\"lazy\" decoding=\"async\" class=\"size-medium wp-image-478\" src=\"\/wp-content\/uploads\/2020\/04\/CTR-group_logo_invers-300x158.jpg\" alt=\"CTR Group logo\" width=\"300\" height=\"158\" srcset=\"https:\/\/bck.sk\/wp-content\/uploads\/2020\/04\/CTR-group_logo_invers-300x158.jpg 300w, https:\/\/bck.sk\/wp-content\/uploads\/2020\/04\/CTR-group_logo_invers-768x404.jpg 768w, https:\/\/bck.sk\/wp-content\/uploads\/2020\/04\/CTR-group_logo_invers.jpg 886w\" sizes=\"auto, (max-width: 300px) 100vw, 300px\" \/><\/a><\/p>\n<p><a class=\"button small\" title=\"Zobrazi\u0165 webov\u00e9 s\u00eddlo CTR Group\" href=\"https:\/\/ctrholding.com\/\" target=\"_blank\" rel=\"noopener noreferrer\">www.ctrholding.com<\/a><\/p>\n<\/div>\n<div class=\"cell small-12 medium-12 large-4 kontakty-3\">\n<p>&nbsp;<\/p>\n<\/div>\n<\/div>\n","protected":false},"excerpt":{"rendered":"<p>ADDRESS Letn\u00e1 47, 040 01 Ko\u0161ice Slovak republic MAP \/ ROUTE (GOOGLE MAPS) POSTAL AND BILLING ADDRESS CTR WatsoNova s. r. o. \u0160t\u00farova 27 040 01, Ko\u0161ice &#8211; Star\u00e9 Mesto CONTACT Tel.: + 421 908 072 363 E-mail: kecskes@bck.sk Member of CTR group www.ctrholding.com &nbsp;<\/p>\n","protected":false},"author":1,"featured_media":0,"parent":3464,"menu_order":0,"comment_status":"closed","ping_status":"closed","template":"template-kontakty-letna.php","meta":{"_acf_changed":false,"footnotes":""},"class_list":["post-3469","page","type-page","status-publish","hentry"],"acf":[],"yoast_head":"<!-- This site is optimized with the Yoast SEO plugin v27.3 - https:\/\/yoast.com\/product\/yoast-seo-wordpress\/ -->\n<title>Your contact to Letn\u00e1 Ko\u0161ice<\/title>\n<meta name=\"description\" content=\"Are you interested in a flat, office or retail premise, contact us by email or phone.\" \/>\n<meta name=\"robots\" content=\"index, follow, max-snippet:-1, max-image-preview:large, max-video-preview:-1\" \/>\n<link rel=\"canonical\" href=\"https:\/\/bck.sk\/en\/bck-letna\/bck-letna-contact\/\" \/>\n<meta property=\"og:locale\" content=\"en_US\" \/>\n<meta property=\"og:type\" content=\"article\" \/>\n<meta property=\"og:title\" content=\"Your contact to Letn\u00e1 Ko\u0161ice\" \/>\n<meta property=\"og:description\" content=\"Are you interested in a flat, office or retail premise, contact us by email or phone.\" \/>\n<meta property=\"og:url\" content=\"https:\/\/bck.sk\/en\/bck-letna\/bck-letna-contact\/\" \/>\n<meta property=\"og:site_name\" content=\"Business Centre Ko\u0161ice\" \/>\n<meta property=\"article:modified_time\" content=\"2023-06-28T13:05:41+00:00\" \/>\n<meta name=\"twitter:card\" content=\"summary_large_image\" \/>\n<meta name=\"twitter:label1\" content=\"Est. reading time\" \/>\n\t<meta name=\"twitter:data1\" content=\"1 minute\" \/>\n<script type=\"application\/ld+json\" class=\"yoast-schema-graph\">{\"@context\":\"https:\\\/\\\/schema.org\",\"@graph\":[{\"@type\":\"WebPage\",\"@id\":\"https:\\\/\\\/bck.sk\\\/en\\\/bck-letna\\\/bck-letna-contact\\\/\",\"url\":\"https:\\\/\\\/bck.sk\\\/en\\\/bck-letna\\\/bck-letna-contact\\\/\",\"name\":\"Your contact to Letn\u00e1 Ko\u0161ice\",\"isPartOf\":{\"@id\":\"https:\\\/\\\/bck.sk\\\/en\\\/#website\"},\"datePublished\":\"2021-09-23T06:29:39+00:00\",\"dateModified\":\"2023-06-28T13:05:41+00:00\",\"description\":\"Are you interested in a flat, office or retail premise, contact us by email or phone.\",\"breadcrumb\":{\"@id\":\"https:\\\/\\\/bck.sk\\\/en\\\/bck-letna\\\/bck-letna-contact\\\/#breadcrumb\"},\"inLanguage\":\"en-US\",\"potentialAction\":[{\"@type\":\"ReadAction\",\"target\":[\"https:\\\/\\\/bck.sk\\\/en\\\/bck-letna\\\/bck-letna-contact\\\/\"]}]},{\"@type\":\"BreadcrumbList\",\"@id\":\"https:\\\/\\\/bck.sk\\\/en\\\/bck-letna\\\/bck-letna-contact\\\/#breadcrumb\",\"itemListElement\":[{\"@type\":\"ListItem\",\"position\":1,\"name\":\"Home\",\"item\":\"https:\\\/\\\/bck.sk\\\/en\\\/\"},{\"@type\":\"ListItem\",\"position\":2,\"name\":\"Letn\u00e1 Ko\u0161ice\",\"item\":\"https:\\\/\\\/bck.sk\\\/en\\\/bck-letna\\\/\"},{\"@type\":\"ListItem\",\"position\":3,\"name\":\"Letn\u00e1 Ko\u0161ice &#8211; Contact\"}]},{\"@type\":\"WebSite\",\"@id\":\"https:\\\/\\\/bck.sk\\\/en\\\/#website\",\"url\":\"https:\\\/\\\/bck.sk\\\/en\\\/\",\"name\":\"Business Centre Ko\u0161ice\",\"description\":\"Kancel\u00e1rie na pren\u00e1jom - luxusn\u00e9 kancel\u00e1rske priestory Ko\u0161ice\",\"potentialAction\":[{\"@type\":\"SearchAction\",\"target\":{\"@type\":\"EntryPoint\",\"urlTemplate\":\"https:\\\/\\\/bck.sk\\\/en\\\/?s={search_term_string}\"},\"query-input\":{\"@type\":\"PropertyValueSpecification\",\"valueRequired\":true,\"valueName\":\"search_term_string\"}}],\"inLanguage\":\"en-US\"}]}<\/script>\n<!-- \/ Yoast SEO plugin. -->","yoast_head_json":{"title":"Your contact to Letn\u00e1 Ko\u0161ice","description":"Are you interested in a flat, office or retail premise, contact us by email or phone.","robots":{"index":"index","follow":"follow","max-snippet":"max-snippet:-1","max-image-preview":"max-image-preview:large","max-video-preview":"max-video-preview:-1"},"canonical":"https:\/\/bck.sk\/en\/bck-letna\/bck-letna-contact\/","og_locale":"en_US","og_type":"article","og_title":"Your contact to Letn\u00e1 Ko\u0161ice","og_description":"Are you interested in a flat, office or retail premise, contact us by email or phone.","og_url":"https:\/\/bck.sk\/en\/bck-letna\/bck-letna-contact\/","og_site_name":"Business Centre Ko\u0161ice","article_modified_time":"2023-06-28T13:05:41+00:00","twitter_card":"summary_large_image","twitter_misc":{"Est. reading time":"1 minute"},"schema":{"@context":"https:\/\/schema.org","@graph":[{"@type":"WebPage","@id":"https:\/\/bck.sk\/en\/bck-letna\/bck-letna-contact\/","url":"https:\/\/bck.sk\/en\/bck-letna\/bck-letna-contact\/","name":"Your contact to Letn\u00e1 Ko\u0161ice","isPartOf":{"@id":"https:\/\/bck.sk\/en\/#website"},"datePublished":"2021-09-23T06:29:39+00:00","dateModified":"2023-06-28T13:05:41+00:00","description":"Are you interested in a flat, office or retail premise, contact us by email or phone.","breadcrumb":{"@id":"https:\/\/bck.sk\/en\/bck-letna\/bck-letna-contact\/#breadcrumb"},"inLanguage":"en-US","potentialAction":[{"@type":"ReadAction","target":["https:\/\/bck.sk\/en\/bck-letna\/bck-letna-contact\/"]}]},{"@type":"BreadcrumbList","@id":"https:\/\/bck.sk\/en\/bck-letna\/bck-letna-contact\/#breadcrumb","itemListElement":[{"@type":"ListItem","position":1,"name":"Home","item":"https:\/\/bck.sk\/en\/"},{"@type":"ListItem","position":2,"name":"Letn\u00e1 Ko\u0161ice","item":"https:\/\/bck.sk\/en\/bck-letna\/"},{"@type":"ListItem","position":3,"name":"Letn\u00e1 Ko\u0161ice &#8211; Contact"}]},{"@type":"WebSite","@id":"https:\/\/bck.sk\/en\/#website","url":"https:\/\/bck.sk\/en\/","name":"Business Centre Ko\u0161ice","description":"Kancel\u00e1rie na pren\u00e1jom - luxusn\u00e9 kancel\u00e1rske priestory Ko\u0161ice","potentialAction":[{"@type":"SearchAction","target":{"@type":"EntryPoint","urlTemplate":"https:\/\/bck.sk\/en\/?s={search_term_string}"},"query-input":{"@type":"PropertyValueSpecification","valueRequired":true,"valueName":"search_term_string"}}],"inLanguage":"en-US"}]}},"_links":{"self":[{"href":"https:\/\/bck.sk\/en\/wp-json\/wp\/v2\/pages\/3469","targetHints":{"allow":["GET"]}}],"collection":[{"href":"https:\/\/bck.sk\/en\/wp-json\/wp\/v2\/pages"}],"about":[{"href":"https:\/\/bck.sk\/en\/wp-json\/wp\/v2\/types\/page"}],"author":[{"embeddable":true,"href":"https:\/\/bck.sk\/en\/wp-json\/wp\/v2\/users\/1"}],"replies":[{"embeddable":true,"href":"https:\/\/bck.sk\/en\/wp-json\/wp\/v2\/comments?post=3469"}],"version-history":[{"count":14,"href":"https:\/\/bck.sk\/en\/wp-json\/wp\/v2\/pages\/3469\/revisions"}],"predecessor-version":[{"id":5116,"href":"https:\/\/bck.sk\/en\/wp-json\/wp\/v2\/pages\/3469\/revisions\/5116"}],"up":[{"embeddable":true,"href":"https:\/\/bck.sk\/en\/wp-json\/wp\/v2\/pages\/3464"}],"wp:attachment":[{"href":"https:\/\/bck.sk\/en\/wp-json\/wp\/v2\/media?parent=3469"}],"curies":[{"name":"wp","href":"https:\/\/api.w.org\/{rel}","templated":true}]}}