{"id":3468,"date":"2021-09-23T08:29:42","date_gmt":"2021-09-23T06:29:42","guid":{"rendered":"https:\/\/bck.sk\/?page_id=3468"},"modified":"2022-12-13T10:47:59","modified_gmt":"2022-12-13T09:47:59","slug":"bck-letna-location","status":"publish","type":"page","link":"https:\/\/bck.sk\/en\/bck-letna\/bck-letna-location\/","title":{"rendered":"Letn\u00e1 Ko\u0161ice &#8211; Location"},"content":{"rendered":"<p>BCK Letn\u00e1 is located on Letna street no. 47 near the Amphitheatre and only a few minutes\u2019 walk from the city center. It has excellent transport links, with a tram and bus stop just a few steps from the building. In addition, there are groceries, restaurants, caf\u00e9s, bank branches and other services nearby. <\/p>\n<p><iframe loading=\"lazy\" style=\"border: 0;\" tabindex=\"0\" src=\"https:\/\/www.google.com\/maps\/embed?pb=!1m18!1m12!1m3!1d2631.6467168569893!2d21.24496941626246!3d48.73134181759685!2m3!1f0!2f0!3f0!3m2!1i1024!2i768!4f13.1!3m3!1m2!1s0x473ee05f7012da0b%3A0x20e7f788bd7a9eb!2zTGV0bsOhIDQ3LzcsIDA0MCAwMSBLb8WhaWNl!5e0!3m2!1ssk!2ssk!4v1632385715635!5m2!1ssk!2ssk\" width=\"100%\" height=\"300\" frameborder=\"0\" allowfullscreen=\"allowfullscreen\" aria-hidden=\"false\"><span data-mce-type=\"bookmark\" style=\"display: inline-block; width: 0px; overflow: hidden; line-height: 0;\" class=\"mce_SELRES_start\">\ufeff<\/span><\/iframe><\/p>\n","protected":false},"excerpt":{"rendered":"<p>BCK Letn\u00e1 is located on Letna street no. 47 near the Amphitheatre and only a few minutes\u2019 walk from the city center. It has excellent transport links, with a tram and bus stop just a few steps from the building. In addition, there are groceries, restaurants, caf\u00e9s, bank branches and other services nearby. \ufeff<\/p>\n","protected":false},"author":1,"featured_media":0,"parent":3464,"menu_order":0,"comment_status":"closed","ping_status":"closed","template":"template-full-width.php","meta":{"_acf_changed":false,"footnotes":""},"class_list":["post-3468","page","type-page","status-publish","hentry"],"acf":[],"yoast_head":"<!-- This site is optimized with the Yoast SEO plugin v27.3 - https:\/\/yoast.com\/product\/yoast-seo-wordpress\/ -->\n<title>Location of Letn\u00e1 Ko\u0161ice<\/title>\n<meta name=\"description\" content=\"Only a few minutes from the city centre is the project Letn\u00e1 Ko\u0161ice created. All information about the location you find here!\" \/>\n<meta name=\"robots\" content=\"index, follow, max-snippet:-1, max-image-preview:large, max-video-preview:-1\" \/>\n<link rel=\"canonical\" href=\"https:\/\/bck.sk\/en\/bck-letna\/bck-letna-location\/\" \/>\n<meta property=\"og:locale\" content=\"en_US\" \/>\n<meta property=\"og:type\" content=\"article\" \/>\n<meta property=\"og:title\" content=\"Location of Letn\u00e1 Ko\u0161ice\" \/>\n<meta property=\"og:description\" content=\"Only a few minutes from the city centre is the project Letn\u00e1 Ko\u0161ice created. All information about the location you find here!\" \/>\n<meta property=\"og:url\" content=\"https:\/\/bck.sk\/en\/bck-letna\/bck-letna-location\/\" \/>\n<meta property=\"og:site_name\" content=\"Business Centre Ko\u0161ice\" \/>\n<meta property=\"article:modified_time\" content=\"2022-12-13T09:47:59+00:00\" \/>\n<meta name=\"twitter:card\" content=\"summary_large_image\" \/>\n<meta name=\"twitter:label1\" content=\"Est. reading time\" \/>\n\t<meta name=\"twitter:data1\" content=\"1 minute\" \/>\n<script type=\"application\/ld+json\" class=\"yoast-schema-graph\">{\"@context\":\"https:\\\/\\\/schema.org\",\"@graph\":[{\"@type\":\"WebPage\",\"@id\":\"https:\\\/\\\/bck.sk\\\/en\\\/bck-letna\\\/bck-letna-location\\\/\",\"url\":\"https:\\\/\\\/bck.sk\\\/en\\\/bck-letna\\\/bck-letna-location\\\/\",\"name\":\"Location of Letn\u00e1 Ko\u0161ice\",\"isPartOf\":{\"@id\":\"https:\\\/\\\/bck.sk\\\/en\\\/#website\"},\"datePublished\":\"2021-09-23T06:29:42+00:00\",\"dateModified\":\"2022-12-13T09:47:59+00:00\",\"description\":\"Only a few minutes from the city centre is the project Letn\u00e1 Ko\u0161ice created. All information about the location you find here!\",\"breadcrumb\":{\"@id\":\"https:\\\/\\\/bck.sk\\\/en\\\/bck-letna\\\/bck-letna-location\\\/#breadcrumb\"},\"inLanguage\":\"en-US\",\"potentialAction\":[{\"@type\":\"ReadAction\",\"target\":[\"https:\\\/\\\/bck.sk\\\/en\\\/bck-letna\\\/bck-letna-location\\\/\"]}]},{\"@type\":\"BreadcrumbList\",\"@id\":\"https:\\\/\\\/bck.sk\\\/en\\\/bck-letna\\\/bck-letna-location\\\/#breadcrumb\",\"itemListElement\":[{\"@type\":\"ListItem\",\"position\":1,\"name\":\"Home\",\"item\":\"https:\\\/\\\/bck.sk\\\/en\\\/\"},{\"@type\":\"ListItem\",\"position\":2,\"name\":\"Letn\u00e1 Ko\u0161ice\",\"item\":\"https:\\\/\\\/bck.sk\\\/en\\\/bck-letna\\\/\"},{\"@type\":\"ListItem\",\"position\":3,\"name\":\"Letn\u00e1 Ko\u0161ice &#8211; Location\"}]},{\"@type\":\"WebSite\",\"@id\":\"https:\\\/\\\/bck.sk\\\/en\\\/#website\",\"url\":\"https:\\\/\\\/bck.sk\\\/en\\\/\",\"name\":\"Business Centre Ko\u0161ice\",\"description\":\"Kancel\u00e1rie na pren\u00e1jom - luxusn\u00e9 kancel\u00e1rske priestory Ko\u0161ice\",\"potentialAction\":[{\"@type\":\"SearchAction\",\"target\":{\"@type\":\"EntryPoint\",\"urlTemplate\":\"https:\\\/\\\/bck.sk\\\/en\\\/?s={search_term_string}\"},\"query-input\":{\"@type\":\"PropertyValueSpecification\",\"valueRequired\":true,\"valueName\":\"search_term_string\"}}],\"inLanguage\":\"en-US\"}]}<\/script>\n<!-- \/ Yoast SEO plugin. -->","yoast_head_json":{"title":"Location of Letn\u00e1 Ko\u0161ice","description":"Only a few minutes from the city centre is the project Letn\u00e1 Ko\u0161ice created. All information about the location you find here!","robots":{"index":"index","follow":"follow","max-snippet":"max-snippet:-1","max-image-preview":"max-image-preview:large","max-video-preview":"max-video-preview:-1"},"canonical":"https:\/\/bck.sk\/en\/bck-letna\/bck-letna-location\/","og_locale":"en_US","og_type":"article","og_title":"Location of Letn\u00e1 Ko\u0161ice","og_description":"Only a few minutes from the city centre is the project Letn\u00e1 Ko\u0161ice created. All information about the location you find here!","og_url":"https:\/\/bck.sk\/en\/bck-letna\/bck-letna-location\/","og_site_name":"Business Centre Ko\u0161ice","article_modified_time":"2022-12-13T09:47:59+00:00","twitter_card":"summary_large_image","twitter_misc":{"Est. reading time":"1 minute"},"schema":{"@context":"https:\/\/schema.org","@graph":[{"@type":"WebPage","@id":"https:\/\/bck.sk\/en\/bck-letna\/bck-letna-location\/","url":"https:\/\/bck.sk\/en\/bck-letna\/bck-letna-location\/","name":"Location of Letn\u00e1 Ko\u0161ice","isPartOf":{"@id":"https:\/\/bck.sk\/en\/#website"},"datePublished":"2021-09-23T06:29:42+00:00","dateModified":"2022-12-13T09:47:59+00:00","description":"Only a few minutes from the city centre is the project Letn\u00e1 Ko\u0161ice created. All information about the location you find here!","breadcrumb":{"@id":"https:\/\/bck.sk\/en\/bck-letna\/bck-letna-location\/#breadcrumb"},"inLanguage":"en-US","potentialAction":[{"@type":"ReadAction","target":["https:\/\/bck.sk\/en\/bck-letna\/bck-letna-location\/"]}]},{"@type":"BreadcrumbList","@id":"https:\/\/bck.sk\/en\/bck-letna\/bck-letna-location\/#breadcrumb","itemListElement":[{"@type":"ListItem","position":1,"name":"Home","item":"https:\/\/bck.sk\/en\/"},{"@type":"ListItem","position":2,"name":"Letn\u00e1 Ko\u0161ice","item":"https:\/\/bck.sk\/en\/bck-letna\/"},{"@type":"ListItem","position":3,"name":"Letn\u00e1 Ko\u0161ice &#8211; Location"}]},{"@type":"WebSite","@id":"https:\/\/bck.sk\/en\/#website","url":"https:\/\/bck.sk\/en\/","name":"Business Centre Ko\u0161ice","description":"Kancel\u00e1rie na pren\u00e1jom - luxusn\u00e9 kancel\u00e1rske priestory Ko\u0161ice","potentialAction":[{"@type":"SearchAction","target":{"@type":"EntryPoint","urlTemplate":"https:\/\/bck.sk\/en\/?s={search_term_string}"},"query-input":{"@type":"PropertyValueSpecification","valueRequired":true,"valueName":"search_term_string"}}],"inLanguage":"en-US"}]}},"_links":{"self":[{"href":"https:\/\/bck.sk\/en\/wp-json\/wp\/v2\/pages\/3468","targetHints":{"allow":["GET"]}}],"collection":[{"href":"https:\/\/bck.sk\/en\/wp-json\/wp\/v2\/pages"}],"about":[{"href":"https:\/\/bck.sk\/en\/wp-json\/wp\/v2\/types\/page"}],"author":[{"embeddable":true,"href":"https:\/\/bck.sk\/en\/wp-json\/wp\/v2\/users\/1"}],"replies":[{"embeddable":true,"href":"https:\/\/bck.sk\/en\/wp-json\/wp\/v2\/comments?post=3468"}],"version-history":[{"count":10,"href":"https:\/\/bck.sk\/en\/wp-json\/wp\/v2\/pages\/3468\/revisions"}],"predecessor-version":[{"id":4269,"href":"https:\/\/bck.sk\/en\/wp-json\/wp\/v2\/pages\/3468\/revisions\/4269"}],"up":[{"embeddable":true,"href":"https:\/\/bck.sk\/en\/wp-json\/wp\/v2\/pages\/3464"}],"wp:attachment":[{"href":"https:\/\/bck.sk\/en\/wp-json\/wp\/v2\/media?parent=3468"}],"curies":[{"name":"wp","href":"https:\/\/api.w.org\/{rel}","templated":true}]}}