{"id":3464,"date":"2021-09-22T15:48:39","date_gmt":"2021-09-22T13:48:39","guid":{"rendered":"https:\/\/bck.sk\/?page_id=3464"},"modified":"2022-12-13T10:45:41","modified_gmt":"2022-12-13T09:45:41","slug":"bck-letna","status":"publish","type":"page","link":"https:\/\/bck.sk\/en\/bck-letna\/","title":{"rendered":"Letn\u00e1 Ko\u0161ice"},"content":{"rendered":"<div class=\"grid-container\">\n<div class=\"grid-x grid-padding-x grid-margin-x\">\n<div class=\"cell small-12 text-center my-content-cell\">\n<strong>LOCATION<\/strong><br \/>\nLetn\u00e1 \/ Watsonova \/ Star\u00e1 spi\u0161sk\u00e1 road, Ko\u0161ice, Slovakia<br \/>\n<strong>RESIDENTIAL AREA<\/strong><br \/>\napprox. 39 200 m<sup>2<\/sup><br \/>\n<strong>TYPES OF APARTMENTS<\/strong><br \/>\n1+kk \u2013 4+kk<br \/>\n<strong>COMMERCIAL (RETAIL) AREA<\/strong><br \/>\napprox. 6 500 m<sup>2<\/sup><br \/>\n<strong>PROJECT STATUS<\/strong><br \/>\nin preparation<\/p>\n<div class=\"cell small-12 text-center my-content-cell\">\nOn a vast brownfield of approx. 30,000 sqm in the wider center of Ko\u0161ice <a href=\"https:\/\/ctrgroup.cz\" target=\"_blank\" rel=\"noopener\"><strong>CTR Holding Assets GmbH<\/strong><\/a> will create one of the largest projects of its history.<br \/>\nCTR plans to build here in the upcoming years a modern city district with apartments, shops, services and a valuable public space.<br \/>\nDirectly under the Kalv\u00e1ria, a brand-new and architecturally original part of the city will be created completely under our hands.<br \/>\n<strong><br \/>\nThe current main building<\/strong><\/p>\n<div class=\"grid-container grid-container-gallery-content\">\n<div class=\"grid-x grid-margin-x text-center align-center\">\n<div class=\"cell small-12 medium-4 large-3\">\n<div class=\"my-gallery-thumbnail-container-content\">\n<a href=\"https:\/\/bck.sk\/wp-content\/uploads\/2021\/09\/BCK_Letna_exterier-1-1.jpg\" data-lightbox=\"Gal\u00e9ria\" data-title=\"\" class=\"my-gallery-img-button-content\"><img loading=\"lazy\" decoding=\"async\" class=\"gallery-img-content\" src=\"https:\/\/bck.sk\/wp-content\/uploads\/2021\/09\/BCK_Letna_exterier-1-1-800x500.jpg\" width=\"800\" height=\"500\" alt=\"\" title=\"\" \/><\/a>\n<\/div>\n<\/div>\n<div class=\"cell small-12 medium-4 large-3\">\n<div class=\"my-gallery-thumbnail-container-content\">\n<a href=\"https:\/\/bck.sk\/wp-content\/uploads\/2021\/10\/bck4-drohne-seitlich.jpg\" data-lightbox=\"Gal\u00e9ria\" data-title=\"\" class=\"my-gallery-img-button-content\"><img loading=\"lazy\" decoding=\"async\" class=\"gallery-img-content\" src=\"https:\/\/bck.sk\/wp-content\/uploads\/2021\/10\/bck4-drohne-seitlich-800x500.jpg\" width=\"800\" height=\"500\" alt=\"\" title=\"\" \/><\/a>\n<\/div>\n<\/div>\n<div class=\"cell small-12 medium-4 large-3\">\n<div class=\"my-gallery-thumbnail-container-content\">\n<a href=\"https:\/\/bck.sk\/wp-content\/uploads\/2021\/10\/bck4-drohne-frontal.jpg\" data-lightbox=\"Gal\u00e9ria\" data-title=\"\" class=\"my-gallery-img-button-content\"><img loading=\"lazy\" decoding=\"async\" class=\"gallery-img-content\" src=\"https:\/\/bck.sk\/wp-content\/uploads\/2021\/10\/bck4-drohne-frontal-800x500.jpg\" width=\"800\" height=\"500\" alt=\"\" title=\"\" \/><\/a>\n<\/div>\n<\/div>\n<\/div><\/div>\n\n<p><strong>Visualizations<\/strong><br \/>\nFrom an invited architectural and urbanistic competition with participation of several renowned Czech and Slovak studios, the winning design of Kuba &#038; Pila\u0159 architects was chosen. The winning concept will be now developed in cooperation with recognized Ko\u0161ice architecture studio KOPA Design.<\/p>\n<div class=\"grid-container grid-container-gallery-content\">\n<div class=\"grid-x grid-margin-x text-center align-center\">\n<div class=\"cell small-12 medium-4 large-3\">\n<div class=\"my-gallery-thumbnail-container-content\">\n<a href=\"https:\/\/bck.sk\/wp-content\/uploads\/2022\/11\/Letna-1-scaled.jpg\" data-lightbox=\"Gal\u00e9ria\" data-title=\"\" class=\"my-gallery-img-button-content\"><img loading=\"lazy\" decoding=\"async\" class=\"gallery-img-content\" src=\"https:\/\/bck.sk\/wp-content\/uploads\/2022\/11\/Letna-1-800x500.jpg\" width=\"800\" height=\"500\" alt=\"\" title=\"\" \/><\/a>\n<\/div>\n<\/div>\n<div class=\"cell small-12 medium-4 large-3\">\n<div class=\"my-gallery-thumbnail-container-content\">\n<a href=\"https:\/\/bck.sk\/wp-content\/uploads\/2022\/11\/Letna-2-scaled.jpg\" data-lightbox=\"Gal\u00e9ria\" data-title=\"\" class=\"my-gallery-img-button-content\"><img loading=\"lazy\" decoding=\"async\" class=\"gallery-img-content\" src=\"https:\/\/bck.sk\/wp-content\/uploads\/2022\/11\/Letna-2-800x500.jpg\" width=\"800\" height=\"500\" alt=\"\" title=\"\" \/><\/a>\n<\/div>\n<\/div>\n<div class=\"cell small-12 medium-4 large-3\">\n<div class=\"my-gallery-thumbnail-container-content\">\n<a href=\"https:\/\/bck.sk\/wp-content\/uploads\/2022\/11\/Letna-3-scaled.jpg\" data-lightbox=\"Gal\u00e9ria\" data-title=\"\" class=\"my-gallery-img-button-content\"><img loading=\"lazy\" decoding=\"async\" class=\"gallery-img-content\" src=\"https:\/\/bck.sk\/wp-content\/uploads\/2022\/11\/Letna-3-800x500.jpg\" width=\"800\" height=\"500\" alt=\"\" title=\"\" \/><\/a>\n<\/div>\n<\/div>\n<\/div><\/div>\n\n<\/div>\n<\/div>\n<\/div>\n","protected":false},"excerpt":{"rendered":"<p>LOCATION Letn\u00e1 \/ Watsonova \/ Star\u00e1 spi\u0161sk\u00e1 road, Ko\u0161ice, Slovakia RESIDENTIAL AREA approx. 39 200 m2 TYPES OF APARTMENTS 1+kk \u2013 4+kk COMMERCIAL (RETAIL) AREA approx. 6 500 m2 PROJECT STATUS in preparation On a vast brownfield of approx. 30,000 sqm in the wider center of Ko\u0161ice CTR Holding Assets GmbH will create one of<a class=\"excerpt-read-more\" href=\"https:\/\/bck.sk\/en\/bck-letna\/\" title=\"ReadLetn\u00e1 Ko\u0161ice\">&#8230; Read more &raquo;<\/a><\/p>\n","protected":false},"author":1,"featured_media":0,"parent":0,"menu_order":0,"comment_status":"closed","ping_status":"closed","template":"template-full-width.php","meta":{"_acf_changed":false,"footnotes":""},"class_list":["post-3464","page","type-page","status-publish","hentry"],"acf":[],"yoast_head":"<!-- This site is optimized with the Yoast SEO plugin v27.3 - https:\/\/yoast.com\/product\/yoast-seo-wordpress\/ -->\n<title>Letn\u00e1 Ko\u0161ice<\/title>\n<meta name=\"description\" content=\"Directly below the Kalv\u00e1ria elevation, space is being developed for apartments and offices for rent or purchase.\" \/>\n<meta name=\"robots\" content=\"index, follow, max-snippet:-1, max-image-preview:large, max-video-preview:-1\" \/>\n<link rel=\"canonical\" href=\"https:\/\/bck.sk\/en\/bck-letna\/\" \/>\n<meta property=\"og:locale\" content=\"en_US\" \/>\n<meta property=\"og:type\" content=\"article\" \/>\n<meta property=\"og:title\" content=\"Letn\u00e1 Ko\u0161ice\" \/>\n<meta property=\"og:description\" content=\"Directly below the Kalv\u00e1ria elevation, space is being developed for apartments and offices for rent or purchase.\" \/>\n<meta property=\"og:url\" content=\"https:\/\/bck.sk\/en\/bck-letna\/\" \/>\n<meta property=\"og:site_name\" content=\"Business Centre Ko\u0161ice\" \/>\n<meta property=\"article:modified_time\" content=\"2022-12-13T09:45:41+00:00\" \/>\n<meta property=\"og:image\" content=\"https:\/\/bck.sk\/wp-content\/uploads\/2021\/10\/bck4-drohne-seitlich-800x500.jpg\" \/>\n<meta name=\"twitter:card\" content=\"summary_large_image\" \/>\n<meta name=\"twitter:label1\" content=\"Est. reading time\" \/>\n\t<meta name=\"twitter:data1\" content=\"1 minute\" \/>\n<script type=\"application\/ld+json\" class=\"yoast-schema-graph\">{\"@context\":\"https:\\\/\\\/schema.org\",\"@graph\":[{\"@type\":\"WebPage\",\"@id\":\"https:\\\/\\\/bck.sk\\\/en\\\/bck-letna\\\/\",\"url\":\"https:\\\/\\\/bck.sk\\\/en\\\/bck-letna\\\/\",\"name\":\"Letn\u00e1 Ko\u0161ice\",\"isPartOf\":{\"@id\":\"https:\\\/\\\/bck.sk\\\/en\\\/#website\"},\"datePublished\":\"2021-09-22T13:48:39+00:00\",\"dateModified\":\"2022-12-13T09:45:41+00:00\",\"description\":\"Directly below the Kalv\u00e1ria elevation, space is being developed for apartments and offices for rent or purchase.\",\"breadcrumb\":{\"@id\":\"https:\\\/\\\/bck.sk\\\/en\\\/bck-letna\\\/#breadcrumb\"},\"inLanguage\":\"en-US\",\"potentialAction\":[{\"@type\":\"ReadAction\",\"target\":[\"https:\\\/\\\/bck.sk\\\/en\\\/bck-letna\\\/\"]}]},{\"@type\":\"BreadcrumbList\",\"@id\":\"https:\\\/\\\/bck.sk\\\/en\\\/bck-letna\\\/#breadcrumb\",\"itemListElement\":[{\"@type\":\"ListItem\",\"position\":1,\"name\":\"Home\",\"item\":\"https:\\\/\\\/bck.sk\\\/en\\\/\"},{\"@type\":\"ListItem\",\"position\":2,\"name\":\"Letn\u00e1 Ko\u0161ice\"}]},{\"@type\":\"WebSite\",\"@id\":\"https:\\\/\\\/bck.sk\\\/en\\\/#website\",\"url\":\"https:\\\/\\\/bck.sk\\\/en\\\/\",\"name\":\"Business Centre Ko\u0161ice\",\"description\":\"Kancel\u00e1rie na pren\u00e1jom - luxusn\u00e9 kancel\u00e1rske priestory Ko\u0161ice\",\"potentialAction\":[{\"@type\":\"SearchAction\",\"target\":{\"@type\":\"EntryPoint\",\"urlTemplate\":\"https:\\\/\\\/bck.sk\\\/en\\\/?s={search_term_string}\"},\"query-input\":{\"@type\":\"PropertyValueSpecification\",\"valueRequired\":true,\"valueName\":\"search_term_string\"}}],\"inLanguage\":\"en-US\"}]}<\/script>\n<!-- \/ Yoast SEO plugin. -->","yoast_head_json":{"title":"Letn\u00e1 Ko\u0161ice","description":"Directly below the Kalv\u00e1ria elevation, space is being developed for apartments and offices for rent or purchase.","robots":{"index":"index","follow":"follow","max-snippet":"max-snippet:-1","max-image-preview":"max-image-preview:large","max-video-preview":"max-video-preview:-1"},"canonical":"https:\/\/bck.sk\/en\/bck-letna\/","og_locale":"en_US","og_type":"article","og_title":"Letn\u00e1 Ko\u0161ice","og_description":"Directly below the Kalv\u00e1ria elevation, space is being developed for apartments and offices for rent or purchase.","og_url":"https:\/\/bck.sk\/en\/bck-letna\/","og_site_name":"Business Centre Ko\u0161ice","article_modified_time":"2022-12-13T09:45:41+00:00","og_image":[{"url":"https:\/\/bck.sk\/wp-content\/uploads\/2021\/10\/bck4-drohne-seitlich-800x500.jpg","type":"","width":"","height":""}],"twitter_card":"summary_large_image","twitter_misc":{"Est. reading time":"1 minute"},"schema":{"@context":"https:\/\/schema.org","@graph":[{"@type":"WebPage","@id":"https:\/\/bck.sk\/en\/bck-letna\/","url":"https:\/\/bck.sk\/en\/bck-letna\/","name":"Letn\u00e1 Ko\u0161ice","isPartOf":{"@id":"https:\/\/bck.sk\/en\/#website"},"datePublished":"2021-09-22T13:48:39+00:00","dateModified":"2022-12-13T09:45:41+00:00","description":"Directly below the Kalv\u00e1ria elevation, space is being developed for apartments and offices for rent or purchase.","breadcrumb":{"@id":"https:\/\/bck.sk\/en\/bck-letna\/#breadcrumb"},"inLanguage":"en-US","potentialAction":[{"@type":"ReadAction","target":["https:\/\/bck.sk\/en\/bck-letna\/"]}]},{"@type":"BreadcrumbList","@id":"https:\/\/bck.sk\/en\/bck-letna\/#breadcrumb","itemListElement":[{"@type":"ListItem","position":1,"name":"Home","item":"https:\/\/bck.sk\/en\/"},{"@type":"ListItem","position":2,"name":"Letn\u00e1 Ko\u0161ice"}]},{"@type":"WebSite","@id":"https:\/\/bck.sk\/en\/#website","url":"https:\/\/bck.sk\/en\/","name":"Business Centre Ko\u0161ice","description":"Kancel\u00e1rie na pren\u00e1jom - luxusn\u00e9 kancel\u00e1rske priestory Ko\u0161ice","potentialAction":[{"@type":"SearchAction","target":{"@type":"EntryPoint","urlTemplate":"https:\/\/bck.sk\/en\/?s={search_term_string}"},"query-input":{"@type":"PropertyValueSpecification","valueRequired":true,"valueName":"search_term_string"}}],"inLanguage":"en-US"}]}},"_links":{"self":[{"href":"https:\/\/bck.sk\/en\/wp-json\/wp\/v2\/pages\/3464","targetHints":{"allow":["GET"]}}],"collection":[{"href":"https:\/\/bck.sk\/en\/wp-json\/wp\/v2\/pages"}],"about":[{"href":"https:\/\/bck.sk\/en\/wp-json\/wp\/v2\/types\/page"}],"author":[{"embeddable":true,"href":"https:\/\/bck.sk\/en\/wp-json\/wp\/v2\/users\/1"}],"replies":[{"embeddable":true,"href":"https:\/\/bck.sk\/en\/wp-json\/wp\/v2\/comments?post=3464"}],"version-history":[{"count":17,"href":"https:\/\/bck.sk\/en\/wp-json\/wp\/v2\/pages\/3464\/revisions"}],"predecessor-version":[{"id":4259,"href":"https:\/\/bck.sk\/en\/wp-json\/wp\/v2\/pages\/3464\/revisions\/4259"}],"wp:attachment":[{"href":"https:\/\/bck.sk\/en\/wp-json\/wp\/v2\/media?parent=3464"}],"curies":[{"name":"wp","href":"https:\/\/api.w.org\/{rel}","templated":true}]}}