{"id":2340,"date":"2020-12-07T15:36:42","date_gmt":"2020-12-07T14:36:42","guid":{"rendered":"https:\/\/bck.sk\/?page_id=2340"},"modified":"2024-09-26T09:27:25","modified_gmt":"2024-09-26T07:27:25","slug":"bck-stage-ii","status":"publish","type":"page","link":"https:\/\/bck.sk\/en\/bck-stage-ii\/","title":{"rendered":"BCK Stage II"},"content":{"rendered":"<div class=\"grid-container\">\n<div class=\"grid-x grid-padding-x grid-margin-x\">\n<div class=\"cell small-12 medium-6 my-content-cell\">\n<h2>Offices for lease at \u017di\u017ekova\/\u0160t\u00farova Street<\/h2>\n<p>At the corner of \u017di\u017ekova and \u0160t\u00farova Street in Kosice, is BCK Stage II located. Our latest Business Centre was completed in 2020 and contains more than 7,000 m\u00b2 of office spaces, which meet highest standards, to enable comfortable and efficient work.<\/p>\n<\/div>\n<div class=\"cell small-12 medium-6 my-content-cell\"><img loading=\"lazy\" decoding=\"async\" class=\"alignnone size-large\" src=\"https:\/\/bck.sk\/wp-content\/uploads\/2021\/01\/bck-stage-ii-1.jpg\" alt=\"BCK Kosice Stage II Building\" width=\"1024\" height=\"768\" \/><\/div>\n<div class=\"cell small-12 medium-6 my-content-cell\"><img loading=\"lazy\" decoding=\"async\" class=\"alignnone wp-image-932 size-large\" src=\"https:\/\/bck.sk\/wp-content\/uploads\/2021\/07\/BCK-III-office1-800x500.jpg\" alt=\"BCK Kosice Stage II Office\" width=\"1024\" height=\"768\" \/><\/div>\n<div class=\"cell small-12 medium-6 my-content-cell\">\n<h2>Modern, state of the art technology, bright &amp; silent<\/h2>\n<p>The facade of the BCK Stage II building fits perfectly to the modern face of BCK I and is already a landmark in Kosice. State of the art technology and services meet highest requirements. Big windows assure, that the rooms are light flooded by daylight.<\/p>\n<p>Sound isolated glass keeps the noise of the city outside and let you work in a silent environment. Structured fibre glass cabling gives you extra speed in your network and internet. A professional air conditioning and heating system keeps the temperature always on a comfortable level.<\/p>\n<\/div>\n<p><!-- Row 2 --><\/p>\n<div class=\"cell small-12 medium-6 my-content-cell\">\n<h2>Dinner, lunch and coffee break<\/h2>\n<p>An Asian restaurant in the ground floor offers you and your employees the opportunity to enjoy a delicious lunch or dinner on site.<\/p>\n<p>If you want to have a coffee break, the Caf\u00e9 Delice \u2013 located in BCK Stage I, just at the opposite street \u2013 is reachable within 1 minute by foot.<\/p>\n<\/div>\n<div class=\"cell small-12 medium-6 my-content-cell\"><img loading=\"lazy\" decoding=\"async\" class=\"alignnone wp-image-2568 size-full\" src=\"https:\/\/bck.sk\/wp-content\/uploads\/2021\/01\/chinese-food.jpg\" alt=\"\" width=\"800\" height=\"500\" srcset=\"https:\/\/bck.sk\/wp-content\/uploads\/2021\/01\/chinese-food.jpg 800w, https:\/\/bck.sk\/wp-content\/uploads\/2021\/01\/chinese-food-300x188.jpg 300w, https:\/\/bck.sk\/wp-content\/uploads\/2021\/01\/chinese-food-768x480.jpg 768w\" sizes=\"auto, (max-width: 800px) 100vw, 800px\" \/><\/div>\n<p><!-- End Row 2 --><\/p>\n<div class=\"cell small-12 medium-6 my-content-cell\"><img loading=\"lazy\" decoding=\"async\" class=\"alignnone size-full\" src=\"https:\/\/bck.sk\/wp-content\/uploads\/2021\/01\/parking-spaces-2.jpg\" alt=\"\" width=\"800\" height=\"500\" \/><\/div>\n<div class=\"cell small-12 medium-6 my-content-cell\">\n<h2>Amenities for best service<\/h2>\n<p>The offices at BCK Stage II offer additional amenities, to provide you first level service:<\/p>\n<ul>\n<li>some offices have direct access to their own terrace<\/li>\n<li>underground parking garage, for each office unit<\/li>\n<li>rentable meeting rooms (BCK I)<\/li>\n<\/ul>\n<\/div>\n<div class=\"cell small-12 medium-6 my-content-cell\">\n<h2>Your Contact to BCK Stage II<\/h2>\n<p>If you are interested in renting an office at BCK Stage II or to get additional information or arrange a viewing date, please contact me:<\/p>\n<p><strong>Andrea \u0160vihrov\u00e1<\/strong><br \/>\nSales Manager CTR Business center Ko\u0161ice a.s. and CTR Multicenter Ko\u0161ice a.s.<br \/>\nemail: <a href=\"mailto:info@bck.sk\">info@bck.sk<\/a><br \/>\nmobile: +421 905 505 650<\/p>\n<\/div>\n<\/div>\n<\/div>\n<div class=\"grid-container grid-container-gallery-content\">\n<div class=\"grid-x grid-margin-x text-center align-center\">\n<div class=\"cell small-12 medium-4 large-3\">\n<div class=\"my-gallery-thumbnail-container-content\"><a class=\"my-gallery-img-button-content\" href=\"https:\/\/bck.sk\/wp-content\/uploads\/2020\/05\/BCK-situation-Etapa2.jpg\" data-lightbox=\"Gal\u00e9ria\" data-title=\"\"><img loading=\"lazy\" decoding=\"async\" class=\"gallery-img-content\" title=\"\" src=\"https:\/\/bck.sk\/wp-content\/uploads\/2020\/05\/BCK-situation-Etapa2-800x500.jpg\" alt=\"\" width=\"800\" height=\"500\" \/><\/a><\/div>\n<\/div>\n<div class=\"cell small-12 medium-4 large-3\">\n<div class=\"my-gallery-thumbnail-container-content\"><a class=\"my-gallery-img-button-content\" href=\"https:\/\/bck.sk\/wp-content\/uploads\/2020\/12\/bck-stage-ii-drone-photo-2.jpg\" data-lightbox=\"Gal\u00e9ria\" data-title=\"\"><img loading=\"lazy\" decoding=\"async\" class=\"gallery-img-content\" title=\"\" src=\"https:\/\/bck.sk\/wp-content\/uploads\/2020\/12\/bck-stage-ii-drone-photo-2-800x500.jpg\" alt=\"\" width=\"800\" height=\"500\" \/><\/a><\/div>\n<\/div>\n<div class=\"cell small-12 medium-4 large-3\">\n<div class=\"my-gallery-thumbnail-container-content\"><a class=\"my-gallery-img-button-content\" href=\"https:\/\/bck.sk\/wp-content\/uploads\/2020\/12\/bck-stage-ii-drone-photo.jpg\" data-lightbox=\"Gal\u00e9ria\" data-title=\"\"><img loading=\"lazy\" decoding=\"async\" class=\"gallery-img-content\" title=\"\" src=\"https:\/\/bck.sk\/wp-content\/uploads\/2020\/12\/bck-stage-ii-drone-photo-800x500-1.jpg\" alt=\"\" width=\"800\" height=\"500\" \/><\/a><\/div>\n<\/div>\n<div class=\"cell small-12 medium-4 large-3\">\n<div class=\"my-gallery-thumbnail-container-content\"><a class=\"my-gallery-img-button-content\" href=\"https:\/\/bck.sk\/wp-content\/uploads\/2021\/01\/bck-stage-ii-1-800x500.jpg\" data-lightbox=\"Gal\u00e9ria\" data-title=\"\"><img loading=\"lazy\" decoding=\"async\" class=\"gallery-img-content\" title=\"\" src=\"https:\/\/bck.sk\/wp-content\/uploads\/2021\/01\/bck-stage-ii-1-800x500.jpg\" alt=\"\" width=\"800\" height=\"500\" \/><\/a><\/div>\n<\/div>\n<p><!-- 2. Row --><\/p>\n<div class=\"cell small-12 medium-4 large-3\">\n<div class=\"my-gallery-thumbnail-container-content\"><a class=\"my-gallery-img-button-content\" href=\"https:\/\/bck.sk\/wp-content\/uploads\/2020\/12\/entrance-bck-II.jpg\" data-lightbox=\"Gal\u00e9ria\" data-title=\"\"><img loading=\"lazy\" decoding=\"async\" class=\"gallery-img-content\" title=\"\" src=\"https:\/\/bck.sk\/wp-content\/uploads\/2020\/12\/entrance-bck-II-800x500-1.jpg\" alt=\"\" width=\"800\" height=\"500\" \/><\/a><\/div>\n<\/div>\n<div class=\"cell small-12 medium-4 large-3\">\n<div class=\"my-gallery-thumbnail-container-content\"><a class=\"my-gallery-img-button-content\" href=\"https:\/\/bck.sk\/wp-content\/uploads\/2020\/12\/reception-bck-ii.jpg\" data-lightbox=\"Gal\u00e9ria\" data-title=\"\"><img loading=\"lazy\" decoding=\"async\" class=\"gallery-img-content\" title=\"\" src=\"https:\/\/bck.sk\/wp-content\/uploads\/2020\/12\/reception-bck-ii-800x500-1.jpg\" alt=\"\" width=\"800\" height=\"500\" \/><\/a><\/div>\n<\/div>\n<div class=\"cell small-12 medium-4 large-3\">\n<div class=\"my-gallery-thumbnail-container-content\"><a class=\"my-gallery-img-button-content\" href=\"https:\/\/bck.sk\/wp-content\/uploads\/2020\/12\/parking-spaces-1.jpg\" data-lightbox=\"Gal\u00e9ria\" data-title=\"\"><img loading=\"lazy\" decoding=\"async\" class=\"gallery-img-content\" title=\"\" src=\"https:\/\/bck.sk\/wp-content\/uploads\/2020\/12\/parking-spaces-800x500-1.jpg\" alt=\"\" width=\"800\" height=\"500\" \/><\/a><\/div>\n<\/div>\n<div class=\"cell small-12 medium-4 large-3\">\n<div class=\"my-gallery-thumbnail-container-content\"><a class=\"my-gallery-img-button-content\" href=\"https:\/\/bck.sk\/wp-content\/uploads\/2021\/01\/passage-big.jpg\" data-lightbox=\"Gal\u00e9ria\" data-title=\"\"><img loading=\"lazy\" decoding=\"async\" class=\"gallery-img-content\" title=\"\" src=\"https:\/\/bck.sk\/wp-content\/uploads\/2021\/01\/passage-big.jpg\" alt=\"\" width=\"800\" height=\"500\" \/><\/a><\/div>\n<\/div>\n<\/div>\n<\/div>\n","protected":false},"excerpt":{"rendered":"<p>Offices for lease at \u017di\u017ekova\/\u0160t\u00farova Street At the corner of \u017di\u017ekova and \u0160t\u00farova Street in Kosice, is BCK Stage II located. Our latest Business Centre was completed in 2020 and contains more than 7,000 m\u00b2 of office spaces, which meet highest standards, to enable comfortable and efficient work. Modern, state of the art technology, bright<a class=\"excerpt-read-more\" href=\"https:\/\/bck.sk\/en\/bck-stage-ii\/\" title=\"ReadBCK Stage II\">&#8230; Read more &raquo;<\/a><\/p>\n","protected":false},"author":4,"featured_media":0,"parent":0,"menu_order":0,"comment_status":"closed","ping_status":"closed","template":"template-full-width.php","meta":{"_acf_changed":false,"footnotes":""},"class_list":["post-2340","page","type-page","status-publish","hentry"],"acf":[],"yoast_head":"<!-- This site is optimized with the Yoast SEO plugin v27.3 - https:\/\/yoast.com\/product\/yoast-seo-wordpress\/ -->\n<title>Office premises for lease in Kosice - \u017di\u017ekova\/\u0160t\u00farova Street<\/title>\n<meta name=\"description\" content=\"Lease and rent an office at the corner of \u017di\u017ekova\/\u0160t\u00farova Street in Kosice. Brigh t\u2713 silent \u2713 high standard\u2713 close to city centre \u2713. \u27a4 BCK Stage II\" \/>\n<meta name=\"robots\" content=\"index, follow, max-snippet:-1, max-image-preview:large, max-video-preview:-1\" \/>\n<link rel=\"canonical\" href=\"https:\/\/bck.sk\/en\/bck-stage-ii\/\" \/>\n<meta property=\"og:locale\" content=\"en_US\" \/>\n<meta property=\"og:type\" content=\"article\" \/>\n<meta property=\"og:title\" content=\"Office premises for lease in Kosice - \u017di\u017ekova\/\u0160t\u00farova Street\" \/>\n<meta property=\"og:description\" content=\"Lease and rent an office at the corner of \u017di\u017ekova\/\u0160t\u00farova Street in Kosice. Brigh t\u2713 silent \u2713 high standard\u2713 close to city centre \u2713. \u27a4 BCK Stage II\" \/>\n<meta property=\"og:url\" content=\"https:\/\/bck.sk\/en\/bck-stage-ii\/\" \/>\n<meta property=\"og:site_name\" content=\"Business Centre Ko\u0161ice\" \/>\n<meta property=\"article:modified_time\" content=\"2024-09-26T07:27:25+00:00\" \/>\n<meta property=\"og:image\" content=\"https:\/\/bck.sk\/wp-content\/uploads\/2021\/01\/bck-stage-ii-1.jpg\" \/>\n<meta name=\"twitter:card\" content=\"summary_large_image\" \/>\n<meta name=\"twitter:label1\" content=\"Est. reading time\" \/>\n\t<meta name=\"twitter:data1\" content=\"5 minutes\" \/>\n<script type=\"application\/ld+json\" class=\"yoast-schema-graph\">{\"@context\":\"https:\\\/\\\/schema.org\",\"@graph\":[{\"@type\":\"WebPage\",\"@id\":\"https:\\\/\\\/bck.sk\\\/en\\\/bck-stage-ii\\\/\",\"url\":\"https:\\\/\\\/bck.sk\\\/en\\\/bck-stage-ii\\\/\",\"name\":\"Office premises for lease in Kosice - \u017di\u017ekova\\\/\u0160t\u00farova Street\",\"isPartOf\":{\"@id\":\"https:\\\/\\\/bck.sk\\\/en\\\/#website\"},\"primaryImageOfPage\":{\"@id\":\"https:\\\/\\\/bck.sk\\\/en\\\/bck-stage-ii\\\/#primaryimage\"},\"image\":{\"@id\":\"https:\\\/\\\/bck.sk\\\/en\\\/bck-stage-ii\\\/#primaryimage\"},\"thumbnailUrl\":\"https:\\\/\\\/bck.sk\\\/wp-content\\\/uploads\\\/2021\\\/01\\\/bck-stage-ii-1.jpg\",\"datePublished\":\"2020-12-07T14:36:42+00:00\",\"dateModified\":\"2024-09-26T07:27:25+00:00\",\"description\":\"Lease and rent an office at the corner of \u017di\u017ekova\\\/\u0160t\u00farova Street in Kosice. Brigh t\u2713 silent \u2713 high standard\u2713 close to city centre \u2713. \u27a4 BCK Stage II\",\"breadcrumb\":{\"@id\":\"https:\\\/\\\/bck.sk\\\/en\\\/bck-stage-ii\\\/#breadcrumb\"},\"inLanguage\":\"en-US\",\"potentialAction\":[{\"@type\":\"ReadAction\",\"target\":[\"https:\\\/\\\/bck.sk\\\/en\\\/bck-stage-ii\\\/\"]}]},{\"@type\":\"ImageObject\",\"inLanguage\":\"en-US\",\"@id\":\"https:\\\/\\\/bck.sk\\\/en\\\/bck-stage-ii\\\/#primaryimage\",\"url\":\"https:\\\/\\\/bck.sk\\\/wp-content\\\/uploads\\\/2021\\\/01\\\/bck-stage-ii-1.jpg\",\"contentUrl\":\"https:\\\/\\\/bck.sk\\\/wp-content\\\/uploads\\\/2021\\\/01\\\/bck-stage-ii-1.jpg\"},{\"@type\":\"BreadcrumbList\",\"@id\":\"https:\\\/\\\/bck.sk\\\/en\\\/bck-stage-ii\\\/#breadcrumb\",\"itemListElement\":[{\"@type\":\"ListItem\",\"position\":1,\"name\":\"Home\",\"item\":\"https:\\\/\\\/bck.sk\\\/en\\\/\"},{\"@type\":\"ListItem\",\"position\":2,\"name\":\"BCK Stage II\"}]},{\"@type\":\"WebSite\",\"@id\":\"https:\\\/\\\/bck.sk\\\/en\\\/#website\",\"url\":\"https:\\\/\\\/bck.sk\\\/en\\\/\",\"name\":\"Business Centre Ko\u0161ice\",\"description\":\"Kancel\u00e1rie na pren\u00e1jom - luxusn\u00e9 kancel\u00e1rske priestory Ko\u0161ice\",\"potentialAction\":[{\"@type\":\"SearchAction\",\"target\":{\"@type\":\"EntryPoint\",\"urlTemplate\":\"https:\\\/\\\/bck.sk\\\/en\\\/?s={search_term_string}\"},\"query-input\":{\"@type\":\"PropertyValueSpecification\",\"valueRequired\":true,\"valueName\":\"search_term_string\"}}],\"inLanguage\":\"en-US\"}]}<\/script>\n<!-- \/ Yoast SEO plugin. -->","yoast_head_json":{"title":"Office premises for lease in Kosice - \u017di\u017ekova\/\u0160t\u00farova Street","description":"Lease and rent an office at the corner of \u017di\u017ekova\/\u0160t\u00farova Street in Kosice. Brigh t\u2713 silent \u2713 high standard\u2713 close to city centre \u2713. \u27a4 BCK Stage II","robots":{"index":"index","follow":"follow","max-snippet":"max-snippet:-1","max-image-preview":"max-image-preview:large","max-video-preview":"max-video-preview:-1"},"canonical":"https:\/\/bck.sk\/en\/bck-stage-ii\/","og_locale":"en_US","og_type":"article","og_title":"Office premises for lease in Kosice - \u017di\u017ekova\/\u0160t\u00farova Street","og_description":"Lease and rent an office at the corner of \u017di\u017ekova\/\u0160t\u00farova Street in Kosice. Brigh t\u2713 silent \u2713 high standard\u2713 close to city centre \u2713. \u27a4 BCK Stage II","og_url":"https:\/\/bck.sk\/en\/bck-stage-ii\/","og_site_name":"Business Centre Ko\u0161ice","article_modified_time":"2024-09-26T07:27:25+00:00","og_image":[{"url":"https:\/\/bck.sk\/wp-content\/uploads\/2021\/01\/bck-stage-ii-1.jpg","type":"","width":"","height":""}],"twitter_card":"summary_large_image","twitter_misc":{"Est. reading time":"5 minutes"},"schema":{"@context":"https:\/\/schema.org","@graph":[{"@type":"WebPage","@id":"https:\/\/bck.sk\/en\/bck-stage-ii\/","url":"https:\/\/bck.sk\/en\/bck-stage-ii\/","name":"Office premises for lease in Kosice - \u017di\u017ekova\/\u0160t\u00farova Street","isPartOf":{"@id":"https:\/\/bck.sk\/en\/#website"},"primaryImageOfPage":{"@id":"https:\/\/bck.sk\/en\/bck-stage-ii\/#primaryimage"},"image":{"@id":"https:\/\/bck.sk\/en\/bck-stage-ii\/#primaryimage"},"thumbnailUrl":"https:\/\/bck.sk\/wp-content\/uploads\/2021\/01\/bck-stage-ii-1.jpg","datePublished":"2020-12-07T14:36:42+00:00","dateModified":"2024-09-26T07:27:25+00:00","description":"Lease and rent an office at the corner of \u017di\u017ekova\/\u0160t\u00farova Street in Kosice. Brigh t\u2713 silent \u2713 high standard\u2713 close to city centre \u2713. \u27a4 BCK Stage II","breadcrumb":{"@id":"https:\/\/bck.sk\/en\/bck-stage-ii\/#breadcrumb"},"inLanguage":"en-US","potentialAction":[{"@type":"ReadAction","target":["https:\/\/bck.sk\/en\/bck-stage-ii\/"]}]},{"@type":"ImageObject","inLanguage":"en-US","@id":"https:\/\/bck.sk\/en\/bck-stage-ii\/#primaryimage","url":"https:\/\/bck.sk\/wp-content\/uploads\/2021\/01\/bck-stage-ii-1.jpg","contentUrl":"https:\/\/bck.sk\/wp-content\/uploads\/2021\/01\/bck-stage-ii-1.jpg"},{"@type":"BreadcrumbList","@id":"https:\/\/bck.sk\/en\/bck-stage-ii\/#breadcrumb","itemListElement":[{"@type":"ListItem","position":1,"name":"Home","item":"https:\/\/bck.sk\/en\/"},{"@type":"ListItem","position":2,"name":"BCK Stage II"}]},{"@type":"WebSite","@id":"https:\/\/bck.sk\/en\/#website","url":"https:\/\/bck.sk\/en\/","name":"Business Centre Ko\u0161ice","description":"Kancel\u00e1rie na pren\u00e1jom - luxusn\u00e9 kancel\u00e1rske priestory Ko\u0161ice","potentialAction":[{"@type":"SearchAction","target":{"@type":"EntryPoint","urlTemplate":"https:\/\/bck.sk\/en\/?s={search_term_string}"},"query-input":{"@type":"PropertyValueSpecification","valueRequired":true,"valueName":"search_term_string"}}],"inLanguage":"en-US"}]}},"_links":{"self":[{"href":"https:\/\/bck.sk\/en\/wp-json\/wp\/v2\/pages\/2340","targetHints":{"allow":["GET"]}}],"collection":[{"href":"https:\/\/bck.sk\/en\/wp-json\/wp\/v2\/pages"}],"about":[{"href":"https:\/\/bck.sk\/en\/wp-json\/wp\/v2\/types\/page"}],"author":[{"embeddable":true,"href":"https:\/\/bck.sk\/en\/wp-json\/wp\/v2\/users\/4"}],"replies":[{"embeddable":true,"href":"https:\/\/bck.sk\/en\/wp-json\/wp\/v2\/comments?post=2340"}],"version-history":[{"count":82,"href":"https:\/\/bck.sk\/en\/wp-json\/wp\/v2\/pages\/2340\/revisions"}],"predecessor-version":[{"id":5588,"href":"https:\/\/bck.sk\/en\/wp-json\/wp\/v2\/pages\/2340\/revisions\/5588"}],"wp:attachment":[{"href":"https:\/\/bck.sk\/en\/wp-json\/wp\/v2\/media?parent=2340"}],"curies":[{"name":"wp","href":"https:\/\/api.w.org\/{rel}","templated":true}]}}