{"id":2059,"date":"2020-05-25T11:21:46","date_gmt":"2020-05-25T09:21:46","guid":{"rendered":"https:\/\/bck.sk\/?page_id=2059"},"modified":"2026-03-26T13:54:46","modified_gmt":"2026-03-26T12:54:46","slug":"privacy-policy","status":"publish","type":"page","link":"https:\/\/bck.sk\/en\/privacy-policy\/","title":{"rendered":"privacy policy"},"content":{"rendered":"<h2>PRINCIPLES OF PERSONAL DATA PROTECTION<\/h2>\n<p><span style=\"color: #262626;\"><span style=\"font-family: Montserrat, serif;\"><span style=\"font-size: large;\"><span lang=\"en-GB\"><b>INFORMATION PROVIDED BY THE CONTROLLER TO THE DATA SUBJECT WHEN OBTAINING PERSONAL DATA FROM THE DATA SUBJECT<\/b><\/span><\/span><\/span><\/span><\/p>\n<p><span style=\"font-family: Montserrat, serif;\"><span style=\"font-size: medium;\"><span lang=\"en-GB\">prepared in accordance with Article 12 Regulation of the European Parliament and of the Council No. 2016\/679 (GDPR)<\/span><\/span><\/span><\/p>\n<p><span style=\"font-family: Montserrat, serif;\"><span style=\"font-size: medium;\"><span lang=\"en-GB\"><b>Identification and contact details of the Controller<\/b><\/span><\/span><\/span><span style=\"font-family: Montserrat, serif;\"><span style=\"font-size: medium;\"><span lang=\"en-GB\">:<\/span><\/span><\/span><\/p>\n<p><span style=\"font-family: Montserrat, serif;\"><span style=\"font-size: medium;\"><span lang=\"en-GB\"><strong>CTR Business center Ko\u0161ice a.s.<\/strong> \u0160t\u00farova 27, 040 01 Ko\u0161ice<\/span><\/span><\/span><\/p>\n<p><span style=\"font-family: Montserrat, serif;\"><span style=\"font-size: medium;\"><span lang=\"en-GB\">ID: 31360521<\/span><\/span><\/span><\/p>\n<p><span style=\"font-family: Montserrat, serif;\"><span style=\"font-size: medium;\"><span lang=\"en-GB\">company registered in the Commercial Register of the District Court of Ko\u0161ice I, section: Sa, insert No.: 1574\/V<\/span><\/span><\/span><\/p>\n<p><span style=\"font-family: Montserrat, serif;\"><span style=\"font-size: medium;\"><span lang=\"en-GB\">email: <\/span><\/span><\/span><a href=\"mailto:info@bck.sk\"><span style=\"color: #0064a7;\"><span style=\"font-family: Montserrat, serif;\"><span style=\"font-size: medium;\"><span lang=\"en-GB\"><u>info@bck.sk<\/u><\/span><\/span><\/span><\/span><\/a><\/p>\n<p><span style=\"font-family: Montserrat, serif;\"><span style=\"font-size: medium;\"><span lang=\"en-GB\">Phone No.: +421556804111<\/span><\/span><\/span><\/p>\n<p><span style=\"font-family: Montserrat, serif;\"><span style=\"font-size: medium;\"><span lang=\"en-GB\"><b>Purpose of the processing of personal data:<\/b><\/span><\/span><\/span><\/p>\n<p><span style=\"font-family: Montserrat, serif;\"><span style=\"font-size: medium;\"><span lang=\"en-GB\">The Controller processes personal data that you have provided to the Controller by filling in the contact form for the purpose of marketing, business activities of the Controller, contacting the Data Subject back, statistical purposes, creating and sending offers of the Controller to the Data Subject.<\/span><\/span><\/span><\/p>\n<p><span style=\"font-family: Montserrat, serif;\"><span style=\"font-size: medium;\"><span lang=\"en-GB\"><b>Legal basis for the processing of personal data:<\/b><\/span><\/span><\/span><\/p>\n<p><span style=\"font-family: Montserrat, serif;\"><span style=\"font-size: medium;\"><span lang=\"en-GB\">The consent of the data subject with the processing of personal data pursuant to Article 6 letter a) of the Regulation of the European Parliament and of the Council No. 2016\/679 (GDPR).<\/span><\/span><\/span><\/p>\n<p><span style=\"font-family: Montserrat, serif;\"><span style=\"font-size: medium;\"><span lang=\"en-GB\"><b>Scope of personal data recipients:<\/b><\/span><\/span><\/span><\/p>\n<p><span style=\"font-family: Montserrat, serif;\"><span style=\"font-size: medium;\"><span lang=\"en-GB\">By granting consent to the processing of personal data for the aforementioned purposes, you agree to the provision of your personal data to the suppliers of the Controller, stating that the Controller provides contact details of Data Subjects to IT service providers, including cloud storage or to marketing agencies for marketing and business purposes. When using cloud storage, these are always located within the EU. The Controller provides personal data to third parties, where the obligation to provide personal data is imposed on the Controller by a generally binding legal regulation. In the event that natural persons from supplier or service organizations come into contact with personal data, they are bound by confidentiality in accordance with Section 79 of Act No. 18\/2018 Coll. on the Protection of Personal Data.<\/span><\/span><\/span><\/p>\n<p><span style=\"font-family: Montserrat, serif;\"><span style=\"font-size: medium;\"><span lang=\"en-GB\"><b>Third countries to which the transfer of personal data is assumed:<\/b><\/span><\/span><\/span><\/p>\n<p><span style=\"font-family: Montserrat, serif;\"><span style=\"font-size: medium;\"><span lang=\"en-GB\">The Controller does nor transfer neither intends to transfer personal data to a third country or an international organization.<\/span><\/span><\/span><\/p>\n<p><span style=\"font-family: Montserrat, serif;\"><span style=\"font-size: medium;\"><span lang=\"en-GB\"><b>Legal reasons for processing personal data:<\/b><\/span><\/span><\/span><\/p>\n<p><span style=\"font-family: Montserrat, serif;\"><span style=\"font-size: medium;\"><span lang=\"en-GB\">Based on your consent, the administrator is authorized to process your contact data for marketing and business purposes. Consent to the processing of your contact data for marketing and business purposes is voluntary. This consent remains in effect until you revoke it.<br \/>\nWithout consent only in the case when the administrator processes the contact data of its customers due to its legitimate interest for the purpose of direct marketing. In that case, you have the right to raise an objection (more on this right below).<\/span><\/span><\/span><\/p>\n<p><span style=\"font-family: Montserrat, serif;\"><span style=\"font-size: medium;\"><span lang=\"en-GB\"><b>Withdrawing consent to the processing of personal data<\/b><\/span><\/span><\/span><\/p>\n<p><span style=\"font-family: Montserrat, serif;\"><span style=\"font-size: medium;\"><span lang=\"en-GB\">You are entitled to withdraw the consent granted at any time by means of a contact form, by stating that you are withdrawing the consent granted to the processing of personal data into &#8220;Your question&#8221; field. Withdrawal of your consent to the processing of personal data will not affect the lawfulness of the processing of personal data based on the consent given before this withdrawal.<\/span><\/span><\/span><\/p>\n<p><span style=\"font-family: Montserrat, serif;\"><span style=\"font-size: medium;\"><span lang=\"en-GB\"><b>Information on the processing of personal data<\/b><\/span><\/span><\/span><\/p>\n<p><span style=\"font-family: Montserrat, serif;\"><span style=\"font-size: medium;\"><span lang=\"en-GB\">The provision of personal data is a requirement necessary for the conclusion of the contract and the provision thereof is voluntary, you are not obliged to provide the personal data in question. If these personal data are not provided, it will have no consequences.<\/span><\/span><\/span><\/p>\n<p><span style=\"font-family: Montserrat, serif;\"><span style=\"font-size: medium;\"><span lang=\"en-GB\"><b>Automated decision-making<\/b><\/span><\/span><\/span><\/p>\n<p><span style=\"font-family: Montserrat, serif;\"><span style=\"font-size: medium;\"><span lang=\"en-GB\">We hereby inform you that the personal data provided by you will not be used for decision-making on the basis of automated processing or profiling.<\/span><\/span><\/span><\/p>\n<p><span style=\"font-family: Montserrat, serif;\"><span style=\"font-size: medium;\"><span lang=\"en-GB\"><b>Information on the rights of the Data Subject:<\/b><\/span><\/span><\/span><\/p>\n<ul>\n<li><span style=\"font-family: Montserrat, serif;\"><span style=\"font-size: medium;\"><span lang=\"en-GB\">The right to access personal data<br \/>\nThe Data Subject shall have the right to obtain confirmation from the Controller as to whether personal data concerning them are being processed. If the Controller processes such personal data, the Data Subject shall have the right to access such personal data and the information referred to in the paragraphs above.<\/span><\/span><\/span><\/li>\n<li><span style=\"font-family: Montserrat, serif;\"><span style=\"font-size: medium;\"><span lang=\"en-GB\">The right to correct personal data<br \/>\nThe Data Subject has the right to have the Controller correct incorrect personal data concerning the Data Subject without undue delay. With regard to the purpose of the processing of personal data, the Data Subject has the right to supplement incomplete personal data.<\/span><\/span><\/span><\/li>\n<li><span style=\"font-family: Montserrat, serif;\"><span style=\"font-size: medium;\"><span lang=\"en-GB\">The right to erase personal data<\/span><\/span><\/span><\/li>\n<\/ul>\n<p><span style=\"font-family: Montserrat, serif;\"><span style=\"font-size: medium;\"><span lang=\"en-GB\">The Data Subject shall have the right to have the Controller erase personal data concerning the Data Subject without undue delay. The Controller is obliged to erase the personal data without undue delay, if the Data Subject has exercised their right to erasure, if:<\/span><\/span><\/span><\/p>\n<p><span style=\"font-family: Montserrat, serif;\"><span style=\"font-size: medium;\"><span lang=\"en-GB\">a) the personal data are no longer required for the purpose for which they were obtained or otherwise processed;<\/span><\/span><\/span><\/p>\n<p><span style=\"font-family: Montserrat, serif;\"><span style=\"font-size: medium;\"><span lang=\"en-GB\">b) the Data Subject withdraws their consent on the basis of which the processing of personal data is carried out and there is no other legal basis for the processing of personal data;<\/span><\/span><\/span><\/p>\n<p><span style=\"font-family: Montserrat, serif;\"><span style=\"font-size: medium;\"><span lang=\"en-GB\">c) the Data Subject objects to the processing of personal data and there are no legitimate grounds for the processing of personal data;<\/span><\/span><\/span><\/p>\n<p><span style=\"font-family: Montserrat, serif;\"><span style=\"font-size: medium;\"><span lang=\"en-GB\">d) the personal data are processed illegally.<\/span><\/span><\/span><\/p>\n<p><span style=\"font-family: Montserrat, serif;\"><span style=\"font-size: medium;\"><span lang=\"en-GB\"><b>The right to restrict the processing of personal data<\/b><\/span><\/span><\/span><\/p>\n<p><span style=\"font-family: Montserrat, serif;\"><span style=\"font-size: medium;\"><span lang=\"en-GB\">The Data Subject has the right to have the Controller restrict the processing of the personal data if:<\/span><\/span><\/span><\/p>\n<ol>\n<li><span style=\"font-family: Montserrat, serif;\"><span style=\"font-size: medium;\"><span lang=\"en-GB\">the Data Subject objects to the accuracy of the personal data during a period allowing the Controller to verify the accuracy of the personal data;<\/span><\/span><\/span><\/li>\n<li><span style=\"font-family: Montserrat, serif;\"><span style=\"font-size: medium;\"><span lang=\"en-GB\">the processing of personal data is illegal and the Data Subject objects the erasure of the personal data and requests restrictions on their use instead;<\/span><\/span><\/span><\/li>\n<li><span style=\"font-family: Montserrat, serif;\"><span style=\"font-size: medium;\"><span lang=\"en-GB\">the Controller no longer needs personal data for the purpose of processing personal data, but the Data Subject does need them to exercise a legal claim, or<\/span><\/span><\/span><\/li>\n<li><span style=\"font-family: Montserrat, serif;\"><span style=\"font-size: medium;\"><span lang=\"en-GB\">the Data Subject objects to the processing of personal data, until it is verified whether legitimate reasons on the part of the Controller prevail over the legitimate reasons on the part of the Data Subject.<\/span><\/span><\/span><\/li>\n<\/ol>\n<p><span style=\"font-family: Montserrat, serif;\"><span style=\"font-size: medium;\"><span lang=\"en-GB\"><b>Right to portability of personal data<\/b><\/span><\/span><\/span><\/p>\n<p><span style=\"font-family: Montserrat, serif;\"><span style=\"font-size: medium;\"><span lang=\"en-GB\">The Data Subject has the right to obtain personal data concerning them which they have provided to the Controller, in a structured, commonly used and machine-readable format, and has the right to transfer such personal data to another Controller, if technically possible.<\/span><\/span><\/span><\/p>\n<p><span style=\"font-family: Montserrat, serif;\"><span style=\"font-size: medium;\"><span lang=\"en-GB\"><b>The right to object to the processing of personal data<\/b><\/span><\/span><\/span><\/p>\n<p><span style=\"font-family: Montserrat, serif;\"><span style=\"font-size: medium;\"><span lang=\"en-GB\">The Data Subject has the right to object to the processing of his or her personal data. In the case of the processing of personal data for marketing purposes, the Controller is obliged to stop processing the personal data of the Data Subject.<\/span><\/span><\/span><\/p>\n<p><span style=\"font-family: Montserrat, serif;\"><span style=\"font-size: medium;\"><span lang=\"en-GB\"><b>The right to file a complaint to the supervisory authority<\/b><\/span><\/span><\/span><\/p>\n<p><span style=\"font-family: Montserrat, serif;\"><span style=\"font-size: medium;\"><span lang=\"en-GB\">The exercise of the above rights does not affect your right to file a complaint with the supervisory authority. You can exercise this right in particular if you believe that the Controller processes your personal data illegitimately or in violation of generally binding legal regulations. You can file a complaint against the processing of the personal data by the Controller at the Office for Personal Data Protection, at Hrani\u010dn\u00e1 street 12, 820 07 Bratislava.<\/span><\/span><\/span><\/p>\n<p><span style=\"font-family: Montserrat, serif;\"><span style=\"font-size: medium;\"><span lang=\"en-GB\"><b>The right to automated individual decision-making, including profiling<\/b><\/span><\/span><\/span><\/p>\n<p><span style=\"font-family: Montserrat, serif;\"><span style=\"font-size: medium;\"><span lang=\"en-GB\">The Data Subject has the right not to be subject to a decision which is based exclusively on the automated processing of personal data, including profiling, and which has legal effects related to them or similarly significantly affecting them.<\/span><\/span><\/span><\/p>\n<p><span style=\"font-family: Montserrat, serif;\"><span style=\"font-size: medium;\"><span lang=\"en-GB\">The Controller is obliged to notify the recipient of the correction of personal data, erasure of personal data or restrictions of the processing of personal data, if this does not prove impossible or does not require a disproportionate effort. The Controller shall inform the Data Subject of the recipients, if the Data Subject requests it.<\/span><\/span><\/span><\/p>\n<p><span style=\"font-family: Montserrat, serif;\"><span style=\"font-size: medium;\"><span lang=\"en-GB\">In the event of a personal data breach, which is likely to lead to a high risk to the rights and freedoms of natural persons, the Controller shall, without undue delay, notify the Data Subject of the personal data breach.<\/span><\/span><\/span><\/p>\n<p>&nbsp;<\/p>\n","protected":false},"excerpt":{"rendered":"<p>PRINCIPLES OF PERSONAL DATA PROTECTION INFORMATION PROVIDED BY THE CONTROLLER TO THE DATA SUBJECT WHEN OBTAINING PERSONAL DATA FROM THE DATA SUBJECT prepared in accordance with Article 12 Regulation of the European Parliament and of the Council No. 2016\/679 (GDPR) Identification and contact details of the Controller: CTR Business center Ko\u0161ice a.s. \u0160t\u00farova 27, 040<a class=\"excerpt-read-more\" href=\"https:\/\/bck.sk\/en\/privacy-policy\/\" title=\"Readprivacy policy\">&#8230; Read more &raquo;<\/a><\/p>\n","protected":false},"author":2,"featured_media":0,"parent":0,"menu_order":37,"comment_status":"closed","ping_status":"open","template":"template-full-width.php","meta":{"_acf_changed":false,"footnotes":""},"class_list":["post-2059","page","type-page","status-publish","hentry"],"acf":[],"yoast_head":"<!-- This site is optimized with the Yoast SEO plugin v27.3 - https:\/\/yoast.com\/product\/yoast-seo-wordpress\/ -->\n<title>Privacy Policy - Rent and lease offices, retail or commercial spaces in Kosice<\/title>\n<meta name=\"robots\" content=\"index, follow, max-snippet:-1, max-image-preview:large, max-video-preview:-1\" \/>\n<link rel=\"canonical\" href=\"https:\/\/bck.sk\/en\/privacy-policy\/\" \/>\n<meta property=\"og:locale\" content=\"en_US\" \/>\n<meta property=\"og:type\" content=\"article\" \/>\n<meta property=\"og:title\" content=\"Privacy Policy - Rent and lease offices, retail or commercial spaces in Kosice\" \/>\n<meta property=\"og:description\" content=\"PRINCIPLES OF PERSONAL DATA PROTECTION INFORMATION PROVIDED BY THE CONTROLLER TO THE DATA SUBJECT WHEN OBTAINING PERSONAL DATA FROM THE DATA SUBJECT prepared in accordance with Article 12 Regulation of the European Parliament and of the Council No. 2016\/679 (GDPR) Identification and contact details of the Controller: CTR Business center Ko\u0161ice a.s. \u0160t\u00farova 27, 040... Read more &raquo;\" \/>\n<meta property=\"og:url\" content=\"https:\/\/bck.sk\/en\/privacy-policy\/\" \/>\n<meta property=\"og:site_name\" content=\"Business Centre Ko\u0161ice\" \/>\n<meta property=\"article:modified_time\" content=\"2026-03-26T12:54:46+00:00\" \/>\n<meta name=\"twitter:card\" content=\"summary_large_image\" \/>\n<meta name=\"twitter:label1\" content=\"Est. reading time\" \/>\n\t<meta name=\"twitter:data1\" content=\"7 minutes\" \/>\n<script type=\"application\/ld+json\" class=\"yoast-schema-graph\">{\"@context\":\"https:\\\/\\\/schema.org\",\"@graph\":[{\"@type\":\"WebPage\",\"@id\":\"https:\\\/\\\/bck.sk\\\/en\\\/privacy-policy\\\/\",\"url\":\"https:\\\/\\\/bck.sk\\\/en\\\/privacy-policy\\\/\",\"name\":\"Privacy Policy - Rent and lease offices, retail or commercial spaces in Kosice\",\"isPartOf\":{\"@id\":\"https:\\\/\\\/bck.sk\\\/en\\\/#website\"},\"datePublished\":\"2020-05-25T09:21:46+00:00\",\"dateModified\":\"2026-03-26T12:54:46+00:00\",\"breadcrumb\":{\"@id\":\"https:\\\/\\\/bck.sk\\\/en\\\/privacy-policy\\\/#breadcrumb\"},\"inLanguage\":\"en-US\",\"potentialAction\":[{\"@type\":\"ReadAction\",\"target\":[\"https:\\\/\\\/bck.sk\\\/en\\\/privacy-policy\\\/\"]}]},{\"@type\":\"BreadcrumbList\",\"@id\":\"https:\\\/\\\/bck.sk\\\/en\\\/privacy-policy\\\/#breadcrumb\",\"itemListElement\":[{\"@type\":\"ListItem\",\"position\":1,\"name\":\"Home\",\"item\":\"https:\\\/\\\/bck.sk\\\/en\\\/\"},{\"@type\":\"ListItem\",\"position\":2,\"name\":\"privacy policy\"}]},{\"@type\":\"WebSite\",\"@id\":\"https:\\\/\\\/bck.sk\\\/en\\\/#website\",\"url\":\"https:\\\/\\\/bck.sk\\\/en\\\/\",\"name\":\"Business Centre Ko\u0161ice\",\"description\":\"Kancel\u00e1rie na pren\u00e1jom - luxusn\u00e9 kancel\u00e1rske priestory Ko\u0161ice\",\"potentialAction\":[{\"@type\":\"SearchAction\",\"target\":{\"@type\":\"EntryPoint\",\"urlTemplate\":\"https:\\\/\\\/bck.sk\\\/en\\\/?s={search_term_string}\"},\"query-input\":{\"@type\":\"PropertyValueSpecification\",\"valueRequired\":true,\"valueName\":\"search_term_string\"}}],\"inLanguage\":\"en-US\"}]}<\/script>\n<!-- \/ Yoast SEO plugin. -->","yoast_head_json":{"title":"Privacy Policy - Rent and lease offices, retail or commercial spaces in Kosice","robots":{"index":"index","follow":"follow","max-snippet":"max-snippet:-1","max-image-preview":"max-image-preview:large","max-video-preview":"max-video-preview:-1"},"canonical":"https:\/\/bck.sk\/en\/privacy-policy\/","og_locale":"en_US","og_type":"article","og_title":"Privacy Policy - Rent and lease offices, retail or commercial spaces in Kosice","og_description":"PRINCIPLES OF PERSONAL DATA PROTECTION INFORMATION PROVIDED BY THE CONTROLLER TO THE DATA SUBJECT WHEN OBTAINING PERSONAL DATA FROM THE DATA SUBJECT prepared in accordance with Article 12 Regulation of the European Parliament and of the Council No. 2016\/679 (GDPR) Identification and contact details of the Controller: CTR Business center Ko\u0161ice a.s. \u0160t\u00farova 27, 040... Read more &raquo;","og_url":"https:\/\/bck.sk\/en\/privacy-policy\/","og_site_name":"Business Centre Ko\u0161ice","article_modified_time":"2026-03-26T12:54:46+00:00","twitter_card":"summary_large_image","twitter_misc":{"Est. reading time":"7 minutes"},"schema":{"@context":"https:\/\/schema.org","@graph":[{"@type":"WebPage","@id":"https:\/\/bck.sk\/en\/privacy-policy\/","url":"https:\/\/bck.sk\/en\/privacy-policy\/","name":"Privacy Policy - Rent and lease offices, retail or commercial spaces in Kosice","isPartOf":{"@id":"https:\/\/bck.sk\/en\/#website"},"datePublished":"2020-05-25T09:21:46+00:00","dateModified":"2026-03-26T12:54:46+00:00","breadcrumb":{"@id":"https:\/\/bck.sk\/en\/privacy-policy\/#breadcrumb"},"inLanguage":"en-US","potentialAction":[{"@type":"ReadAction","target":["https:\/\/bck.sk\/en\/privacy-policy\/"]}]},{"@type":"BreadcrumbList","@id":"https:\/\/bck.sk\/en\/privacy-policy\/#breadcrumb","itemListElement":[{"@type":"ListItem","position":1,"name":"Home","item":"https:\/\/bck.sk\/en\/"},{"@type":"ListItem","position":2,"name":"privacy policy"}]},{"@type":"WebSite","@id":"https:\/\/bck.sk\/en\/#website","url":"https:\/\/bck.sk\/en\/","name":"Business Centre Ko\u0161ice","description":"Kancel\u00e1rie na pren\u00e1jom - luxusn\u00e9 kancel\u00e1rske priestory Ko\u0161ice","potentialAction":[{"@type":"SearchAction","target":{"@type":"EntryPoint","urlTemplate":"https:\/\/bck.sk\/en\/?s={search_term_string}"},"query-input":{"@type":"PropertyValueSpecification","valueRequired":true,"valueName":"search_term_string"}}],"inLanguage":"en-US"}]}},"_links":{"self":[{"href":"https:\/\/bck.sk\/en\/wp-json\/wp\/v2\/pages\/2059","targetHints":{"allow":["GET"]}}],"collection":[{"href":"https:\/\/bck.sk\/en\/wp-json\/wp\/v2\/pages"}],"about":[{"href":"https:\/\/bck.sk\/en\/wp-json\/wp\/v2\/types\/page"}],"author":[{"embeddable":true,"href":"https:\/\/bck.sk\/en\/wp-json\/wp\/v2\/users\/2"}],"replies":[{"embeddable":true,"href":"https:\/\/bck.sk\/en\/wp-json\/wp\/v2\/comments?post=2059"}],"version-history":[{"count":4,"href":"https:\/\/bck.sk\/en\/wp-json\/wp\/v2\/pages\/2059\/revisions"}],"predecessor-version":[{"id":6034,"href":"https:\/\/bck.sk\/en\/wp-json\/wp\/v2\/pages\/2059\/revisions\/6034"}],"wp:attachment":[{"href":"https:\/\/bck.sk\/en\/wp-json\/wp\/v2\/media?parent=2059"}],"curies":[{"name":"wp","href":"https:\/\/api.w.org\/{rel}","templated":true}]}}