{"id":1894,"date":"2020-05-14T00:03:06","date_gmt":"2020-05-13T22:03:06","guid":{"rendered":"https:\/\/bck.sk\/?page_id=1894"},"modified":"2020-05-21T14:50:13","modified_gmt":"2020-05-21T12:50:13","slug":"location","status":"publish","type":"page","link":"https:\/\/bck.sk\/en\/location\/","title":{"rendered":"Location"},"content":{"rendered":"<p>Business Centre Ko\u0161ice is located in the centre of Ko\u0161ice, at the intersection of \u0160t\u00farova, Kuzm\u00e1nyho and \u017di\u017ekova streets, close to the Steel Arena.<\/p>\n<p><iframe loading=\"lazy\" style=\"border: 0;\" tabindex=\"0\" src=\"https:\/\/www.google.com\/maps\/embed?pb=!1m18!1m12!1m3!1d2632.3942215909337!2d21.248214915669394!3d48.71705847927394!2m3!1f0!2f0!3f0!3m2!1i1024!2i768!4f13.1!3m3!1m2!1s0x473ee06ec5c84f69%3A0x1102cc0c9e7bd72d!2sBusiness%20Centre%20Ko%C5%A1ice%2C%20%C5%A0t%C3%BArova%2027%2C%20040%2001%20Star%C3%A9%20Mesto%2C%20Slovensko!5e0!3m2!1scs!2scz!4v1588002392154!5m2!1scs!2scz\" width=\"100%\" height=\"300\" frameborder=\"0\" allowfullscreen=\"allowfullscreen\" aria-hidden=\"false\"><span data-mce-type=\"bookmark\" style=\"display: inline-block; width: 0px; overflow: hidden; line-height: 0;\" class=\"mce_SELRES_start\">\ufeff<\/span><\/iframe><\/p>\n<h2>TRANSPORT ACCESSIBILITY<\/h2>\n<p>The historical centre of Ko\u0161ice is only 800 m away, the Main Street is therefore within walking distance. In addition, there is a tram and bus stop right in front of the building. Ko\u0161ice International Airport is also easily accessible, it is a 10-minute drive. Due to its location, all key intersections with motorway connections are close by.<\/p>\n","protected":false},"excerpt":{"rendered":"<p>Business Centre Ko\u0161ice is located in the centre of Ko\u0161ice, at the intersection of \u0160t\u00farova, Kuzm\u00e1nyho and \u017di\u017ekova streets, close to the Steel Arena. \ufeff TRANSPORT ACCESSIBILITY The historical centre of Ko\u0161ice is only 800 m away, the Main Street is therefore within walking distance. In addition, there is a tram and bus stop right<a class=\"excerpt-read-more\" href=\"https:\/\/bck.sk\/en\/location\/\" title=\"ReadLocation\">&#8230; Read more &raquo;<\/a><\/p>\n","protected":false},"author":2,"featured_media":0,"parent":0,"menu_order":24,"comment_status":"closed","ping_status":"closed","template":"template-full-width.php","meta":{"_acf_changed":false,"footnotes":""},"class_list":["post-1894","page","type-page","status-publish","hentry"],"acf":[],"yoast_head":"<!-- This site is optimized with the Yoast SEO plugin v27.3 - https:\/\/yoast.com\/product\/yoast-seo-wordpress\/ -->\n<title>Location - Rent and lease offices, retail or commercial spaces in Kosice<\/title>\n<meta name=\"robots\" content=\"index, follow, max-snippet:-1, max-image-preview:large, max-video-preview:-1\" \/>\n<link rel=\"canonical\" href=\"https:\/\/bck.sk\/en\/location\/\" \/>\n<meta property=\"og:locale\" content=\"en_US\" \/>\n<meta property=\"og:type\" content=\"article\" \/>\n<meta property=\"og:title\" content=\"Location - Rent and lease offices, retail or commercial spaces in Kosice\" \/>\n<meta property=\"og:description\" content=\"Business Centre Ko\u0161ice is located in the centre of Ko\u0161ice, at the intersection of \u0160t\u00farova, Kuzm\u00e1nyho and \u017di\u017ekova streets, close to the Steel Arena. \ufeff TRANSPORT ACCESSIBILITY The historical centre of Ko\u0161ice is only 800 m away, the Main Street is therefore within walking distance. In addition, there is a tram and bus stop right... Read more &raquo;\" \/>\n<meta property=\"og:url\" content=\"https:\/\/bck.sk\/en\/location\/\" \/>\n<meta property=\"og:site_name\" content=\"Business Centre Ko\u0161ice\" \/>\n<meta property=\"article:modified_time\" content=\"2020-05-21T12:50:13+00:00\" \/>\n<meta name=\"twitter:card\" content=\"summary_large_image\" \/>\n<script type=\"application\/ld+json\" class=\"yoast-schema-graph\">{\"@context\":\"https:\\\/\\\/schema.org\",\"@graph\":[{\"@type\":\"WebPage\",\"@id\":\"https:\\\/\\\/bck.sk\\\/en\\\/location\\\/\",\"url\":\"https:\\\/\\\/bck.sk\\\/en\\\/location\\\/\",\"name\":\"Location - Rent and lease offices, retail or commercial spaces in Kosice\",\"isPartOf\":{\"@id\":\"https:\\\/\\\/bck.sk\\\/en\\\/#website\"},\"datePublished\":\"2020-05-13T22:03:06+00:00\",\"dateModified\":\"2020-05-21T12:50:13+00:00\",\"breadcrumb\":{\"@id\":\"https:\\\/\\\/bck.sk\\\/en\\\/location\\\/#breadcrumb\"},\"inLanguage\":\"en-US\",\"potentialAction\":[{\"@type\":\"ReadAction\",\"target\":[\"https:\\\/\\\/bck.sk\\\/en\\\/location\\\/\"]}]},{\"@type\":\"BreadcrumbList\",\"@id\":\"https:\\\/\\\/bck.sk\\\/en\\\/location\\\/#breadcrumb\",\"itemListElement\":[{\"@type\":\"ListItem\",\"position\":1,\"name\":\"Home\",\"item\":\"https:\\\/\\\/bck.sk\\\/en\\\/\"},{\"@type\":\"ListItem\",\"position\":2,\"name\":\"Location\"}]},{\"@type\":\"WebSite\",\"@id\":\"https:\\\/\\\/bck.sk\\\/en\\\/#website\",\"url\":\"https:\\\/\\\/bck.sk\\\/en\\\/\",\"name\":\"Business Centre Ko\u0161ice\",\"description\":\"Kancel\u00e1rie na pren\u00e1jom - luxusn\u00e9 kancel\u00e1rske priestory Ko\u0161ice\",\"potentialAction\":[{\"@type\":\"SearchAction\",\"target\":{\"@type\":\"EntryPoint\",\"urlTemplate\":\"https:\\\/\\\/bck.sk\\\/en\\\/?s={search_term_string}\"},\"query-input\":{\"@type\":\"PropertyValueSpecification\",\"valueRequired\":true,\"valueName\":\"search_term_string\"}}],\"inLanguage\":\"en-US\"}]}<\/script>\n<!-- \/ Yoast SEO plugin. -->","yoast_head_json":{"title":"Location - Rent and lease offices, retail or commercial spaces in Kosice","robots":{"index":"index","follow":"follow","max-snippet":"max-snippet:-1","max-image-preview":"max-image-preview:large","max-video-preview":"max-video-preview:-1"},"canonical":"https:\/\/bck.sk\/en\/location\/","og_locale":"en_US","og_type":"article","og_title":"Location - Rent and lease offices, retail or commercial spaces in Kosice","og_description":"Business Centre Ko\u0161ice is located in the centre of Ko\u0161ice, at the intersection of \u0160t\u00farova, Kuzm\u00e1nyho and \u017di\u017ekova streets, close to the Steel Arena. \ufeff TRANSPORT ACCESSIBILITY The historical centre of Ko\u0161ice is only 800 m away, the Main Street is therefore within walking distance. In addition, there is a tram and bus stop right... Read more &raquo;","og_url":"https:\/\/bck.sk\/en\/location\/","og_site_name":"Business Centre Ko\u0161ice","article_modified_time":"2020-05-21T12:50:13+00:00","twitter_card":"summary_large_image","schema":{"@context":"https:\/\/schema.org","@graph":[{"@type":"WebPage","@id":"https:\/\/bck.sk\/en\/location\/","url":"https:\/\/bck.sk\/en\/location\/","name":"Location - Rent and lease offices, retail or commercial spaces in Kosice","isPartOf":{"@id":"https:\/\/bck.sk\/en\/#website"},"datePublished":"2020-05-13T22:03:06+00:00","dateModified":"2020-05-21T12:50:13+00:00","breadcrumb":{"@id":"https:\/\/bck.sk\/en\/location\/#breadcrumb"},"inLanguage":"en-US","potentialAction":[{"@type":"ReadAction","target":["https:\/\/bck.sk\/en\/location\/"]}]},{"@type":"BreadcrumbList","@id":"https:\/\/bck.sk\/en\/location\/#breadcrumb","itemListElement":[{"@type":"ListItem","position":1,"name":"Home","item":"https:\/\/bck.sk\/en\/"},{"@type":"ListItem","position":2,"name":"Location"}]},{"@type":"WebSite","@id":"https:\/\/bck.sk\/en\/#website","url":"https:\/\/bck.sk\/en\/","name":"Business Centre Ko\u0161ice","description":"Kancel\u00e1rie na pren\u00e1jom - luxusn\u00e9 kancel\u00e1rske priestory Ko\u0161ice","potentialAction":[{"@type":"SearchAction","target":{"@type":"EntryPoint","urlTemplate":"https:\/\/bck.sk\/en\/?s={search_term_string}"},"query-input":{"@type":"PropertyValueSpecification","valueRequired":true,"valueName":"search_term_string"}}],"inLanguage":"en-US"}]}},"_links":{"self":[{"href":"https:\/\/bck.sk\/en\/wp-json\/wp\/v2\/pages\/1894","targetHints":{"allow":["GET"]}}],"collection":[{"href":"https:\/\/bck.sk\/en\/wp-json\/wp\/v2\/pages"}],"about":[{"href":"https:\/\/bck.sk\/en\/wp-json\/wp\/v2\/types\/page"}],"author":[{"embeddable":true,"href":"https:\/\/bck.sk\/en\/wp-json\/wp\/v2\/users\/2"}],"replies":[{"embeddable":true,"href":"https:\/\/bck.sk\/en\/wp-json\/wp\/v2\/comments?post=1894"}],"version-history":[{"count":0,"href":"https:\/\/bck.sk\/en\/wp-json\/wp\/v2\/pages\/1894\/revisions"}],"wp:attachment":[{"href":"https:\/\/bck.sk\/en\/wp-json\/wp\/v2\/media?parent=1894"}],"curies":[{"name":"wp","href":"https:\/\/api.w.org\/{rel}","templated":true}]}}