{"id":1851,"date":"2020-05-13T22:21:33","date_gmt":"2020-05-13T20:21:33","guid":{"rendered":"https:\/\/bck.sk\/?page_id=1851"},"modified":"2025-02-18T15:09:29","modified_gmt":"2025-02-18T14:09:29","slug":"meeting-rooms","status":"publish","type":"page","link":"https:\/\/bck.sk\/en\/meeting-rooms\/","title":{"rendered":"Meeting rooms"},"content":{"rendered":"<p><!-- ***************************************************************************** Reveal ***************************************************************************** --><\/p>\n<div id=\"kontaktnyFormular\" class=\"reveal contact-reveal\" data-reveal=\"\">\n<h2>Contact form<\/h2>\n<p>\n<div class=\"wpcf7 no-js\" id=\"wpcf7-f2300-o1\" lang=\"en-US\" dir=\"ltr\" data-wpcf7-id=\"2300\">\n<div class=\"screen-reader-response\"><p role=\"status\" aria-live=\"polite\" aria-atomic=\"true\"><\/p> <ul><\/ul><\/div>\n<form action=\"\/en\/wp-json\/wp\/v2\/pages\/1851#wpcf7-f2300-o1\" method=\"post\" class=\"wpcf7-form init\" aria-label=\"Contact form\" novalidate=\"novalidate\" data-status=\"init\">\n<fieldset class=\"hidden-fields-container\"><input type=\"hidden\" name=\"_wpcf7\" value=\"2300\" \/><input type=\"hidden\" name=\"_wpcf7_version\" value=\"6.1.5\" \/><input type=\"hidden\" name=\"_wpcf7_locale\" value=\"en_US\" \/><input type=\"hidden\" name=\"_wpcf7_unit_tag\" value=\"wpcf7-f2300-o1\" \/><input type=\"hidden\" name=\"_wpcf7_container_post\" value=\"0\" \/><input type=\"hidden\" name=\"_wpcf7_posted_data_hash\" value=\"\" \/><input type=\"hidden\" name=\"_wpcf7_recaptcha_response\" value=\"\" \/>\n<\/fieldset>\n<p><label> <span class=\"mywpcf7-span\">Your name and Surname (required)<\/span><br \/>\n<span class=\"wpcf7-form-control-wrap\" data-name=\"your-name\"><input size=\"40\" maxlength=\"400\" class=\"wpcf7-form-control wpcf7-text wpcf7-validates-as-required\" aria-required=\"true\" aria-invalid=\"false\" value=\"\" type=\"text\" name=\"your-name\" \/><\/span> <\/label>\n<\/p>\n<p><label> <span class=\"mywpcf7-span\">Company name:<\/span><br \/>\n<span class=\"wpcf7-form-control-wrap\" data-name=\"nazov-spolocnosti\"><input size=\"40\" maxlength=\"400\" class=\"wpcf7-form-control wpcf7-text\" aria-invalid=\"false\" value=\"\" type=\"text\" name=\"nazov-spolocnosti\" \/><\/span> <\/label>\n<\/p>\n<p><label> <span class=\"mywpcf7-span\">Your email (required)<\/span><br \/>\n<span class=\"wpcf7-form-control-wrap\" data-name=\"your-email\"><input size=\"40\" maxlength=\"400\" class=\"wpcf7-form-control wpcf7-email wpcf7-validates-as-required wpcf7-text wpcf7-validates-as-email\" aria-required=\"true\" aria-invalid=\"false\" value=\"\" type=\"email\" name=\"your-email\" \/><\/span> <\/label>\n<\/p>\n<p><label> <span class=\"mywpcf7-span\">Phone<\/span><br \/>\n<span class=\"wpcf7-form-control-wrap\" data-name=\"tel-360\"><input size=\"40\" maxlength=\"400\" class=\"wpcf7-form-control wpcf7-tel wpcf7-text wpcf7-validates-as-tel\" aria-invalid=\"false\" value=\"\" type=\"tel\" name=\"tel-360\" \/><\/span> <\/label>\n<\/p>\n<p><label> <span class=\"mywpcf7-span\">Required m2:<\/span><br \/>\n<span class=\"wpcf7-form-control-wrap\" data-name=\"pozadovane-m2\"><input size=\"40\" maxlength=\"400\" class=\"wpcf7-form-control wpcf7-text\" aria-invalid=\"false\" value=\"\" type=\"text\" name=\"pozadovane-m2\" \/><\/span> <\/label>\n<\/p>\n<p><label> <span class=\"mywpcf7-span\">Comments:<\/span><br \/>\n<span class=\"wpcf7-form-control-wrap\" data-name=\"poznamka\"><input size=\"40\" maxlength=\"400\" class=\"wpcf7-form-control wpcf7-text\" aria-invalid=\"false\" value=\"\" type=\"text\" name=\"poznamka\" \/><\/span> <\/label>\n<\/p>\n<p><span class=\"wpcf7-form-control-wrap\" data-name=\"acceptance-291\"><span class=\"wpcf7-form-control wpcf7-acceptance\"><span class=\"wpcf7-list-item\"><label><input type=\"checkbox\" name=\"acceptance-291\" value=\"1\" aria-invalid=\"false\" \/><span class=\"wpcf7-list-item-label\">I agree to the <a href=\"index.php\/?p=3\">Processing and storage of personal data<\/a> for marketing purposes.<\/span><\/label><\/span><\/span><\/span>\n<\/p>\n<p><input class=\"wpcf7-form-control wpcf7-submit has-spinner\" type=\"submit\" value=\"Submit\" \/>\n<\/p><div class=\"wpcf7-response-output\" aria-hidden=\"true\"><\/div>\n<\/form>\n<\/div>\n<br \/>\n<button class=\"close-button\" type=\"button\" data-close=\"\" aria-label=\"Close modal\"><br \/>\n<span aria-hidden=\"true\">\u00d7<\/span><br \/>\n<\/button><\/p>\n<\/div>\n<p><!-- ***************************************************************************** Reveal END ***************************************************************************** --><\/p>\n<div class=\"grid-x grid-margin-x grid-padding-x\">\n<div class=\"cell small-12 medium-6 large-6\"><img loading=\"lazy\" decoding=\"async\" class=\"alignleft wp-image-5220\" src=\"https:\/\/bck.sk\/wp-content\/uploads\/2020\/04\/D3_3156-HDR-copy.jpg\" alt=\"\" width=\"700\" height=\"393\" \/><\/div>\n<div class=\"cell small-12 medium-6 large-6\">\n<p>It is possible to rent fully equipped meeting room designed for 10 people for business meetings. This representative area feature a unique view of the city centre with the St. Elizabeth\u2019s Cathedral and its surroundings. The space is equipped with an air conditioning unit with the possibility of opening windows and individual temperature regulation.<strong>The rent for meeting room includes:<\/strong><\/p>\n<ul>\n<li>central reception services<\/li>\n<li>interior modification according to the client&#8217;s wishes<\/li>\n<li>professional technical assistance<\/li>\n<li>office equipment &#8211; notepads, pens, flipchart<\/li>\n<li>basic catering &#8211; mineral water, coffee, tea<\/li>\n<li>internet connection<\/li>\n<\/ul>\n<\/div>\n<div class=\"cell small-12\">\n<h3 style=\"text-align: center;\">PRICE LIST FOR RENTAL OF MEETING ROOMS<\/h3>\n<table style=\"height: 143px;\" width=\"440\">\n<tbody>\n<tr>\n<td style=\"text-align: center;\"><strong>Room<\/strong><\/td>\n<td><strong>\u00a0<\/strong><\/td>\n<td style=\"text-align: center;\"><strong>Price per hour excl. VAT <\/strong><strong>(started hour)<\/strong><\/td>\n<td><strong>\u00a0<\/strong><\/td>\n<td style=\"text-align: center;\"><strong>Price per day excl. VAT <\/strong><strong>(8 hours and more)<\/strong><\/td>\n<\/tr>\n<tr>\n<td style=\"text-align: center;\">10 seats<\/td>\n<td align=\"center\"><\/td>\n<td style=\"text-align: center;\" align=\"center\">28 \u20ac<\/td>\n<td align=\"center\"><\/td>\n<td style=\"text-align: center;\" align=\"center\">196 \u20ac<\/td>\n<\/tr>\n<\/tbody>\n<\/table>\n<p>Rental prices are without VAT (+ 23% VAT).<\/p>\n<\/div>\n<div class=\"cell small-12\" style=\"text-align: center;\">\n<h2>Contact us<\/h2>\n<p>Please contact us for more information about current rental possibilities:<br \/>\nemail: <a href=\"mailto:bck@bck.sk\">bck@bck.sk<\/a><br \/>\ntel.: <a href=\"tel:+421556804111\">+421 556 804 111<\/a><\/p>\n<p>Alternatively, fill out the contact form and we will contact you back.<br \/>\n<a class=\"button\" href=\"#\" data-open=\"kontaktnyFormular\">Contact form<\/a><\/p>\n<\/div>\n<div class=\"&quot;cell\">\n<div class=\"grid-container grid-container-gallery-content\">\n<div class=\"grid-x grid-margin-x text-center align-center\">\n<div class=\"cell small-12 medium-4 large-3\">\n<div class=\"my-gallery-thumbnail-container-content\">\n<a href=\"https:\/\/bck.sk\/wp-content\/uploads\/2020\/04\/DSC5451-HDR-copy.jpg\" data-lightbox=\"Gal\u00e9ria\" data-title=\"\" class=\"my-gallery-img-button-content\"><img loading=\"lazy\" decoding=\"async\" class=\"gallery-img-content\" src=\"https:\/\/bck.sk\/wp-content\/uploads\/2020\/04\/DSC5451-HDR-copy-800x500.jpg\" width=\"800\" height=\"500\" alt=\"\" title=\"\" \/><\/a>\n<\/div>\n<\/div>\n<div class=\"cell small-12 medium-4 large-3\">\n<div class=\"my-gallery-thumbnail-container-content\">\n<a href=\"https:\/\/bck.sk\/wp-content\/uploads\/2020\/04\/D3_3086-HDR-copy.jpg\" data-lightbox=\"Gal\u00e9ria\" data-title=\"\" class=\"my-gallery-img-button-content\"><img loading=\"lazy\" decoding=\"async\" class=\"gallery-img-content\" src=\"https:\/\/bck.sk\/wp-content\/uploads\/2020\/04\/D3_3086-HDR-copy-800x500.jpg\" width=\"800\" height=\"500\" alt=\"\" title=\"\" \/><\/a>\n<\/div>\n<\/div>\n<div class=\"cell small-12 medium-4 large-3\">\n<div class=\"my-gallery-thumbnail-container-content\">\n<a href=\"https:\/\/bck.sk\/wp-content\/uploads\/2020\/04\/D3_3104-HDR-copy.jpg\" data-lightbox=\"Gal\u00e9ria\" data-title=\"\" class=\"my-gallery-img-button-content\"><img loading=\"lazy\" decoding=\"async\" class=\"gallery-img-content\" src=\"https:\/\/bck.sk\/wp-content\/uploads\/2020\/04\/D3_3104-HDR-copy-800x500.jpg\" width=\"800\" height=\"500\" alt=\"\" title=\"\" \/><\/a>\n<\/div>\n<\/div>\n<div class=\"cell small-12 medium-4 large-3\">\n<div class=\"my-gallery-thumbnail-container-content\">\n<a href=\"https:\/\/bck.sk\/wp-content\/uploads\/2020\/04\/D3_3139-HDR-copy.jpg\" data-lightbox=\"Gal\u00e9ria\" data-title=\"\" class=\"my-gallery-img-button-content\"><img loading=\"lazy\" decoding=\"async\" class=\"gallery-img-content\" src=\"https:\/\/bck.sk\/wp-content\/uploads\/2020\/04\/D3_3139-HDR-copy-800x500.jpg\" width=\"800\" height=\"500\" alt=\"\" title=\"\" \/><\/a>\n<\/div>\n<\/div>\n<\/div><\/div>\n\n<\/div>\n<\/div>\n","protected":false},"excerpt":{"rendered":"<p>Contact form \u00d7 It is possible to rent fully equipped meeting room designed for 10 people for business meetings. This representative area feature a unique view of the city centre with the St. Elizabeth\u2019s Cathedral and its surroundings. The space is equipped with an air conditioning unit with the possibility of opening windows and individual<a class=\"excerpt-read-more\" href=\"https:\/\/bck.sk\/en\/meeting-rooms\/\" title=\"ReadMeeting rooms\">&#8230; Read more &raquo;<\/a><\/p>\n","protected":false},"author":2,"featured_media":0,"parent":0,"menu_order":34,"comment_status":"closed","ping_status":"closed","template":"template-full-width.php","meta":{"_acf_changed":false,"footnotes":""},"class_list":["post-1851","page","type-page","status-publish","hentry"],"acf":[],"yoast_head":"<!-- This site is optimized with the Yoast SEO plugin v27.3 - https:\/\/yoast.com\/product\/yoast-seo-wordpress\/ -->\n<title>Meeting rooms - Rent and lease offices, retail or commercial spaces in Kosice<\/title>\n<meta name=\"robots\" content=\"index, follow, max-snippet:-1, max-image-preview:large, max-video-preview:-1\" \/>\n<link rel=\"canonical\" href=\"https:\/\/bck.sk\/en\/meeting-rooms\/\" \/>\n<meta property=\"og:locale\" content=\"en_US\" \/>\n<meta property=\"og:type\" content=\"article\" \/>\n<meta property=\"og:title\" content=\"Meeting rooms - Rent and lease offices, retail or commercial spaces in Kosice\" \/>\n<meta property=\"og:description\" content=\"Contact form \u00d7 It is possible to rent fully equipped meeting room designed for 10 people for business meetings. This representative area feature a unique view of the city centre with the St. Elizabeth\u2019s Cathedral and its surroundings. The space is equipped with an air conditioning unit with the possibility of opening windows and individual... Read more &raquo;\" \/>\n<meta property=\"og:url\" content=\"https:\/\/bck.sk\/en\/meeting-rooms\/\" \/>\n<meta property=\"og:site_name\" content=\"Business Centre Ko\u0161ice\" \/>\n<meta property=\"article:modified_time\" content=\"2025-02-18T14:09:29+00:00\" \/>\n<meta property=\"og:image\" content=\"https:\/\/bck.sk\/wp-content\/uploads\/2020\/04\/D3_3156-HDR-copy.jpg\" \/>\n\t<meta property=\"og:image:width\" content=\"2000\" \/>\n\t<meta property=\"og:image:height\" content=\"1333\" \/>\n\t<meta property=\"og:image:type\" content=\"image\/jpeg\" \/>\n<meta name=\"twitter:card\" content=\"summary_large_image\" \/>\n<meta name=\"twitter:label1\" content=\"Est. reading time\" \/>\n\t<meta name=\"twitter:data1\" content=\"2 minutes\" \/>\n<script type=\"application\/ld+json\" class=\"yoast-schema-graph\">{\"@context\":\"https:\\\/\\\/schema.org\",\"@graph\":[{\"@type\":\"WebPage\",\"@id\":\"https:\\\/\\\/bck.sk\\\/en\\\/meeting-rooms\\\/\",\"url\":\"https:\\\/\\\/bck.sk\\\/en\\\/meeting-rooms\\\/\",\"name\":\"Meeting rooms - Rent and lease offices, retail or commercial spaces in Kosice\",\"isPartOf\":{\"@id\":\"https:\\\/\\\/bck.sk\\\/en\\\/#website\"},\"primaryImageOfPage\":{\"@id\":\"https:\\\/\\\/bck.sk\\\/en\\\/meeting-rooms\\\/#primaryimage\"},\"image\":{\"@id\":\"https:\\\/\\\/bck.sk\\\/en\\\/meeting-rooms\\\/#primaryimage\"},\"thumbnailUrl\":\"https:\\\/\\\/bck.sk\\\/wp-content\\\/uploads\\\/2020\\\/04\\\/D3_3156-HDR-copy.jpg\",\"datePublished\":\"2020-05-13T20:21:33+00:00\",\"dateModified\":\"2025-02-18T14:09:29+00:00\",\"breadcrumb\":{\"@id\":\"https:\\\/\\\/bck.sk\\\/en\\\/meeting-rooms\\\/#breadcrumb\"},\"inLanguage\":\"en-US\",\"potentialAction\":[{\"@type\":\"ReadAction\",\"target\":[\"https:\\\/\\\/bck.sk\\\/en\\\/meeting-rooms\\\/\"]}]},{\"@type\":\"ImageObject\",\"inLanguage\":\"en-US\",\"@id\":\"https:\\\/\\\/bck.sk\\\/en\\\/meeting-rooms\\\/#primaryimage\",\"url\":\"https:\\\/\\\/bck.sk\\\/wp-content\\\/uploads\\\/2020\\\/04\\\/D3_3156-HDR-copy.jpg\",\"contentUrl\":\"https:\\\/\\\/bck.sk\\\/wp-content\\\/uploads\\\/2020\\\/04\\\/D3_3156-HDR-copy.jpg\"},{\"@type\":\"BreadcrumbList\",\"@id\":\"https:\\\/\\\/bck.sk\\\/en\\\/meeting-rooms\\\/#breadcrumb\",\"itemListElement\":[{\"@type\":\"ListItem\",\"position\":1,\"name\":\"Home\",\"item\":\"https:\\\/\\\/bck.sk\\\/en\\\/\"},{\"@type\":\"ListItem\",\"position\":2,\"name\":\"Meeting rooms\"}]},{\"@type\":\"WebSite\",\"@id\":\"https:\\\/\\\/bck.sk\\\/en\\\/#website\",\"url\":\"https:\\\/\\\/bck.sk\\\/en\\\/\",\"name\":\"Business Centre Ko\u0161ice\",\"description\":\"Kancel\u00e1rie na pren\u00e1jom - luxusn\u00e9 kancel\u00e1rske priestory Ko\u0161ice\",\"potentialAction\":[{\"@type\":\"SearchAction\",\"target\":{\"@type\":\"EntryPoint\",\"urlTemplate\":\"https:\\\/\\\/bck.sk\\\/en\\\/?s={search_term_string}\"},\"query-input\":{\"@type\":\"PropertyValueSpecification\",\"valueRequired\":true,\"valueName\":\"search_term_string\"}}],\"inLanguage\":\"en-US\"}]}<\/script>\n<!-- \/ Yoast SEO plugin. -->","yoast_head_json":{"title":"Meeting rooms - Rent and lease offices, retail or commercial spaces in Kosice","robots":{"index":"index","follow":"follow","max-snippet":"max-snippet:-1","max-image-preview":"max-image-preview:large","max-video-preview":"max-video-preview:-1"},"canonical":"https:\/\/bck.sk\/en\/meeting-rooms\/","og_locale":"en_US","og_type":"article","og_title":"Meeting rooms - Rent and lease offices, retail or commercial spaces in Kosice","og_description":"Contact form \u00d7 It is possible to rent fully equipped meeting room designed for 10 people for business meetings. This representative area feature a unique view of the city centre with the St. Elizabeth\u2019s Cathedral and its surroundings. The space is equipped with an air conditioning unit with the possibility of opening windows and individual... Read more &raquo;","og_url":"https:\/\/bck.sk\/en\/meeting-rooms\/","og_site_name":"Business Centre Ko\u0161ice","article_modified_time":"2025-02-18T14:09:29+00:00","og_image":[{"width":2000,"height":1333,"url":"https:\/\/bck.sk\/wp-content\/uploads\/2020\/04\/D3_3156-HDR-copy.jpg","type":"image\/jpeg"}],"twitter_card":"summary_large_image","twitter_misc":{"Est. reading time":"2 minutes"},"schema":{"@context":"https:\/\/schema.org","@graph":[{"@type":"WebPage","@id":"https:\/\/bck.sk\/en\/meeting-rooms\/","url":"https:\/\/bck.sk\/en\/meeting-rooms\/","name":"Meeting rooms - Rent and lease offices, retail or commercial spaces in Kosice","isPartOf":{"@id":"https:\/\/bck.sk\/en\/#website"},"primaryImageOfPage":{"@id":"https:\/\/bck.sk\/en\/meeting-rooms\/#primaryimage"},"image":{"@id":"https:\/\/bck.sk\/en\/meeting-rooms\/#primaryimage"},"thumbnailUrl":"https:\/\/bck.sk\/wp-content\/uploads\/2020\/04\/D3_3156-HDR-copy.jpg","datePublished":"2020-05-13T20:21:33+00:00","dateModified":"2025-02-18T14:09:29+00:00","breadcrumb":{"@id":"https:\/\/bck.sk\/en\/meeting-rooms\/#breadcrumb"},"inLanguage":"en-US","potentialAction":[{"@type":"ReadAction","target":["https:\/\/bck.sk\/en\/meeting-rooms\/"]}]},{"@type":"ImageObject","inLanguage":"en-US","@id":"https:\/\/bck.sk\/en\/meeting-rooms\/#primaryimage","url":"https:\/\/bck.sk\/wp-content\/uploads\/2020\/04\/D3_3156-HDR-copy.jpg","contentUrl":"https:\/\/bck.sk\/wp-content\/uploads\/2020\/04\/D3_3156-HDR-copy.jpg"},{"@type":"BreadcrumbList","@id":"https:\/\/bck.sk\/en\/meeting-rooms\/#breadcrumb","itemListElement":[{"@type":"ListItem","position":1,"name":"Home","item":"https:\/\/bck.sk\/en\/"},{"@type":"ListItem","position":2,"name":"Meeting rooms"}]},{"@type":"WebSite","@id":"https:\/\/bck.sk\/en\/#website","url":"https:\/\/bck.sk\/en\/","name":"Business Centre Ko\u0161ice","description":"Kancel\u00e1rie na pren\u00e1jom - luxusn\u00e9 kancel\u00e1rske priestory Ko\u0161ice","potentialAction":[{"@type":"SearchAction","target":{"@type":"EntryPoint","urlTemplate":"https:\/\/bck.sk\/en\/?s={search_term_string}"},"query-input":{"@type":"PropertyValueSpecification","valueRequired":true,"valueName":"search_term_string"}}],"inLanguage":"en-US"}]}},"_links":{"self":[{"href":"https:\/\/bck.sk\/en\/wp-json\/wp\/v2\/pages\/1851","targetHints":{"allow":["GET"]}}],"collection":[{"href":"https:\/\/bck.sk\/en\/wp-json\/wp\/v2\/pages"}],"about":[{"href":"https:\/\/bck.sk\/en\/wp-json\/wp\/v2\/types\/page"}],"author":[{"embeddable":true,"href":"https:\/\/bck.sk\/en\/wp-json\/wp\/v2\/users\/2"}],"replies":[{"embeddable":true,"href":"https:\/\/bck.sk\/en\/wp-json\/wp\/v2\/comments?post=1851"}],"version-history":[{"count":15,"href":"https:\/\/bck.sk\/en\/wp-json\/wp\/v2\/pages\/1851\/revisions"}],"predecessor-version":[{"id":5765,"href":"https:\/\/bck.sk\/en\/wp-json\/wp\/v2\/pages\/1851\/revisions\/5765"}],"wp:attachment":[{"href":"https:\/\/bck.sk\/en\/wp-json\/wp\/v2\/media?parent=1851"}],"curies":[{"name":"wp","href":"https:\/\/api.w.org\/{rel}","templated":true}]}}