{"id":1848,"date":"2020-05-13T22:01:44","date_gmt":"2020-05-13T20:01:44","guid":{"rendered":"https:\/\/bck.sk\/?page_id=1848"},"modified":"2026-04-23T12:06:07","modified_gmt":"2026-04-23T10:06:07","slug":"parking-spaces","status":"publish","type":"page","link":"https:\/\/bck.sk\/en\/parking-spaces\/","title":{"rendered":"Parking spaces"},"content":{"rendered":"<div id=\"kontaktnyFormular\" class=\"reveal contact-reveal\" data-reveal=\"\">\n<h2>Contact form<\/h2>\n<p>\n<div class=\"wpcf7 no-js\" id=\"wpcf7-f2298-o1\" lang=\"en-US\" dir=\"ltr\" data-wpcf7-id=\"2298\">\n<div class=\"screen-reader-response\"><p role=\"status\" aria-live=\"polite\" aria-atomic=\"true\"><\/p> <ul><\/ul><\/div>\n<form action=\"\/en\/wp-json\/wp\/v2\/pages\/1848#wpcf7-f2298-o1\" method=\"post\" class=\"wpcf7-form init\" aria-label=\"Contact form\" novalidate=\"novalidate\" data-status=\"init\">\n<fieldset class=\"hidden-fields-container\"><input type=\"hidden\" name=\"_wpcf7\" value=\"2298\" \/><input type=\"hidden\" name=\"_wpcf7_version\" value=\"6.1.5\" \/><input type=\"hidden\" name=\"_wpcf7_locale\" value=\"en_US\" \/><input type=\"hidden\" name=\"_wpcf7_unit_tag\" value=\"wpcf7-f2298-o1\" \/><input type=\"hidden\" name=\"_wpcf7_container_post\" value=\"0\" \/><input type=\"hidden\" name=\"_wpcf7_posted_data_hash\" value=\"\" \/><input type=\"hidden\" name=\"_wpcf7_recaptcha_response\" value=\"\" \/>\n<\/fieldset>\n<p><label> <span class=\"mywpcf7-span\">Your name and Surname (required)<\/span><br \/>\n<span class=\"wpcf7-form-control-wrap\" data-name=\"your-name\"><input size=\"40\" maxlength=\"400\" class=\"wpcf7-form-control wpcf7-text wpcf7-validates-as-required\" aria-required=\"true\" aria-invalid=\"false\" value=\"\" type=\"text\" name=\"your-name\" \/><\/span> <\/label>\n<\/p>\n<p><label> <span class=\"mywpcf7-span\">Company name:<\/span><br \/>\n<span class=\"wpcf7-form-control-wrap\" data-name=\"nazov-spolocnosti\"><input size=\"40\" maxlength=\"400\" class=\"wpcf7-form-control wpcf7-text\" aria-invalid=\"false\" value=\"\" type=\"text\" name=\"nazov-spolocnosti\" \/><\/span> <\/label>\n<\/p>\n<p><label> <span class=\"mywpcf7-span\">Your email (required)<\/span><br \/>\n<span class=\"wpcf7-form-control-wrap\" data-name=\"your-email\"><input size=\"40\" maxlength=\"400\" class=\"wpcf7-form-control wpcf7-email wpcf7-validates-as-required wpcf7-text wpcf7-validates-as-email\" aria-required=\"true\" aria-invalid=\"false\" value=\"\" type=\"email\" name=\"your-email\" \/><\/span> <\/label>\n<\/p>\n<p><label> <span class=\"mywpcf7-span\">Phone<\/span><br \/>\n<span class=\"wpcf7-form-control-wrap\" data-name=\"tel-360\"><input size=\"40\" maxlength=\"400\" class=\"wpcf7-form-control wpcf7-tel wpcf7-text wpcf7-validates-as-tel\" aria-invalid=\"false\" value=\"\" type=\"tel\" name=\"tel-360\" \/><\/span> <\/label>\n<\/p>\n<p><label> <span class=\"mywpcf7-span\">Required m2:<\/span><br \/>\n<span class=\"wpcf7-form-control-wrap\" data-name=\"pozadovane-m2\"><input size=\"40\" maxlength=\"400\" class=\"wpcf7-form-control wpcf7-text\" aria-invalid=\"false\" value=\"\" type=\"text\" name=\"pozadovane-m2\" \/><\/span> <\/label>\n<\/p>\n<p><label> <span class=\"mywpcf7-span\">Comments:<\/span><br \/>\n<span class=\"wpcf7-form-control-wrap\" data-name=\"poznamka\"><input size=\"40\" maxlength=\"400\" class=\"wpcf7-form-control wpcf7-text\" aria-invalid=\"false\" value=\"\" type=\"text\" name=\"poznamka\" \/><\/span> <\/label>\n<\/p>\n<p><span class=\"wpcf7-form-control-wrap\" data-name=\"acceptance-291\"><span class=\"wpcf7-form-control wpcf7-acceptance\"><span class=\"wpcf7-list-item\"><label><input type=\"checkbox\" name=\"acceptance-291\" value=\"1\" aria-invalid=\"false\" \/><span class=\"wpcf7-list-item-label\">I agree to the <a href=\"index.php\/?p=3\">Processing and storage of personal data<\/a> for marketing purposes.<\/span><\/label><\/span><\/span><\/span>\n<\/p>\n<p><input class=\"wpcf7-form-control wpcf7-submit has-spinner\" type=\"submit\" value=\"Submit\" \/>\n<\/p><div class=\"wpcf7-response-output\" aria-hidden=\"true\"><\/div>\n<\/form>\n<\/div>\n<br \/>\n<button class=\"close-button\" type=\"button\" data-close=\"\" aria-label=\"Close modal\"><br \/>\n<span aria-hidden=\"true\">\u00d7<\/span><br \/>\n<\/button><\/p>\n<\/div>\n<p><!-- ***************************************************************************** Reveal END ***************************************************************************** --><\/p>\n<div class=\"grid-x grid-margin-x grid-padding-x\">\n<div class=\"cell small-12 medium-6 large-6\"><img loading=\"lazy\" decoding=\"async\" class=\"alignleft wp-image-2404\" src=\"https:\/\/bck.sk\/wp-content\/uploads\/2020\/12\/parking-spaces-1-1024x685.jpg\" alt=\"\" width=\"550\" height=\"368\" srcset=\"https:\/\/bck.sk\/wp-content\/uploads\/2020\/12\/parking-spaces-1-1024x685.jpg 1024w, https:\/\/bck.sk\/wp-content\/uploads\/2020\/12\/parking-spaces-1-300x201.jpg 300w, https:\/\/bck.sk\/wp-content\/uploads\/2020\/12\/parking-spaces-1-768x513.jpg 768w, https:\/\/bck.sk\/wp-content\/uploads\/2020\/12\/parking-spaces-1.jpg 1050w\" sizes=\"auto, (max-width: 550px) 100vw, 550px\" \/><\/div>\n<div class=\"cell small-12 medium-6 large-6\">The whole BCK complex offers sufficient number of parking spaces not only for tenants and apartment residents, but also for clients and customers. There are 710 parking spaces, which are subject to regular maintenance cleaning and are connected to the CCTV, thus providing comfortable, trouble-free and guarded parking.<br \/>\nYou can choose from underground, as well as outdoor parking lots, which are suitable for your business suppliers or for storing bicycles in designated racks.<\/p>\n<h2>Contact us<\/h2>\n<p>Please contact us for more information about current rental possibilities:<\/p>\n<p><strong>Andrea \u0160vihrov\u00e1<\/strong><br \/>\nSales Manager BCK<br \/>\nemail: <a href=\"mailto:info@bck.sk\">info@bck.sk<\/a><br \/>\nmobil: <a href=\"tel:+421905505650\">+421 905 505 650<\/a><\/p>\n<p>Alternatively, fill out the contact form and we will contact you back.<br \/>\n<a class=\"button\" href=\"#\" data-open=\"kontaktnyFormular\">Contact form<\/a><\/p>\n<\/div>\n<\/div>\n","protected":false},"excerpt":{"rendered":"<p>Contact form \u00d7 The whole BCK complex offers sufficient number of parking spaces not only for tenants and apartment residents, but also for clients and customers. There are 710 parking spaces, which are subject to regular maintenance cleaning and are connected to the CCTV, thus providing comfortable, trouble-free and guarded parking. You can choose from<a class=\"excerpt-read-more\" href=\"https:\/\/bck.sk\/en\/parking-spaces\/\" title=\"ReadParking spaces\">&#8230; Read more &raquo;<\/a><\/p>\n","protected":false},"author":2,"featured_media":0,"parent":0,"menu_order":33,"comment_status":"closed","ping_status":"closed","template":"template-full-width.php","meta":{"_acf_changed":false,"footnotes":""},"class_list":["post-1848","page","type-page","status-publish","hentry"],"acf":[],"yoast_head":"<!-- This site is optimized with the Yoast SEO plugin v27.3 - https:\/\/yoast.com\/product\/yoast-seo-wordpress\/ -->\n<title>Parking spaces - Rent and lease offices, retail or commercial spaces in Kosice<\/title>\n<meta name=\"robots\" content=\"index, follow, max-snippet:-1, max-image-preview:large, max-video-preview:-1\" \/>\n<link rel=\"canonical\" href=\"https:\/\/bck.sk\/en\/parking-spaces\/\" \/>\n<meta property=\"og:locale\" content=\"en_US\" \/>\n<meta property=\"og:type\" content=\"article\" \/>\n<meta property=\"og:title\" content=\"Parking spaces - Rent and lease offices, retail or commercial spaces in Kosice\" \/>\n<meta property=\"og:description\" content=\"Contact form \u00d7 The whole BCK complex offers sufficient number of parking spaces not only for tenants and apartment residents, but also for clients and customers. There are 710 parking spaces, which are subject to regular maintenance cleaning and are connected to the CCTV, thus providing comfortable, trouble-free and guarded parking. You can choose from... Read more &raquo;\" \/>\n<meta property=\"og:url\" content=\"https:\/\/bck.sk\/en\/parking-spaces\/\" \/>\n<meta property=\"og:site_name\" content=\"Business Centre Ko\u0161ice\" \/>\n<meta property=\"article:modified_time\" content=\"2026-04-23T10:06:07+00:00\" \/>\n<meta property=\"og:image\" content=\"https:\/\/bck.sk\/wp-content\/uploads\/2020\/12\/parking-spaces-1.jpg\" \/>\n\t<meta property=\"og:image:width\" content=\"1050\" \/>\n\t<meta property=\"og:image:height\" content=\"702\" \/>\n\t<meta property=\"og:image:type\" content=\"image\/jpeg\" \/>\n<meta name=\"twitter:card\" content=\"summary_large_image\" \/>\n<meta name=\"twitter:label1\" content=\"Est. reading time\" \/>\n\t<meta name=\"twitter:data1\" content=\"1 minute\" \/>\n<script type=\"application\/ld+json\" class=\"yoast-schema-graph\">{\"@context\":\"https:\\\/\\\/schema.org\",\"@graph\":[{\"@type\":\"WebPage\",\"@id\":\"https:\\\/\\\/bck.sk\\\/en\\\/parking-spaces\\\/\",\"url\":\"https:\\\/\\\/bck.sk\\\/en\\\/parking-spaces\\\/\",\"name\":\"Parking spaces - Rent and lease offices, retail or commercial spaces in Kosice\",\"isPartOf\":{\"@id\":\"https:\\\/\\\/bck.sk\\\/en\\\/#website\"},\"primaryImageOfPage\":{\"@id\":\"https:\\\/\\\/bck.sk\\\/en\\\/parking-spaces\\\/#primaryimage\"},\"image\":{\"@id\":\"https:\\\/\\\/bck.sk\\\/en\\\/parking-spaces\\\/#primaryimage\"},\"thumbnailUrl\":\"https:\\\/\\\/bck.sk\\\/wp-content\\\/uploads\\\/2020\\\/12\\\/parking-spaces-1-1024x685.jpg\",\"datePublished\":\"2020-05-13T20:01:44+00:00\",\"dateModified\":\"2026-04-23T10:06:07+00:00\",\"breadcrumb\":{\"@id\":\"https:\\\/\\\/bck.sk\\\/en\\\/parking-spaces\\\/#breadcrumb\"},\"inLanguage\":\"en-US\",\"potentialAction\":[{\"@type\":\"ReadAction\",\"target\":[\"https:\\\/\\\/bck.sk\\\/en\\\/parking-spaces\\\/\"]}]},{\"@type\":\"ImageObject\",\"inLanguage\":\"en-US\",\"@id\":\"https:\\\/\\\/bck.sk\\\/en\\\/parking-spaces\\\/#primaryimage\",\"url\":\"https:\\\/\\\/bck.sk\\\/wp-content\\\/uploads\\\/2020\\\/12\\\/parking-spaces-1-1024x685.jpg\",\"contentUrl\":\"https:\\\/\\\/bck.sk\\\/wp-content\\\/uploads\\\/2020\\\/12\\\/parking-spaces-1-1024x685.jpg\"},{\"@type\":\"BreadcrumbList\",\"@id\":\"https:\\\/\\\/bck.sk\\\/en\\\/parking-spaces\\\/#breadcrumb\",\"itemListElement\":[{\"@type\":\"ListItem\",\"position\":1,\"name\":\"Home\",\"item\":\"https:\\\/\\\/bck.sk\\\/en\\\/\"},{\"@type\":\"ListItem\",\"position\":2,\"name\":\"Parking spaces\"}]},{\"@type\":\"WebSite\",\"@id\":\"https:\\\/\\\/bck.sk\\\/en\\\/#website\",\"url\":\"https:\\\/\\\/bck.sk\\\/en\\\/\",\"name\":\"Business Centre Ko\u0161ice\",\"description\":\"Kancel\u00e1rie na pren\u00e1jom - luxusn\u00e9 kancel\u00e1rske priestory Ko\u0161ice\",\"potentialAction\":[{\"@type\":\"SearchAction\",\"target\":{\"@type\":\"EntryPoint\",\"urlTemplate\":\"https:\\\/\\\/bck.sk\\\/en\\\/?s={search_term_string}\"},\"query-input\":{\"@type\":\"PropertyValueSpecification\",\"valueRequired\":true,\"valueName\":\"search_term_string\"}}],\"inLanguage\":\"en-US\"}]}<\/script>\n<!-- \/ Yoast SEO plugin. -->","yoast_head_json":{"title":"Parking spaces - Rent and lease offices, retail or commercial spaces in Kosice","robots":{"index":"index","follow":"follow","max-snippet":"max-snippet:-1","max-image-preview":"max-image-preview:large","max-video-preview":"max-video-preview:-1"},"canonical":"https:\/\/bck.sk\/en\/parking-spaces\/","og_locale":"en_US","og_type":"article","og_title":"Parking spaces - Rent and lease offices, retail or commercial spaces in Kosice","og_description":"Contact form \u00d7 The whole BCK complex offers sufficient number of parking spaces not only for tenants and apartment residents, but also for clients and customers. There are 710 parking spaces, which are subject to regular maintenance cleaning and are connected to the CCTV, thus providing comfortable, trouble-free and guarded parking. You can choose from... Read more &raquo;","og_url":"https:\/\/bck.sk\/en\/parking-spaces\/","og_site_name":"Business Centre Ko\u0161ice","article_modified_time":"2026-04-23T10:06:07+00:00","og_image":[{"width":1050,"height":702,"url":"https:\/\/bck.sk\/wp-content\/uploads\/2020\/12\/parking-spaces-1.jpg","type":"image\/jpeg"}],"twitter_card":"summary_large_image","twitter_misc":{"Est. reading time":"1 minute"},"schema":{"@context":"https:\/\/schema.org","@graph":[{"@type":"WebPage","@id":"https:\/\/bck.sk\/en\/parking-spaces\/","url":"https:\/\/bck.sk\/en\/parking-spaces\/","name":"Parking spaces - Rent and lease offices, retail or commercial spaces in Kosice","isPartOf":{"@id":"https:\/\/bck.sk\/en\/#website"},"primaryImageOfPage":{"@id":"https:\/\/bck.sk\/en\/parking-spaces\/#primaryimage"},"image":{"@id":"https:\/\/bck.sk\/en\/parking-spaces\/#primaryimage"},"thumbnailUrl":"https:\/\/bck.sk\/wp-content\/uploads\/2020\/12\/parking-spaces-1-1024x685.jpg","datePublished":"2020-05-13T20:01:44+00:00","dateModified":"2026-04-23T10:06:07+00:00","breadcrumb":{"@id":"https:\/\/bck.sk\/en\/parking-spaces\/#breadcrumb"},"inLanguage":"en-US","potentialAction":[{"@type":"ReadAction","target":["https:\/\/bck.sk\/en\/parking-spaces\/"]}]},{"@type":"ImageObject","inLanguage":"en-US","@id":"https:\/\/bck.sk\/en\/parking-spaces\/#primaryimage","url":"https:\/\/bck.sk\/wp-content\/uploads\/2020\/12\/parking-spaces-1-1024x685.jpg","contentUrl":"https:\/\/bck.sk\/wp-content\/uploads\/2020\/12\/parking-spaces-1-1024x685.jpg"},{"@type":"BreadcrumbList","@id":"https:\/\/bck.sk\/en\/parking-spaces\/#breadcrumb","itemListElement":[{"@type":"ListItem","position":1,"name":"Home","item":"https:\/\/bck.sk\/en\/"},{"@type":"ListItem","position":2,"name":"Parking spaces"}]},{"@type":"WebSite","@id":"https:\/\/bck.sk\/en\/#website","url":"https:\/\/bck.sk\/en\/","name":"Business Centre Ko\u0161ice","description":"Kancel\u00e1rie na pren\u00e1jom - luxusn\u00e9 kancel\u00e1rske priestory Ko\u0161ice","potentialAction":[{"@type":"SearchAction","target":{"@type":"EntryPoint","urlTemplate":"https:\/\/bck.sk\/en\/?s={search_term_string}"},"query-input":{"@type":"PropertyValueSpecification","valueRequired":true,"valueName":"search_term_string"}}],"inLanguage":"en-US"}]}},"_links":{"self":[{"href":"https:\/\/bck.sk\/en\/wp-json\/wp\/v2\/pages\/1848","targetHints":{"allow":["GET"]}}],"collection":[{"href":"https:\/\/bck.sk\/en\/wp-json\/wp\/v2\/pages"}],"about":[{"href":"https:\/\/bck.sk\/en\/wp-json\/wp\/v2\/types\/page"}],"author":[{"embeddable":true,"href":"https:\/\/bck.sk\/en\/wp-json\/wp\/v2\/users\/2"}],"replies":[{"embeddable":true,"href":"https:\/\/bck.sk\/en\/wp-json\/wp\/v2\/comments?post=1848"}],"version-history":[{"count":11,"href":"https:\/\/bck.sk\/en\/wp-json\/wp\/v2\/pages\/1848\/revisions"}],"predecessor-version":[{"id":6048,"href":"https:\/\/bck.sk\/en\/wp-json\/wp\/v2\/pages\/1848\/revisions\/6048"}],"wp:attachment":[{"href":"https:\/\/bck.sk\/en\/wp-json\/wp\/v2\/media?parent=1848"}],"curies":[{"name":"wp","href":"https:\/\/api.w.org\/{rel}","templated":true}]}}