{"id":1607,"date":"2020-05-07T16:04:39","date_gmt":"2020-05-07T14:04:39","guid":{"rendered":"https:\/\/bck.sk\/?page_id=1607"},"modified":"2022-10-12T12:30:01","modified_gmt":"2022-10-12T10:30:01","slug":"office-standard-and-technology","status":"publish","type":"page","link":"https:\/\/bck.sk\/en\/office-standard-and-technology\/","title":{"rendered":"Office standard and technology"},"content":{"rendered":"<div class=\"grid-container\">\n<div class=\"grid-x grid-padding-x grid-margin-x\">\n<div class=\"cell small-12 medium-6 my-content-cell\">\n<p style=\"text-align: left;\">Tenants in Business Centre Ko\u0161ice are offered:<\/p>\n<div>\n<div style=\"float: left; padding-right: 25px; min-width: 285px;\">\n<ul>\n<li style=\"text-align: left;\">timeless architecture and design<\/li>\n<li style=\"text-align: left;\">energy certificate type A<\/li>\n<li style=\"text-align: left;\">optical data connection<\/li>\n<li style=\"text-align: left;\">regulated heating system<\/li>\n<li style=\"text-align: left;\">air conditioning<\/li>\n<li style=\"text-align: left;\">openable windows<\/li>\n<li style=\"text-align: left;\">full glass fa\u00e7ade<\/li>\n<\/ul>\n<\/div>\n<div style=\"width: 310px; float: left;\">\n<ul>\n<li style=\"text-align: left;\">excellent penetration of natural light<\/li>\n<li style=\"text-align: left;\">EPS fire protection system<\/li>\n<li style=\"text-align: left;\">regularly serviced lifts<\/li>\n<li style=\"text-align: left;\">structured cabling<\/li>\n<li style=\"text-align: left;\">CCTV<\/li>\n<li style=\"text-align: left;\">access system<\/li>\n<\/ul>\n<\/div>\n<\/div>\n<\/div>\n<div class=\"cell small-12 medium-6 my-content-cell\"><img loading=\"lazy\" decoding=\"async\" class=\"alignnone wp-image-4067\" src=\"https:\/\/bck.sk\/wp-content\/uploads\/2022\/10\/GlobalLogic-5.jpg\" alt=\"\" width=\"942\" height=\"530\" \/><\/div>\n<\/div>\n<\/div>\n","protected":false},"excerpt":{"rendered":"<p>Tenants in Business Centre Ko\u0161ice are offered: timeless architecture and design energy certificate type A optical data connection regulated heating system air conditioning openable windows full glass fa\u00e7ade excellent penetration of natural light EPS fire protection system regularly serviced lifts structured cabling CCTV access system<\/p>\n","protected":false},"author":1,"featured_media":4168,"parent":0,"menu_order":32,"comment_status":"closed","ping_status":"closed","template":"template-full-width.php","meta":{"_acf_changed":false,"footnotes":""},"class_list":["post-1607","page","type-page","status-publish","has-post-thumbnail","hentry"],"acf":[],"yoast_head":"<!-- This site is optimized with the Yoast SEO plugin v27.3 - https:\/\/yoast.com\/product\/yoast-seo-wordpress\/ -->\n<title>Office standard and technology - Rent and lease offices, retail or commercial spaces in Kosice<\/title>\n<meta name=\"robots\" content=\"index, follow, max-snippet:-1, max-image-preview:large, max-video-preview:-1\" \/>\n<link rel=\"canonical\" href=\"https:\/\/bck.sk\/en\/office-standard-and-technology\/\" \/>\n<meta property=\"og:locale\" content=\"en_US\" \/>\n<meta property=\"og:type\" content=\"article\" \/>\n<meta property=\"og:title\" content=\"Office standard and technology - Rent and lease offices, retail or commercial spaces in Kosice\" \/>\n<meta property=\"og:description\" content=\"Tenants in Business Centre Ko\u0161ice are offered: timeless architecture and design energy certificate type A optical data connection regulated heating system air conditioning openable windows full glass fa\u00e7ade excellent penetration of natural light EPS fire protection system regularly serviced lifts structured cabling CCTV access system\" \/>\n<meta property=\"og:url\" content=\"https:\/\/bck.sk\/en\/office-standard-and-technology\/\" \/>\n<meta property=\"og:site_name\" content=\"Business Centre Ko\u0161ice\" \/>\n<meta property=\"article:modified_time\" content=\"2022-10-12T10:30:01+00:00\" \/>\n<meta property=\"og:image\" content=\"https:\/\/bck.sk\/wp-content\/uploads\/2022\/10\/BCK-kancelarie-21-scaled.jpg\" \/>\n\t<meta property=\"og:image:width\" content=\"2560\" \/>\n\t<meta property=\"og:image:height\" content=\"1707\" \/>\n\t<meta property=\"og:image:type\" content=\"image\/jpeg\" \/>\n<meta name=\"twitter:card\" content=\"summary_large_image\" \/>\n<meta name=\"twitter:label1\" content=\"Est. reading time\" \/>\n\t<meta name=\"twitter:data1\" content=\"1 minute\" \/>\n<script type=\"application\/ld+json\" class=\"yoast-schema-graph\">{\"@context\":\"https:\\\/\\\/schema.org\",\"@graph\":[{\"@type\":\"WebPage\",\"@id\":\"https:\\\/\\\/bck.sk\\\/en\\\/office-standard-and-technology\\\/\",\"url\":\"https:\\\/\\\/bck.sk\\\/en\\\/office-standard-and-technology\\\/\",\"name\":\"Office standard and technology - Rent and lease offices, retail or commercial spaces in Kosice\",\"isPartOf\":{\"@id\":\"https:\\\/\\\/bck.sk\\\/en\\\/#website\"},\"primaryImageOfPage\":{\"@id\":\"https:\\\/\\\/bck.sk\\\/en\\\/office-standard-and-technology\\\/#primaryimage\"},\"image\":{\"@id\":\"https:\\\/\\\/bck.sk\\\/en\\\/office-standard-and-technology\\\/#primaryimage\"},\"thumbnailUrl\":\"https:\\\/\\\/bck.sk\\\/wp-content\\\/uploads\\\/2022\\\/10\\\/BCK-kancelarie-21-scaled.jpg\",\"datePublished\":\"2020-05-07T14:04:39+00:00\",\"dateModified\":\"2022-10-12T10:30:01+00:00\",\"breadcrumb\":{\"@id\":\"https:\\\/\\\/bck.sk\\\/en\\\/office-standard-and-technology\\\/#breadcrumb\"},\"inLanguage\":\"en-US\",\"potentialAction\":[{\"@type\":\"ReadAction\",\"target\":[\"https:\\\/\\\/bck.sk\\\/en\\\/office-standard-and-technology\\\/\"]}]},{\"@type\":\"ImageObject\",\"inLanguage\":\"en-US\",\"@id\":\"https:\\\/\\\/bck.sk\\\/en\\\/office-standard-and-technology\\\/#primaryimage\",\"url\":\"https:\\\/\\\/bck.sk\\\/wp-content\\\/uploads\\\/2022\\\/10\\\/BCK-kancelarie-21-scaled.jpg\",\"contentUrl\":\"https:\\\/\\\/bck.sk\\\/wp-content\\\/uploads\\\/2022\\\/10\\\/BCK-kancelarie-21-scaled.jpg\",\"width\":2560,\"height\":1707,\"caption\":\"Autor n\u00e1vrhu: Ing. arch. Miloslav Kov\u00e1\u010d, PhD.\\\/KOV\u00c1\u010carchitekt Autor fotografi\u00ed: Mgr.art.Marek Bern\u00e1t\\\/Videopreteba\"},{\"@type\":\"BreadcrumbList\",\"@id\":\"https:\\\/\\\/bck.sk\\\/en\\\/office-standard-and-technology\\\/#breadcrumb\",\"itemListElement\":[{\"@type\":\"ListItem\",\"position\":1,\"name\":\"Home\",\"item\":\"https:\\\/\\\/bck.sk\\\/en\\\/\"},{\"@type\":\"ListItem\",\"position\":2,\"name\":\"Office standard and technology\"}]},{\"@type\":\"WebSite\",\"@id\":\"https:\\\/\\\/bck.sk\\\/en\\\/#website\",\"url\":\"https:\\\/\\\/bck.sk\\\/en\\\/\",\"name\":\"Business Centre Ko\u0161ice\",\"description\":\"Kancel\u00e1rie na pren\u00e1jom - luxusn\u00e9 kancel\u00e1rske priestory Ko\u0161ice\",\"potentialAction\":[{\"@type\":\"SearchAction\",\"target\":{\"@type\":\"EntryPoint\",\"urlTemplate\":\"https:\\\/\\\/bck.sk\\\/en\\\/?s={search_term_string}\"},\"query-input\":{\"@type\":\"PropertyValueSpecification\",\"valueRequired\":true,\"valueName\":\"search_term_string\"}}],\"inLanguage\":\"en-US\"}]}<\/script>\n<!-- \/ Yoast SEO plugin. -->","yoast_head_json":{"title":"Office standard and technology - Rent and lease offices, retail or commercial spaces in Kosice","robots":{"index":"index","follow":"follow","max-snippet":"max-snippet:-1","max-image-preview":"max-image-preview:large","max-video-preview":"max-video-preview:-1"},"canonical":"https:\/\/bck.sk\/en\/office-standard-and-technology\/","og_locale":"en_US","og_type":"article","og_title":"Office standard and technology - Rent and lease offices, retail or commercial spaces in Kosice","og_description":"Tenants in Business Centre Ko\u0161ice are offered: timeless architecture and design energy certificate type A optical data connection regulated heating system air conditioning openable windows full glass fa\u00e7ade excellent penetration of natural light EPS fire protection system regularly serviced lifts structured cabling CCTV access system","og_url":"https:\/\/bck.sk\/en\/office-standard-and-technology\/","og_site_name":"Business Centre Ko\u0161ice","article_modified_time":"2022-10-12T10:30:01+00:00","og_image":[{"width":2560,"height":1707,"url":"https:\/\/bck.sk\/wp-content\/uploads\/2022\/10\/BCK-kancelarie-21-scaled.jpg","type":"image\/jpeg"}],"twitter_card":"summary_large_image","twitter_misc":{"Est. reading time":"1 minute"},"schema":{"@context":"https:\/\/schema.org","@graph":[{"@type":"WebPage","@id":"https:\/\/bck.sk\/en\/office-standard-and-technology\/","url":"https:\/\/bck.sk\/en\/office-standard-and-technology\/","name":"Office standard and technology - Rent and lease offices, retail or commercial spaces in Kosice","isPartOf":{"@id":"https:\/\/bck.sk\/en\/#website"},"primaryImageOfPage":{"@id":"https:\/\/bck.sk\/en\/office-standard-and-technology\/#primaryimage"},"image":{"@id":"https:\/\/bck.sk\/en\/office-standard-and-technology\/#primaryimage"},"thumbnailUrl":"https:\/\/bck.sk\/wp-content\/uploads\/2022\/10\/BCK-kancelarie-21-scaled.jpg","datePublished":"2020-05-07T14:04:39+00:00","dateModified":"2022-10-12T10:30:01+00:00","breadcrumb":{"@id":"https:\/\/bck.sk\/en\/office-standard-and-technology\/#breadcrumb"},"inLanguage":"en-US","potentialAction":[{"@type":"ReadAction","target":["https:\/\/bck.sk\/en\/office-standard-and-technology\/"]}]},{"@type":"ImageObject","inLanguage":"en-US","@id":"https:\/\/bck.sk\/en\/office-standard-and-technology\/#primaryimage","url":"https:\/\/bck.sk\/wp-content\/uploads\/2022\/10\/BCK-kancelarie-21-scaled.jpg","contentUrl":"https:\/\/bck.sk\/wp-content\/uploads\/2022\/10\/BCK-kancelarie-21-scaled.jpg","width":2560,"height":1707,"caption":"Autor n\u00e1vrhu: Ing. arch. Miloslav Kov\u00e1\u010d, PhD.\/KOV\u00c1\u010carchitekt Autor fotografi\u00ed: Mgr.art.Marek Bern\u00e1t\/Videopreteba"},{"@type":"BreadcrumbList","@id":"https:\/\/bck.sk\/en\/office-standard-and-technology\/#breadcrumb","itemListElement":[{"@type":"ListItem","position":1,"name":"Home","item":"https:\/\/bck.sk\/en\/"},{"@type":"ListItem","position":2,"name":"Office standard and technology"}]},{"@type":"WebSite","@id":"https:\/\/bck.sk\/en\/#website","url":"https:\/\/bck.sk\/en\/","name":"Business Centre Ko\u0161ice","description":"Kancel\u00e1rie na pren\u00e1jom - luxusn\u00e9 kancel\u00e1rske priestory Ko\u0161ice","potentialAction":[{"@type":"SearchAction","target":{"@type":"EntryPoint","urlTemplate":"https:\/\/bck.sk\/en\/?s={search_term_string}"},"query-input":{"@type":"PropertyValueSpecification","valueRequired":true,"valueName":"search_term_string"}}],"inLanguage":"en-US"}]}},"_links":{"self":[{"href":"https:\/\/bck.sk\/en\/wp-json\/wp\/v2\/pages\/1607","targetHints":{"allow":["GET"]}}],"collection":[{"href":"https:\/\/bck.sk\/en\/wp-json\/wp\/v2\/pages"}],"about":[{"href":"https:\/\/bck.sk\/en\/wp-json\/wp\/v2\/types\/page"}],"author":[{"embeddable":true,"href":"https:\/\/bck.sk\/en\/wp-json\/wp\/v2\/users\/1"}],"replies":[{"embeddable":true,"href":"https:\/\/bck.sk\/en\/wp-json\/wp\/v2\/comments?post=1607"}],"version-history":[{"count":2,"href":"https:\/\/bck.sk\/en\/wp-json\/wp\/v2\/pages\/1607\/revisions"}],"predecessor-version":[{"id":4212,"href":"https:\/\/bck.sk\/en\/wp-json\/wp\/v2\/pages\/1607\/revisions\/4212"}],"wp:featuredmedia":[{"embeddable":true,"href":"https:\/\/bck.sk\/en\/wp-json\/wp\/v2\/media\/4168"}],"wp:attachment":[{"href":"https:\/\/bck.sk\/en\/wp-json\/wp\/v2\/media?parent=1607"}],"curies":[{"name":"wp","href":"https:\/\/api.w.org\/{rel}","templated":true}]}}