{"id":1504,"date":"2020-05-07T15:42:02","date_gmt":"2020-05-07T13:42:02","guid":{"rendered":"https:\/\/bck.sk\/?page_id=1504"},"modified":"2020-05-13T23:37:27","modified_gmt":"2020-05-13T21:37:27","slug":"phase2-7th-floor","status":"publish","type":"page","link":"https:\/\/bck.sk\/en\/3d-selection-of-premises\/phase2-7th-floor\/","title":{"rendered":"Phase II \u2013 7th floor"},"content":{"rendered":"","protected":false},"excerpt":{"rendered":"","protected":false},"author":1,"featured_media":1712,"parent":1604,"menu_order":2,"comment_status":"closed","ping_status":"closed","template":"template-poschodie.php","meta":{"_acf_changed":false,"footnotes":""},"class_list":["post-1504","page","type-page","status-publish","has-post-thumbnail","hentry"],"acf":[],"yoast_head":"<!-- This site is optimized with the Yoast SEO plugin v27.3 - https:\/\/yoast.com\/product\/yoast-seo-wordpress\/ -->\n<title>Phase II \u2013 7th floor - Rent and lease offices, retail or commercial spaces in Kosice<\/title>\n<meta name=\"robots\" content=\"index, follow, max-snippet:-1, max-image-preview:large, max-video-preview:-1\" \/>\n<link rel=\"canonical\" href=\"https:\/\/bck.sk\/en\/3d-selection-of-premises\/phase2-7th-floor\/\" \/>\n<meta property=\"og:locale\" content=\"en_US\" \/>\n<meta property=\"og:type\" content=\"article\" \/>\n<meta property=\"og:title\" content=\"Phase II \u2013 7th floor - Rent and lease offices, retail or commercial spaces in Kosice\" \/>\n<meta property=\"og:url\" content=\"https:\/\/bck.sk\/en\/3d-selection-of-premises\/phase2-7th-floor\/\" \/>\n<meta property=\"og:site_name\" content=\"Business Centre Ko\u0161ice\" \/>\n<meta property=\"article:modified_time\" content=\"2020-05-13T21:37:27+00:00\" \/>\n<meta property=\"og:image\" content=\"https:\/\/bck.sk\/wp-content\/uploads\/etapa02\/BCK-situation-E2.jpg\" \/>\n\t<meta property=\"og:image:width\" content=\"2000\" \/>\n\t<meta property=\"og:image:height\" content=\"1430\" \/>\n\t<meta property=\"og:image:type\" content=\"image\/jpeg\" \/>\n<meta name=\"twitter:card\" content=\"summary_large_image\" \/>\n<script type=\"application\/ld+json\" class=\"yoast-schema-graph\">{\"@context\":\"https:\\\/\\\/schema.org\",\"@graph\":[{\"@type\":\"WebPage\",\"@id\":\"https:\\\/\\\/bck.sk\\\/en\\\/3d-selection-of-premises\\\/phase2-7th-floor\\\/\",\"url\":\"https:\\\/\\\/bck.sk\\\/en\\\/3d-selection-of-premises\\\/phase2-7th-floor\\\/\",\"name\":\"Phase II \u2013 7th floor - Rent and lease offices, retail or commercial spaces in Kosice\",\"isPartOf\":{\"@id\":\"https:\\\/\\\/bck.sk\\\/en\\\/#website\"},\"primaryImageOfPage\":{\"@id\":\"https:\\\/\\\/bck.sk\\\/en\\\/3d-selection-of-premises\\\/phase2-7th-floor\\\/#primaryimage\"},\"image\":{\"@id\":\"https:\\\/\\\/bck.sk\\\/en\\\/3d-selection-of-premises\\\/phase2-7th-floor\\\/#primaryimage\"},\"thumbnailUrl\":\"https:\\\/\\\/bck.sk\\\/wp-content\\\/uploads\\\/etapa02\\\/BCK-situation-E2.jpg\",\"datePublished\":\"2020-05-07T13:42:02+00:00\",\"dateModified\":\"2020-05-13T21:37:27+00:00\",\"breadcrumb\":{\"@id\":\"https:\\\/\\\/bck.sk\\\/en\\\/3d-selection-of-premises\\\/phase2-7th-floor\\\/#breadcrumb\"},\"inLanguage\":\"en-US\",\"potentialAction\":[{\"@type\":\"ReadAction\",\"target\":[\"https:\\\/\\\/bck.sk\\\/en\\\/3d-selection-of-premises\\\/phase2-7th-floor\\\/\"]}]},{\"@type\":\"ImageObject\",\"inLanguage\":\"en-US\",\"@id\":\"https:\\\/\\\/bck.sk\\\/en\\\/3d-selection-of-premises\\\/phase2-7th-floor\\\/#primaryimage\",\"url\":\"https:\\\/\\\/bck.sk\\\/wp-content\\\/uploads\\\/etapa02\\\/BCK-situation-E2.jpg\",\"contentUrl\":\"https:\\\/\\\/bck.sk\\\/wp-content\\\/uploads\\\/etapa02\\\/BCK-situation-E2.jpg\",\"width\":2000,\"height\":1430},{\"@type\":\"BreadcrumbList\",\"@id\":\"https:\\\/\\\/bck.sk\\\/en\\\/3d-selection-of-premises\\\/phase2-7th-floor\\\/#breadcrumb\",\"itemListElement\":[{\"@type\":\"ListItem\",\"position\":1,\"name\":\"Home\",\"item\":\"https:\\\/\\\/bck.sk\\\/en\\\/\"},{\"@type\":\"ListItem\",\"position\":2,\"name\":\"3D SELECTION OF PREMISES\",\"item\":\"https:\\\/\\\/bck.sk\\\/en\\\/3d-selection-of-premises\\\/\"},{\"@type\":\"ListItem\",\"position\":3,\"name\":\"Phase II \u2013 7th floor\"}]},{\"@type\":\"WebSite\",\"@id\":\"https:\\\/\\\/bck.sk\\\/en\\\/#website\",\"url\":\"https:\\\/\\\/bck.sk\\\/en\\\/\",\"name\":\"Business Centre Ko\u0161ice\",\"description\":\"Kancel\u00e1rie na pren\u00e1jom - luxusn\u00e9 kancel\u00e1rske priestory Ko\u0161ice\",\"potentialAction\":[{\"@type\":\"SearchAction\",\"target\":{\"@type\":\"EntryPoint\",\"urlTemplate\":\"https:\\\/\\\/bck.sk\\\/en\\\/?s={search_term_string}\"},\"query-input\":{\"@type\":\"PropertyValueSpecification\",\"valueRequired\":true,\"valueName\":\"search_term_string\"}}],\"inLanguage\":\"en-US\"}]}<\/script>\n<!-- \/ Yoast SEO plugin. -->","yoast_head_json":{"title":"Phase II \u2013 7th floor - Rent and lease offices, retail or commercial spaces in Kosice","robots":{"index":"index","follow":"follow","max-snippet":"max-snippet:-1","max-image-preview":"max-image-preview:large","max-video-preview":"max-video-preview:-1"},"canonical":"https:\/\/bck.sk\/en\/3d-selection-of-premises\/phase2-7th-floor\/","og_locale":"en_US","og_type":"article","og_title":"Phase II \u2013 7th floor - Rent and lease offices, retail or commercial spaces in Kosice","og_url":"https:\/\/bck.sk\/en\/3d-selection-of-premises\/phase2-7th-floor\/","og_site_name":"Business Centre Ko\u0161ice","article_modified_time":"2020-05-13T21:37:27+00:00","og_image":[{"width":2000,"height":1430,"url":"https:\/\/bck.sk\/wp-content\/uploads\/etapa02\/BCK-situation-E2.jpg","type":"image\/jpeg"}],"twitter_card":"summary_large_image","schema":{"@context":"https:\/\/schema.org","@graph":[{"@type":"WebPage","@id":"https:\/\/bck.sk\/en\/3d-selection-of-premises\/phase2-7th-floor\/","url":"https:\/\/bck.sk\/en\/3d-selection-of-premises\/phase2-7th-floor\/","name":"Phase II \u2013 7th floor - Rent and lease offices, retail or commercial spaces in Kosice","isPartOf":{"@id":"https:\/\/bck.sk\/en\/#website"},"primaryImageOfPage":{"@id":"https:\/\/bck.sk\/en\/3d-selection-of-premises\/phase2-7th-floor\/#primaryimage"},"image":{"@id":"https:\/\/bck.sk\/en\/3d-selection-of-premises\/phase2-7th-floor\/#primaryimage"},"thumbnailUrl":"https:\/\/bck.sk\/wp-content\/uploads\/etapa02\/BCK-situation-E2.jpg","datePublished":"2020-05-07T13:42:02+00:00","dateModified":"2020-05-13T21:37:27+00:00","breadcrumb":{"@id":"https:\/\/bck.sk\/en\/3d-selection-of-premises\/phase2-7th-floor\/#breadcrumb"},"inLanguage":"en-US","potentialAction":[{"@type":"ReadAction","target":["https:\/\/bck.sk\/en\/3d-selection-of-premises\/phase2-7th-floor\/"]}]},{"@type":"ImageObject","inLanguage":"en-US","@id":"https:\/\/bck.sk\/en\/3d-selection-of-premises\/phase2-7th-floor\/#primaryimage","url":"https:\/\/bck.sk\/wp-content\/uploads\/etapa02\/BCK-situation-E2.jpg","contentUrl":"https:\/\/bck.sk\/wp-content\/uploads\/etapa02\/BCK-situation-E2.jpg","width":2000,"height":1430},{"@type":"BreadcrumbList","@id":"https:\/\/bck.sk\/en\/3d-selection-of-premises\/phase2-7th-floor\/#breadcrumb","itemListElement":[{"@type":"ListItem","position":1,"name":"Home","item":"https:\/\/bck.sk\/en\/"},{"@type":"ListItem","position":2,"name":"3D SELECTION OF PREMISES","item":"https:\/\/bck.sk\/en\/3d-selection-of-premises\/"},{"@type":"ListItem","position":3,"name":"Phase II \u2013 7th floor"}]},{"@type":"WebSite","@id":"https:\/\/bck.sk\/en\/#website","url":"https:\/\/bck.sk\/en\/","name":"Business Centre Ko\u0161ice","description":"Kancel\u00e1rie na pren\u00e1jom - luxusn\u00e9 kancel\u00e1rske priestory Ko\u0161ice","potentialAction":[{"@type":"SearchAction","target":{"@type":"EntryPoint","urlTemplate":"https:\/\/bck.sk\/en\/?s={search_term_string}"},"query-input":{"@type":"PropertyValueSpecification","valueRequired":true,"valueName":"search_term_string"}}],"inLanguage":"en-US"}]}},"_links":{"self":[{"href":"https:\/\/bck.sk\/en\/wp-json\/wp\/v2\/pages\/1504","targetHints":{"allow":["GET"]}}],"collection":[{"href":"https:\/\/bck.sk\/en\/wp-json\/wp\/v2\/pages"}],"about":[{"href":"https:\/\/bck.sk\/en\/wp-json\/wp\/v2\/types\/page"}],"author":[{"embeddable":true,"href":"https:\/\/bck.sk\/en\/wp-json\/wp\/v2\/users\/1"}],"replies":[{"embeddable":true,"href":"https:\/\/bck.sk\/en\/wp-json\/wp\/v2\/comments?post=1504"}],"version-history":[{"count":0,"href":"https:\/\/bck.sk\/en\/wp-json\/wp\/v2\/pages\/1504\/revisions"}],"up":[{"embeddable":true,"href":"https:\/\/bck.sk\/en\/wp-json\/wp\/v2\/pages\/1604"}],"wp:featuredmedia":[{"embeddable":true,"href":"https:\/\/bck.sk\/en\/wp-json\/wp\/v2\/media\/1712"}],"wp:attachment":[{"href":"https:\/\/bck.sk\/en\/wp-json\/wp\/v2\/media?parent=1504"}],"curies":[{"name":"wp","href":"https:\/\/api.w.org\/{rel}","templated":true}]}}