{"id":1485,"date":"2020-05-07T15:29:33","date_gmt":"2020-05-07T13:29:33","guid":{"rendered":"https:\/\/bck.sk\/?page_id=1485"},"modified":"2021-11-16T10:16:28","modified_gmt":"2021-11-16T09:16:28","slug":"phase2-1st-floor","status":"publish","type":"page","link":"https:\/\/bck.sk\/en\/3d-selection-of-premises\/phase2-1st-floor\/","title":{"rendered":"Phase II \u2013 1st floor"},"content":{"rendered":"","protected":false},"excerpt":{"rendered":"","protected":false},"author":1,"featured_media":0,"parent":1604,"menu_order":7,"comment_status":"closed","ping_status":"closed","template":"template-poschodie.php","meta":{"_acf_changed":false,"footnotes":""},"class_list":["post-1485","page","type-page","status-publish","hentry"],"acf":[],"yoast_head":"<!-- This site is optimized with the Yoast SEO plugin v27.3 - https:\/\/yoast.com\/product\/yoast-seo-wordpress\/ -->\n<title>Phase II \u2013 1st floor - Rent and lease offices, retail or commercial spaces in Kosice<\/title>\n<meta name=\"robots\" content=\"index, follow, max-snippet:-1, max-image-preview:large, max-video-preview:-1\" \/>\n<link rel=\"canonical\" href=\"https:\/\/bck.sk\/en\/3d-selection-of-premises\/phase2-1st-floor\/\" \/>\n<meta property=\"og:locale\" content=\"en_US\" \/>\n<meta property=\"og:type\" content=\"article\" \/>\n<meta property=\"og:title\" content=\"Phase II \u2013 1st floor - Rent and lease offices, retail or commercial spaces in Kosice\" \/>\n<meta property=\"og:url\" content=\"https:\/\/bck.sk\/en\/3d-selection-of-premises\/phase2-1st-floor\/\" \/>\n<meta property=\"og:site_name\" content=\"Business Centre Ko\u0161ice\" \/>\n<meta property=\"article:modified_time\" content=\"2021-11-16T09:16:28+00:00\" \/>\n<meta name=\"twitter:card\" content=\"summary_large_image\" \/>\n<script type=\"application\/ld+json\" class=\"yoast-schema-graph\">{\"@context\":\"https:\\\/\\\/schema.org\",\"@graph\":[{\"@type\":\"WebPage\",\"@id\":\"https:\\\/\\\/bck.sk\\\/en\\\/3d-selection-of-premises\\\/phase2-1st-floor\\\/\",\"url\":\"https:\\\/\\\/bck.sk\\\/en\\\/3d-selection-of-premises\\\/phase2-1st-floor\\\/\",\"name\":\"Phase II \u2013 1st floor - Rent and lease offices, retail or commercial spaces in Kosice\",\"isPartOf\":{\"@id\":\"https:\\\/\\\/bck.sk\\\/en\\\/#website\"},\"datePublished\":\"2020-05-07T13:29:33+00:00\",\"dateModified\":\"2021-11-16T09:16:28+00:00\",\"breadcrumb\":{\"@id\":\"https:\\\/\\\/bck.sk\\\/en\\\/3d-selection-of-premises\\\/phase2-1st-floor\\\/#breadcrumb\"},\"inLanguage\":\"en-US\",\"potentialAction\":[{\"@type\":\"ReadAction\",\"target\":[\"https:\\\/\\\/bck.sk\\\/en\\\/3d-selection-of-premises\\\/phase2-1st-floor\\\/\"]}]},{\"@type\":\"BreadcrumbList\",\"@id\":\"https:\\\/\\\/bck.sk\\\/en\\\/3d-selection-of-premises\\\/phase2-1st-floor\\\/#breadcrumb\",\"itemListElement\":[{\"@type\":\"ListItem\",\"position\":1,\"name\":\"Home\",\"item\":\"https:\\\/\\\/bck.sk\\\/en\\\/\"},{\"@type\":\"ListItem\",\"position\":2,\"name\":\"3D SELECTION OF PREMISES\",\"item\":\"https:\\\/\\\/bck.sk\\\/en\\\/3d-selection-of-premises\\\/\"},{\"@type\":\"ListItem\",\"position\":3,\"name\":\"Phase II \u2013 1st floor\"}]},{\"@type\":\"WebSite\",\"@id\":\"https:\\\/\\\/bck.sk\\\/en\\\/#website\",\"url\":\"https:\\\/\\\/bck.sk\\\/en\\\/\",\"name\":\"Business Centre Ko\u0161ice\",\"description\":\"Kancel\u00e1rie na pren\u00e1jom - luxusn\u00e9 kancel\u00e1rske priestory Ko\u0161ice\",\"potentialAction\":[{\"@type\":\"SearchAction\",\"target\":{\"@type\":\"EntryPoint\",\"urlTemplate\":\"https:\\\/\\\/bck.sk\\\/en\\\/?s={search_term_string}\"},\"query-input\":{\"@type\":\"PropertyValueSpecification\",\"valueRequired\":true,\"valueName\":\"search_term_string\"}}],\"inLanguage\":\"en-US\"}]}<\/script>\n<!-- \/ Yoast SEO plugin. -->","yoast_head_json":{"title":"Phase II \u2013 1st floor - Rent and lease offices, retail or commercial spaces in Kosice","robots":{"index":"index","follow":"follow","max-snippet":"max-snippet:-1","max-image-preview":"max-image-preview:large","max-video-preview":"max-video-preview:-1"},"canonical":"https:\/\/bck.sk\/en\/3d-selection-of-premises\/phase2-1st-floor\/","og_locale":"en_US","og_type":"article","og_title":"Phase II \u2013 1st floor - Rent and lease offices, retail or commercial spaces in Kosice","og_url":"https:\/\/bck.sk\/en\/3d-selection-of-premises\/phase2-1st-floor\/","og_site_name":"Business Centre Ko\u0161ice","article_modified_time":"2021-11-16T09:16:28+00:00","twitter_card":"summary_large_image","schema":{"@context":"https:\/\/schema.org","@graph":[{"@type":"WebPage","@id":"https:\/\/bck.sk\/en\/3d-selection-of-premises\/phase2-1st-floor\/","url":"https:\/\/bck.sk\/en\/3d-selection-of-premises\/phase2-1st-floor\/","name":"Phase II \u2013 1st floor - Rent and lease offices, retail or commercial spaces in Kosice","isPartOf":{"@id":"https:\/\/bck.sk\/en\/#website"},"datePublished":"2020-05-07T13:29:33+00:00","dateModified":"2021-11-16T09:16:28+00:00","breadcrumb":{"@id":"https:\/\/bck.sk\/en\/3d-selection-of-premises\/phase2-1st-floor\/#breadcrumb"},"inLanguage":"en-US","potentialAction":[{"@type":"ReadAction","target":["https:\/\/bck.sk\/en\/3d-selection-of-premises\/phase2-1st-floor\/"]}]},{"@type":"BreadcrumbList","@id":"https:\/\/bck.sk\/en\/3d-selection-of-premises\/phase2-1st-floor\/#breadcrumb","itemListElement":[{"@type":"ListItem","position":1,"name":"Home","item":"https:\/\/bck.sk\/en\/"},{"@type":"ListItem","position":2,"name":"3D SELECTION OF PREMISES","item":"https:\/\/bck.sk\/en\/3d-selection-of-premises\/"},{"@type":"ListItem","position":3,"name":"Phase II \u2013 1st floor"}]},{"@type":"WebSite","@id":"https:\/\/bck.sk\/en\/#website","url":"https:\/\/bck.sk\/en\/","name":"Business Centre Ko\u0161ice","description":"Kancel\u00e1rie na pren\u00e1jom - luxusn\u00e9 kancel\u00e1rske priestory Ko\u0161ice","potentialAction":[{"@type":"SearchAction","target":{"@type":"EntryPoint","urlTemplate":"https:\/\/bck.sk\/en\/?s={search_term_string}"},"query-input":{"@type":"PropertyValueSpecification","valueRequired":true,"valueName":"search_term_string"}}],"inLanguage":"en-US"}]}},"_links":{"self":[{"href":"https:\/\/bck.sk\/en\/wp-json\/wp\/v2\/pages\/1485","targetHints":{"allow":["GET"]}}],"collection":[{"href":"https:\/\/bck.sk\/en\/wp-json\/wp\/v2\/pages"}],"about":[{"href":"https:\/\/bck.sk\/en\/wp-json\/wp\/v2\/types\/page"}],"author":[{"embeddable":true,"href":"https:\/\/bck.sk\/en\/wp-json\/wp\/v2\/users\/1"}],"replies":[{"embeddable":true,"href":"https:\/\/bck.sk\/en\/wp-json\/wp\/v2\/comments?post=1485"}],"version-history":[{"count":2,"href":"https:\/\/bck.sk\/en\/wp-json\/wp\/v2\/pages\/1485\/revisions"}],"predecessor-version":[{"id":3872,"href":"https:\/\/bck.sk\/en\/wp-json\/wp\/v2\/pages\/1485\/revisions\/3872"}],"up":[{"embeddable":true,"href":"https:\/\/bck.sk\/en\/wp-json\/wp\/v2\/pages\/1604"}],"wp:attachment":[{"href":"https:\/\/bck.sk\/en\/wp-json\/wp\/v2\/media?parent=1485"}],"curies":[{"name":"wp","href":"https:\/\/api.w.org\/{rel}","templated":true}]}}