{"id":57,"date":"2020-02-26T13:33:18","date_gmt":"2020-02-26T12:33:18","guid":{"rendered":"https:\/\/bck.sk\/?page_id=57"},"modified":"2024-09-26T09:25:29","modified_gmt":"2024-09-26T07:25:29","slug":"kontakte","status":"publish","type":"page","link":"https:\/\/bck.sk\/de\/kontakte\/","title":{"rendered":"Kontakte"},"content":{"rendered":"<div class=\"grid-x grid-margin-x grid-padding-x\">\n<div class=\"cell small-12 medium-6 large-4 kontakty-1\">\n<h2>ADRESSE<\/h2>\n<p><strong>CTR Business center Ko\u0161ice a.s.<\/strong><br \/>\n\u0160t\u00farova 27, 040 01 Ko\u0161ice<br \/>\nSlowakische Republik<\/p>\n<p>GPS: 48.716960, 21.250434 (N48\u00b043&#8217;4&#8243; E21\u00b015&#8217;2&#8243;)<\/p>\n<p><a class=\"button small\" title=\"Zobrazi\u0165 na map\u00e1ch Google\" href=\"https:\/\/www.google.com\/maps\/place\/Business+Centre+Ko%C5%A1ice,+%C5%A0t%C3%BArova+27,+040+01+Star%C3%A9+Mesto\/@48.717062,21.2482149,17z\/data=!4m5!3m4!1s0x473ee06ec5c84f69:0x1102cc0c9e7bd72d!8m2!3d48.7170585!4d21.2504036\" target=\"_blank\" rel=\"noopener noreferrer\"><i class=\"fas fa-map-marker-alt\"><\/i> karte \/ Trasse (GOOGLE MAPS)<\/a><\/p>\n<hr \/>\n<h2>Rezeption:<\/h2>\n<p><strong>Tel. \/ e-mail<\/strong><br \/>\n<a class=\"button orange small\" href=\"tel:+421556804111\"><i class=\"fas fa-phone\"><\/i> +421 556 804 111<\/a><\/p>\n<p><a class=\"button orange small\" href=\"tel:+421918591279\"><i class=\"fas fa-phone\"><\/i> +421 918 591 279<\/a><br \/>\ne-mail: <a href=\"mailto:bck@bck.sk\">bck@bck.sk<\/a><\/p>\n<hr \/>\n<h2>GESCH\u00c4FTSABTEILUNG:<\/h2>\n<p><strong>Andrea \u0160vihrov\u00e1<\/strong><br \/>\n<a class=\"button orange small\" href=\"tel:+421905505650\"><i class=\"fas fa-phone\"><\/i> +421 905 505 650<\/a><\/p>\n<p>e-mail: <a href=\"mailto:info@bck.sk\">info@bck.sk<\/a><\/p>\n<hr \/>\n<p>Mitglied der Gruppe CTR<\/p>\n<p><a title=\"Zobrazi\u0165 webov\u00e9 s\u00eddlo CTR Group\" href=\"https:\/\/www.ctrgroup.com\" target=\"_blank\" rel=\"noopener noreferrer\"><img loading=\"lazy\" decoding=\"async\" class=\"size-medium wp-image-479\" src=\"https:\/\/bck.sk\/wp-content\/uploads\/2020\/04\/CTR-group_logo_invers-300x158.jpg\" alt=\"CTR Group logo\" width=\"300\" height=\"158\" srcset=\"https:\/\/bck.sk\/wp-content\/uploads\/2020\/04\/CTR-group_logo_invers-300x158.jpg 300w, https:\/\/bck.sk\/wp-content\/uploads\/2020\/04\/CTR-group_logo_invers-768x404.jpg 768w, https:\/\/bck.sk\/wp-content\/uploads\/2020\/04\/CTR-group_logo_invers.jpg 886w\" sizes=\"auto, (max-width: 300px) 100vw, 300px\" \/><\/a><\/p>\n<p><a class=\"button small\" title=\"Zobrazi\u0165 webov\u00e9 s\u00eddlo CTR Group\" href=\"https:\/\/www.ctrgroup.com\" target=\"_blank\" rel=\"noopener noreferrer\">www.ctrgroup.com<\/a><\/p>\n<\/div>\n<div class=\"cell small-12 medium-6 large-4 kontakty-2\">\n<h2>Wie erreichen Sie uns<\/h2>\n<dl>\n<dt>Mit \u00f6ffentlichen Verkehrsmitteln<\/dt>\n<dd>n unmittelbarer N\u00e4he des Objekts des BCK befinden sich Haltestellen der Linien des \u00f6ffentlichen Stadt- und Nahverkehrs (mit dem Namen \u201eKrajsk\u00fd s\u00fad\u201c) aus der Richtung des Internationalen Flughafens Ko\u0161ice (Buslinie Nr. 23), des Bahnhofs und Busbahnhofs (Stra\u00dfenbahnlinie Nr. 2, Buslinie Nr. 23) sowie weiterer Stadteile der Stadt Ko\u0161ice und deren Umgebung.<\/dd>\n<\/dl>\n<p><a class=\"button tiny\" title=\"TRANSPORT COMPANY OF THE CITY OF KO\u0160ICE\" href=\"https:\/\/www.dpmk.sk\/cp\" target=\"_blank\" rel=\"noopener noreferrer\"><i class=\"fas fa-bus\"><\/i> Verkehrsbetrieb der Stadt Ko\u0161ice<\/a><\/p>\n<dl>\n<dt>Mit dem Auto<\/dt>\n<dd>Die Stadt Ko\u0161ice hat eine hervorragende Lage in der N\u00e4he der Autobahn D1, der internationalen Landstra\u00dfen E50, E71 und E571 und sie ist aus allen Richtungen erreichbar.<\/dd>\n<\/dl>\n<p><a class=\"button tiny\" title=\"Karte \/ Trasse (GOOGLE MAP)\" href=\"https:\/\/www.google.com\/maps\/place\/Business+Centre+Ko%C5%A1ice,+%C5%A0t%C3%BArova+27,+040+01+Star%C3%A9+Mesto\/@48.7175844,21.2402085,13.63z\/data=!4m5!3m4!1s0x473ee06ec5c84f69:0x1102cc0c9e7bd72d!8m2!3d48.7170585!4d21.2504036\" target=\"_blank\" rel=\"noopener noreferrer\"><i class=\"fas fa-map-marker-alt\"><\/i> Map \/ Route (Google map)<\/a><\/p>\n<dl>\n<dt>Mit dem Zug<\/dt>\n<dd>Die Stadt Ko\u0161ice gilt als bedeutender Eisenbahnknoten mit direkten Verbindungen nach Prag, Budapest, Krakau und Wien<\/dd>\n<\/dl>\n<p><a class=\"button tiny\" title=\"Eisenbahn der Slowakischen Republik\" href=\"https:\/\/www.zsr.sk\/\" target=\"_blank\" rel=\"noopener noreferrer\"><i class=\"fas fa-train\"><\/i> Eisenbahn der Slowakischen Republik<\/a><\/p>\n<dl>\n<dt>Mit dem Flugzeug<\/dt>\n<dd>Der Internationale Flughafen Ko\u0161ice ist nur 10 Minuten mit dem Auto (Taxi) vom Stadtzentrum entfernt und erm\u00f6glicht eine direkte Verbindung mit den gr\u00f6\u00dften europ\u00e4ischen Metropolen.<\/dd>\n<\/dl>\n<p><a class=\"button tiny\" title=\"INTERNATIONALER FLUGHAFEN KO\u0160ICE\" href=\"https:\/\/www.airportkosice.sk\" target=\"_blank\" rel=\"noopener noreferrer\"><i class=\"fas fa-plane\"><\/i> INTERNATIONALER FLUGHAFEN KO\u0160ICE<\/a><\/p>\n<\/div>\n<div class=\"cell small-12 medium-12 large-4 kontakty-3\">\n<h2>KONTAKTFORMULAR<\/h2>\n\n<div class=\"wpcf7 no-js\" id=\"wpcf7-f2862-o1\" lang=\"de-DE\" dir=\"ltr\" data-wpcf7-id=\"2862\">\n<div class=\"screen-reader-response\"><p role=\"status\" aria-live=\"polite\" aria-atomic=\"true\"><\/p> <ul><\/ul><\/div>\n<form action=\"\/de\/wp-json\/wp\/v2\/pages\/57#wpcf7-f2862-o1\" method=\"post\" class=\"wpcf7-form init\" aria-label=\"Kontaktformular\" novalidate=\"novalidate\" data-status=\"init\">\n<fieldset class=\"hidden-fields-container\"><input type=\"hidden\" name=\"_wpcf7\" value=\"2862\" \/><input type=\"hidden\" name=\"_wpcf7_version\" value=\"6.1.5\" \/><input type=\"hidden\" name=\"_wpcf7_locale\" value=\"de_DE\" \/><input type=\"hidden\" name=\"_wpcf7_unit_tag\" value=\"wpcf7-f2862-o1\" \/><input type=\"hidden\" name=\"_wpcf7_container_post\" value=\"0\" \/><input type=\"hidden\" name=\"_wpcf7_posted_data_hash\" value=\"\" \/><input type=\"hidden\" name=\"_wpcf7_recaptcha_response\" value=\"\" \/>\n<\/fieldset>\n<p><label> <span class=\"mywpcf7-span\">Vornamen und Nachnamen ein (Pflichtangabe)<\/span><br \/>\n<span class=\"wpcf7-form-control-wrap\" data-name=\"your-name\"><input size=\"40\" maxlength=\"400\" class=\"wpcf7-form-control wpcf7-text wpcf7-validates-as-required\" aria-required=\"true\" aria-invalid=\"false\" value=\"\" type=\"text\" name=\"your-name\" \/><\/span> <\/label>\n<\/p>\n<p><label> <span class=\"mywpcf7-span\">Ihr E-Mail (Pflichtangabe) <\/span><br \/>\n<span class=\"wpcf7-form-control-wrap\" data-name=\"your-email\"><input size=\"40\" maxlength=\"400\" class=\"wpcf7-form-control wpcf7-email wpcf7-validates-as-required wpcf7-text wpcf7-validates-as-email\" aria-required=\"true\" aria-invalid=\"false\" value=\"\" type=\"email\" name=\"your-email\" \/><\/span> <\/label>\n<\/p>\n<p><label> <span class=\"mywpcf7-span\">Telefon<\/span><br \/>\n<span class=\"wpcf7-form-control-wrap\" data-name=\"tel-360\"><input size=\"40\" maxlength=\"400\" class=\"wpcf7-form-control wpcf7-tel wpcf7-text wpcf7-validates-as-tel\" aria-invalid=\"false\" value=\"\" type=\"tel\" name=\"tel-360\" \/><\/span> <\/label>\n<\/p>\n<p><label> <span class=\"mywpcf7-span\">Gesellschaft<\/span><br \/>\n<span class=\"wpcf7-form-control-wrap\" data-name=\"spol\"><input size=\"40\" maxlength=\"400\" class=\"wpcf7-form-control wpcf7-text wpcf7-validates-as-required\" aria-required=\"true\" aria-invalid=\"false\" value=\"\" type=\"text\" name=\"spol\" \/><\/span> <\/label>\n<\/p>\n<p><label> <span class=\"mywpcf7-span\">Wie haben Sie von uns erfahren? <\/span><br \/>\n<span class=\"wpcf7-form-control-wrap\" data-name=\"menu-40\"><select class=\"wpcf7-form-control wpcf7-select\" aria-invalid=\"false\" name=\"menu-40\"><option value=\"\">&#8211; Bitte ausw\u00e4hlen &#8211;<\/option><option value=\"Auf Empfehlung\">Auf Empfehlung<\/option><option value=\"\u00dcber das Internet\">\u00dcber das Internet<\/option><option value=\"Aus der Presse\">Aus der Presse<\/option><\/select><\/span> <\/label>\n<\/p>\n<p><label> <span class=\"mywpcf7-span\">Woran sind Sie interessiert? <\/span><br \/>\n<span class=\"wpcf7-form-control-wrap\" data-name=\"menu-50\"><select class=\"wpcf7-form-control wpcf7-select\" aria-invalid=\"false\" name=\"menu-50\"><option value=\"\">&#8211; Bitte ausw\u00e4hlen &#8211;<\/option><option value=\"Mietung von B\u00fcror\u00e4umen\">Mietung von B\u00fcror\u00e4umen<\/option><option value=\"Mietung von Tagungsr\u00e4umen\">Mietung von Tagungsr\u00e4umen<\/option><option value=\"Mietung von Gesch\u00e4ftsr\u00e4umen\">Mietung von Gesch\u00e4ftsr\u00e4umen<\/option><option value=\"Mietung von Wohnungen\">Mietung von Wohnungen<\/option><\/select><\/span> <\/label>\n<\/p>\n<p><label> <span class=\"mywpcf7-span\">Ihre Nachricht<\/span><br \/>\n<span class=\"wpcf7-form-control-wrap\" data-name=\"your-message\"><textarea cols=\"40\" rows=\"10\" maxlength=\"2000\" class=\"wpcf7-form-control wpcf7-textarea\" aria-invalid=\"false\" name=\"your-message\"><\/textarea><\/span> <\/label>\n<\/p>\n<p><span class=\"wpcf7-form-control-wrap\" data-name=\"acceptance-291\"><span class=\"wpcf7-form-control wpcf7-acceptance\"><span class=\"wpcf7-list-item\"><label><input type=\"checkbox\" name=\"acceptance-291\" value=\"1\" aria-invalid=\"false\" \/><span class=\"wpcf7-list-item-label\">Ich stimme<a href=\"index.php\/?p=3\"> den Regeln der Verarbeitung und Speicherung personenbezogener Daten<\/a> zu Marketingzwecken zu.<\/span><\/label><\/span><\/span><\/span>\n<\/p>\n<p><input class=\"wpcf7-form-control wpcf7-submit has-spinner\" type=\"submit\" value=\"ABSCHICKEN\" \/>\n<\/p><div class=\"wpcf7-response-output\" aria-hidden=\"true\"><\/div>\n<\/form>\n<\/div>\n\n<\/div>\n<\/div>\n","protected":false},"excerpt":{"rendered":"<p>ADRESSE CTR Business center Ko\u0161ice a.s. \u0160t\u00farova 27, 040 01 Ko\u0161ice Slowakische Republik GPS: 48.716960, 21.250434 (N48\u00b043&#8217;4&#8243; E21\u00b015&#8217;2&#8243;) karte \/ Trasse (GOOGLE MAPS) Rezeption: Tel. \/ e-mail +421 556 804 111 +421 918 591 279 e-mail: bck@bck.sk GESCH\u00c4FTSABTEILUNG: Andrea \u0160vihrov\u00e1 +421 905 505 650 e-mail: info@bck.sk Mitglied der Gruppe CTR www.ctrgroup.com Wie erreichen Sie uns<a class=\"excerpt-read-more\" href=\"https:\/\/bck.sk\/de\/kontakte\/\" title=\"ReadKontakte\">&#8230; Read more &raquo;<\/a><\/p>\n","protected":false},"author":1,"featured_media":0,"parent":0,"menu_order":27,"comment_status":"closed","ping_status":"closed","template":"template-kontakty.php","meta":{"_acf_changed":false,"footnotes":""},"class_list":["post-57","page","type-page","status-publish","hentry"],"acf":[],"yoast_head":"<!-- This site is optimized with the Yoast SEO plugin v27.3 - https:\/\/yoast.com\/product\/yoast-seo-wordpress\/ -->\n<title>Kontakte - Business Centre Ko\u0161ice<\/title>\n<meta name=\"robots\" content=\"index, follow, max-snippet:-1, max-image-preview:large, max-video-preview:-1\" \/>\n<link rel=\"canonical\" href=\"https:\/\/bck.sk\/de\/kontakte\/\" \/>\n<meta property=\"og:locale\" content=\"de_DE\" \/>\n<meta property=\"og:type\" content=\"article\" \/>\n<meta property=\"og:title\" content=\"Kontakte - Business Centre Ko\u0161ice\" \/>\n<meta property=\"og:description\" content=\"ADRESSE CTR Business center Ko\u0161ice a.s. \u0160t\u00farova 27, 040 01 Ko\u0161ice Slowakische Republik GPS: 48.716960, 21.250434 (N48\u00b043&#8217;4&#8243; E21\u00b015&#8217;2&#8243;) karte \/ Trasse (GOOGLE MAPS) Rezeption: Tel. \/ e-mail +421 556 804 111 +421 918 591 279 e-mail: bck@bck.sk GESCH\u00c4FTSABTEILUNG: Andrea \u0160vihrov\u00e1 +421 905 505 650 e-mail: info@bck.sk Mitglied der Gruppe CTR www.ctrgroup.com Wie erreichen Sie uns... Read more &raquo;\" \/>\n<meta property=\"og:url\" content=\"https:\/\/bck.sk\/de\/kontakte\/\" \/>\n<meta property=\"og:site_name\" content=\"Business Centre Ko\u0161ice\" \/>\n<meta property=\"article:modified_time\" content=\"2024-09-26T07:25:29+00:00\" \/>\n<meta property=\"og:image\" content=\"https:\/\/bck.sk\/wp-content\/uploads\/2020\/04\/CTR-group_logo_invers-300x158.jpg\" \/>\n<meta name=\"twitter:card\" content=\"summary_large_image\" \/>\n<meta name=\"twitter:label1\" content=\"Gesch\u00e4tzte Lesezeit\" \/>\n\t<meta name=\"twitter:data1\" content=\"2\u00a0Minuten\" \/>\n<script type=\"application\/ld+json\" class=\"yoast-schema-graph\">{\"@context\":\"https:\\\/\\\/schema.org\",\"@graph\":[{\"@type\":\"WebPage\",\"@id\":\"https:\\\/\\\/bck.sk\\\/de\\\/kontakte\\\/\",\"url\":\"https:\\\/\\\/bck.sk\\\/de\\\/kontakte\\\/\",\"name\":\"Kontakte - Business Centre Ko\u0161ice\",\"isPartOf\":{\"@id\":\"https:\\\/\\\/bck.sk\\\/de\\\/#website\"},\"primaryImageOfPage\":{\"@id\":\"https:\\\/\\\/bck.sk\\\/de\\\/kontakte\\\/#primaryimage\"},\"image\":{\"@id\":\"https:\\\/\\\/bck.sk\\\/de\\\/kontakte\\\/#primaryimage\"},\"thumbnailUrl\":\"https:\\\/\\\/bck.sk\\\/wp-content\\\/uploads\\\/2020\\\/04\\\/CTR-group_logo_invers-300x158.jpg\",\"datePublished\":\"2020-02-26T12:33:18+00:00\",\"dateModified\":\"2024-09-26T07:25:29+00:00\",\"breadcrumb\":{\"@id\":\"https:\\\/\\\/bck.sk\\\/de\\\/kontakte\\\/#breadcrumb\"},\"inLanguage\":\"de\",\"potentialAction\":[{\"@type\":\"ReadAction\",\"target\":[\"https:\\\/\\\/bck.sk\\\/de\\\/kontakte\\\/\"]}]},{\"@type\":\"ImageObject\",\"inLanguage\":\"de\",\"@id\":\"https:\\\/\\\/bck.sk\\\/de\\\/kontakte\\\/#primaryimage\",\"url\":\"https:\\\/\\\/bck.sk\\\/wp-content\\\/uploads\\\/2020\\\/04\\\/CTR-group_logo_invers-300x158.jpg\",\"contentUrl\":\"https:\\\/\\\/bck.sk\\\/wp-content\\\/uploads\\\/2020\\\/04\\\/CTR-group_logo_invers-300x158.jpg\"},{\"@type\":\"BreadcrumbList\",\"@id\":\"https:\\\/\\\/bck.sk\\\/de\\\/kontakte\\\/#breadcrumb\",\"itemListElement\":[{\"@type\":\"ListItem\",\"position\":1,\"name\":\"Home\",\"item\":\"https:\\\/\\\/bck.sk\\\/de\\\/\"},{\"@type\":\"ListItem\",\"position\":2,\"name\":\"Kontakte\"}]},{\"@type\":\"WebSite\",\"@id\":\"https:\\\/\\\/bck.sk\\\/de\\\/#website\",\"url\":\"https:\\\/\\\/bck.sk\\\/de\\\/\",\"name\":\"Business Centre Ko\u0161ice\",\"description\":\"Kancel\u00e1rie na pren\u00e1jom - luxusn\u00e9 kancel\u00e1rske priestory Ko\u0161ice\",\"potentialAction\":[{\"@type\":\"SearchAction\",\"target\":{\"@type\":\"EntryPoint\",\"urlTemplate\":\"https:\\\/\\\/bck.sk\\\/de\\\/?s={search_term_string}\"},\"query-input\":{\"@type\":\"PropertyValueSpecification\",\"valueRequired\":true,\"valueName\":\"search_term_string\"}}],\"inLanguage\":\"de\"}]}<\/script>\n<!-- \/ Yoast SEO plugin. -->","yoast_head_json":{"title":"Kontakte - Business Centre Ko\u0161ice","robots":{"index":"index","follow":"follow","max-snippet":"max-snippet:-1","max-image-preview":"max-image-preview:large","max-video-preview":"max-video-preview:-1"},"canonical":"https:\/\/bck.sk\/de\/kontakte\/","og_locale":"de_DE","og_type":"article","og_title":"Kontakte - Business Centre Ko\u0161ice","og_description":"ADRESSE CTR Business center Ko\u0161ice a.s. \u0160t\u00farova 27, 040 01 Ko\u0161ice Slowakische Republik GPS: 48.716960, 21.250434 (N48\u00b043&#8217;4&#8243; E21\u00b015&#8217;2&#8243;) karte \/ Trasse (GOOGLE MAPS) Rezeption: Tel. \/ e-mail +421 556 804 111 +421 918 591 279 e-mail: bck@bck.sk GESCH\u00c4FTSABTEILUNG: Andrea \u0160vihrov\u00e1 +421 905 505 650 e-mail: info@bck.sk Mitglied der Gruppe CTR www.ctrgroup.com Wie erreichen Sie uns... Read more &raquo;","og_url":"https:\/\/bck.sk\/de\/kontakte\/","og_site_name":"Business Centre Ko\u0161ice","article_modified_time":"2024-09-26T07:25:29+00:00","og_image":[{"url":"https:\/\/bck.sk\/wp-content\/uploads\/2020\/04\/CTR-group_logo_invers-300x158.jpg","type":"","width":"","height":""}],"twitter_card":"summary_large_image","twitter_misc":{"Gesch\u00e4tzte Lesezeit":"2\u00a0Minuten"},"schema":{"@context":"https:\/\/schema.org","@graph":[{"@type":"WebPage","@id":"https:\/\/bck.sk\/de\/kontakte\/","url":"https:\/\/bck.sk\/de\/kontakte\/","name":"Kontakte - Business Centre Ko\u0161ice","isPartOf":{"@id":"https:\/\/bck.sk\/de\/#website"},"primaryImageOfPage":{"@id":"https:\/\/bck.sk\/de\/kontakte\/#primaryimage"},"image":{"@id":"https:\/\/bck.sk\/de\/kontakte\/#primaryimage"},"thumbnailUrl":"https:\/\/bck.sk\/wp-content\/uploads\/2020\/04\/CTR-group_logo_invers-300x158.jpg","datePublished":"2020-02-26T12:33:18+00:00","dateModified":"2024-09-26T07:25:29+00:00","breadcrumb":{"@id":"https:\/\/bck.sk\/de\/kontakte\/#breadcrumb"},"inLanguage":"de","potentialAction":[{"@type":"ReadAction","target":["https:\/\/bck.sk\/de\/kontakte\/"]}]},{"@type":"ImageObject","inLanguage":"de","@id":"https:\/\/bck.sk\/de\/kontakte\/#primaryimage","url":"https:\/\/bck.sk\/wp-content\/uploads\/2020\/04\/CTR-group_logo_invers-300x158.jpg","contentUrl":"https:\/\/bck.sk\/wp-content\/uploads\/2020\/04\/CTR-group_logo_invers-300x158.jpg"},{"@type":"BreadcrumbList","@id":"https:\/\/bck.sk\/de\/kontakte\/#breadcrumb","itemListElement":[{"@type":"ListItem","position":1,"name":"Home","item":"https:\/\/bck.sk\/de\/"},{"@type":"ListItem","position":2,"name":"Kontakte"}]},{"@type":"WebSite","@id":"https:\/\/bck.sk\/de\/#website","url":"https:\/\/bck.sk\/de\/","name":"Business Centre Ko\u0161ice","description":"Kancel\u00e1rie na pren\u00e1jom - luxusn\u00e9 kancel\u00e1rske priestory Ko\u0161ice","potentialAction":[{"@type":"SearchAction","target":{"@type":"EntryPoint","urlTemplate":"https:\/\/bck.sk\/de\/?s={search_term_string}"},"query-input":{"@type":"PropertyValueSpecification","valueRequired":true,"valueName":"search_term_string"}}],"inLanguage":"de"}]}},"_links":{"self":[{"href":"https:\/\/bck.sk\/de\/wp-json\/wp\/v2\/pages\/57","targetHints":{"allow":["GET"]}}],"collection":[{"href":"https:\/\/bck.sk\/de\/wp-json\/wp\/v2\/pages"}],"about":[{"href":"https:\/\/bck.sk\/de\/wp-json\/wp\/v2\/types\/page"}],"author":[{"embeddable":true,"href":"https:\/\/bck.sk\/de\/wp-json\/wp\/v2\/users\/1"}],"replies":[{"embeddable":true,"href":"https:\/\/bck.sk\/de\/wp-json\/wp\/v2\/comments?post=57"}],"version-history":[{"count":9,"href":"https:\/\/bck.sk\/de\/wp-json\/wp\/v2\/pages\/57\/revisions"}],"predecessor-version":[{"id":5585,"href":"https:\/\/bck.sk\/de\/wp-json\/wp\/v2\/pages\/57\/revisions\/5585"}],"wp:attachment":[{"href":"https:\/\/bck.sk\/de\/wp-json\/wp\/v2\/media?parent=57"}],"curies":[{"name":"wp","href":"https:\/\/api.w.org\/{rel}","templated":true}]}}