{"id":3855,"date":"2021-11-10T13:59:06","date_gmt":"2021-11-10T12:59:06","guid":{"rendered":"https:\/\/bck.sk\/?page_id=3855"},"modified":"2022-12-13T10:48:47","modified_gmt":"2022-12-13T09:48:47","slug":"standort","status":"publish","type":"page","link":"https:\/\/bck.sk\/de\/bck-letna\/standort\/","title":{"rendered":"BCK Letn\u00e1 \u2013 der Standort"},"content":{"rendered":"<p>BCK Letn\u00e1 befindet sich in der Letn\u00e1 Stra\u00dfe Nr. 47, gleich neben dem Amphitheater und nur ein paar Minuten zu Fu\u00df vom Stadtzentrum. Der Standort bietet beste Verkehrsanbindung, durch Stra\u00dfenbahn- und Bushaltestellen, nur wenige Schritte vom Geb\u00e4ude. Zus\u00e4tzlich gibt es Lebensmittelgesch\u00e4fte, Restaurants, Caf\u00e9s, Banken und viele andere Dienstleistungsbetriebe in der N\u00e4he.<\/p>\n<p><iframe loading=\"lazy\" style=\"border: 0;\" tabindex=\"0\" src=\"https:\/\/www.google.com\/maps\/embed?pb=!1m18!1m12!1m3!1d2631.6467168569893!2d21.24496941626246!3d48.73134181759685!2m3!1f0!2f0!3f0!3m2!1i1024!2i768!4f13.1!3m3!1m2!1s0x473ee05f7012da0b%3A0x20e7f788bd7a9eb!2zTGV0bsOhIDQ3LzcsIDA0MCAwMSBLb8WhaWNl!5e0!3m2!1ssk!2ssk!4v1632385715635!5m2!1ssk!2ssk\" width=\"100%\" height=\"300\" frameborder=\"0\" allowfullscreen=\"allowfullscreen\" aria-hidden=\"false\"><span data-mce-type=\"bookmark\" style=\"display: inline-block; width: 0px; overflow: hidden; line-height: 0;\" class=\"mce_SELRES_start\">\ufeff<\/span><\/iframe><\/p>\n","protected":false},"excerpt":{"rendered":"<p>BCK Letn\u00e1 befindet sich in der Letn\u00e1 Stra\u00dfe Nr. 47, gleich neben dem Amphitheater und nur ein paar Minuten zu Fu\u00df vom Stadtzentrum. Der Standort bietet beste Verkehrsanbindung, durch Stra\u00dfenbahn- und Bushaltestellen, nur wenige Schritte vom Geb\u00e4ude. Zus\u00e4tzlich gibt es Lebensmittelgesch\u00e4fte, Restaurants, Caf\u00e9s, Banken und viele andere Dienstleistungsbetriebe in der N\u00e4he. \ufeff<\/p>\n","protected":false},"author":5,"featured_media":0,"parent":3638,"menu_order":0,"comment_status":"closed","ping_status":"closed","template":"template-full-width.php","meta":{"_acf_changed":false,"footnotes":""},"class_list":["post-3855","page","type-page","status-publish","hentry"],"acf":[],"yoast_head":"<!-- This site is optimized with the Yoast SEO plugin v27.3 - https:\/\/yoast.com\/product\/yoast-seo-wordpress\/ -->\n<title>Letn\u00e1 Ko\u0161ice | Standort<\/title>\n<meta name=\"description\" content=\"Das Projekt Letn\u00e1 Ko\u0161ice ist nur ein paar Minuten vom Stadtzentrum entfernt. Alle Informationen zum Standort gibt&#039;s hier!\" \/>\n<meta name=\"robots\" content=\"index, follow, max-snippet:-1, max-image-preview:large, max-video-preview:-1\" \/>\n<link rel=\"canonical\" href=\"https:\/\/bck.sk\/de\/bck-letna\/standort\/\" \/>\n<meta property=\"og:locale\" content=\"de_DE\" \/>\n<meta property=\"og:type\" content=\"article\" \/>\n<meta property=\"og:title\" content=\"Letn\u00e1 Ko\u0161ice | Standort\" \/>\n<meta property=\"og:description\" content=\"Das Projekt Letn\u00e1 Ko\u0161ice ist nur ein paar Minuten vom Stadtzentrum entfernt. Alle Informationen zum Standort gibt&#039;s hier!\" \/>\n<meta property=\"og:url\" content=\"https:\/\/bck.sk\/de\/bck-letna\/standort\/\" \/>\n<meta property=\"og:site_name\" content=\"Business Centre Ko\u0161ice\" \/>\n<meta property=\"article:modified_time\" content=\"2022-12-13T09:48:47+00:00\" \/>\n<meta name=\"twitter:card\" content=\"summary_large_image\" \/>\n<meta name=\"twitter:label1\" content=\"Gesch\u00e4tzte Lesezeit\" \/>\n\t<meta name=\"twitter:data1\" content=\"1\u00a0Minute\" \/>\n<script type=\"application\/ld+json\" class=\"yoast-schema-graph\">{\"@context\":\"https:\\\/\\\/schema.org\",\"@graph\":[{\"@type\":\"WebPage\",\"@id\":\"https:\\\/\\\/bck.sk\\\/de\\\/bck-letna\\\/standort\\\/\",\"url\":\"https:\\\/\\\/bck.sk\\\/de\\\/bck-letna\\\/standort\\\/\",\"name\":\"Letn\u00e1 Ko\u0161ice | Standort\",\"isPartOf\":{\"@id\":\"https:\\\/\\\/bck.sk\\\/de\\\/#website\"},\"datePublished\":\"2021-11-10T12:59:06+00:00\",\"dateModified\":\"2022-12-13T09:48:47+00:00\",\"description\":\"Das Projekt Letn\u00e1 Ko\u0161ice ist nur ein paar Minuten vom Stadtzentrum entfernt. Alle Informationen zum Standort gibt's hier!\",\"breadcrumb\":{\"@id\":\"https:\\\/\\\/bck.sk\\\/de\\\/bck-letna\\\/standort\\\/#breadcrumb\"},\"inLanguage\":\"de\",\"potentialAction\":[{\"@type\":\"ReadAction\",\"target\":[\"https:\\\/\\\/bck.sk\\\/de\\\/bck-letna\\\/standort\\\/\"]}]},{\"@type\":\"BreadcrumbList\",\"@id\":\"https:\\\/\\\/bck.sk\\\/de\\\/bck-letna\\\/standort\\\/#breadcrumb\",\"itemListElement\":[{\"@type\":\"ListItem\",\"position\":1,\"name\":\"Home\",\"item\":\"https:\\\/\\\/bck.sk\\\/de\\\/\"},{\"@type\":\"ListItem\",\"position\":2,\"name\":\"BCK Letn\u00e1\",\"item\":\"https:\\\/\\\/bck.sk\\\/de\\\/bck-letna\\\/\"},{\"@type\":\"ListItem\",\"position\":3,\"name\":\"BCK Letn\u00e1 \u2013 der Standort\"}]},{\"@type\":\"WebSite\",\"@id\":\"https:\\\/\\\/bck.sk\\\/de\\\/#website\",\"url\":\"https:\\\/\\\/bck.sk\\\/de\\\/\",\"name\":\"Business Centre Ko\u0161ice\",\"description\":\"Kancel\u00e1rie na pren\u00e1jom - luxusn\u00e9 kancel\u00e1rske priestory Ko\u0161ice\",\"potentialAction\":[{\"@type\":\"SearchAction\",\"target\":{\"@type\":\"EntryPoint\",\"urlTemplate\":\"https:\\\/\\\/bck.sk\\\/de\\\/?s={search_term_string}\"},\"query-input\":{\"@type\":\"PropertyValueSpecification\",\"valueRequired\":true,\"valueName\":\"search_term_string\"}}],\"inLanguage\":\"de\"}]}<\/script>\n<!-- \/ Yoast SEO plugin. -->","yoast_head_json":{"title":"Letn\u00e1 Ko\u0161ice | Standort","description":"Das Projekt Letn\u00e1 Ko\u0161ice ist nur ein paar Minuten vom Stadtzentrum entfernt. Alle Informationen zum Standort gibt's hier!","robots":{"index":"index","follow":"follow","max-snippet":"max-snippet:-1","max-image-preview":"max-image-preview:large","max-video-preview":"max-video-preview:-1"},"canonical":"https:\/\/bck.sk\/de\/bck-letna\/standort\/","og_locale":"de_DE","og_type":"article","og_title":"Letn\u00e1 Ko\u0161ice | Standort","og_description":"Das Projekt Letn\u00e1 Ko\u0161ice ist nur ein paar Minuten vom Stadtzentrum entfernt. Alle Informationen zum Standort gibt's hier!","og_url":"https:\/\/bck.sk\/de\/bck-letna\/standort\/","og_site_name":"Business Centre Ko\u0161ice","article_modified_time":"2022-12-13T09:48:47+00:00","twitter_card":"summary_large_image","twitter_misc":{"Gesch\u00e4tzte Lesezeit":"1\u00a0Minute"},"schema":{"@context":"https:\/\/schema.org","@graph":[{"@type":"WebPage","@id":"https:\/\/bck.sk\/de\/bck-letna\/standort\/","url":"https:\/\/bck.sk\/de\/bck-letna\/standort\/","name":"Letn\u00e1 Ko\u0161ice | Standort","isPartOf":{"@id":"https:\/\/bck.sk\/de\/#website"},"datePublished":"2021-11-10T12:59:06+00:00","dateModified":"2022-12-13T09:48:47+00:00","description":"Das Projekt Letn\u00e1 Ko\u0161ice ist nur ein paar Minuten vom Stadtzentrum entfernt. Alle Informationen zum Standort gibt's hier!","breadcrumb":{"@id":"https:\/\/bck.sk\/de\/bck-letna\/standort\/#breadcrumb"},"inLanguage":"de","potentialAction":[{"@type":"ReadAction","target":["https:\/\/bck.sk\/de\/bck-letna\/standort\/"]}]},{"@type":"BreadcrumbList","@id":"https:\/\/bck.sk\/de\/bck-letna\/standort\/#breadcrumb","itemListElement":[{"@type":"ListItem","position":1,"name":"Home","item":"https:\/\/bck.sk\/de\/"},{"@type":"ListItem","position":2,"name":"BCK Letn\u00e1","item":"https:\/\/bck.sk\/de\/bck-letna\/"},{"@type":"ListItem","position":3,"name":"BCK Letn\u00e1 \u2013 der Standort"}]},{"@type":"WebSite","@id":"https:\/\/bck.sk\/de\/#website","url":"https:\/\/bck.sk\/de\/","name":"Business Centre Ko\u0161ice","description":"Kancel\u00e1rie na pren\u00e1jom - luxusn\u00e9 kancel\u00e1rske priestory Ko\u0161ice","potentialAction":[{"@type":"SearchAction","target":{"@type":"EntryPoint","urlTemplate":"https:\/\/bck.sk\/de\/?s={search_term_string}"},"query-input":{"@type":"PropertyValueSpecification","valueRequired":true,"valueName":"search_term_string"}}],"inLanguage":"de"}]}},"_links":{"self":[{"href":"https:\/\/bck.sk\/de\/wp-json\/wp\/v2\/pages\/3855","targetHints":{"allow":["GET"]}}],"collection":[{"href":"https:\/\/bck.sk\/de\/wp-json\/wp\/v2\/pages"}],"about":[{"href":"https:\/\/bck.sk\/de\/wp-json\/wp\/v2\/types\/page"}],"author":[{"embeddable":true,"href":"https:\/\/bck.sk\/de\/wp-json\/wp\/v2\/users\/5"}],"replies":[{"embeddable":true,"href":"https:\/\/bck.sk\/de\/wp-json\/wp\/v2\/comments?post=3855"}],"version-history":[{"count":2,"href":"https:\/\/bck.sk\/de\/wp-json\/wp\/v2\/pages\/3855\/revisions"}],"predecessor-version":[{"id":4270,"href":"https:\/\/bck.sk\/de\/wp-json\/wp\/v2\/pages\/3855\/revisions\/4270"}],"up":[{"embeddable":true,"href":"https:\/\/bck.sk\/de\/wp-json\/wp\/v2\/pages\/3638"}],"wp:attachment":[{"href":"https:\/\/bck.sk\/de\/wp-json\/wp\/v2\/media?parent=3855"}],"curies":[{"name":"wp","href":"https:\/\/api.w.org\/{rel}","templated":true}]}}