{"id":3852,"date":"2021-11-10T13:59:08","date_gmt":"2021-11-10T12:59:08","guid":{"rendered":"https:\/\/bck.sk\/?page_id=3852"},"modified":"2023-06-28T15:06:06","modified_gmt":"2023-06-28T13:06:06","slug":"bck-letna-kontakt","status":"publish","type":"page","link":"https:\/\/bck.sk\/de\/bck-letna\/bck-letna-kontakt\/","title":{"rendered":"BCK Letn\u00e1 &#8211; Kontakt"},"content":{"rendered":"<div class=\"grid-container\">\n<div class=\"grid-x grid-padding-x grid-margin-x\">\n<div class=\"cell small-12 text-center my-content-cell\">\n<h2>ADRESSE<\/h2>\n<p>Letn\u00e1 47, 040 01 Ko\u0161ice<br \/>\nSlowakei<\/p>\n<p><a class=\"button small\" title=\"Zobrazi\u0165 na map\u00e1ch Google\" href=\"https:\/\/goo.gl\/maps\/XebkLUVPaRGcPJX49\" target=\"_blank\" rel=\"noopener noreferrer\"><i class=\"fas fa-map-marker-alt\"><\/i> KARTE \/ ROUTE (GOOGLE MAPS)<\/a><\/p>\n<hr \/>\n<h2>POST- UND RECHNUNGSANSCHRIFT<\/h2>\n<p>CTR WatsoNova s. r. o.<br \/>\n\u0160t\u00farova 27<br \/>\n040 01, Ko\u0161ice &#8211; Star\u00e9 Mesto<\/p>\n<hr \/>\n<div class=\"cell small-12 medium-6 large-4 kontakty-2\">\n<h2>KONTAKT<\/h2>\n<p>Tel.: + 421 908 072 363<br \/>\nE-mail: kecskes@bck.sk<\/p>\n<hr \/>\n<p>MITGLIED DER CTR GRUPPE<\/p>\n<p><a title=\"MITGLIED DER CTR GRUPPE\" href=\"https:\/\/ctrholding.com\/\" target=\"_blank\" rel=\"noopener noreferrer\"><img loading=\"lazy\" decoding=\"async\" class=\"size-medium wp-image-478\" src=\"\/wp-content\/uploads\/2020\/04\/CTR-group_logo_invers-300x158.jpg\" alt=\"CTR Group logo\" width=\"300\" height=\"158\" srcset=\"https:\/\/bck.sk\/wp-content\/uploads\/2020\/04\/CTR-group_logo_invers-300x158.jpg 300w, https:\/\/bck.sk\/wp-content\/uploads\/2020\/04\/CTR-group_logo_invers-768x404.jpg 768w, https:\/\/bck.sk\/wp-content\/uploads\/2020\/04\/CTR-group_logo_invers.jpg 886w\" sizes=\"auto, (max-width: 300px) 100vw, 300px\" \/><\/a><\/p>\n<p><a class=\"button small\" title=\"Zobrazi\u0165 webov\u00e9 s\u00eddlo CTR Group\" href=\"https:\/\/ctrholding.com\/\" target=\"_blank\" rel=\"noopener noreferrer\">www.ctrholding.com<\/a><\/p>\n<\/div>\n<div class=\"cell small-12 medium-12 large-4 kontakty-3\">\n<p>&nbsp;<\/p>\n<\/div>\n<\/div>\n","protected":false},"excerpt":{"rendered":"<p>ADRESSE Letn\u00e1 47, 040 01 Ko\u0161ice Slowakei KARTE \/ ROUTE (GOOGLE MAPS) POST- UND RECHNUNGSANSCHRIFT CTR WatsoNova s. r. o. \u0160t\u00farova 27 040 01, Ko\u0161ice &#8211; Star\u00e9 Mesto KONTAKT Tel.: + 421 908 072 363 E-mail: kecskes@bck.sk MITGLIED DER CTR GRUPPE www.ctrholding.com &nbsp;<\/p>\n","protected":false},"author":5,"featured_media":0,"parent":3638,"menu_order":0,"comment_status":"closed","ping_status":"closed","template":"template-kontakty-letna.php","meta":{"_acf_changed":false,"footnotes":""},"class_list":["post-3852","page","type-page","status-publish","hentry"],"acf":[],"yoast_head":"<!-- This site is optimized with the Yoast SEO plugin v27.3 - https:\/\/yoast.com\/product\/yoast-seo-wordpress\/ -->\n<title>Ihr Kontakt zum Projekt Letna Kosice<\/title>\n<meta name=\"description\" content=\"Haben Sie Interesse an einer Wohnung, B\u00fcro- oder Gewerbefl\u00e4che? Dann nehmen Sie per Email oder Telefon Kontakt auf.\" \/>\n<meta name=\"robots\" content=\"index, follow, max-snippet:-1, max-image-preview:large, max-video-preview:-1\" \/>\n<link rel=\"canonical\" href=\"https:\/\/bck.sk\/de\/bck-letna\/bck-letna-kontakt\/\" \/>\n<meta property=\"og:locale\" content=\"de_DE\" \/>\n<meta property=\"og:type\" content=\"article\" \/>\n<meta property=\"og:title\" content=\"Ihr Kontakt zum Projekt Letna Kosice\" \/>\n<meta property=\"og:description\" content=\"Haben Sie Interesse an einer Wohnung, B\u00fcro- oder Gewerbefl\u00e4che? Dann nehmen Sie per Email oder Telefon Kontakt auf.\" \/>\n<meta property=\"og:url\" content=\"https:\/\/bck.sk\/de\/bck-letna\/bck-letna-kontakt\/\" \/>\n<meta property=\"og:site_name\" content=\"Business Centre Ko\u0161ice\" \/>\n<meta property=\"article:modified_time\" content=\"2023-06-28T13:06:06+00:00\" \/>\n<meta name=\"twitter:card\" content=\"summary_large_image\" \/>\n<meta name=\"twitter:label1\" content=\"Gesch\u00e4tzte Lesezeit\" \/>\n\t<meta name=\"twitter:data1\" content=\"1\u00a0Minute\" \/>\n<script type=\"application\/ld+json\" class=\"yoast-schema-graph\">{\"@context\":\"https:\\\/\\\/schema.org\",\"@graph\":[{\"@type\":\"WebPage\",\"@id\":\"https:\\\/\\\/bck.sk\\\/de\\\/bck-letna\\\/bck-letna-kontakt\\\/\",\"url\":\"https:\\\/\\\/bck.sk\\\/de\\\/bck-letna\\\/bck-letna-kontakt\\\/\",\"name\":\"Ihr Kontakt zum Projekt Letna Kosice\",\"isPartOf\":{\"@id\":\"https:\\\/\\\/bck.sk\\\/de\\\/#website\"},\"datePublished\":\"2021-11-10T12:59:08+00:00\",\"dateModified\":\"2023-06-28T13:06:06+00:00\",\"description\":\"Haben Sie Interesse an einer Wohnung, B\u00fcro- oder Gewerbefl\u00e4che? Dann nehmen Sie per Email oder Telefon Kontakt auf.\",\"breadcrumb\":{\"@id\":\"https:\\\/\\\/bck.sk\\\/de\\\/bck-letna\\\/bck-letna-kontakt\\\/#breadcrumb\"},\"inLanguage\":\"de\",\"potentialAction\":[{\"@type\":\"ReadAction\",\"target\":[\"https:\\\/\\\/bck.sk\\\/de\\\/bck-letna\\\/bck-letna-kontakt\\\/\"]}]},{\"@type\":\"BreadcrumbList\",\"@id\":\"https:\\\/\\\/bck.sk\\\/de\\\/bck-letna\\\/bck-letna-kontakt\\\/#breadcrumb\",\"itemListElement\":[{\"@type\":\"ListItem\",\"position\":1,\"name\":\"Home\",\"item\":\"https:\\\/\\\/bck.sk\\\/de\\\/\"},{\"@type\":\"ListItem\",\"position\":2,\"name\":\"BCK Letn\u00e1\",\"item\":\"https:\\\/\\\/bck.sk\\\/de\\\/bck-letna\\\/\"},{\"@type\":\"ListItem\",\"position\":3,\"name\":\"BCK Letn\u00e1 &#8211; Kontakt\"}]},{\"@type\":\"WebSite\",\"@id\":\"https:\\\/\\\/bck.sk\\\/de\\\/#website\",\"url\":\"https:\\\/\\\/bck.sk\\\/de\\\/\",\"name\":\"Business Centre Ko\u0161ice\",\"description\":\"Kancel\u00e1rie na pren\u00e1jom - luxusn\u00e9 kancel\u00e1rske priestory Ko\u0161ice\",\"potentialAction\":[{\"@type\":\"SearchAction\",\"target\":{\"@type\":\"EntryPoint\",\"urlTemplate\":\"https:\\\/\\\/bck.sk\\\/de\\\/?s={search_term_string}\"},\"query-input\":{\"@type\":\"PropertyValueSpecification\",\"valueRequired\":true,\"valueName\":\"search_term_string\"}}],\"inLanguage\":\"de\"}]}<\/script>\n<!-- \/ Yoast SEO plugin. -->","yoast_head_json":{"title":"Ihr Kontakt zum Projekt Letna Kosice","description":"Haben Sie Interesse an einer Wohnung, B\u00fcro- oder Gewerbefl\u00e4che? Dann nehmen Sie per Email oder Telefon Kontakt auf.","robots":{"index":"index","follow":"follow","max-snippet":"max-snippet:-1","max-image-preview":"max-image-preview:large","max-video-preview":"max-video-preview:-1"},"canonical":"https:\/\/bck.sk\/de\/bck-letna\/bck-letna-kontakt\/","og_locale":"de_DE","og_type":"article","og_title":"Ihr Kontakt zum Projekt Letna Kosice","og_description":"Haben Sie Interesse an einer Wohnung, B\u00fcro- oder Gewerbefl\u00e4che? Dann nehmen Sie per Email oder Telefon Kontakt auf.","og_url":"https:\/\/bck.sk\/de\/bck-letna\/bck-letna-kontakt\/","og_site_name":"Business Centre Ko\u0161ice","article_modified_time":"2023-06-28T13:06:06+00:00","twitter_card":"summary_large_image","twitter_misc":{"Gesch\u00e4tzte Lesezeit":"1\u00a0Minute"},"schema":{"@context":"https:\/\/schema.org","@graph":[{"@type":"WebPage","@id":"https:\/\/bck.sk\/de\/bck-letna\/bck-letna-kontakt\/","url":"https:\/\/bck.sk\/de\/bck-letna\/bck-letna-kontakt\/","name":"Ihr Kontakt zum Projekt Letna Kosice","isPartOf":{"@id":"https:\/\/bck.sk\/de\/#website"},"datePublished":"2021-11-10T12:59:08+00:00","dateModified":"2023-06-28T13:06:06+00:00","description":"Haben Sie Interesse an einer Wohnung, B\u00fcro- oder Gewerbefl\u00e4che? Dann nehmen Sie per Email oder Telefon Kontakt auf.","breadcrumb":{"@id":"https:\/\/bck.sk\/de\/bck-letna\/bck-letna-kontakt\/#breadcrumb"},"inLanguage":"de","potentialAction":[{"@type":"ReadAction","target":["https:\/\/bck.sk\/de\/bck-letna\/bck-letna-kontakt\/"]}]},{"@type":"BreadcrumbList","@id":"https:\/\/bck.sk\/de\/bck-letna\/bck-letna-kontakt\/#breadcrumb","itemListElement":[{"@type":"ListItem","position":1,"name":"Home","item":"https:\/\/bck.sk\/de\/"},{"@type":"ListItem","position":2,"name":"BCK Letn\u00e1","item":"https:\/\/bck.sk\/de\/bck-letna\/"},{"@type":"ListItem","position":3,"name":"BCK Letn\u00e1 &#8211; Kontakt"}]},{"@type":"WebSite","@id":"https:\/\/bck.sk\/de\/#website","url":"https:\/\/bck.sk\/de\/","name":"Business Centre Ko\u0161ice","description":"Kancel\u00e1rie na pren\u00e1jom - luxusn\u00e9 kancel\u00e1rske priestory Ko\u0161ice","potentialAction":[{"@type":"SearchAction","target":{"@type":"EntryPoint","urlTemplate":"https:\/\/bck.sk\/de\/?s={search_term_string}"},"query-input":{"@type":"PropertyValueSpecification","valueRequired":true,"valueName":"search_term_string"}}],"inLanguage":"de"}]}},"_links":{"self":[{"href":"https:\/\/bck.sk\/de\/wp-json\/wp\/v2\/pages\/3852","targetHints":{"allow":["GET"]}}],"collection":[{"href":"https:\/\/bck.sk\/de\/wp-json\/wp\/v2\/pages"}],"about":[{"href":"https:\/\/bck.sk\/de\/wp-json\/wp\/v2\/types\/page"}],"author":[{"embeddable":true,"href":"https:\/\/bck.sk\/de\/wp-json\/wp\/v2\/users\/5"}],"replies":[{"embeddable":true,"href":"https:\/\/bck.sk\/de\/wp-json\/wp\/v2\/comments?post=3852"}],"version-history":[{"count":5,"href":"https:\/\/bck.sk\/de\/wp-json\/wp\/v2\/pages\/3852\/revisions"}],"predecessor-version":[{"id":5117,"href":"https:\/\/bck.sk\/de\/wp-json\/wp\/v2\/pages\/3852\/revisions\/5117"}],"up":[{"embeddable":true,"href":"https:\/\/bck.sk\/de\/wp-json\/wp\/v2\/pages\/3638"}],"wp:attachment":[{"href":"https:\/\/bck.sk\/de\/wp-json\/wp\/v2\/media?parent=3852"}],"curies":[{"name":"wp","href":"https:\/\/api.w.org\/{rel}","templated":true}]}}