{"id":3159,"date":"2021-07-19T13:31:57","date_gmt":"2021-07-19T11:31:57","guid":{"rendered":"https:\/\/bck.sk\/?page_id=3159"},"modified":"2021-07-19T13:32:36","modified_gmt":"2021-07-19T11:32:36","slug":"den-mietern-zur-verfuegung-stehende-dienstleistungen","status":"publish","type":"page","link":"https:\/\/bck.sk\/de\/den-mietern-zur-verfuegung-stehende-dienstleistungen\/","title":{"rendered":"DEN MIETERN ZUR VERF\u00dcGUNG STEHENDE DIENSTLEISTUNGEN"},"content":{"rendered":"<div class=\"grid-container\">\n<div class=\"grid-x grid-padding-x grid-margin-x\">\n<div class=\"cell small-12 medium-6 my-content-cell\">\n<ul type=\"disc\">\n<li>Zentraler Informations- und Rezeptionsdienst<\/li>\n<li>Zeitlich uneingeschr\u00e4nkter Zutritt ins Geb\u00e4ude 24\/7<\/li>\n<li>Ausreichend viele Parkpl\u00e4tze in den Tiefgaragen und im Au\u00dfenbereich<\/li>\n<li>Sicherheits-Kamera\u00fcberwachungssystem <\/li>\n<li>Postdienstleistungen \u2013 t\u00e4gliche Postzustellung ins Objekt<\/li>\n<li>Anbringen einer einheitlichen Werbetafel am Eingang und im Informationssystem des Objekts <\/li>\n<li>Kostenlose WiFi-Zone \u2013 im Bereich der Eingangshalle und im Caf\u00e9 des BCK<\/li>\n<li>Wartung und Revisionen der gemeinschaftlichen R\u00e4ume <\/li>\n<li>Reinigung der gemeinschaftlichen R\u00e4ume<\/li>\n<\/ul>\n<\/div>\n<div class=\"cell small-12 medium-6 my-content-cell\">\n<div class=\"grid-container grid-container-gallery-content\">\n<div class=\"grid-x grid-margin-x text-center align-center\">\n<div class=\"cell small-12 medium-4 large-3\">\n<div class=\"my-gallery-thumbnail-container-content\">\n<a href=\"https:\/\/bck.sk\/wp-content\/uploads\/2020\/04\/bck-exteriery-8.jpg\" data-lightbox=\"Gal\u00e9ria\" data-title=\"\" class=\"my-gallery-img-button-content\"><img loading=\"lazy\" decoding=\"async\" class=\"gallery-img-content\" src=\"https:\/\/bck.sk\/wp-content\/uploads\/2020\/04\/bck-exteriery-8-800x500.jpg\" width=\"800\" height=\"500\" alt=\"\" title=\"\" \/><\/a>\n<\/div>\n<\/div>\n<div class=\"cell small-12 medium-4 large-3\">\n<div class=\"my-gallery-thumbnail-container-content\">\n<a href=\"https:\/\/bck.sk\/wp-content\/uploads\/2020\/04\/bck-exteriery-10.jpg\" data-lightbox=\"Gal\u00e9ria\" data-title=\"\" class=\"my-gallery-img-button-content\"><img loading=\"lazy\" decoding=\"async\" class=\"gallery-img-content\" src=\"https:\/\/bck.sk\/wp-content\/uploads\/2020\/04\/bck-exteriery-10-800x500.jpg\" width=\"800\" height=\"500\" alt=\"\" title=\"\" \/><\/a>\n<\/div>\n<\/div>\n<\/div><\/div>\n\n<div class=\"grid-container grid-container-gallery-content\">\n<div class=\"grid-x grid-margin-x text-center align-center\">\n<div class=\"cell small-12 medium-4 large-3\">\n<div class=\"my-gallery-thumbnail-container-content\">\n<a href=\"https:\/\/bck.sk\/wp-content\/uploads\/2020\/04\/bck-interiery-28.jpg\" data-lightbox=\"Gal\u00e9ria\" data-title=\"\" class=\"my-gallery-img-button-content\"><img loading=\"lazy\" decoding=\"async\" class=\"gallery-img-content\" src=\"https:\/\/bck.sk\/wp-content\/uploads\/2020\/04\/bck-interiery-28-800x500.jpg\" width=\"800\" height=\"500\" alt=\"\" title=\"\" \/><\/a>\n<\/div>\n<\/div>\n<div class=\"cell small-12 medium-4 large-3\">\n<div class=\"my-gallery-thumbnail-container-content\">\n<a href=\"https:\/\/bck.sk\/wp-content\/uploads\/2020\/04\/bck-interiery-24.jpg\" data-lightbox=\"Gal\u00e9ria\" data-title=\"\" class=\"my-gallery-img-button-content\"><img loading=\"lazy\" decoding=\"async\" class=\"gallery-img-content\" src=\"https:\/\/bck.sk\/wp-content\/uploads\/2020\/04\/bck-interiery-24-800x500.jpg\" width=\"800\" height=\"500\" alt=\"\" title=\"\" \/><\/a>\n<\/div>\n<\/div>\n<div class=\"cell small-12 medium-4 large-3\">\n<div class=\"my-gallery-thumbnail-container-content\">\n<a href=\"https:\/\/bck.sk\/wp-content\/uploads\/2020\/04\/parking.jpg\" data-lightbox=\"Gal\u00e9ria\" data-title=\"\" class=\"my-gallery-img-button-content\"><img loading=\"lazy\" decoding=\"async\" class=\"gallery-img-content\" src=\"https:\/\/bck.sk\/wp-content\/uploads\/2020\/04\/parking.jpg\" width=\"750\" height=\"500\" alt=\"\" title=\"\" \/><\/a>\n<\/div>\n<\/div>\n<\/div><\/div>\n\n<p>&nbsp;<\/p>\n<\/div>\n<\/div>\n<\/div>\n","protected":false},"excerpt":{"rendered":"<p>Zentraler Informations- und Rezeptionsdienst Zeitlich uneingeschr\u00e4nkter Zutritt ins Geb\u00e4ude 24\/7 Ausreichend viele Parkpl\u00e4tze in den Tiefgaragen und im Au\u00dfenbereich Sicherheits-Kamera\u00fcberwachungssystem Postdienstleistungen \u2013 t\u00e4gliche Postzustellung ins Objekt Anbringen einer einheitlichen Werbetafel am Eingang und im Informationssystem des Objekts Kostenlose WiFi-Zone \u2013 im Bereich der Eingangshalle und im Caf\u00e9 des BCK Wartung und Revisionen der gemeinschaftlichen R\u00e4ume<a class=\"excerpt-read-more\" href=\"https:\/\/bck.sk\/de\/den-mietern-zur-verfuegung-stehende-dienstleistungen\/\" title=\"ReadDEN MIETERN ZUR VERF\u00dcGUNG STEHENDE DIENSTLEISTUNGEN\">&#8230; Read more &raquo;<\/a><\/p>\n","protected":false},"author":1,"featured_media":0,"parent":0,"menu_order":31,"comment_status":"closed","ping_status":"closed","template":"template-full-width.php","meta":{"_acf_changed":false,"footnotes":""},"class_list":["post-3159","page","type-page","status-publish","hentry"],"acf":[],"yoast_head":"<!-- This site is optimized with the Yoast SEO plugin v27.3 - https:\/\/yoast.com\/product\/yoast-seo-wordpress\/ -->\n<title>DEN MIETERN ZUR VERF\u00dcGUNG STEHENDE DIENSTLEISTUNGEN - Business Centre Ko\u0161ice<\/title>\n<meta name=\"robots\" content=\"index, follow, max-snippet:-1, max-image-preview:large, max-video-preview:-1\" \/>\n<link rel=\"canonical\" href=\"https:\/\/bck.sk\/de\/den-mietern-zur-verfuegung-stehende-dienstleistungen\/\" \/>\n<meta property=\"og:locale\" content=\"de_DE\" \/>\n<meta property=\"og:type\" content=\"article\" \/>\n<meta property=\"og:title\" content=\"DEN MIETERN ZUR VERF\u00dcGUNG STEHENDE DIENSTLEISTUNGEN - Business Centre Ko\u0161ice\" \/>\n<meta property=\"og:description\" content=\"Zentraler Informations- und Rezeptionsdienst Zeitlich uneingeschr\u00e4nkter Zutritt ins Geb\u00e4ude 24\/7 Ausreichend viele Parkpl\u00e4tze in den Tiefgaragen und im Au\u00dfenbereich Sicherheits-Kamera\u00fcberwachungssystem Postdienstleistungen \u2013 t\u00e4gliche Postzustellung ins Objekt Anbringen einer einheitlichen Werbetafel am Eingang und im Informationssystem des Objekts Kostenlose WiFi-Zone \u2013 im Bereich der Eingangshalle und im Caf\u00e9 des BCK Wartung und Revisionen der gemeinschaftlichen R\u00e4ume... Read more &raquo;\" \/>\n<meta property=\"og:url\" content=\"https:\/\/bck.sk\/de\/den-mietern-zur-verfuegung-stehende-dienstleistungen\/\" \/>\n<meta property=\"og:site_name\" content=\"Business Centre Ko\u0161ice\" \/>\n<meta property=\"article:modified_time\" content=\"2021-07-19T11:32:36+00:00\" \/>\n<meta property=\"og:image\" content=\"https:\/\/bck.sk\/wp-content\/uploads\/2020\/04\/bck-exteriery-8-800x500.jpg\" \/>\n<meta name=\"twitter:card\" content=\"summary_large_image\" \/>\n<script type=\"application\/ld+json\" class=\"yoast-schema-graph\">{\"@context\":\"https:\\\/\\\/schema.org\",\"@graph\":[{\"@type\":\"WebPage\",\"@id\":\"https:\\\/\\\/bck.sk\\\/de\\\/den-mietern-zur-verfuegung-stehende-dienstleistungen\\\/\",\"url\":\"https:\\\/\\\/bck.sk\\\/de\\\/den-mietern-zur-verfuegung-stehende-dienstleistungen\\\/\",\"name\":\"DEN MIETERN ZUR VERF\u00dcGUNG STEHENDE DIENSTLEISTUNGEN - Business Centre Ko\u0161ice\",\"isPartOf\":{\"@id\":\"https:\\\/\\\/bck.sk\\\/de\\\/#website\"},\"datePublished\":\"2021-07-19T11:31:57+00:00\",\"dateModified\":\"2021-07-19T11:32:36+00:00\",\"breadcrumb\":{\"@id\":\"https:\\\/\\\/bck.sk\\\/de\\\/den-mietern-zur-verfuegung-stehende-dienstleistungen\\\/#breadcrumb\"},\"inLanguage\":\"de\",\"potentialAction\":[{\"@type\":\"ReadAction\",\"target\":[\"https:\\\/\\\/bck.sk\\\/de\\\/den-mietern-zur-verfuegung-stehende-dienstleistungen\\\/\"]}]},{\"@type\":\"BreadcrumbList\",\"@id\":\"https:\\\/\\\/bck.sk\\\/de\\\/den-mietern-zur-verfuegung-stehende-dienstleistungen\\\/#breadcrumb\",\"itemListElement\":[{\"@type\":\"ListItem\",\"position\":1,\"name\":\"Home\",\"item\":\"https:\\\/\\\/bck.sk\\\/de\\\/\"},{\"@type\":\"ListItem\",\"position\":2,\"name\":\"DEN MIETERN ZUR VERF\u00dcGUNG STEHENDE DIENSTLEISTUNGEN\"}]},{\"@type\":\"WebSite\",\"@id\":\"https:\\\/\\\/bck.sk\\\/de\\\/#website\",\"url\":\"https:\\\/\\\/bck.sk\\\/de\\\/\",\"name\":\"Business Centre Ko\u0161ice\",\"description\":\"Kancel\u00e1rie na pren\u00e1jom - luxusn\u00e9 kancel\u00e1rske priestory Ko\u0161ice\",\"potentialAction\":[{\"@type\":\"SearchAction\",\"target\":{\"@type\":\"EntryPoint\",\"urlTemplate\":\"https:\\\/\\\/bck.sk\\\/de\\\/?s={search_term_string}\"},\"query-input\":{\"@type\":\"PropertyValueSpecification\",\"valueRequired\":true,\"valueName\":\"search_term_string\"}}],\"inLanguage\":\"de\"}]}<\/script>\n<!-- \/ Yoast SEO plugin. -->","yoast_head_json":{"title":"DEN MIETERN ZUR VERF\u00dcGUNG STEHENDE DIENSTLEISTUNGEN - Business Centre Ko\u0161ice","robots":{"index":"index","follow":"follow","max-snippet":"max-snippet:-1","max-image-preview":"max-image-preview:large","max-video-preview":"max-video-preview:-1"},"canonical":"https:\/\/bck.sk\/de\/den-mietern-zur-verfuegung-stehende-dienstleistungen\/","og_locale":"de_DE","og_type":"article","og_title":"DEN MIETERN ZUR VERF\u00dcGUNG STEHENDE DIENSTLEISTUNGEN - Business Centre Ko\u0161ice","og_description":"Zentraler Informations- und Rezeptionsdienst Zeitlich uneingeschr\u00e4nkter Zutritt ins Geb\u00e4ude 24\/7 Ausreichend viele Parkpl\u00e4tze in den Tiefgaragen und im Au\u00dfenbereich Sicherheits-Kamera\u00fcberwachungssystem Postdienstleistungen \u2013 t\u00e4gliche Postzustellung ins Objekt Anbringen einer einheitlichen Werbetafel am Eingang und im Informationssystem des Objekts Kostenlose WiFi-Zone \u2013 im Bereich der Eingangshalle und im Caf\u00e9 des BCK Wartung und Revisionen der gemeinschaftlichen R\u00e4ume... Read more &raquo;","og_url":"https:\/\/bck.sk\/de\/den-mietern-zur-verfuegung-stehende-dienstleistungen\/","og_site_name":"Business Centre Ko\u0161ice","article_modified_time":"2021-07-19T11:32:36+00:00","og_image":[{"url":"https:\/\/bck.sk\/wp-content\/uploads\/2020\/04\/bck-exteriery-8-800x500.jpg","type":"","width":"","height":""}],"twitter_card":"summary_large_image","schema":{"@context":"https:\/\/schema.org","@graph":[{"@type":"WebPage","@id":"https:\/\/bck.sk\/de\/den-mietern-zur-verfuegung-stehende-dienstleistungen\/","url":"https:\/\/bck.sk\/de\/den-mietern-zur-verfuegung-stehende-dienstleistungen\/","name":"DEN MIETERN ZUR VERF\u00dcGUNG STEHENDE DIENSTLEISTUNGEN - Business Centre Ko\u0161ice","isPartOf":{"@id":"https:\/\/bck.sk\/de\/#website"},"datePublished":"2021-07-19T11:31:57+00:00","dateModified":"2021-07-19T11:32:36+00:00","breadcrumb":{"@id":"https:\/\/bck.sk\/de\/den-mietern-zur-verfuegung-stehende-dienstleistungen\/#breadcrumb"},"inLanguage":"de","potentialAction":[{"@type":"ReadAction","target":["https:\/\/bck.sk\/de\/den-mietern-zur-verfuegung-stehende-dienstleistungen\/"]}]},{"@type":"BreadcrumbList","@id":"https:\/\/bck.sk\/de\/den-mietern-zur-verfuegung-stehende-dienstleistungen\/#breadcrumb","itemListElement":[{"@type":"ListItem","position":1,"name":"Home","item":"https:\/\/bck.sk\/de\/"},{"@type":"ListItem","position":2,"name":"DEN MIETERN ZUR VERF\u00dcGUNG STEHENDE DIENSTLEISTUNGEN"}]},{"@type":"WebSite","@id":"https:\/\/bck.sk\/de\/#website","url":"https:\/\/bck.sk\/de\/","name":"Business Centre Ko\u0161ice","description":"Kancel\u00e1rie na pren\u00e1jom - luxusn\u00e9 kancel\u00e1rske priestory Ko\u0161ice","potentialAction":[{"@type":"SearchAction","target":{"@type":"EntryPoint","urlTemplate":"https:\/\/bck.sk\/de\/?s={search_term_string}"},"query-input":{"@type":"PropertyValueSpecification","valueRequired":true,"valueName":"search_term_string"}}],"inLanguage":"de"}]}},"_links":{"self":[{"href":"https:\/\/bck.sk\/de\/wp-json\/wp\/v2\/pages\/3159","targetHints":{"allow":["GET"]}}],"collection":[{"href":"https:\/\/bck.sk\/de\/wp-json\/wp\/v2\/pages"}],"about":[{"href":"https:\/\/bck.sk\/de\/wp-json\/wp\/v2\/types\/page"}],"author":[{"embeddable":true,"href":"https:\/\/bck.sk\/de\/wp-json\/wp\/v2\/users\/1"}],"replies":[{"embeddable":true,"href":"https:\/\/bck.sk\/de\/wp-json\/wp\/v2\/comments?post=3159"}],"version-history":[{"count":2,"href":"https:\/\/bck.sk\/de\/wp-json\/wp\/v2\/pages\/3159\/revisions"}],"predecessor-version":[{"id":3161,"href":"https:\/\/bck.sk\/de\/wp-json\/wp\/v2\/pages\/3159\/revisions\/3161"}],"wp:attachment":[{"href":"https:\/\/bck.sk\/de\/wp-json\/wp\/v2\/media?parent=3159"}],"curies":[{"name":"wp","href":"https:\/\/api.w.org\/{rel}","templated":true}]}}