{"id":3153,"date":"2021-07-19T13:20:44","date_gmt":"2021-07-19T11:20:44","guid":{"rendered":"https:\/\/bck.sk\/?page_id=3153"},"modified":"2024-01-15T14:45:45","modified_gmt":"2024-01-15T13:45:45","slug":"parkplaetze","status":"publish","type":"page","link":"https:\/\/bck.sk\/de\/parkplaetze\/","title":{"rendered":"PARKPL\u00c4TZE"},"content":{"rendered":"<p><!-- ***************************************************************************** Reveal ***************************************************************************** --><\/p>\n<div id=\"kontaktnyFormular\" class=\"reveal contact-reveal\" data-reveal=\"\">\n<h2>KONTAKTIEREN SIE UNS<\/h2>\n<p>\n<div class=\"wpcf7 no-js\" id=\"wpcf7-f3102-o1\" lang=\"de-DE\" dir=\"ltr\" data-wpcf7-id=\"3102\">\n<div class=\"screen-reader-response\"><p role=\"status\" aria-live=\"polite\" aria-atomic=\"true\"><\/p> <ul><\/ul><\/div>\n<form action=\"\/de\/wp-json\/wp\/v2\/pages\/3153#wpcf7-f3102-o1\" method=\"post\" class=\"wpcf7-form init\" aria-label=\"Kontaktformular\" novalidate=\"novalidate\" data-status=\"init\">\n<fieldset class=\"hidden-fields-container\"><input type=\"hidden\" name=\"_wpcf7\" value=\"3102\" \/><input type=\"hidden\" name=\"_wpcf7_version\" value=\"6.1.5\" \/><input type=\"hidden\" name=\"_wpcf7_locale\" value=\"de_DE\" \/><input type=\"hidden\" name=\"_wpcf7_unit_tag\" value=\"wpcf7-f3102-o1\" \/><input type=\"hidden\" name=\"_wpcf7_container_post\" value=\"0\" \/><input type=\"hidden\" name=\"_wpcf7_posted_data_hash\" value=\"\" \/><input type=\"hidden\" name=\"_wpcf7_recaptcha_response\" value=\"\" \/>\n<\/fieldset>\n<p><label> <span class=\"mywpcf7-span\">Vornamen und Nachnamen ein (Pflichtangabe):<\/span><br \/>\n<span class=\"wpcf7-form-control-wrap\" data-name=\"your-name\"><input size=\"40\" maxlength=\"400\" class=\"wpcf7-form-control wpcf7-text wpcf7-validates-as-required\" aria-required=\"true\" aria-invalid=\"false\" value=\"\" type=\"text\" name=\"your-name\" \/><\/span> <\/label>\n<\/p>\n<p><label> <span class=\"mywpcf7-span\">Name der Firma:<\/span><br \/>\n<span class=\"wpcf7-form-control-wrap\" data-name=\"nazov-spolocnosti\"><input size=\"40\" maxlength=\"400\" class=\"wpcf7-form-control wpcf7-text\" aria-invalid=\"false\" value=\"\" type=\"text\" name=\"nazov-spolocnosti\" \/><\/span> <\/label>\n<\/p>\n<p><label> <span class=\"mywpcf7-span\">Ihr E-Mail (Pflichtangabe):<\/span><br \/>\n<span class=\"wpcf7-form-control-wrap\" data-name=\"your-email\"><input size=\"40\" maxlength=\"400\" class=\"wpcf7-form-control wpcf7-email wpcf7-validates-as-required wpcf7-text wpcf7-validates-as-email\" aria-required=\"true\" aria-invalid=\"false\" value=\"\" type=\"email\" name=\"your-email\" \/><\/span> <\/label>\n<\/p>\n<p><label> <span class=\"mywpcf7-span\">Telefon:<\/span><br \/>\n<span class=\"wpcf7-form-control-wrap\" data-name=\"tel-360\"><input size=\"40\" maxlength=\"400\" class=\"wpcf7-form-control wpcf7-tel wpcf7-text wpcf7-validates-as-tel\" aria-invalid=\"false\" value=\"\" type=\"tel\" name=\"tel-360\" \/><\/span> <\/label>\n<\/p>\n<p><label> <span class=\"mywpcf7-span\">Erforderlich m2:<\/span><br \/>\n<span class=\"wpcf7-form-control-wrap\" data-name=\"pozadovane-m2\"><input size=\"40\" maxlength=\"400\" class=\"wpcf7-form-control wpcf7-text\" aria-invalid=\"false\" value=\"\" type=\"text\" name=\"pozadovane-m2\" \/><\/span> <\/label>\n<\/p>\n<p><label> <span class=\"mywpcf7-span\">Notiz:<\/span><br \/>\n<span class=\"wpcf7-form-control-wrap\" data-name=\"poznamka\"><input size=\"40\" maxlength=\"400\" class=\"wpcf7-form-control wpcf7-text\" aria-invalid=\"false\" value=\"\" type=\"text\" name=\"poznamka\" \/><\/span> <\/label>\n<\/p>\n<p><span class=\"wpcf7-form-control-wrap\" data-name=\"acceptance-291\"><span class=\"wpcf7-form-control wpcf7-acceptance\"><span class=\"wpcf7-list-item\"><label><input type=\"checkbox\" name=\"acceptance-291\" value=\"1\" aria-invalid=\"false\" \/><span class=\"wpcf7-list-item-label\">Ich stimme <a href=\"index.php\/?p=3\">den Regeln der Verarbeitung und Speicherung personenbezogener Daten zu Marketingzwecken zu.<\/a><\/span><\/label><\/span><\/span><\/span>\n<\/p>\n<p><input class=\"wpcf7-form-control wpcf7-submit has-spinner\" type=\"submit\" value=\"ABSCHICKEN\" \/>\n<\/p><div class=\"wpcf7-response-output\" aria-hidden=\"true\"><\/div>\n<\/form>\n<\/div>\n<br \/>\n<button class=\"close-button\" type=\"button\" data-close=\"\" aria-label=\"Close modal\"><br \/>\n<span aria-hidden=\"true\">\u00d7<\/span><br \/>\n<\/button><\/p>\n<\/div>\n<p><!-- ***************************************************************************** Reveal END ***************************************************************************** --><\/p>\n<div class=\"grid-x grid-margin-x grid-padding-x\">\n<div class=\"cell small-12 medium-6 large-6\"><img loading=\"lazy\" decoding=\"async\" class=\"alignleft wp-image-2404\" src=\"https:\/\/bck.sk\/wp-content\/uploads\/2020\/12\/parking-spaces-1-1024x685.jpg\" alt=\"\" width=\"550\" height=\"368\" srcset=\"https:\/\/bck.sk\/wp-content\/uploads\/2020\/12\/parking-spaces-1-1024x685.jpg 1024w, https:\/\/bck.sk\/wp-content\/uploads\/2020\/12\/parking-spaces-1-300x201.jpg 300w, https:\/\/bck.sk\/wp-content\/uploads\/2020\/12\/parking-spaces-1-768x513.jpg 768w, https:\/\/bck.sk\/wp-content\/uploads\/2020\/12\/parking-spaces-1.jpg 1050w\" sizes=\"auto, (max-width: 550px) 100vw, 550px\" \/><\/div>\n<div class=\"cell small-12 medium-6 large-6\">Der gesamte Geb\u00e4udekomplex des BCK bietet ausreichend viele Parkpl\u00e4tze nicht nur f\u00fcr die Mieter und Apartmentresidenten, sondern auch f\u00fcr die Klienten und Kunden. Zur Verf\u00fcgung stehen 710\u00a0Parkpl\u00e4tze, die regelm\u00e4\u00dfig hinsichtlich deren technischen Zustandes gewartet und gereinigt werden und an das Sicherheits-Kamera\u00fcberwachungssystem angeschlossen sind und somit ein bequemes, problemloses und \u00fcberwachtes Parken sicherstellen.<br \/>\nZur Auswahl stehen Parkpl\u00e4tze in der Tiefgarage sowie Parkpl\u00e4tze im Au\u00dfenbereich, die f\u00fcr die Belieferung ihrer Gesch\u00e4ftsr\u00e4ume oder das Abstellen von Fahrr\u00e4dern in den dazu bestimmten St\u00e4ndern geeignet sind.<\/p>\n<h2>KONTAKTIEREN SIE UNS<\/h2>\n<p>Wegen n\u00e4herer Informationen zu den aktuellen Mietm\u00f6glichkeiten kontaktieren Sie bitte:<br \/>\n<strong>Ing. Gabriela Kecsk\u00e9s<\/strong><br \/>\nGesch\u00e4ftsmanager des BCK<br \/>\nemail: <a href=\"mailto:info@bck.sk\">info@bck.sk<\/a><br \/>\ntel.: <a href=\"tel:+421905505650\">+421 905 505 650<\/a><\/p>\n<p>F\u00fcllen Sie gegebenenfalls das Kontaktformular aus und wir melden uns bei Ihnen zur\u00fcck.<\/p>\n<p><a class=\"button\" href=\"#\" data-open=\"kontaktnyFormular\">KONTAKTFORMULAR<\/a><\/p>\n<\/div>\n<\/div>\n","protected":false},"excerpt":{"rendered":"<p>KONTAKTIEREN SIE UNS \u00d7 Der gesamte Geb\u00e4udekomplex des BCK bietet ausreichend viele Parkpl\u00e4tze nicht nur f\u00fcr die Mieter und Apartmentresidenten, sondern auch f\u00fcr die Klienten und Kunden. Zur Verf\u00fcgung stehen 710\u00a0Parkpl\u00e4tze, die regelm\u00e4\u00dfig hinsichtlich deren technischen Zustandes gewartet und gereinigt werden und an das Sicherheits-Kamera\u00fcberwachungssystem angeschlossen sind und somit ein bequemes, problemloses und \u00fcberwachtes Parken<a class=\"excerpt-read-more\" href=\"https:\/\/bck.sk\/de\/parkplaetze\/\" title=\"ReadPARKPL\u00c4TZE\">&#8230; Read more &raquo;<\/a><\/p>\n","protected":false},"author":1,"featured_media":0,"parent":0,"menu_order":33,"comment_status":"closed","ping_status":"closed","template":"template-full-width.php","meta":{"_acf_changed":false,"footnotes":""},"class_list":["post-3153","page","type-page","status-publish","hentry"],"acf":[],"yoast_head":"<!-- This site is optimized with the Yoast SEO plugin v27.3 - https:\/\/yoast.com\/product\/yoast-seo-wordpress\/ -->\n<title>PARKPL\u00c4TZE - Business Centre Ko\u0161ice<\/title>\n<meta name=\"robots\" content=\"index, follow, max-snippet:-1, max-image-preview:large, max-video-preview:-1\" \/>\n<link rel=\"canonical\" href=\"https:\/\/bck.sk\/de\/parkplaetze\/\" \/>\n<meta property=\"og:locale\" content=\"de_DE\" \/>\n<meta property=\"og:type\" content=\"article\" \/>\n<meta property=\"og:title\" content=\"PARKPL\u00c4TZE - Business Centre Ko\u0161ice\" \/>\n<meta property=\"og:description\" content=\"KONTAKTIEREN SIE UNS \u00d7 Der gesamte Geb\u00e4udekomplex des BCK bietet ausreichend viele Parkpl\u00e4tze nicht nur f\u00fcr die Mieter und Apartmentresidenten, sondern auch f\u00fcr die Klienten und Kunden. Zur Verf\u00fcgung stehen 710\u00a0Parkpl\u00e4tze, die regelm\u00e4\u00dfig hinsichtlich deren technischen Zustandes gewartet und gereinigt werden und an das Sicherheits-Kamera\u00fcberwachungssystem angeschlossen sind und somit ein bequemes, problemloses und \u00fcberwachtes Parken... Read more &raquo;\" \/>\n<meta property=\"og:url\" content=\"https:\/\/bck.sk\/de\/parkplaetze\/\" \/>\n<meta property=\"og:site_name\" content=\"Business Centre Ko\u0161ice\" \/>\n<meta property=\"article:modified_time\" content=\"2024-01-15T13:45:45+00:00\" \/>\n<meta property=\"og:image\" content=\"https:\/\/bck.sk\/wp-content\/uploads\/2020\/12\/parking-spaces-1-1024x685.jpg\" \/>\n<meta name=\"twitter:card\" content=\"summary_large_image\" \/>\n<meta name=\"twitter:label1\" content=\"Gesch\u00e4tzte Lesezeit\" \/>\n\t<meta name=\"twitter:data1\" content=\"1\u00a0Minute\" \/>\n<script type=\"application\/ld+json\" class=\"yoast-schema-graph\">{\"@context\":\"https:\\\/\\\/schema.org\",\"@graph\":[{\"@type\":\"WebPage\",\"@id\":\"https:\\\/\\\/bck.sk\\\/de\\\/parkplaetze\\\/\",\"url\":\"https:\\\/\\\/bck.sk\\\/de\\\/parkplaetze\\\/\",\"name\":\"PARKPL\u00c4TZE - Business Centre Ko\u0161ice\",\"isPartOf\":{\"@id\":\"https:\\\/\\\/bck.sk\\\/de\\\/#website\"},\"primaryImageOfPage\":{\"@id\":\"https:\\\/\\\/bck.sk\\\/de\\\/parkplaetze\\\/#primaryimage\"},\"image\":{\"@id\":\"https:\\\/\\\/bck.sk\\\/de\\\/parkplaetze\\\/#primaryimage\"},\"thumbnailUrl\":\"https:\\\/\\\/bck.sk\\\/wp-content\\\/uploads\\\/2020\\\/12\\\/parking-spaces-1-1024x685.jpg\",\"datePublished\":\"2021-07-19T11:20:44+00:00\",\"dateModified\":\"2024-01-15T13:45:45+00:00\",\"breadcrumb\":{\"@id\":\"https:\\\/\\\/bck.sk\\\/de\\\/parkplaetze\\\/#breadcrumb\"},\"inLanguage\":\"de\",\"potentialAction\":[{\"@type\":\"ReadAction\",\"target\":[\"https:\\\/\\\/bck.sk\\\/de\\\/parkplaetze\\\/\"]}]},{\"@type\":\"ImageObject\",\"inLanguage\":\"de\",\"@id\":\"https:\\\/\\\/bck.sk\\\/de\\\/parkplaetze\\\/#primaryimage\",\"url\":\"https:\\\/\\\/bck.sk\\\/wp-content\\\/uploads\\\/2020\\\/12\\\/parking-spaces-1-1024x685.jpg\",\"contentUrl\":\"https:\\\/\\\/bck.sk\\\/wp-content\\\/uploads\\\/2020\\\/12\\\/parking-spaces-1-1024x685.jpg\"},{\"@type\":\"BreadcrumbList\",\"@id\":\"https:\\\/\\\/bck.sk\\\/de\\\/parkplaetze\\\/#breadcrumb\",\"itemListElement\":[{\"@type\":\"ListItem\",\"position\":1,\"name\":\"Home\",\"item\":\"https:\\\/\\\/bck.sk\\\/de\\\/\"},{\"@type\":\"ListItem\",\"position\":2,\"name\":\"PARKPL\u00c4TZE\"}]},{\"@type\":\"WebSite\",\"@id\":\"https:\\\/\\\/bck.sk\\\/de\\\/#website\",\"url\":\"https:\\\/\\\/bck.sk\\\/de\\\/\",\"name\":\"Business Centre Ko\u0161ice\",\"description\":\"Kancel\u00e1rie na pren\u00e1jom - luxusn\u00e9 kancel\u00e1rske priestory Ko\u0161ice\",\"potentialAction\":[{\"@type\":\"SearchAction\",\"target\":{\"@type\":\"EntryPoint\",\"urlTemplate\":\"https:\\\/\\\/bck.sk\\\/de\\\/?s={search_term_string}\"},\"query-input\":{\"@type\":\"PropertyValueSpecification\",\"valueRequired\":true,\"valueName\":\"search_term_string\"}}],\"inLanguage\":\"de\"}]}<\/script>\n<!-- \/ Yoast SEO plugin. -->","yoast_head_json":{"title":"PARKPL\u00c4TZE - Business Centre Ko\u0161ice","robots":{"index":"index","follow":"follow","max-snippet":"max-snippet:-1","max-image-preview":"max-image-preview:large","max-video-preview":"max-video-preview:-1"},"canonical":"https:\/\/bck.sk\/de\/parkplaetze\/","og_locale":"de_DE","og_type":"article","og_title":"PARKPL\u00c4TZE - Business Centre Ko\u0161ice","og_description":"KONTAKTIEREN SIE UNS \u00d7 Der gesamte Geb\u00e4udekomplex des BCK bietet ausreichend viele Parkpl\u00e4tze nicht nur f\u00fcr die Mieter und Apartmentresidenten, sondern auch f\u00fcr die Klienten und Kunden. Zur Verf\u00fcgung stehen 710\u00a0Parkpl\u00e4tze, die regelm\u00e4\u00dfig hinsichtlich deren technischen Zustandes gewartet und gereinigt werden und an das Sicherheits-Kamera\u00fcberwachungssystem angeschlossen sind und somit ein bequemes, problemloses und \u00fcberwachtes Parken... Read more &raquo;","og_url":"https:\/\/bck.sk\/de\/parkplaetze\/","og_site_name":"Business Centre Ko\u0161ice","article_modified_time":"2024-01-15T13:45:45+00:00","og_image":[{"url":"https:\/\/bck.sk\/wp-content\/uploads\/2020\/12\/parking-spaces-1-1024x685.jpg","type":"","width":"","height":""}],"twitter_card":"summary_large_image","twitter_misc":{"Gesch\u00e4tzte Lesezeit":"1\u00a0Minute"},"schema":{"@context":"https:\/\/schema.org","@graph":[{"@type":"WebPage","@id":"https:\/\/bck.sk\/de\/parkplaetze\/","url":"https:\/\/bck.sk\/de\/parkplaetze\/","name":"PARKPL\u00c4TZE - Business Centre Ko\u0161ice","isPartOf":{"@id":"https:\/\/bck.sk\/de\/#website"},"primaryImageOfPage":{"@id":"https:\/\/bck.sk\/de\/parkplaetze\/#primaryimage"},"image":{"@id":"https:\/\/bck.sk\/de\/parkplaetze\/#primaryimage"},"thumbnailUrl":"https:\/\/bck.sk\/wp-content\/uploads\/2020\/12\/parking-spaces-1-1024x685.jpg","datePublished":"2021-07-19T11:20:44+00:00","dateModified":"2024-01-15T13:45:45+00:00","breadcrumb":{"@id":"https:\/\/bck.sk\/de\/parkplaetze\/#breadcrumb"},"inLanguage":"de","potentialAction":[{"@type":"ReadAction","target":["https:\/\/bck.sk\/de\/parkplaetze\/"]}]},{"@type":"ImageObject","inLanguage":"de","@id":"https:\/\/bck.sk\/de\/parkplaetze\/#primaryimage","url":"https:\/\/bck.sk\/wp-content\/uploads\/2020\/12\/parking-spaces-1-1024x685.jpg","contentUrl":"https:\/\/bck.sk\/wp-content\/uploads\/2020\/12\/parking-spaces-1-1024x685.jpg"},{"@type":"BreadcrumbList","@id":"https:\/\/bck.sk\/de\/parkplaetze\/#breadcrumb","itemListElement":[{"@type":"ListItem","position":1,"name":"Home","item":"https:\/\/bck.sk\/de\/"},{"@type":"ListItem","position":2,"name":"PARKPL\u00c4TZE"}]},{"@type":"WebSite","@id":"https:\/\/bck.sk\/de\/#website","url":"https:\/\/bck.sk\/de\/","name":"Business Centre Ko\u0161ice","description":"Kancel\u00e1rie na pren\u00e1jom - luxusn\u00e9 kancel\u00e1rske priestory Ko\u0161ice","potentialAction":[{"@type":"SearchAction","target":{"@type":"EntryPoint","urlTemplate":"https:\/\/bck.sk\/de\/?s={search_term_string}"},"query-input":{"@type":"PropertyValueSpecification","valueRequired":true,"valueName":"search_term_string"}}],"inLanguage":"de"}]}},"_links":{"self":[{"href":"https:\/\/bck.sk\/de\/wp-json\/wp\/v2\/pages\/3153","targetHints":{"allow":["GET"]}}],"collection":[{"href":"https:\/\/bck.sk\/de\/wp-json\/wp\/v2\/pages"}],"about":[{"href":"https:\/\/bck.sk\/de\/wp-json\/wp\/v2\/types\/page"}],"author":[{"embeddable":true,"href":"https:\/\/bck.sk\/de\/wp-json\/wp\/v2\/users\/1"}],"replies":[{"embeddable":true,"href":"https:\/\/bck.sk\/de\/wp-json\/wp\/v2\/comments?post=3153"}],"version-history":[{"count":3,"href":"https:\/\/bck.sk\/de\/wp-json\/wp\/v2\/pages\/3153\/revisions"}],"predecessor-version":[{"id":5463,"href":"https:\/\/bck.sk\/de\/wp-json\/wp\/v2\/pages\/3153\/revisions\/5463"}],"wp:attachment":[{"href":"https:\/\/bck.sk\/de\/wp-json\/wp\/v2\/media?parent=3153"}],"curies":[{"name":"wp","href":"https:\/\/api.w.org\/{rel}","templated":true}]}}