{"id":3139,"date":"2021-07-19T12:55:45","date_gmt":"2021-07-19T10:55:45","guid":{"rendered":"https:\/\/bck.sk\/?page_id=3139"},"modified":"2021-07-19T12:55:45","modified_gmt":"2021-07-19T10:55:45","slug":"lokalitaet","status":"publish","type":"page","link":"https:\/\/bck.sk\/de\/lokalitaet\/","title":{"rendered":"LOKALIT\u00c4T"},"content":{"rendered":"<p>Der Komplex Business Centre Ko\u0161ice befindet sich im Zentrum der Stadt Ko\u0161ice an der Kreuzung der Stra\u00dfen \u0160t\u00farova, Kuzm\u00e1nyho und \u017di\u017ekova, in unmittelbarer N\u00e4he des Stadions Steel Ar\u00e9na.<\/p>\n<p><iframe loading=\"lazy\" style=\"border: 0;\" tabindex=\"0\" src=\"https:\/\/www.google.com\/maps\/embed?pb=!1m18!1m12!1m3!1d2632.3942215909337!2d21.248214915669394!3d48.71705847927394!2m3!1f0!2f0!3f0!3m2!1i1024!2i768!4f13.1!3m3!1m2!1s0x473ee06ec5c84f69%3A0x1102cc0c9e7bd72d!2sBusiness%20Centre%20Ko%C5%A1ice%2C%20%C5%A0t%C3%BArova%2027%2C%20040%2001%20Star%C3%A9%20Mesto%2C%20Slovensko!5e0!3m2!1scs!2scz!4v1588002392154!5m2!1scs!2scz\" width=\"100%\" height=\"300\" frameborder=\"0\" allowfullscreen=\"allowfullscreen\" aria-hidden=\"false\"><span data-mce-type=\"bookmark\" style=\"display: inline-block; width: 0px; overflow: hidden; line-height: 0;\" class=\"mce_SELRES_start\">\ufeff<\/span><\/iframe><\/p>\n<h2>VERKEHRSERREICHBARKEIT<\/h2>\n<p>Das historische Zentrum der Stadt Ko\u0161ice ist nur 800 m entfernt, auf die Hauptstra\u00dfe gelangen Sie somit bequem auch zu Fu\u00df. Direkt vor dem Geb\u00e4ude befinden sich au\u00dferdem eine Bus- und eine Stra\u00dfenbahnhaltestelle des \u00f6ffentlichen Stadtverkehrs. Gut erreichbar ist auch der Internationale Flughafen Ko\u0161ice, zu dem Sie mit dem Auto in 10 Minuten gelangen. Dank der Lage des BCK sind alle wichtigen Verkehrsknoten mit Anschluss an die Autobahnen in der N\u00e4he.<\/p>\n<p>&nbsp;<\/p>\n","protected":false},"excerpt":{"rendered":"<p>Der Komplex Business Centre Ko\u0161ice befindet sich im Zentrum der Stadt Ko\u0161ice an der Kreuzung der Stra\u00dfen \u0160t\u00farova, Kuzm\u00e1nyho und \u017di\u017ekova, in unmittelbarer N\u00e4he des Stadions Steel Ar\u00e9na. \ufeff VERKEHRSERREICHBARKEIT Das historische Zentrum der Stadt Ko\u0161ice ist nur 800 m entfernt, auf die Hauptstra\u00dfe gelangen Sie somit bequem auch zu Fu\u00df. Direkt vor dem Geb\u00e4ude<a class=\"excerpt-read-more\" href=\"https:\/\/bck.sk\/de\/lokalitaet\/\" title=\"ReadLOKALIT\u00c4T\">&#8230; Read more &raquo;<\/a><\/p>\n","protected":false},"author":1,"featured_media":0,"parent":0,"menu_order":24,"comment_status":"closed","ping_status":"closed","template":"template-full-width.php","meta":{"_acf_changed":false,"footnotes":""},"class_list":["post-3139","page","type-page","status-publish","hentry"],"acf":[],"yoast_head":"<!-- This site is optimized with the Yoast SEO plugin v27.3 - https:\/\/yoast.com\/product\/yoast-seo-wordpress\/ -->\n<title>LOKALIT\u00c4T - Business Centre Ko\u0161ice<\/title>\n<meta name=\"robots\" content=\"index, follow, max-snippet:-1, max-image-preview:large, max-video-preview:-1\" \/>\n<link rel=\"canonical\" href=\"https:\/\/bck.sk\/de\/lokalitaet\/\" \/>\n<meta property=\"og:locale\" content=\"de_DE\" \/>\n<meta property=\"og:type\" content=\"article\" \/>\n<meta property=\"og:title\" content=\"LOKALIT\u00c4T - Business Centre Ko\u0161ice\" \/>\n<meta property=\"og:description\" content=\"Der Komplex Business Centre Ko\u0161ice befindet sich im Zentrum der Stadt Ko\u0161ice an der Kreuzung der Stra\u00dfen \u0160t\u00farova, Kuzm\u00e1nyho und \u017di\u017ekova, in unmittelbarer N\u00e4he des Stadions Steel Ar\u00e9na. \ufeff VERKEHRSERREICHBARKEIT Das historische Zentrum der Stadt Ko\u0161ice ist nur 800 m entfernt, auf die Hauptstra\u00dfe gelangen Sie somit bequem auch zu Fu\u00df. Direkt vor dem Geb\u00e4ude... Read more &raquo;\" \/>\n<meta property=\"og:url\" content=\"https:\/\/bck.sk\/de\/lokalitaet\/\" \/>\n<meta property=\"og:site_name\" content=\"Business Centre Ko\u0161ice\" \/>\n<meta name=\"twitter:card\" content=\"summary_large_image\" \/>\n<meta name=\"twitter:label1\" content=\"Gesch\u00e4tzte Lesezeit\" \/>\n\t<meta name=\"twitter:data1\" content=\"1\u00a0Minute\" \/>\n<script type=\"application\/ld+json\" class=\"yoast-schema-graph\">{\"@context\":\"https:\\\/\\\/schema.org\",\"@graph\":[{\"@type\":\"WebPage\",\"@id\":\"https:\\\/\\\/bck.sk\\\/de\\\/lokalitaet\\\/\",\"url\":\"https:\\\/\\\/bck.sk\\\/de\\\/lokalitaet\\\/\",\"name\":\"LOKALIT\u00c4T - Business Centre Ko\u0161ice\",\"isPartOf\":{\"@id\":\"https:\\\/\\\/bck.sk\\\/de\\\/#website\"},\"datePublished\":\"2021-07-19T10:55:45+00:00\",\"breadcrumb\":{\"@id\":\"https:\\\/\\\/bck.sk\\\/de\\\/lokalitaet\\\/#breadcrumb\"},\"inLanguage\":\"de\",\"potentialAction\":[{\"@type\":\"ReadAction\",\"target\":[\"https:\\\/\\\/bck.sk\\\/de\\\/lokalitaet\\\/\"]}]},{\"@type\":\"BreadcrumbList\",\"@id\":\"https:\\\/\\\/bck.sk\\\/de\\\/lokalitaet\\\/#breadcrumb\",\"itemListElement\":[{\"@type\":\"ListItem\",\"position\":1,\"name\":\"Home\",\"item\":\"https:\\\/\\\/bck.sk\\\/de\\\/\"},{\"@type\":\"ListItem\",\"position\":2,\"name\":\"LOKALIT\u00c4T\"}]},{\"@type\":\"WebSite\",\"@id\":\"https:\\\/\\\/bck.sk\\\/de\\\/#website\",\"url\":\"https:\\\/\\\/bck.sk\\\/de\\\/\",\"name\":\"Business Centre Ko\u0161ice\",\"description\":\"Kancel\u00e1rie na pren\u00e1jom - luxusn\u00e9 kancel\u00e1rske priestory Ko\u0161ice\",\"potentialAction\":[{\"@type\":\"SearchAction\",\"target\":{\"@type\":\"EntryPoint\",\"urlTemplate\":\"https:\\\/\\\/bck.sk\\\/de\\\/?s={search_term_string}\"},\"query-input\":{\"@type\":\"PropertyValueSpecification\",\"valueRequired\":true,\"valueName\":\"search_term_string\"}}],\"inLanguage\":\"de\"}]}<\/script>\n<!-- \/ Yoast SEO plugin. -->","yoast_head_json":{"title":"LOKALIT\u00c4T - Business Centre Ko\u0161ice","robots":{"index":"index","follow":"follow","max-snippet":"max-snippet:-1","max-image-preview":"max-image-preview:large","max-video-preview":"max-video-preview:-1"},"canonical":"https:\/\/bck.sk\/de\/lokalitaet\/","og_locale":"de_DE","og_type":"article","og_title":"LOKALIT\u00c4T - Business Centre Ko\u0161ice","og_description":"Der Komplex Business Centre Ko\u0161ice befindet sich im Zentrum der Stadt Ko\u0161ice an der Kreuzung der Stra\u00dfen \u0160t\u00farova, Kuzm\u00e1nyho und \u017di\u017ekova, in unmittelbarer N\u00e4he des Stadions Steel Ar\u00e9na. \ufeff VERKEHRSERREICHBARKEIT Das historische Zentrum der Stadt Ko\u0161ice ist nur 800 m entfernt, auf die Hauptstra\u00dfe gelangen Sie somit bequem auch zu Fu\u00df. Direkt vor dem Geb\u00e4ude... Read more &raquo;","og_url":"https:\/\/bck.sk\/de\/lokalitaet\/","og_site_name":"Business Centre Ko\u0161ice","twitter_card":"summary_large_image","twitter_misc":{"Gesch\u00e4tzte Lesezeit":"1\u00a0Minute"},"schema":{"@context":"https:\/\/schema.org","@graph":[{"@type":"WebPage","@id":"https:\/\/bck.sk\/de\/lokalitaet\/","url":"https:\/\/bck.sk\/de\/lokalitaet\/","name":"LOKALIT\u00c4T - Business Centre Ko\u0161ice","isPartOf":{"@id":"https:\/\/bck.sk\/de\/#website"},"datePublished":"2021-07-19T10:55:45+00:00","breadcrumb":{"@id":"https:\/\/bck.sk\/de\/lokalitaet\/#breadcrumb"},"inLanguage":"de","potentialAction":[{"@type":"ReadAction","target":["https:\/\/bck.sk\/de\/lokalitaet\/"]}]},{"@type":"BreadcrumbList","@id":"https:\/\/bck.sk\/de\/lokalitaet\/#breadcrumb","itemListElement":[{"@type":"ListItem","position":1,"name":"Home","item":"https:\/\/bck.sk\/de\/"},{"@type":"ListItem","position":2,"name":"LOKALIT\u00c4T"}]},{"@type":"WebSite","@id":"https:\/\/bck.sk\/de\/#website","url":"https:\/\/bck.sk\/de\/","name":"Business Centre Ko\u0161ice","description":"Kancel\u00e1rie na pren\u00e1jom - luxusn\u00e9 kancel\u00e1rske priestory Ko\u0161ice","potentialAction":[{"@type":"SearchAction","target":{"@type":"EntryPoint","urlTemplate":"https:\/\/bck.sk\/de\/?s={search_term_string}"},"query-input":{"@type":"PropertyValueSpecification","valueRequired":true,"valueName":"search_term_string"}}],"inLanguage":"de"}]}},"_links":{"self":[{"href":"https:\/\/bck.sk\/de\/wp-json\/wp\/v2\/pages\/3139","targetHints":{"allow":["GET"]}}],"collection":[{"href":"https:\/\/bck.sk\/de\/wp-json\/wp\/v2\/pages"}],"about":[{"href":"https:\/\/bck.sk\/de\/wp-json\/wp\/v2\/types\/page"}],"author":[{"embeddable":true,"href":"https:\/\/bck.sk\/de\/wp-json\/wp\/v2\/users\/1"}],"replies":[{"embeddable":true,"href":"https:\/\/bck.sk\/de\/wp-json\/wp\/v2\/comments?post=3139"}],"version-history":[{"count":1,"href":"https:\/\/bck.sk\/de\/wp-json\/wp\/v2\/pages\/3139\/revisions"}],"predecessor-version":[{"id":3140,"href":"https:\/\/bck.sk\/de\/wp-json\/wp\/v2\/pages\/3139\/revisions\/3140"}],"wp:attachment":[{"href":"https:\/\/bck.sk\/de\/wp-json\/wp\/v2\/media?parent=3139"}],"curies":[{"name":"wp","href":"https:\/\/api.w.org\/{rel}","templated":true}]}}