{"id":3137,"date":"2021-07-19T12:54:19","date_gmt":"2021-07-19T10:54:19","guid":{"rendered":"https:\/\/bck.sk\/?page_id=3137"},"modified":"2021-07-19T12:54:19","modified_gmt":"2021-07-19T10:54:19","slug":"zusaetzliche-dienstleistungen","status":"publish","type":"page","link":"https:\/\/bck.sk\/de\/zusaetzliche-dienstleistungen\/","title":{"rendered":"ZUS\u00c4TZLICHE DIENSTLEISTUNGEN"},"content":{"rendered":"<div class=\"grid-container\">\n<div class=\"grid-x grid-padding-x grid-margin-x\">\n<div class=\"cell small-12 medium-6 my-content-cell\">\n<ul type=\"disc\">\n<li>Dienstleistungen von Restaurants einschlie\u00dflich Fr\u00fchst\u00fccksmen\u00fc und Catering<\/li>\n<li>Weinbar und Caf\u00e9 mit Terrasse<\/li>\n<li>Bankdienstleistungen einschlie\u00dflich Bankomaten<\/li>\n<li>Dienstleistungen von Versicherungsanstalten, notarielle Dienstleistungen, Dienstleistungen von Personal- und Beratungsagenturen, Sprachschuldienste<\/li>\n<li>M\u00f6glichkeit der Mietung von repr\u00e4sentativen Tagungsr\u00e4umen f\u00fcr 4, 8 und 10 Personen<\/li>\n<li>Sicherung von Taxidiensten<\/li>\n<li>M\u00f6glichkeit eines schl\u00fcsselfertigen Einrichtens des B\u00fcros<\/li>\n<li><a href=\"https:\/\/kosice-rental-apartments.sk\/\" target=\"_blank\" rel=\"noopener noreferrer\">M\u00f6glichkeit einer langfristigen Unterkunft in lukrativen Apartments mit Blick auf die Stadt<\/a><\/li>\n<li>Weitere Dienstleistungen nach individuellen Anforderungen unserer Klienten <\/li>\n<\/ul>\n<\/div>\n<div class=\"cell small-12 medium-6 my-content-cell\">\n<div class=\"grid-container grid-container-gallery-content\">\n<div class=\"grid-x grid-margin-x text-center align-center\">\n<div class=\"cell small-12 medium-4 large-3\">\n<div class=\"my-gallery-thumbnail-container-content\">\n<a href=\"https:\/\/bck.sk\/wp-content\/uploads\/2020\/04\/bck-interiery-2.jpg\" data-lightbox=\"Gal\u00e9ria\" data-title=\"\" class=\"my-gallery-img-button-content\"><img loading=\"lazy\" decoding=\"async\" class=\"gallery-img-content\" src=\"https:\/\/bck.sk\/wp-content\/uploads\/2020\/04\/bck-interiery-2-800x500.jpg\" width=\"800\" height=\"500\" alt=\"\" title=\"\" \/><\/a>\n<\/div>\n<\/div>\n<div class=\"cell small-12 medium-4 large-3\">\n<div class=\"my-gallery-thumbnail-container-content\">\n<a href=\"https:\/\/bck.sk\/wp-content\/uploads\/2020\/04\/bck-interiery-16-scaled.jpg\" data-lightbox=\"Gal\u00e9ria\" data-title=\"\" class=\"my-gallery-img-button-content\"><img loading=\"lazy\" decoding=\"async\" class=\"gallery-img-content\" src=\"https:\/\/bck.sk\/wp-content\/uploads\/2020\/04\/bck-interiery-16-800x500.jpg\" width=\"800\" height=\"500\" alt=\"\" title=\"\" \/><\/a>\n<\/div>\n<\/div>\n<\/div><\/div>\n<\/p>\n<div class=\"grid-container grid-container-gallery-content\">\n<div class=\"grid-x grid-margin-x text-center align-center\">\n<div class=\"cell small-12 medium-4 large-3\">\n<div class=\"my-gallery-thumbnail-container-content\">\n<a href=\"https:\/\/bck.sk\/wp-content\/uploads\/2020\/04\/bck-zasadacie-miestnosti-1-scaled.jpg\" data-lightbox=\"Gal\u00e9ria\" data-title=\"\" class=\"my-gallery-img-button-content\"><img loading=\"lazy\" decoding=\"async\" class=\"gallery-img-content\" src=\"https:\/\/bck.sk\/wp-content\/uploads\/2020\/04\/bck-zasadacie-miestnosti-1-800x500.jpg\" width=\"800\" height=\"500\" alt=\"\" title=\"\" \/><\/a>\n<\/div>\n<\/div>\n<div class=\"cell small-12 medium-4 large-3\">\n<div class=\"my-gallery-thumbnail-container-content\">\n<a href=\"https:\/\/bck.sk\/wp-content\/uploads\/2020\/04\/bck-zasadacie-miestnosti-2-scaled.jpg\" data-lightbox=\"Gal\u00e9ria\" data-title=\"\" class=\"my-gallery-img-button-content\"><img loading=\"lazy\" decoding=\"async\" class=\"gallery-img-content\" src=\"https:\/\/bck.sk\/wp-content\/uploads\/2020\/04\/bck-zasadacie-miestnosti-2-800x500.jpg\" width=\"800\" height=\"500\" alt=\"\" title=\"\" \/><\/a>\n<\/div>\n<\/div>\n<div class=\"cell small-12 medium-4 large-3\">\n<div class=\"my-gallery-thumbnail-container-content\">\n<a href=\"https:\/\/bck.sk\/wp-content\/uploads\/2020\/04\/bck-zasadacie-miestnosti-3-scaled.jpg\" data-lightbox=\"Gal\u00e9ria\" data-title=\"\" class=\"my-gallery-img-button-content\"><img loading=\"lazy\" decoding=\"async\" class=\"gallery-img-content\" src=\"https:\/\/bck.sk\/wp-content\/uploads\/2020\/04\/bck-zasadacie-miestnosti-3-800x500.jpg\" width=\"800\" height=\"500\" alt=\"\" title=\"\" \/><\/a>\n<\/div>\n<\/div>\n<div class=\"cell small-12 medium-4 large-3\">\n<div class=\"my-gallery-thumbnail-container-content\">\n<a href=\"https:\/\/bck.sk\/wp-content\/uploads\/2020\/04\/bck-zasadacie-miestnosti-4-scaled.jpg\" data-lightbox=\"Gal\u00e9ria\" data-title=\"\" class=\"my-gallery-img-button-content\"><img loading=\"lazy\" decoding=\"async\" class=\"gallery-img-content\" src=\"https:\/\/bck.sk\/wp-content\/uploads\/2020\/04\/bck-zasadacie-miestnosti-4-800x500.jpg\" width=\"800\" height=\"500\" alt=\"\" title=\"\" \/><\/a>\n<\/div>\n<\/div>\n<\/div><\/div>\n<\/div>\n<\/div>\n<\/div>\n","protected":false},"excerpt":{"rendered":"<p>Dienstleistungen von Restaurants einschlie\u00dflich Fr\u00fchst\u00fccksmen\u00fc und Catering Weinbar und Caf\u00e9 mit Terrasse Bankdienstleistungen einschlie\u00dflich Bankomaten Dienstleistungen von Versicherungsanstalten, notarielle Dienstleistungen, Dienstleistungen von Personal- und Beratungsagenturen, Sprachschuldienste M\u00f6glichkeit der Mietung von repr\u00e4sentativen Tagungsr\u00e4umen f\u00fcr 4, 8 und 10 Personen Sicherung von Taxidiensten M\u00f6glichkeit eines schl\u00fcsselfertigen Einrichtens des B\u00fcros M\u00f6glichkeit einer langfristigen Unterkunft in lukrativen Apartments mit<a class=\"excerpt-read-more\" href=\"https:\/\/bck.sk\/de\/zusaetzliche-dienstleistungen\/\" title=\"ReadZUS\u00c4TZLICHE DIENSTLEISTUNGEN\">&#8230; Read more &raquo;<\/a><\/p>\n","protected":false},"author":1,"featured_media":0,"parent":0,"menu_order":30,"comment_status":"closed","ping_status":"closed","template":"template-full-width.php","meta":{"_acf_changed":false,"footnotes":""},"class_list":["post-3137","page","type-page","status-publish","hentry"],"acf":[],"yoast_head":"<!-- This site is optimized with the Yoast SEO plugin v27.3 - https:\/\/yoast.com\/product\/yoast-seo-wordpress\/ -->\n<title>ZUS\u00c4TZLICHE DIENSTLEISTUNGEN - Business Centre Ko\u0161ice<\/title>\n<meta name=\"robots\" content=\"index, follow, max-snippet:-1, max-image-preview:large, max-video-preview:-1\" \/>\n<link rel=\"canonical\" href=\"https:\/\/bck.sk\/de\/zusaetzliche-dienstleistungen\/\" \/>\n<meta property=\"og:locale\" content=\"de_DE\" \/>\n<meta property=\"og:type\" content=\"article\" \/>\n<meta property=\"og:title\" content=\"ZUS\u00c4TZLICHE DIENSTLEISTUNGEN - Business Centre Ko\u0161ice\" \/>\n<meta property=\"og:description\" content=\"Dienstleistungen von Restaurants einschlie\u00dflich Fr\u00fchst\u00fccksmen\u00fc und Catering Weinbar und Caf\u00e9 mit Terrasse Bankdienstleistungen einschlie\u00dflich Bankomaten Dienstleistungen von Versicherungsanstalten, notarielle Dienstleistungen, Dienstleistungen von Personal- und Beratungsagenturen, Sprachschuldienste M\u00f6glichkeit der Mietung von repr\u00e4sentativen Tagungsr\u00e4umen f\u00fcr 4, 8 und 10 Personen Sicherung von Taxidiensten M\u00f6glichkeit eines schl\u00fcsselfertigen Einrichtens des B\u00fcros M\u00f6glichkeit einer langfristigen Unterkunft in lukrativen Apartments mit... Read more &raquo;\" \/>\n<meta property=\"og:url\" content=\"https:\/\/bck.sk\/de\/zusaetzliche-dienstleistungen\/\" \/>\n<meta property=\"og:site_name\" content=\"Business Centre Ko\u0161ice\" \/>\n<meta property=\"og:image\" content=\"https:\/\/bck.sk\/wp-content\/uploads\/2020\/04\/bck-interiery-2-800x500.jpg\" \/>\n<meta name=\"twitter:card\" content=\"summary_large_image\" \/>\n<script type=\"application\/ld+json\" class=\"yoast-schema-graph\">{\"@context\":\"https:\\\/\\\/schema.org\",\"@graph\":[{\"@type\":\"WebPage\",\"@id\":\"https:\\\/\\\/bck.sk\\\/de\\\/zusaetzliche-dienstleistungen\\\/\",\"url\":\"https:\\\/\\\/bck.sk\\\/de\\\/zusaetzliche-dienstleistungen\\\/\",\"name\":\"ZUS\u00c4TZLICHE DIENSTLEISTUNGEN - Business Centre Ko\u0161ice\",\"isPartOf\":{\"@id\":\"https:\\\/\\\/bck.sk\\\/de\\\/#website\"},\"datePublished\":\"2021-07-19T10:54:19+00:00\",\"breadcrumb\":{\"@id\":\"https:\\\/\\\/bck.sk\\\/de\\\/zusaetzliche-dienstleistungen\\\/#breadcrumb\"},\"inLanguage\":\"de\",\"potentialAction\":[{\"@type\":\"ReadAction\",\"target\":[\"https:\\\/\\\/bck.sk\\\/de\\\/zusaetzliche-dienstleistungen\\\/\"]}]},{\"@type\":\"BreadcrumbList\",\"@id\":\"https:\\\/\\\/bck.sk\\\/de\\\/zusaetzliche-dienstleistungen\\\/#breadcrumb\",\"itemListElement\":[{\"@type\":\"ListItem\",\"position\":1,\"name\":\"Home\",\"item\":\"https:\\\/\\\/bck.sk\\\/de\\\/\"},{\"@type\":\"ListItem\",\"position\":2,\"name\":\"ZUS\u00c4TZLICHE DIENSTLEISTUNGEN\"}]},{\"@type\":\"WebSite\",\"@id\":\"https:\\\/\\\/bck.sk\\\/de\\\/#website\",\"url\":\"https:\\\/\\\/bck.sk\\\/de\\\/\",\"name\":\"Business Centre Ko\u0161ice\",\"description\":\"Kancel\u00e1rie na pren\u00e1jom - luxusn\u00e9 kancel\u00e1rske priestory Ko\u0161ice\",\"potentialAction\":[{\"@type\":\"SearchAction\",\"target\":{\"@type\":\"EntryPoint\",\"urlTemplate\":\"https:\\\/\\\/bck.sk\\\/de\\\/?s={search_term_string}\"},\"query-input\":{\"@type\":\"PropertyValueSpecification\",\"valueRequired\":true,\"valueName\":\"search_term_string\"}}],\"inLanguage\":\"de\"}]}<\/script>\n<!-- \/ Yoast SEO plugin. -->","yoast_head_json":{"title":"ZUS\u00c4TZLICHE DIENSTLEISTUNGEN - Business Centre Ko\u0161ice","robots":{"index":"index","follow":"follow","max-snippet":"max-snippet:-1","max-image-preview":"max-image-preview:large","max-video-preview":"max-video-preview:-1"},"canonical":"https:\/\/bck.sk\/de\/zusaetzliche-dienstleistungen\/","og_locale":"de_DE","og_type":"article","og_title":"ZUS\u00c4TZLICHE DIENSTLEISTUNGEN - Business Centre Ko\u0161ice","og_description":"Dienstleistungen von Restaurants einschlie\u00dflich Fr\u00fchst\u00fccksmen\u00fc und Catering Weinbar und Caf\u00e9 mit Terrasse Bankdienstleistungen einschlie\u00dflich Bankomaten Dienstleistungen von Versicherungsanstalten, notarielle Dienstleistungen, Dienstleistungen von Personal- und Beratungsagenturen, Sprachschuldienste M\u00f6glichkeit der Mietung von repr\u00e4sentativen Tagungsr\u00e4umen f\u00fcr 4, 8 und 10 Personen Sicherung von Taxidiensten M\u00f6glichkeit eines schl\u00fcsselfertigen Einrichtens des B\u00fcros M\u00f6glichkeit einer langfristigen Unterkunft in lukrativen Apartments mit... Read more &raquo;","og_url":"https:\/\/bck.sk\/de\/zusaetzliche-dienstleistungen\/","og_site_name":"Business Centre Ko\u0161ice","og_image":[{"url":"https:\/\/bck.sk\/wp-content\/uploads\/2020\/04\/bck-interiery-2-800x500.jpg","type":"","width":"","height":""}],"twitter_card":"summary_large_image","schema":{"@context":"https:\/\/schema.org","@graph":[{"@type":"WebPage","@id":"https:\/\/bck.sk\/de\/zusaetzliche-dienstleistungen\/","url":"https:\/\/bck.sk\/de\/zusaetzliche-dienstleistungen\/","name":"ZUS\u00c4TZLICHE DIENSTLEISTUNGEN - Business Centre Ko\u0161ice","isPartOf":{"@id":"https:\/\/bck.sk\/de\/#website"},"datePublished":"2021-07-19T10:54:19+00:00","breadcrumb":{"@id":"https:\/\/bck.sk\/de\/zusaetzliche-dienstleistungen\/#breadcrumb"},"inLanguage":"de","potentialAction":[{"@type":"ReadAction","target":["https:\/\/bck.sk\/de\/zusaetzliche-dienstleistungen\/"]}]},{"@type":"BreadcrumbList","@id":"https:\/\/bck.sk\/de\/zusaetzliche-dienstleistungen\/#breadcrumb","itemListElement":[{"@type":"ListItem","position":1,"name":"Home","item":"https:\/\/bck.sk\/de\/"},{"@type":"ListItem","position":2,"name":"ZUS\u00c4TZLICHE DIENSTLEISTUNGEN"}]},{"@type":"WebSite","@id":"https:\/\/bck.sk\/de\/#website","url":"https:\/\/bck.sk\/de\/","name":"Business Centre Ko\u0161ice","description":"Kancel\u00e1rie na pren\u00e1jom - luxusn\u00e9 kancel\u00e1rske priestory Ko\u0161ice","potentialAction":[{"@type":"SearchAction","target":{"@type":"EntryPoint","urlTemplate":"https:\/\/bck.sk\/de\/?s={search_term_string}"},"query-input":{"@type":"PropertyValueSpecification","valueRequired":true,"valueName":"search_term_string"}}],"inLanguage":"de"}]}},"_links":{"self":[{"href":"https:\/\/bck.sk\/de\/wp-json\/wp\/v2\/pages\/3137","targetHints":{"allow":["GET"]}}],"collection":[{"href":"https:\/\/bck.sk\/de\/wp-json\/wp\/v2\/pages"}],"about":[{"href":"https:\/\/bck.sk\/de\/wp-json\/wp\/v2\/types\/page"}],"author":[{"embeddable":true,"href":"https:\/\/bck.sk\/de\/wp-json\/wp\/v2\/users\/1"}],"replies":[{"embeddable":true,"href":"https:\/\/bck.sk\/de\/wp-json\/wp\/v2\/comments?post=3137"}],"version-history":[{"count":1,"href":"https:\/\/bck.sk\/de\/wp-json\/wp\/v2\/pages\/3137\/revisions"}],"predecessor-version":[{"id":3138,"href":"https:\/\/bck.sk\/de\/wp-json\/wp\/v2\/pages\/3137\/revisions\/3138"}],"wp:attachment":[{"href":"https:\/\/bck.sk\/de\/wp-json\/wp\/v2\/media?parent=3137"}],"curies":[{"name":"wp","href":"https:\/\/api.w.org\/{rel}","templated":true}]}}