{"id":2867,"date":"2021-07-12T13:05:59","date_gmt":"2021-07-12T11:05:59","guid":{"rendered":"https:\/\/bck.sk\/?page_id=2867"},"modified":"2026-03-26T13:55:31","modified_gmt":"2026-03-26T12:55:31","slug":"grundsaetze-des-schutzes-personenbezogener-daten","status":"publish","type":"page","link":"https:\/\/bck.sk\/de\/grundsaetze-des-schutzes-personenbezogener-daten\/","title":{"rendered":"Grunds\u00e4tze des Schutzes personenbezogener Daten"},"content":{"rendered":"<h2><strong>INFORMATIONEN, DIE DER BETROFFENEN PERSON VON SEITEN DES VERANTWORTLICHEN BEI DER ERHEBUNG PERSONENBEZOGENER DATEN VON DER BETROFFENEN PERSON BEREITGESTELLT WERDEN <\/strong><\/h2>\n<div>gem\u00e4\u00df Art. 12 der Verordnung (EU) 2016\/679 des Europ\u00e4ischen Parlaments und des Rates\u00a0(GDPR)<\/div>\n<p><strong>Identifikations- und Kontaktdaten des Verantwortlichen:<\/strong><\/p>\n<p><strong>CTR Business center Ko\u0161ice a.s.<\/strong><br \/>\n\u0160t\u00farova 27, 040 01 Ko\u0161ice<br \/>\nI\u010cO: 31360521<br \/>\nIdentifikationsnummer der Organisation (I\u010cO): 31360521<br \/>\nGesellschaft eingetragen im Handelsregister des Bezirksgerichts Ko\u0161ice I, Abteil: Sa, Einlage Nr.: 1574\/V<br \/>\nE-Mail: <a href=\"mailto:info@bck.sk\">info@bck.sk<\/a><br \/>\nTelefon: +421556804111<\/p>\n<p><strong>Zweck der Verarbeitung personenbezogener Daten:<\/strong><br \/>\nDer Verantwortliche verarbeitet die personenbezogenen Daten, die Sie dem Betreiber durch das Ausf\u00fcllen des Kontaktformulars zur Verf\u00fcgung gestellt haben, zu Zwecken der Durchf\u00fchrung von Marketing- und Gesch\u00e4ftsaktivit\u00e4ten des Betreibers, der R\u00fccksprache mit der betroffenen Person, zu statistischen Zwecken, zu Zwecken der Erstellung und des Versands von Angeboten des Betreibers an die betroffene Person.<\/p>\n<p><strong>Rechtsgrundlage der Verarbeitung personenbezogener Daten:<\/strong><br \/>\nEinwilligung der betroffenen Person zu der Verarbeitung der sie betreffenden personenbezogenen Daten im Sinne des Artikels 6 Absatz 1 Buchstabe a) der\u00a0Verordnung (EU) 2016\/679 des Europ\u00e4ischen Parlaments und des Rates (GDPR).<\/p>\n<p><strong>Empf\u00e4nger der personenbezogenen Daten:<\/strong><br \/>\nDurch die Erteilung der Einwilligung zur Verarbeitung von personenbezogenen Daten zu den oben genannten Zwecken willigen Sie ein, dass Ihre personenbezogenen Daten an Auftragnehmer des Verantwortlichen damit vermittelt werden, dass der Verantwortliche zu Marketing- und Gesch\u00e4ftszwecken die Kontaktdaten der betroffenen Personen IT-Dienstleistern, einschlie\u00dflich Cloud-Ablagen, bzw. Marketingagenturen zur Verf\u00fcgung stellt. Im Fall der Nutzung von Cloud-Ablagen werden diese immer im Rahmen der EU platziert. Der Verantwortliche stellt personenbezogene Daten Dritten zur Verf\u00fcgung, wenn dem Verantwortlichen die Pflicht zur Zurverf\u00fcgungstellung von personenbezogenen Daten durch eine allgemein verbindliche Rechtsvorschrift auferlegt wird. Im Fall, dass mit den personenbezogenen Daten nat\u00fcrliche Personen der Auftragnehmer- oder Serviceunternehmen in Kontakt kommen, sind diese zur Verschwiegenheit gem\u00e4\u00df \u00a7 79 des Gesetzes Nr. 18\/2018 der Gesetzessammlung zum Schutz personenbezogener Daten verpflichtet.<\/p>\n<p><strong>Drittl\u00e4nder, in die eine \u00dcbermittlung von personenbezogenen Daten vorgesehen wird:<\/strong><br \/>\nDer Verantwortliche sieht keine \u00dcbermittlung von personenbezogenen Daten in ein Drittland oder an eine internationale Organisation vor.<\/p>\n<p><strong>Rechtliche Gr\u00fcnde f\u00fcr die Verarbeitung personenbezogener Daten:<\/strong><br \/>\nAufgrund Ihrer Einwilligung ist der Administrator berechtigt, Ihre Kontaktdaten f\u00fcr Marketing- und Gesch\u00e4ftszwecke zu verarbeiten. Die Einwilligung in die Verarbeitung Ihrer Kontaktdaten f\u00fcr Marketing- und Gesch\u00e4ftszwecke ist freiwillig. Diese Einwilligung gilt bis zu Ihrem Widerruf.<br \/>\nOhne Zustimmung nur dann, wenn der Administrator die Kontaktdaten seiner Kunden aufgrund seines berechtigten Interesses zum Zweck des Direktmarketings verarbeitet. In diesem Fall haben Sie das Recht, Widerspruch einzulegen (mehr dazu weiter unten).<\/p>\n<p><strong>Widerruf der Einwilligung zur Verarbeitung personenbezogener Daten<\/strong><br \/>\nSie k\u00f6nnen die erteilte Einwilligung jederzeit widerrufen, indem Sie im Kontaktformular im Feld \u201eIhre Frage\u201c anf\u00fchren, dass Sie die erteilte Einwilligung zur Verarbeitung Ihrer personenbezogenen Daten widerrufen. Durch den Widerruf Ihrer Einwilligung zur Verarbeitung personenbezogener Daten wird die Rechtm\u00e4\u00dfigkeit der aufgrund der Einwilligung bis zum Widerruf erfolgten Verarbeitung personenbezogener Daten nicht ber\u00fchrt.<\/p>\n<p><strong>Information zur Bearbeitung personenbezogener Daten<\/strong><br \/>\nDie bereitgestellten personenbezogenen Daten werden zum Vertragsabschluss ben\u00f6tigt und deren Zurverf\u00fcgungstellung ist freiwillig und Sie sind nicht verpflichtet, die betreffenden personenbezogenen Daten bereitzustellen. Eine Nichtbereitstellung der personenbezogenen Daten hat keine Folgen.<\/p>\n<p><strong>Automatisierte Entscheidung<\/strong><br \/>\nHiermit informieren wir Sie dar\u00fcber, dass die von Ihnen bereitgestellten personenbezogenen Daten nicht zu automatisierten Entscheidungen und Profiling verwendet werden.<\/p>\n<p><strong>Belehrung \u00fcber die Rechte der betroffenen Person:<\/strong><\/p>\n<ul>\n<li>Recht auf Auskunft \u00fcber die personenbezogenen Daten<br \/>\nDie betroffene Person hat das Recht, von dem Verantwortlichen eine Best\u00e4tigung dar\u00fcber zu verlangen, ob personenbezogene Daten, die sie betreffen, verarbeitet werden. Wenn der Verantwortliche solche personenbezogenen Daten verarbeitet, hat die betroffene Person Recht auf Auskunft \u00fcber diese personenbezogenen Daten und auf in den vorstehenden Abs\u00e4tzen genannte Informationen.<\/li>\n<li>Recht auf Berichtigung der personenbezogenen Daten<br \/>\nDie berechtigte Person hat das Recht, von dem Verantwortlichen unverz\u00fcglich die Berichtigung der sie betreffenden unrichtigen personenbezogenen Daten zu verlangen. Unter Ber\u00fccksichtigung des Zwecks der Verarbeitung der personenbezogenen Daten hat die betroffene Person Recht auf eine Erg\u00e4nzung der unvollst\u00e4ndigen personenbezogenen Daten.<\/li>\n<li>Recht auf L\u00f6schung der personenbezogenen Daten<br \/>\nDie betroffene Person hat Recht, von dem Verantwortlichen zu verlangen, die sie betreffenden personenbezogenen Daten unverz\u00fcglich zu l\u00f6schen. Der Verantwortliche ist verpflichtet, die personenbezogenen Daten unverz\u00fcglich zu l\u00f6schen, sofern die betroffene Person von dem Recht auf L\u00f6schung aus nachfolgend zutreffenden Gr\u00fcnden Gebrauch machte:<br \/>\na) die personenbezogenen Daten sind f\u00fcr den Zweck, f\u00fcr den sie erhoben oder auf sonstige Weise verarbeitet wurden, nicht mehr notwendig,<br \/>\nb) die betroffene Person widerruft ihre Einwilligung, auf die sich die Verarbeitung st\u00fctzte, und es fehlt an einer anderweitigen Rechtsgrundlage f\u00fcr die Verarbeitung der personenbezogenen Daten,<br \/>\nc) die betroffene Person legt Widerspruch gegen die Verarbeitung der personenbezogenen Daten ein und es liegen keine vorrangigen berechtigten Gr\u00fcnde f\u00fcr die Verarbeitung der personenbezogenen Daten vor<br \/>\nd) die personenbezogenen Daten werden unrechtm\u00e4\u00dfig verarbeitet<\/li>\n<\/ul>\n<p><strong>Recht auf Einschr\u00e4nkung der Verarbeitung der personenbezogenen Daten<\/strong><br \/>\nDie betroffene Person hat das Recht, vom Verantwortlichen die Einschr\u00e4nkung der Verarbeitung der personenbezogenen Daten zu verlangen, falls:<\/p>\n<ol>\n<li>1. von der betroffenen Person die Richtigkeit der personenbezogenen Daten bestritten wird, und zwar f\u00fcr eine Dauer, die es dem Verantwortlichen erm\u00f6glicht, die Richtigkeit der personenbezogenen Daten zu \u00fcberpr\u00fcfen,<\/li>\n<li>2. die Verarbeitung der personenbezogenen Daten unrechtm\u00e4\u00dfig ist und die betroffene Person die L\u00f6schung der personenbezogenen Daten ablehnt und stattdessen die Einschr\u00e4nkung deren Nutzung verlangt,<\/li>\n<li>3. der Verantwortliche die personenbezogenen Daten f\u00fcr die Zwecke der Verarbeitung nicht mehr ben\u00f6tigt, die betroffene Person sie jedoch zur Geltendmachung von Rechtsanspr\u00fcchen ben\u00f6tigt, oder<\/li>\n<li>4. die betroffene Person Widerspruch gegen die Verarbeitung der personenbezogenen Daten einlegt, solange noch nicht feststeht, ob die berechtigten Gr\u00fcnde des Verantwortlichen gegen\u00fcber denen der betroffenen Person \u00fcberwiegen.<\/li>\n<\/ol>\n<p><strong>Recht auf Daten\u00fcbertragbarkeit<\/strong><br \/>\nDie betroffene Person hat das Recht, die sie betreffenden und dem Verantwortlichen bereitgestellten personenbezogenen Daten in einem strukturierten, g\u00e4ngigen und maschinenlesbaren Format zu erhalten, und sie hat das Recht, diese Daten einem anderen Verantwortlichen zu \u00fcbermitteln, sofern dies technisch m\u00f6glich ist.<\/p>\n<p><strong>Recht auf Einlegung eines Widerspruchs gegen die Verarbeitung der personenbezogenen Daten <\/strong><br \/>\nDie betroffene Person hat das Recht, gegen die Verarbeitung der sie betreffenden personenbezogenen Daten Widerspruch einzulegen. Im Fall der Verarbeitung von personenbezogenen Daten zu Marketingzwecken ist der Verantwortliche verpflichtet, mit der Verarbeitung von personenbezogenen Daten der betroffenen Person aufzuh\u00f6ren.<\/p>\n<p><strong>Recht auf Beschwerde bei einer Aufsichtsbeh\u00f6rde<\/strong><br \/>\nIhr Recht auf Beschwerde bei einer Aufsichtsbeh\u00f6rde bleibt von der Geltendmachung der oben genannten Rechte v\u00f6llig unber\u00fchrt. Dieses Recht k\u00f6nnen Sie vor allem in dem Fall geltend machen, wenn Sie vermeinen, dass der Verantwortliche Ihre personenbezogenen Daten unrechtm\u00e4\u00dfig oder im Widerspruch zu den allgemein verbindlichen Rechtsvorschriften verarbeitet. Die Beschwerde gegen die Verarbeitung der personenbezogenen Daten durch den Verantwortlichen k\u00f6nnen Sie beim Amt zum Schutz personenbezogener Daten, Hrani\u010dn\u00e1 12, 820 07 Bratislava, einbringen.<\/p>\n<p><strong>Recht auf automatisierte Entscheidungsfindung im Einzelfall einschlie\u00dflich Profiling <\/strong><br \/>\nDie betroffene Person hat das Recht, nicht einer ausschlie\u00dflich auf einer automatisierten Verarbeitung \u2014 einschlie\u00dflich Profiling \u2014 beruhenden Entscheidung unterworfen zu werden, die ihr gegen\u00fcber rechtlicher Wirkung entfaltet oder sie in \u00e4hnlicher Weise erheblich beeintr\u00e4chtigt.<\/p>\n<p>Der Verantwortliche ist verpflichtet, den Empf\u00e4nger \u00fcber die Berichtigung der personenbezogenen Daten, die L\u00f6schung der personenbezogenen Daten oder die Einschr\u00e4nkung der Verarbeitung der personenbezogenen Daten zu informieren, falls dies nicht als unm\u00f6glich erscheint oder einen unangemessenen Aufwand verlangt. Der Verantwortliche informiert die betroffene Person \u00fcber die Empf\u00e4nger, falls die betroffene Person dies verlangt.<\/p>\n<p>Im Fall einer Verletzung des Schutzes der personenbezogenen Daten, die wahrscheinlich zu einem hohen Risiko f\u00fcr die Rechte und Freiheiten der nat\u00fcrlichen Personen f\u00fchren kann, benachrichtigt der Verantwortliche die betroffene Person unverz\u00fcglich \u00fcber die Verletzung des Schutzes der personenbezogenen Daten.<\/p>\n","protected":false},"excerpt":{"rendered":"<p>INFORMATIONEN, DIE DER BETROFFENEN PERSON VON SEITEN DES VERANTWORTLICHEN BEI DER ERHEBUNG PERSONENBEZOGENER DATEN VON DER BETROFFENEN PERSON BEREITGESTELLT WERDEN gem\u00e4\u00df Art. 12 der Verordnung (EU) 2016\/679 des Europ\u00e4ischen Parlaments und des Rates\u00a0(GDPR) Identifikations- und Kontaktdaten des Verantwortlichen: CTR Business center Ko\u0161ice a.s. \u0160t\u00farova 27, 040 01 Ko\u0161ice I\u010cO: 31360521 Identifikationsnummer der Organisation (I\u010cO): 31360521<a class=\"excerpt-read-more\" href=\"https:\/\/bck.sk\/de\/grundsaetze-des-schutzes-personenbezogener-daten\/\" title=\"ReadGrunds\u00e4tze des Schutzes personenbezogener Daten\">&#8230; Read more &raquo;<\/a><\/p>\n","protected":false},"author":1,"featured_media":0,"parent":0,"menu_order":37,"comment_status":"closed","ping_status":"open","template":"template-full-width.php","meta":{"_acf_changed":false,"footnotes":""},"class_list":["post-2867","page","type-page","status-publish","hentry"],"acf":[],"yoast_head":"<!-- This site is optimized with the Yoast SEO plugin v27.3 - https:\/\/yoast.com\/product\/yoast-seo-wordpress\/ -->\n<title>Grunds\u00e4tze des Schutzes personenbezogener Daten - Business Centre Ko\u0161ice<\/title>\n<meta name=\"robots\" content=\"index, follow, max-snippet:-1, max-image-preview:large, max-video-preview:-1\" \/>\n<link rel=\"canonical\" href=\"https:\/\/bck.sk\/de\/grundsaetze-des-schutzes-personenbezogener-daten\/\" \/>\n<meta property=\"og:locale\" content=\"de_DE\" \/>\n<meta property=\"og:type\" content=\"article\" \/>\n<meta property=\"og:title\" content=\"Grunds\u00e4tze des Schutzes personenbezogener Daten - Business Centre Ko\u0161ice\" \/>\n<meta property=\"og:description\" content=\"INFORMATIONEN, DIE DER BETROFFENEN PERSON VON SEITEN DES VERANTWORTLICHEN BEI DER ERHEBUNG PERSONENBEZOGENER DATEN VON DER BETROFFENEN PERSON BEREITGESTELLT WERDEN gem\u00e4\u00df Art. 12 der Verordnung (EU) 2016\/679 des Europ\u00e4ischen Parlaments und des Rates\u00a0(GDPR) Identifikations- und Kontaktdaten des Verantwortlichen: CTR Business center Ko\u0161ice a.s. \u0160t\u00farova 27, 040 01 Ko\u0161ice I\u010cO: 31360521 Identifikationsnummer der Organisation (I\u010cO): 31360521... Read more &raquo;\" \/>\n<meta property=\"og:url\" content=\"https:\/\/bck.sk\/de\/grundsaetze-des-schutzes-personenbezogener-daten\/\" \/>\n<meta property=\"og:site_name\" content=\"Business Centre Ko\u0161ice\" \/>\n<meta property=\"article:modified_time\" content=\"2026-03-26T12:55:31+00:00\" \/>\n<meta name=\"twitter:card\" content=\"summary_large_image\" \/>\n<meta name=\"twitter:label1\" content=\"Gesch\u00e4tzte Lesezeit\" \/>\n\t<meta name=\"twitter:data1\" content=\"7\u00a0Minuten\" \/>\n<script type=\"application\/ld+json\" class=\"yoast-schema-graph\">{\"@context\":\"https:\\\/\\\/schema.org\",\"@graph\":[{\"@type\":\"WebPage\",\"@id\":\"https:\\\/\\\/bck.sk\\\/de\\\/grundsaetze-des-schutzes-personenbezogener-daten\\\/\",\"url\":\"https:\\\/\\\/bck.sk\\\/de\\\/grundsaetze-des-schutzes-personenbezogener-daten\\\/\",\"name\":\"Grunds\u00e4tze des Schutzes personenbezogener Daten - Business Centre Ko\u0161ice\",\"isPartOf\":{\"@id\":\"https:\\\/\\\/bck.sk\\\/de\\\/#website\"},\"datePublished\":\"2021-07-12T11:05:59+00:00\",\"dateModified\":\"2026-03-26T12:55:31+00:00\",\"breadcrumb\":{\"@id\":\"https:\\\/\\\/bck.sk\\\/de\\\/grundsaetze-des-schutzes-personenbezogener-daten\\\/#breadcrumb\"},\"inLanguage\":\"de\",\"potentialAction\":[{\"@type\":\"ReadAction\",\"target\":[\"https:\\\/\\\/bck.sk\\\/de\\\/grundsaetze-des-schutzes-personenbezogener-daten\\\/\"]}]},{\"@type\":\"BreadcrumbList\",\"@id\":\"https:\\\/\\\/bck.sk\\\/de\\\/grundsaetze-des-schutzes-personenbezogener-daten\\\/#breadcrumb\",\"itemListElement\":[{\"@type\":\"ListItem\",\"position\":1,\"name\":\"Home\",\"item\":\"https:\\\/\\\/bck.sk\\\/de\\\/\"},{\"@type\":\"ListItem\",\"position\":2,\"name\":\"Grunds\u00e4tze des Schutzes personenbezogener Daten\"}]},{\"@type\":\"WebSite\",\"@id\":\"https:\\\/\\\/bck.sk\\\/de\\\/#website\",\"url\":\"https:\\\/\\\/bck.sk\\\/de\\\/\",\"name\":\"Business Centre Ko\u0161ice\",\"description\":\"Kancel\u00e1rie na pren\u00e1jom - luxusn\u00e9 kancel\u00e1rske priestory Ko\u0161ice\",\"potentialAction\":[{\"@type\":\"SearchAction\",\"target\":{\"@type\":\"EntryPoint\",\"urlTemplate\":\"https:\\\/\\\/bck.sk\\\/de\\\/?s={search_term_string}\"},\"query-input\":{\"@type\":\"PropertyValueSpecification\",\"valueRequired\":true,\"valueName\":\"search_term_string\"}}],\"inLanguage\":\"de\"}]}<\/script>\n<!-- \/ Yoast SEO plugin. -->","yoast_head_json":{"title":"Grunds\u00e4tze des Schutzes personenbezogener Daten - Business Centre Ko\u0161ice","robots":{"index":"index","follow":"follow","max-snippet":"max-snippet:-1","max-image-preview":"max-image-preview:large","max-video-preview":"max-video-preview:-1"},"canonical":"https:\/\/bck.sk\/de\/grundsaetze-des-schutzes-personenbezogener-daten\/","og_locale":"de_DE","og_type":"article","og_title":"Grunds\u00e4tze des Schutzes personenbezogener Daten - Business Centre Ko\u0161ice","og_description":"INFORMATIONEN, DIE DER BETROFFENEN PERSON VON SEITEN DES VERANTWORTLICHEN BEI DER ERHEBUNG PERSONENBEZOGENER DATEN VON DER BETROFFENEN PERSON BEREITGESTELLT WERDEN gem\u00e4\u00df Art. 12 der Verordnung (EU) 2016\/679 des Europ\u00e4ischen Parlaments und des Rates\u00a0(GDPR) Identifikations- und Kontaktdaten des Verantwortlichen: CTR Business center Ko\u0161ice a.s. \u0160t\u00farova 27, 040 01 Ko\u0161ice I\u010cO: 31360521 Identifikationsnummer der Organisation (I\u010cO): 31360521... Read more &raquo;","og_url":"https:\/\/bck.sk\/de\/grundsaetze-des-schutzes-personenbezogener-daten\/","og_site_name":"Business Centre Ko\u0161ice","article_modified_time":"2026-03-26T12:55:31+00:00","twitter_card":"summary_large_image","twitter_misc":{"Gesch\u00e4tzte Lesezeit":"7\u00a0Minuten"},"schema":{"@context":"https:\/\/schema.org","@graph":[{"@type":"WebPage","@id":"https:\/\/bck.sk\/de\/grundsaetze-des-schutzes-personenbezogener-daten\/","url":"https:\/\/bck.sk\/de\/grundsaetze-des-schutzes-personenbezogener-daten\/","name":"Grunds\u00e4tze des Schutzes personenbezogener Daten - Business Centre Ko\u0161ice","isPartOf":{"@id":"https:\/\/bck.sk\/de\/#website"},"datePublished":"2021-07-12T11:05:59+00:00","dateModified":"2026-03-26T12:55:31+00:00","breadcrumb":{"@id":"https:\/\/bck.sk\/de\/grundsaetze-des-schutzes-personenbezogener-daten\/#breadcrumb"},"inLanguage":"de","potentialAction":[{"@type":"ReadAction","target":["https:\/\/bck.sk\/de\/grundsaetze-des-schutzes-personenbezogener-daten\/"]}]},{"@type":"BreadcrumbList","@id":"https:\/\/bck.sk\/de\/grundsaetze-des-schutzes-personenbezogener-daten\/#breadcrumb","itemListElement":[{"@type":"ListItem","position":1,"name":"Home","item":"https:\/\/bck.sk\/de\/"},{"@type":"ListItem","position":2,"name":"Grunds\u00e4tze des Schutzes personenbezogener Daten"}]},{"@type":"WebSite","@id":"https:\/\/bck.sk\/de\/#website","url":"https:\/\/bck.sk\/de\/","name":"Business Centre Ko\u0161ice","description":"Kancel\u00e1rie na pren\u00e1jom - luxusn\u00e9 kancel\u00e1rske priestory Ko\u0161ice","potentialAction":[{"@type":"SearchAction","target":{"@type":"EntryPoint","urlTemplate":"https:\/\/bck.sk\/de\/?s={search_term_string}"},"query-input":{"@type":"PropertyValueSpecification","valueRequired":true,"valueName":"search_term_string"}}],"inLanguage":"de"}]}},"_links":{"self":[{"href":"https:\/\/bck.sk\/de\/wp-json\/wp\/v2\/pages\/2867","targetHints":{"allow":["GET"]}}],"collection":[{"href":"https:\/\/bck.sk\/de\/wp-json\/wp\/v2\/pages"}],"about":[{"href":"https:\/\/bck.sk\/de\/wp-json\/wp\/v2\/types\/page"}],"author":[{"embeddable":true,"href":"https:\/\/bck.sk\/de\/wp-json\/wp\/v2\/users\/1"}],"replies":[{"embeddable":true,"href":"https:\/\/bck.sk\/de\/wp-json\/wp\/v2\/comments?post=2867"}],"version-history":[{"count":7,"href":"https:\/\/bck.sk\/de\/wp-json\/wp\/v2\/pages\/2867\/revisions"}],"predecessor-version":[{"id":6035,"href":"https:\/\/bck.sk\/de\/wp-json\/wp\/v2\/pages\/2867\/revisions\/6035"}],"wp:attachment":[{"href":"https:\/\/bck.sk\/de\/wp-json\/wp\/v2\/media?parent=2867"}],"curies":[{"name":"wp","href":"https:\/\/api.w.org\/{rel}","templated":true}]}}