{"id":2857,"date":"2021-07-12T12:28:33","date_gmt":"2021-07-12T10:28:33","guid":{"rendered":"https:\/\/bck.sk\/?page_id=2857"},"modified":"2025-02-18T15:09:51","modified_gmt":"2025-02-18T14:09:51","slug":"tagungsraeume","status":"publish","type":"page","link":"https:\/\/bck.sk\/de\/tagungsraeume\/","title":{"rendered":"Tagungsr\u00e4ume"},"content":{"rendered":"<div id=\"kontaktnyFormular\" class=\"reveal contact-reveal\" data-reveal=\"\">\n<h2>KONTAKTFORMULAR<\/h2>\n<p>\n<div class=\"wpcf7 no-js\" id=\"wpcf7-f2863-o1\" lang=\"de-DE\" dir=\"ltr\" data-wpcf7-id=\"2863\">\n<div class=\"screen-reader-response\"><p role=\"status\" aria-live=\"polite\" aria-atomic=\"true\"><\/p> <ul><\/ul><\/div>\n<form action=\"\/de\/wp-json\/wp\/v2\/pages\/2857#wpcf7-f2863-o1\" method=\"post\" class=\"wpcf7-form init\" aria-label=\"Kontaktformular\" novalidate=\"novalidate\" data-status=\"init\">\n<fieldset class=\"hidden-fields-container\"><input type=\"hidden\" name=\"_wpcf7\" value=\"2863\" \/><input type=\"hidden\" name=\"_wpcf7_version\" value=\"6.1.5\" \/><input type=\"hidden\" name=\"_wpcf7_locale\" value=\"de_DE\" \/><input type=\"hidden\" name=\"_wpcf7_unit_tag\" value=\"wpcf7-f2863-o1\" \/><input type=\"hidden\" name=\"_wpcf7_container_post\" value=\"0\" \/><input type=\"hidden\" name=\"_wpcf7_posted_data_hash\" value=\"\" \/><input type=\"hidden\" name=\"_wpcf7_recaptcha_response\" value=\"\" \/>\n<\/fieldset>\n<p><label> <span class=\"mywpcf7-span\">Vornamen und Nachnamen ein (Pflichtangabe):<\/span><br \/>\n<span class=\"wpcf7-form-control-wrap\" data-name=\"your-name\"><input size=\"40\" maxlength=\"400\" class=\"wpcf7-form-control wpcf7-text wpcf7-validates-as-required\" aria-required=\"true\" aria-invalid=\"false\" value=\"\" type=\"text\" name=\"your-name\" \/><\/span> <\/label>\n<\/p>\n<p><label> <span class=\"mywpcf7-span\">Gesellschaft:<\/span><br \/>\n<span class=\"wpcf7-form-control-wrap\" data-name=\"nazov-spolocnosti\"><input size=\"40\" maxlength=\"400\" class=\"wpcf7-form-control wpcf7-text\" aria-invalid=\"false\" value=\"\" type=\"text\" name=\"nazov-spolocnosti\" \/><\/span> <\/label>\n<\/p>\n<p><label> <span class=\"mywpcf7-span\">Ihr E-Mail (Pflichtangabe):<\/span><br \/>\n<span class=\"wpcf7-form-control-wrap\" data-name=\"your-email\"><input size=\"40\" maxlength=\"400\" class=\"wpcf7-form-control wpcf7-email wpcf7-validates-as-required wpcf7-text wpcf7-validates-as-email\" aria-required=\"true\" aria-invalid=\"false\" value=\"\" type=\"email\" name=\"your-email\" \/><\/span> <\/label>\n<\/p>\n<p><label> <span class=\"mywpcf7-span\">Telefon:<\/span><br \/>\n<span class=\"wpcf7-form-control-wrap\" data-name=\"tel-360\"><input size=\"40\" maxlength=\"400\" class=\"wpcf7-form-control wpcf7-tel wpcf7-text wpcf7-validates-as-tel\" aria-invalid=\"false\" value=\"\" type=\"tel\" name=\"tel-360\" \/><\/span> <\/label>\n<\/p>\n<p><label> <span class=\"mywpcf7-span\">Ben\u00f6tigte m2:<\/span><br \/>\n<span class=\"wpcf7-form-control-wrap\" data-name=\"pozadovane-m2\"><input size=\"40\" maxlength=\"400\" class=\"wpcf7-form-control wpcf7-text\" aria-invalid=\"false\" value=\"\" type=\"text\" name=\"pozadovane-m2\" \/><\/span> <\/label>\n<\/p>\n<p><label> <span class=\"mywpcf7-span\">Notiz:<\/span><br \/>\n<span class=\"wpcf7-form-control-wrap\" data-name=\"poznamka\"><input size=\"40\" maxlength=\"400\" class=\"wpcf7-form-control wpcf7-text\" aria-invalid=\"false\" value=\"\" type=\"text\" name=\"poznamka\" \/><\/span> <\/label>\n<\/p>\n<p><span class=\"wpcf7-form-control-wrap\" data-name=\"acceptance-291\"><span class=\"wpcf7-form-control wpcf7-acceptance\"><span class=\"wpcf7-list-item\"><label><input type=\"checkbox\" name=\"acceptance-291\" value=\"1\" aria-invalid=\"false\" \/><span class=\"wpcf7-list-item-label\">Ich stimme<a href=\"index.php\/?p=3\"> den Regeln der Verarbeitung und Speicherung personenbezogener Daten<\/a> zu Marketingzwecken zu.<\/span><\/label><\/span><\/span><\/span>\n<\/p>\n<p><input class=\"wpcf7-form-control wpcf7-submit has-spinner\" type=\"submit\" value=\"ABSCHICKEN\" \/>\n<\/p><div class=\"wpcf7-response-output\" aria-hidden=\"true\"><\/div>\n<\/form>\n<\/div>\n<br \/>\n<button class=\"close-button\" type=\"button\" data-close=\"\" aria-label=\"Close modal\"><br \/>\n<span aria-hidden=\"true\">\u00d7<\/span><br \/>\n<\/button><\/p>\n<\/div>\n<p><!-- ***************************************************************************** Reveal END ***************************************************************************** --><\/p>\n<div class=\"grid-x grid-margin-x grid-padding-x\">\n<div class=\"cell small-12 medium-6 large-6\"><img loading=\"lazy\" decoding=\"async\" class=\"alignleft wp-image-5220\" src=\"https:\/\/bck.sk\/wp-content\/uploads\/2020\/04\/D3_3156-HDR-copy.jpg\" alt=\"\" width=\"700\" height=\"393\" \/><\/div>\n<div class=\"cell small-12 medium-6 large-6\">\n<p>F\u00fcr Gesch\u00e4ftstreffen kann ein der 3 komplett ausgestatteten Tagungsr\u00e4ume f\u00fcr 4, 8 und 10 Personen gemietet werden. Diese repr\u00e4sentativen R\u00e4ume bieten einen einzigartigen Blick auf das Stadtzentrum mit dem Dom der heiligen Elisabeth und dessen Umgebung. Jeder Raum ist mit einer Klimaeinheit mit der M\u00f6glichkeit des Fenster\u00f6ffnens und einer individuellen Regulierung der Temperatur ausgestattet.<strong>Der Mietpreis f\u00fcr die Tagungsr\u00e4ume enth\u00e4lt die Kosten f\u00fcr:<\/strong><\/p>\n<ul>\n<li>Dienste der zentralen Rezeption<\/li>\n<li>Gestaltung des Interieurs nach Wunsch des Klienten<\/li>\n<li>fachgerechte technische Hilfe<\/li>\n<li>Office-Zubeh\u00f6r\u2013 Notizbl\u00f6cke, Feder, Flipcharts<\/li>\n<li>Basic-Catering \u2013 Mineralwasser, Kaffee, Tee<\/li>\n<li>Internetanschluss<\/li>\n<\/ul>\n<\/div>\n<div class=\"cell small-12\">\n<h3 style=\"text-align: center;\">Preisliste f\u00fcr die Vermietung von Tagungsr\u00e4umen<\/h3>\n<table style=\"height: 143px;\" width=\"440\">\n<tbody>\n<tr>\n<td style=\"text-align: center;\"><strong>Raum<\/strong><\/td>\n<td><strong>\u00a0<\/strong><\/td>\n<td style=\"text-align: center;\"><strong>Preis pro Stunde ohne MwSt. <\/strong><strong>(auch angefangene Stunde)<\/strong><\/td>\n<td><strong>\u00a0<\/strong><\/td>\n<td style=\"text-align: center;\"><strong>Preis pro Tag ohne MwSt. <\/strong><strong>(8 und mehr Stunden)<\/strong><\/td>\n<\/tr>\n<tr>\n<td style=\"text-align: center;\">10 Pl\u00e4tze<\/td>\n<td align=\"center\"><\/td>\n<td style=\"text-align: center;\" align=\"center\">28 \u20ac<\/td>\n<td align=\"center\"><\/td>\n<td style=\"text-align: center;\" align=\"center\">196 \u20ac<\/td>\n<\/tr>\n<\/tbody>\n<\/table>\n<p>Die Mietpreise verstehen sich ohne Mehrwertsteuer (+ 23 % Mehrwertsteuer).<\/p>\n<\/div>\n<div class=\"cell small-12\" style=\"text-align: center;\">\n<h2>KONTAKTIEREN SIE UNS<\/h2>\n<p>Wegen n\u00e4herer Informationen zu den aktuellen Mietm\u00f6glichkeiten kontaktieren Sie bitte:<br \/>\nemail: <a href=\"mailto:bck@bck.sk\">bck@bck.sk<\/a><br \/>\ntel.: <a href=\"tel:+421556804111\">+421 556 804 111<\/a><\/p>\n<p>F\u00fcllen Sie gegebenenfalls das Kontaktformular aus und wir melden uns bei Ihnen zur\u00fcck.<\/p>\n<p><button class=\"button\" data-open=\"kontaktnyFormular\">KONTAKTFORMULAR<\/button><\/p>\n<\/div>\n<div class=\"cell small-12\">\n<div class=\"grid-container grid-container-gallery-content\">\n<div class=\"grid-x grid-margin-x text-center align-center\">\n<div class=\"cell small-12 medium-4 large-3\">\n<div class=\"my-gallery-thumbnail-container-content\">\n<a href=\"https:\/\/bck.sk\/wp-content\/uploads\/2020\/04\/DSC5451-HDR-copy.jpg\" data-lightbox=\"Gal\u00e9ria\" data-title=\"\" class=\"my-gallery-img-button-content\"><img loading=\"lazy\" decoding=\"async\" class=\"gallery-img-content\" src=\"https:\/\/bck.sk\/wp-content\/uploads\/2020\/04\/DSC5451-HDR-copy-800x500.jpg\" width=\"800\" height=\"500\" alt=\"\" title=\"\" \/><\/a>\n<\/div>\n<\/div>\n<div class=\"cell small-12 medium-4 large-3\">\n<div class=\"my-gallery-thumbnail-container-content\">\n<a href=\"https:\/\/bck.sk\/wp-content\/uploads\/2020\/04\/D3_3086-HDR-copy.jpg\" data-lightbox=\"Gal\u00e9ria\" data-title=\"\" class=\"my-gallery-img-button-content\"><img loading=\"lazy\" decoding=\"async\" class=\"gallery-img-content\" src=\"https:\/\/bck.sk\/wp-content\/uploads\/2020\/04\/D3_3086-HDR-copy-800x500.jpg\" width=\"800\" height=\"500\" alt=\"\" title=\"\" \/><\/a>\n<\/div>\n<\/div>\n<div class=\"cell small-12 medium-4 large-3\">\n<div class=\"my-gallery-thumbnail-container-content\">\n<a href=\"https:\/\/bck.sk\/wp-content\/uploads\/2020\/04\/D3_3104-HDR-copy.jpg\" data-lightbox=\"Gal\u00e9ria\" data-title=\"\" class=\"my-gallery-img-button-content\"><img loading=\"lazy\" decoding=\"async\" class=\"gallery-img-content\" src=\"https:\/\/bck.sk\/wp-content\/uploads\/2020\/04\/D3_3104-HDR-copy-800x500.jpg\" width=\"800\" height=\"500\" alt=\"\" title=\"\" \/><\/a>\n<\/div>\n<\/div>\n<div class=\"cell small-12 medium-4 large-3\">\n<div class=\"my-gallery-thumbnail-container-content\">\n<a href=\"https:\/\/bck.sk\/wp-content\/uploads\/2020\/04\/D3_3139-HDR-copy.jpg\" data-lightbox=\"Gal\u00e9ria\" data-title=\"\" class=\"my-gallery-img-button-content\"><img loading=\"lazy\" decoding=\"async\" class=\"gallery-img-content\" src=\"https:\/\/bck.sk\/wp-content\/uploads\/2020\/04\/D3_3139-HDR-copy-800x500.jpg\" width=\"800\" height=\"500\" alt=\"\" title=\"\" \/><\/a>\n<\/div>\n<\/div>\n<\/div><\/div>\n\n<\/div>\n<\/div>\n","protected":false},"excerpt":{"rendered":"<p>KONTAKTFORMULAR \u00d7 F\u00fcr Gesch\u00e4ftstreffen kann ein der 3 komplett ausgestatteten Tagungsr\u00e4ume f\u00fcr 4, 8 und 10 Personen gemietet werden. Diese repr\u00e4sentativen R\u00e4ume bieten einen einzigartigen Blick auf das Stadtzentrum mit dem Dom der heiligen Elisabeth und dessen Umgebung. Jeder Raum ist mit einer Klimaeinheit mit der M\u00f6glichkeit des Fenster\u00f6ffnens und einer individuellen Regulierung der Temperatur<a class=\"excerpt-read-more\" href=\"https:\/\/bck.sk\/de\/tagungsraeume\/\" title=\"ReadTagungsr\u00e4ume\">&#8230; Read more &raquo;<\/a><\/p>\n","protected":false},"author":1,"featured_media":0,"parent":0,"menu_order":34,"comment_status":"closed","ping_status":"closed","template":"template-full-width.php","meta":{"_acf_changed":false,"footnotes":""},"class_list":["post-2857","page","type-page","status-publish","hentry"],"acf":[],"yoast_head":"<!-- This site is optimized with the Yoast SEO plugin v27.3 - https:\/\/yoast.com\/product\/yoast-seo-wordpress\/ -->\n<title>Tagungsr\u00e4ume - Business Centre Ko\u0161ice<\/title>\n<meta name=\"robots\" content=\"index, follow, max-snippet:-1, max-image-preview:large, max-video-preview:-1\" \/>\n<link rel=\"canonical\" href=\"https:\/\/bck.sk\/de\/tagungsraeume\/\" \/>\n<meta property=\"og:locale\" content=\"de_DE\" \/>\n<meta property=\"og:type\" content=\"article\" \/>\n<meta property=\"og:title\" content=\"Tagungsr\u00e4ume - Business Centre Ko\u0161ice\" \/>\n<meta property=\"og:description\" content=\"KONTAKTFORMULAR \u00d7 F\u00fcr Gesch\u00e4ftstreffen kann ein der 3 komplett ausgestatteten Tagungsr\u00e4ume f\u00fcr 4, 8 und 10 Personen gemietet werden. Diese repr\u00e4sentativen R\u00e4ume bieten einen einzigartigen Blick auf das Stadtzentrum mit dem Dom der heiligen Elisabeth und dessen Umgebung. Jeder Raum ist mit einer Klimaeinheit mit der M\u00f6glichkeit des Fenster\u00f6ffnens und einer individuellen Regulierung der Temperatur... Read more &raquo;\" \/>\n<meta property=\"og:url\" content=\"https:\/\/bck.sk\/de\/tagungsraeume\/\" \/>\n<meta property=\"og:site_name\" content=\"Business Centre Ko\u0161ice\" \/>\n<meta property=\"article:modified_time\" content=\"2025-02-18T14:09:51+00:00\" \/>\n<meta property=\"og:image\" content=\"https:\/\/bck.sk\/wp-content\/uploads\/2020\/04\/D3_3156-HDR-copy.jpg\" \/>\n\t<meta property=\"og:image:width\" content=\"2000\" \/>\n\t<meta property=\"og:image:height\" content=\"1333\" \/>\n\t<meta property=\"og:image:type\" content=\"image\/jpeg\" \/>\n<meta name=\"twitter:card\" content=\"summary_large_image\" \/>\n<meta name=\"twitter:label1\" content=\"Gesch\u00e4tzte Lesezeit\" \/>\n\t<meta name=\"twitter:data1\" content=\"2\u00a0Minuten\" \/>\n<script type=\"application\/ld+json\" class=\"yoast-schema-graph\">{\"@context\":\"https:\\\/\\\/schema.org\",\"@graph\":[{\"@type\":\"WebPage\",\"@id\":\"https:\\\/\\\/bck.sk\\\/de\\\/tagungsraeume\\\/\",\"url\":\"https:\\\/\\\/bck.sk\\\/de\\\/tagungsraeume\\\/\",\"name\":\"Tagungsr\u00e4ume - Business Centre Ko\u0161ice\",\"isPartOf\":{\"@id\":\"https:\\\/\\\/bck.sk\\\/de\\\/#website\"},\"primaryImageOfPage\":{\"@id\":\"https:\\\/\\\/bck.sk\\\/de\\\/tagungsraeume\\\/#primaryimage\"},\"image\":{\"@id\":\"https:\\\/\\\/bck.sk\\\/de\\\/tagungsraeume\\\/#primaryimage\"},\"thumbnailUrl\":\"https:\\\/\\\/bck.sk\\\/wp-content\\\/uploads\\\/2020\\\/04\\\/D3_3156-HDR-copy.jpg\",\"datePublished\":\"2021-07-12T10:28:33+00:00\",\"dateModified\":\"2025-02-18T14:09:51+00:00\",\"breadcrumb\":{\"@id\":\"https:\\\/\\\/bck.sk\\\/de\\\/tagungsraeume\\\/#breadcrumb\"},\"inLanguage\":\"de\",\"potentialAction\":[{\"@type\":\"ReadAction\",\"target\":[\"https:\\\/\\\/bck.sk\\\/de\\\/tagungsraeume\\\/\"]}]},{\"@type\":\"ImageObject\",\"inLanguage\":\"de\",\"@id\":\"https:\\\/\\\/bck.sk\\\/de\\\/tagungsraeume\\\/#primaryimage\",\"url\":\"https:\\\/\\\/bck.sk\\\/wp-content\\\/uploads\\\/2020\\\/04\\\/D3_3156-HDR-copy.jpg\",\"contentUrl\":\"https:\\\/\\\/bck.sk\\\/wp-content\\\/uploads\\\/2020\\\/04\\\/D3_3156-HDR-copy.jpg\"},{\"@type\":\"BreadcrumbList\",\"@id\":\"https:\\\/\\\/bck.sk\\\/de\\\/tagungsraeume\\\/#breadcrumb\",\"itemListElement\":[{\"@type\":\"ListItem\",\"position\":1,\"name\":\"Home\",\"item\":\"https:\\\/\\\/bck.sk\\\/de\\\/\"},{\"@type\":\"ListItem\",\"position\":2,\"name\":\"Tagungsr\u00e4ume\"}]},{\"@type\":\"WebSite\",\"@id\":\"https:\\\/\\\/bck.sk\\\/de\\\/#website\",\"url\":\"https:\\\/\\\/bck.sk\\\/de\\\/\",\"name\":\"Business Centre Ko\u0161ice\",\"description\":\"Kancel\u00e1rie na pren\u00e1jom - luxusn\u00e9 kancel\u00e1rske priestory Ko\u0161ice\",\"potentialAction\":[{\"@type\":\"SearchAction\",\"target\":{\"@type\":\"EntryPoint\",\"urlTemplate\":\"https:\\\/\\\/bck.sk\\\/de\\\/?s={search_term_string}\"},\"query-input\":{\"@type\":\"PropertyValueSpecification\",\"valueRequired\":true,\"valueName\":\"search_term_string\"}}],\"inLanguage\":\"de\"}]}<\/script>\n<!-- \/ Yoast SEO plugin. -->","yoast_head_json":{"title":"Tagungsr\u00e4ume - Business Centre Ko\u0161ice","robots":{"index":"index","follow":"follow","max-snippet":"max-snippet:-1","max-image-preview":"max-image-preview:large","max-video-preview":"max-video-preview:-1"},"canonical":"https:\/\/bck.sk\/de\/tagungsraeume\/","og_locale":"de_DE","og_type":"article","og_title":"Tagungsr\u00e4ume - Business Centre Ko\u0161ice","og_description":"KONTAKTFORMULAR \u00d7 F\u00fcr Gesch\u00e4ftstreffen kann ein der 3 komplett ausgestatteten Tagungsr\u00e4ume f\u00fcr 4, 8 und 10 Personen gemietet werden. Diese repr\u00e4sentativen R\u00e4ume bieten einen einzigartigen Blick auf das Stadtzentrum mit dem Dom der heiligen Elisabeth und dessen Umgebung. Jeder Raum ist mit einer Klimaeinheit mit der M\u00f6glichkeit des Fenster\u00f6ffnens und einer individuellen Regulierung der Temperatur... Read more &raquo;","og_url":"https:\/\/bck.sk\/de\/tagungsraeume\/","og_site_name":"Business Centre Ko\u0161ice","article_modified_time":"2025-02-18T14:09:51+00:00","og_image":[{"width":2000,"height":1333,"url":"https:\/\/bck.sk\/wp-content\/uploads\/2020\/04\/D3_3156-HDR-copy.jpg","type":"image\/jpeg"}],"twitter_card":"summary_large_image","twitter_misc":{"Gesch\u00e4tzte Lesezeit":"2\u00a0Minuten"},"schema":{"@context":"https:\/\/schema.org","@graph":[{"@type":"WebPage","@id":"https:\/\/bck.sk\/de\/tagungsraeume\/","url":"https:\/\/bck.sk\/de\/tagungsraeume\/","name":"Tagungsr\u00e4ume - Business Centre Ko\u0161ice","isPartOf":{"@id":"https:\/\/bck.sk\/de\/#website"},"primaryImageOfPage":{"@id":"https:\/\/bck.sk\/de\/tagungsraeume\/#primaryimage"},"image":{"@id":"https:\/\/bck.sk\/de\/tagungsraeume\/#primaryimage"},"thumbnailUrl":"https:\/\/bck.sk\/wp-content\/uploads\/2020\/04\/D3_3156-HDR-copy.jpg","datePublished":"2021-07-12T10:28:33+00:00","dateModified":"2025-02-18T14:09:51+00:00","breadcrumb":{"@id":"https:\/\/bck.sk\/de\/tagungsraeume\/#breadcrumb"},"inLanguage":"de","potentialAction":[{"@type":"ReadAction","target":["https:\/\/bck.sk\/de\/tagungsraeume\/"]}]},{"@type":"ImageObject","inLanguage":"de","@id":"https:\/\/bck.sk\/de\/tagungsraeume\/#primaryimage","url":"https:\/\/bck.sk\/wp-content\/uploads\/2020\/04\/D3_3156-HDR-copy.jpg","contentUrl":"https:\/\/bck.sk\/wp-content\/uploads\/2020\/04\/D3_3156-HDR-copy.jpg"},{"@type":"BreadcrumbList","@id":"https:\/\/bck.sk\/de\/tagungsraeume\/#breadcrumb","itemListElement":[{"@type":"ListItem","position":1,"name":"Home","item":"https:\/\/bck.sk\/de\/"},{"@type":"ListItem","position":2,"name":"Tagungsr\u00e4ume"}]},{"@type":"WebSite","@id":"https:\/\/bck.sk\/de\/#website","url":"https:\/\/bck.sk\/de\/","name":"Business Centre Ko\u0161ice","description":"Kancel\u00e1rie na pren\u00e1jom - luxusn\u00e9 kancel\u00e1rske priestory Ko\u0161ice","potentialAction":[{"@type":"SearchAction","target":{"@type":"EntryPoint","urlTemplate":"https:\/\/bck.sk\/de\/?s={search_term_string}"},"query-input":{"@type":"PropertyValueSpecification","valueRequired":true,"valueName":"search_term_string"}}],"inLanguage":"de"}]}},"_links":{"self":[{"href":"https:\/\/bck.sk\/de\/wp-json\/wp\/v2\/pages\/2857","targetHints":{"allow":["GET"]}}],"collection":[{"href":"https:\/\/bck.sk\/de\/wp-json\/wp\/v2\/pages"}],"about":[{"href":"https:\/\/bck.sk\/de\/wp-json\/wp\/v2\/types\/page"}],"author":[{"embeddable":true,"href":"https:\/\/bck.sk\/de\/wp-json\/wp\/v2\/users\/1"}],"replies":[{"embeddable":true,"href":"https:\/\/bck.sk\/de\/wp-json\/wp\/v2\/comments?post=2857"}],"version-history":[{"count":16,"href":"https:\/\/bck.sk\/de\/wp-json\/wp\/v2\/pages\/2857\/revisions"}],"predecessor-version":[{"id":5766,"href":"https:\/\/bck.sk\/de\/wp-json\/wp\/v2\/pages\/2857\/revisions\/5766"}],"wp:attachment":[{"href":"https:\/\/bck.sk\/de\/wp-json\/wp\/v2\/media?parent=2857"}],"curies":[{"name":"wp","href":"https:\/\/api.w.org\/{rel}","templated":true}]}}