{"id":2808,"date":"2021-07-12T10:59:39","date_gmt":"2021-07-12T08:59:39","guid":{"rendered":"https:\/\/bck.sk\/?page_id=2808"},"modified":"2024-09-26T09:29:02","modified_gmt":"2024-09-26T07:29:02","slug":"bck-etappe-ii","status":"publish","type":"page","link":"https:\/\/bck.sk\/de\/bck-etappe-ii\/","title":{"rendered":"BCK Etappe II"},"content":{"rendered":"<div class=\"grid-container\">\n<div class=\"grid-x grid-padding-x grid-margin-x\">\n<div class=\"cell small-12 medium-6 my-content-cell\">\n<h2>B\u00fcror\u00e4ume zur Vermietung in der Strasse \u017di\u017ekova\/\u0160t\u00farova <\/h2>\n<p>Das Geb\u00e4ude der zweiten Etappe des BCK befindet sich an der Ecke der Stra\u00dfen \u017di\u017ekova und \u0160t\u00farova in Ko\u0161ice. Unser neuestes Business Center wurde 2020 fertiggestellt und stellt B\u00fcror\u00e4ume auf einer Fl\u00e4che von \u00fcber 7\u00a0000 m\u00b2 zur Verf\u00fcgung, die den h\u00f6chsten Standards entsprechen und ein bequemes und effizientes Arbeiten erm\u00f6glichen.<\/p>\n<\/div>\n<div class=\"cell small-12 medium-6 my-content-cell\"><img loading=\"lazy\" decoding=\"async\" class=\"alignnone wp-image-2549 size-full\" src=\"https:\/\/bck.sk\/wp-content\/uploads\/2021\/01\/bck-stage-ii-1.jpg\" alt=\"\" width=\"800\" height=\"500\" srcset=\"https:\/\/bck.sk\/wp-content\/uploads\/2021\/01\/bck-stage-ii-1.jpg 800w, https:\/\/bck.sk\/wp-content\/uploads\/2021\/01\/bck-stage-ii-1-300x188.jpg 300w, https:\/\/bck.sk\/wp-content\/uploads\/2021\/01\/bck-stage-ii-1-768x480.jpg 768w\" sizes=\"auto, (max-width: 800px) 100vw, 800px\" \/><\/div>\n<div class=\"cell small-12 medium-6 my-content-cell\"><img loading=\"lazy\" decoding=\"async\" class=\"alignnone wp-image-934 size-large\" src=\"https:\/\/bck.sk\/wp-content\/uploads\/2021\/07\/BCK-III-office1-1024x683.jpg\" alt=\"BCK Kosice Stage II Office\" width=\"1024\" height=\"768\" \/><\/div>\n<div class=\"cell small-12 medium-6 my-content-cell\">\n<h2>Modernste Technologie, helle und stille R\u00e4ume<\/h2>\n<p>Das Geb\u00e4ude der zweiten Etappe des BCK korrespondiert mit seiner Fassade perfekt mit der modernen Erscheinung des BCK I und gilt bereits gegenw\u00e4rtig als eine der Dominanten der Stadt Ko\u0161ice. Die modernsten Technologien und Dienstleistungen entsprechen den h\u00f6chsten Anforderungen. Die gro\u00dfen Fenster sorgen f\u00fcr helle R\u00e4ume dank des nat\u00fcrlichen Tageslichts.<\/p>\n<p>Die schallged\u00e4mmten Glasscheiben sch\u00fctzen Sie vor dem Gro\u00dfstadtl\u00e4rm und garantieren somit ein Arbeiten im stillen Milieu. Die strukturierte Verkabelung mit Glasfaserkabeln gew\u00e4hrleistet Ihnen eine schnellere Verbindung sowie ein schnelleres Internet. Das professionelle Klima- und Heizsystem erh\u00e4lt die gew\u00fcnschte Temperatur stets aufrecht.<\/p>\n<\/div>\n<p><!-- Row 2 --><\/p>\n<div class=\"cell small-12 medium-6 my-content-cell\">\n<h2>Abendessen, Mittagsessen und Kaffeepause<\/h2>\n<p>Das asiatische Restaurant im Erdgescho\u00df bietet Ihnen und Ihren Mitarbeitern die M\u00f6glichkeit, ein leckeres Mittagessen oder Abendessen vor Ort zu genie\u00dfen.  <\/p>\n<p>Haben Sie Lust auf eine Kaffeepause? Das Caf\u00e9 D\u00e9lice \u2013 im Geb\u00e4ude der ersten Etappe des BCK auf der gegen\u00fcberliegenden Stra\u00dfe \u2013 ist nur weniger als eine Minute zu Fu\u00df entfernt.<\/p>\n<\/div>\n<div class=\"cell small-12 medium-6 my-content-cell\"><img loading=\"lazy\" decoding=\"async\" class=\"alignnone wp-image-2812 size-full\" src=\"https:\/\/bck.sk\/wp-content\/uploads\/2021\/01\/chinese-food.jpg\" alt=\"\" width=\"800\" height=\"500\" srcset=\"https:\/\/bck.sk\/wp-content\/uploads\/2021\/01\/chinese-food.jpg 800w, https:\/\/bck.sk\/wp-content\/uploads\/2021\/01\/chinese-food-300x188.jpg 300w, https:\/\/bck.sk\/wp-content\/uploads\/2021\/01\/chinese-food-768x480.jpg 768w\" sizes=\"auto, (max-width: 800px) 100vw, 800px\" \/><\/div>\n<div class=\"cell small-12 medium-6 my-content-cell\"><img loading=\"lazy\" decoding=\"async\" class=\"alignnone wp-image-2546 size-full\" src=\"https:\/\/bck.sk\/wp-content\/uploads\/2021\/01\/parking-spaces-2.jpg\" alt=\"\" width=\"800\" height=\"500\" srcset=\"https:\/\/bck.sk\/wp-content\/uploads\/2021\/01\/parking-spaces-2.jpg 800w, https:\/\/bck.sk\/wp-content\/uploads\/2021\/01\/parking-spaces-2-300x188.jpg 300w, https:\/\/bck.sk\/wp-content\/uploads\/2021\/01\/parking-spaces-2-768x480.jpg 768w\" sizes=\"auto, (max-width: 800px) 100vw, 800px\" \/><\/div>\n<div class=\"cell small-12 medium-6 my-content-cell\">\n<h2>Ausstattung f\u00fcr die besten Dienstleistungen<\/h2>\n<p>Die B\u00fcror\u00e4ume im Objekt der zweiten Etappe des BCK stellen eine erg\u00e4nzende Ausstattung mit Dienstleistungen auf h\u00f6chstem Niveau zur Verf\u00fcgung:<\/p>\n<ul>\n<li>einige B\u00fcror\u00e4ume haben direkten Zugang auf eine eigene Terrasse<\/li>\n<li>Tiefgarage f\u00fcr jede B\u00fcroeinheit<\/li>\n<li>mietbare Tagungsr\u00e4ume (BCK I)<\/li>\n<\/ul>\n<\/div>\n<div class=\"cell small-12 medium-6 my-content-cell\">\n<h2>Ihre Kontaktaufnahme mit dem BCK Etappe II<\/h2>\n<p>M\u00f6chten Sie B\u00fcror\u00e4ume im Komplex der zweiten Etappe des BCK mieten, mehr Informationen erfahren oder einen Besichtigungstermin vereinbaren? Kontaktieren Sie mich bitte unter:<\/p>\n<p><strong>Andrea \u0160vihrov\u00e1<\/strong><br \/>\nSales Manager CTR Business center Ko\u0161ice a.s. und CTR Multicenter Ko\u0161ice a.s.<br \/>\nemail: <a href=\"mailto:info@bck.sk\">info@bck.sk<\/a><br \/>\nmobil: +421 905 505 650<\/p>\n<\/div>\n<\/div>\n<\/div>\n<div class=\"grid-container grid-container-gallery-content\">\n<div class=\"grid-x grid-margin-x text-center align-center\">\n<div class=\"cell small-12 medium-4 large-3\">\n<div class=\"my-gallery-thumbnail-container-content\"><a class=\"my-gallery-img-button-content\" href=\"https:\/\/bck.sk\/wp-content\/uploads\/2020\/05\/BCK-situation-Etapa2-800x500.jpg\" data-lightbox=\"Gal\u00e9ria\" data-title=\"\"><img loading=\"lazy\" decoding=\"async\" class=\"gallery-img-content\" title=\"\" src=\"https:\/\/bck.sk\/wp-content\/uploads\/2020\/05\/BCK-situation-Etapa2-800x500.jpg\" alt=\"\" width=\"800\" height=\"500\" \/><\/a><\/div>\n<\/div>\n<div class=\"cell small-12 medium-4 large-3\">\n<div class=\"my-gallery-thumbnail-container-content\"><a class=\"my-gallery-img-button-content\" href=\"https:\/\/bck.sk\/wp-content\/uploads\/2020\/12\/bck-stage-ii-drone-photo-2-800x500.jpg\" data-lightbox=\"Gal\u00e9ria\" data-title=\"\"><img loading=\"lazy\" decoding=\"async\" class=\"gallery-img-content\" title=\"\" src=\"https:\/\/bck.sk\/wp-content\/uploads\/2020\/12\/bck-stage-ii-drone-photo-2-800x500.jpg\" alt=\"\" width=\"800\" height=\"500\" \/><\/a><\/div>\n<\/div>\n<div class=\"cell small-12 medium-4 large-3\">\n<div class=\"my-gallery-thumbnail-container-content\"><a class=\"my-gallery-img-button-content\" href=\"https:\/\/bck.sk\/wp-content\/uploads\/2020\/12\/bck-stage-ii-drone-photo.jpg\" data-lightbox=\"Gal\u00e9ria\" data-title=\"\"><img loading=\"lazy\" decoding=\"async\" class=\"gallery-img-content\" title=\"\" src=\"https:\/\/bck.sk\/wp-content\/uploads\/2020\/12\/bck-stage-ii-drone-photo-800x500-1-800x500.jpg\" alt=\"\" width=\"800\" height=\"500\" \/><\/a><\/div>\n<\/div>\n<div class=\"cell small-12 medium-4 large-3\">\n<div class=\"my-gallery-thumbnail-container-content\"><a class=\"my-gallery-img-button-content\" href=\"https:\/\/bck.sk\/wp-content\/uploads\/2021\/01\/bck-stage-ii-1-800x500.jpg\" data-lightbox=\"Gal\u00e9ria\" data-title=\"\"><img loading=\"lazy\" decoding=\"async\" class=\"gallery-img-content\" title=\"\" src=\"https:\/\/bck.sk\/wp-content\/uploads\/2021\/01\/bck-stage-ii-1-800x500.jpg\" alt=\"\" width=\"800\" height=\"500\" \/><\/a><\/div>\n<\/div>\n<p><!-- 2. Row --><\/p>\n<div class=\"cell small-12 medium-4 large-3\">\n<div class=\"my-gallery-thumbnail-container-content\"><a class=\"my-gallery-img-button-content\" href=\"https:\/\/bck.sk\/wp-content\/uploads\/2020\/12\/entrance-bck-II.jpg\" data-lightbox=\"Gal\u00e9ria\" data-title=\"\"><img loading=\"lazy\" decoding=\"async\" class=\"gallery-img-content\" title=\"\" src=\"https:\/\/bck.sk\/wp-content\/uploads\/2020\/12\/entrance-bck-II-800x500-1-800x500.jpg\" alt=\"\" width=\"800\" height=\"500\" \/><\/a><\/div>\n<\/div>\n<div class=\"cell small-12 medium-4 large-3\">\n<div class=\"my-gallery-thumbnail-container-content\"><a class=\"my-gallery-img-button-content\" href=\"https:\/\/bck.sk\/wp-content\/uploads\/2020\/12\/reception-bck-ii.jpg\" data-lightbox=\"Gal\u00e9ria\" data-title=\"\"><img loading=\"lazy\" decoding=\"async\" class=\"gallery-img-content\" title=\"\" src=\"https:\/\/bck.sk\/wp-content\/uploads\/2020\/12\/reception-bck-ii-800x500-1-800x500.jpg\" alt=\"\" width=\"800\" height=\"500\" \/><\/a><\/div>\n<\/div>\n<div class=\"cell small-12 medium-4 large-3\">\n<div class=\"my-gallery-thumbnail-container-content\"><a class=\"my-gallery-img-button-content\" href=\"https:\/\/bck.sk\/wp-content\/uploads\/2020\/12\/parking-spaces-1.jpg\" data-lightbox=\"Gal\u00e9ria\" data-title=\"\"><img loading=\"lazy\" decoding=\"async\" class=\"gallery-img-content\" title=\"\" src=\"https:\/\/bck.sk\/wp-content\/uploads\/2020\/12\/parking-spaces-800x500-1-800x500.jpg\" alt=\"\" width=\"800\" height=\"500\" \/><\/a><\/div>\n<\/div>\n<div class=\"cell small-12 medium-4 large-3\">\n<div class=\"my-gallery-thumbnail-container-content\"><a class=\"my-gallery-img-button-content\" href=\"https:\/\/bck.sk\/wp-content\/uploads\/2021\/01\/passage-big-800x500.jpg\" data-lightbox=\"Gal\u00e9ria\" data-title=\"\"><img loading=\"lazy\" decoding=\"async\" class=\"gallery-img-content\" title=\"\" src=\"https:\/\/bck.sk\/wp-content\/uploads\/2021\/01\/passage-big-800x500.jpg\" alt=\"\" width=\"800\" height=\"500\" \/><\/a><\/div>\n<\/div>\n<\/div>\n<\/div>\n","protected":false},"excerpt":{"rendered":"<p>B\u00fcror\u00e4ume zur Vermietung in der Strasse \u017di\u017ekova\/\u0160t\u00farova Das Geb\u00e4ude der zweiten Etappe des BCK befindet sich an der Ecke der Stra\u00dfen \u017di\u017ekova und \u0160t\u00farova in Ko\u0161ice. Unser neuestes Business Center wurde 2020 fertiggestellt und stellt B\u00fcror\u00e4ume auf einer Fl\u00e4che von \u00fcber 7\u00a0000 m\u00b2 zur Verf\u00fcgung, die den h\u00f6chsten Standards entsprechen und ein bequemes und effizientes<a class=\"excerpt-read-more\" href=\"https:\/\/bck.sk\/de\/bck-etappe-ii\/\" title=\"ReadBCK Etappe II\">&#8230; Read more &raquo;<\/a><\/p>\n","protected":false},"author":1,"featured_media":0,"parent":0,"menu_order":0,"comment_status":"closed","ping_status":"closed","template":"template-full-width.php","meta":{"_acf_changed":false,"footnotes":""},"class_list":["post-2808","page","type-page","status-publish","hentry"],"acf":[],"yoast_head":"<!-- This site is optimized with the Yoast SEO plugin v27.3 - https:\/\/yoast.com\/product\/yoast-seo-wordpress\/ -->\n<title>BCK Etappe II - Business Centre Ko\u0161ice<\/title>\n<meta name=\"robots\" content=\"index, follow, max-snippet:-1, max-image-preview:large, max-video-preview:-1\" \/>\n<link rel=\"canonical\" href=\"https:\/\/bck.sk\/de\/bck-etappe-ii\/\" \/>\n<meta property=\"og:locale\" content=\"de_DE\" \/>\n<meta property=\"og:type\" content=\"article\" \/>\n<meta property=\"og:title\" content=\"BCK Etappe II - Business Centre Ko\u0161ice\" \/>\n<meta property=\"og:description\" content=\"B\u00fcror\u00e4ume zur Vermietung in der Strasse \u017di\u017ekova\/\u0160t\u00farova Das Geb\u00e4ude der zweiten Etappe des BCK befindet sich an der Ecke der Stra\u00dfen \u017di\u017ekova und \u0160t\u00farova in Ko\u0161ice. Unser neuestes Business Center wurde 2020 fertiggestellt und stellt B\u00fcror\u00e4ume auf einer Fl\u00e4che von \u00fcber 7\u00a0000 m\u00b2 zur Verf\u00fcgung, die den h\u00f6chsten Standards entsprechen und ein bequemes und effizientes... Read more &raquo;\" \/>\n<meta property=\"og:url\" content=\"https:\/\/bck.sk\/de\/bck-etappe-ii\/\" \/>\n<meta property=\"og:site_name\" content=\"Business Centre Ko\u0161ice\" \/>\n<meta property=\"article:modified_time\" content=\"2024-09-26T07:29:02+00:00\" \/>\n<meta property=\"og:image\" content=\"https:\/\/bck.sk\/wp-content\/uploads\/2021\/01\/bck-stage-ii-1.jpg\" \/>\n<meta name=\"twitter:card\" content=\"summary_large_image\" \/>\n<meta name=\"twitter:label1\" content=\"Gesch\u00e4tzte Lesezeit\" \/>\n\t<meta name=\"twitter:data1\" content=\"5\u00a0Minuten\" \/>\n<script type=\"application\/ld+json\" class=\"yoast-schema-graph\">{\"@context\":\"https:\\\/\\\/schema.org\",\"@graph\":[{\"@type\":\"WebPage\",\"@id\":\"https:\\\/\\\/bck.sk\\\/de\\\/bck-etappe-ii\\\/\",\"url\":\"https:\\\/\\\/bck.sk\\\/de\\\/bck-etappe-ii\\\/\",\"name\":\"BCK Etappe II - Business Centre Ko\u0161ice\",\"isPartOf\":{\"@id\":\"https:\\\/\\\/bck.sk\\\/de\\\/#website\"},\"primaryImageOfPage\":{\"@id\":\"https:\\\/\\\/bck.sk\\\/de\\\/bck-etappe-ii\\\/#primaryimage\"},\"image\":{\"@id\":\"https:\\\/\\\/bck.sk\\\/de\\\/bck-etappe-ii\\\/#primaryimage\"},\"thumbnailUrl\":\"https:\\\/\\\/bck.sk\\\/wp-content\\\/uploads\\\/2021\\\/01\\\/bck-stage-ii-1.jpg\",\"datePublished\":\"2021-07-12T08:59:39+00:00\",\"dateModified\":\"2024-09-26T07:29:02+00:00\",\"breadcrumb\":{\"@id\":\"https:\\\/\\\/bck.sk\\\/de\\\/bck-etappe-ii\\\/#breadcrumb\"},\"inLanguage\":\"de\",\"potentialAction\":[{\"@type\":\"ReadAction\",\"target\":[\"https:\\\/\\\/bck.sk\\\/de\\\/bck-etappe-ii\\\/\"]}]},{\"@type\":\"ImageObject\",\"inLanguage\":\"de\",\"@id\":\"https:\\\/\\\/bck.sk\\\/de\\\/bck-etappe-ii\\\/#primaryimage\",\"url\":\"https:\\\/\\\/bck.sk\\\/wp-content\\\/uploads\\\/2021\\\/01\\\/bck-stage-ii-1.jpg\",\"contentUrl\":\"https:\\\/\\\/bck.sk\\\/wp-content\\\/uploads\\\/2021\\\/01\\\/bck-stage-ii-1.jpg\"},{\"@type\":\"BreadcrumbList\",\"@id\":\"https:\\\/\\\/bck.sk\\\/de\\\/bck-etappe-ii\\\/#breadcrumb\",\"itemListElement\":[{\"@type\":\"ListItem\",\"position\":1,\"name\":\"Home\",\"item\":\"https:\\\/\\\/bck.sk\\\/de\\\/\"},{\"@type\":\"ListItem\",\"position\":2,\"name\":\"BCK Etappe II\"}]},{\"@type\":\"WebSite\",\"@id\":\"https:\\\/\\\/bck.sk\\\/de\\\/#website\",\"url\":\"https:\\\/\\\/bck.sk\\\/de\\\/\",\"name\":\"Business Centre Ko\u0161ice\",\"description\":\"Kancel\u00e1rie na pren\u00e1jom - luxusn\u00e9 kancel\u00e1rske priestory Ko\u0161ice\",\"potentialAction\":[{\"@type\":\"SearchAction\",\"target\":{\"@type\":\"EntryPoint\",\"urlTemplate\":\"https:\\\/\\\/bck.sk\\\/de\\\/?s={search_term_string}\"},\"query-input\":{\"@type\":\"PropertyValueSpecification\",\"valueRequired\":true,\"valueName\":\"search_term_string\"}}],\"inLanguage\":\"de\"}]}<\/script>\n<!-- \/ Yoast SEO plugin. -->","yoast_head_json":{"title":"BCK Etappe II - Business Centre Ko\u0161ice","robots":{"index":"index","follow":"follow","max-snippet":"max-snippet:-1","max-image-preview":"max-image-preview:large","max-video-preview":"max-video-preview:-1"},"canonical":"https:\/\/bck.sk\/de\/bck-etappe-ii\/","og_locale":"de_DE","og_type":"article","og_title":"BCK Etappe II - Business Centre Ko\u0161ice","og_description":"B\u00fcror\u00e4ume zur Vermietung in der Strasse \u017di\u017ekova\/\u0160t\u00farova Das Geb\u00e4ude der zweiten Etappe des BCK befindet sich an der Ecke der Stra\u00dfen \u017di\u017ekova und \u0160t\u00farova in Ko\u0161ice. Unser neuestes Business Center wurde 2020 fertiggestellt und stellt B\u00fcror\u00e4ume auf einer Fl\u00e4che von \u00fcber 7\u00a0000 m\u00b2 zur Verf\u00fcgung, die den h\u00f6chsten Standards entsprechen und ein bequemes und effizientes... Read more &raquo;","og_url":"https:\/\/bck.sk\/de\/bck-etappe-ii\/","og_site_name":"Business Centre Ko\u0161ice","article_modified_time":"2024-09-26T07:29:02+00:00","og_image":[{"url":"https:\/\/bck.sk\/wp-content\/uploads\/2021\/01\/bck-stage-ii-1.jpg","type":"","width":"","height":""}],"twitter_card":"summary_large_image","twitter_misc":{"Gesch\u00e4tzte Lesezeit":"5\u00a0Minuten"},"schema":{"@context":"https:\/\/schema.org","@graph":[{"@type":"WebPage","@id":"https:\/\/bck.sk\/de\/bck-etappe-ii\/","url":"https:\/\/bck.sk\/de\/bck-etappe-ii\/","name":"BCK Etappe II - Business Centre Ko\u0161ice","isPartOf":{"@id":"https:\/\/bck.sk\/de\/#website"},"primaryImageOfPage":{"@id":"https:\/\/bck.sk\/de\/bck-etappe-ii\/#primaryimage"},"image":{"@id":"https:\/\/bck.sk\/de\/bck-etappe-ii\/#primaryimage"},"thumbnailUrl":"https:\/\/bck.sk\/wp-content\/uploads\/2021\/01\/bck-stage-ii-1.jpg","datePublished":"2021-07-12T08:59:39+00:00","dateModified":"2024-09-26T07:29:02+00:00","breadcrumb":{"@id":"https:\/\/bck.sk\/de\/bck-etappe-ii\/#breadcrumb"},"inLanguage":"de","potentialAction":[{"@type":"ReadAction","target":["https:\/\/bck.sk\/de\/bck-etappe-ii\/"]}]},{"@type":"ImageObject","inLanguage":"de","@id":"https:\/\/bck.sk\/de\/bck-etappe-ii\/#primaryimage","url":"https:\/\/bck.sk\/wp-content\/uploads\/2021\/01\/bck-stage-ii-1.jpg","contentUrl":"https:\/\/bck.sk\/wp-content\/uploads\/2021\/01\/bck-stage-ii-1.jpg"},{"@type":"BreadcrumbList","@id":"https:\/\/bck.sk\/de\/bck-etappe-ii\/#breadcrumb","itemListElement":[{"@type":"ListItem","position":1,"name":"Home","item":"https:\/\/bck.sk\/de\/"},{"@type":"ListItem","position":2,"name":"BCK Etappe II"}]},{"@type":"WebSite","@id":"https:\/\/bck.sk\/de\/#website","url":"https:\/\/bck.sk\/de\/","name":"Business Centre Ko\u0161ice","description":"Kancel\u00e1rie na pren\u00e1jom - luxusn\u00e9 kancel\u00e1rske priestory Ko\u0161ice","potentialAction":[{"@type":"SearchAction","target":{"@type":"EntryPoint","urlTemplate":"https:\/\/bck.sk\/de\/?s={search_term_string}"},"query-input":{"@type":"PropertyValueSpecification","valueRequired":true,"valueName":"search_term_string"}}],"inLanguage":"de"}]}},"_links":{"self":[{"href":"https:\/\/bck.sk\/de\/wp-json\/wp\/v2\/pages\/2808","targetHints":{"allow":["GET"]}}],"collection":[{"href":"https:\/\/bck.sk\/de\/wp-json\/wp\/v2\/pages"}],"about":[{"href":"https:\/\/bck.sk\/de\/wp-json\/wp\/v2\/types\/page"}],"author":[{"embeddable":true,"href":"https:\/\/bck.sk\/de\/wp-json\/wp\/v2\/users\/1"}],"replies":[{"embeddable":true,"href":"https:\/\/bck.sk\/de\/wp-json\/wp\/v2\/comments?post=2808"}],"version-history":[{"count":12,"href":"https:\/\/bck.sk\/de\/wp-json\/wp\/v2\/pages\/2808\/revisions"}],"predecessor-version":[{"id":5589,"href":"https:\/\/bck.sk\/de\/wp-json\/wp\/v2\/pages\/2808\/revisions\/5589"}],"wp:attachment":[{"href":"https:\/\/bck.sk\/de\/wp-json\/wp\/v2\/media?parent=2808"}],"curies":[{"name":"wp","href":"https:\/\/api.w.org\/{rel}","templated":true}]}}