{"id":1609,"date":"2020-05-07T16:04:41","date_gmt":"2020-05-07T14:04:41","guid":{"rendered":"https:\/\/bck.sk\/?page_id=1609"},"modified":"2022-10-12T12:31:56","modified_gmt":"2022-10-12T10:31:56","slug":"standardausstattung-der-bueroraeume-und-technologien","status":"publish","type":"page","link":"https:\/\/bck.sk\/de\/standardausstattung-der-bueroraeume-und-technologien\/","title":{"rendered":"STANDARDAUSSTATTUNG DER B\u00dcROR\u00c4UME UND TECHNOLOGIEN"},"content":{"rendered":"<div class=\"grid-container\">\n<div class=\"grid-x grid-padding-x grid-margin-x\">\n<div class=\"cell small-12 medium-6 my-content-cell\">\n<p style=\"text-align: left;\">Das Business Centre Ko\u0161ice bietet seinen Mietern:<\/p>\n<div>\n<div style=\"float: left; padding-right:25px; min-width:285px;\">\n<ul>\n<li style=\"text-align: left;\">eine Design- und \u00fcberzeitliche Architektur<\/li>\n<li style=\"text-align: left;\">das Energiezertifikat der Klasse A<\/li>\n<li style=\"text-align: left;\">einen optischen Datenanschluss<\/li>\n<li style=\"text-align: left;\">ein reguliertes Heizsystem<\/li>\n<li style=\"text-align: left;\">ein Klimasystem<\/li>\n<li style=\"text-align: left;\">\u00f6ffnungsf\u00e4hige Fenster<\/li>\n<li style=\"text-align: left;\">eine komplette Glasfassade<\/li>\n<\/ul>\n<\/div>\n<div style=\"width: 310px;float: left;\">\n<ul>\n<li style=\"text-align: left;\">einen hervorragenden Tageslichteinfall<\/li>\n<li style=\"text-align: left;\">ein brandbest\u00e4ndiges EPS-W\u00e4rmed\u00e4mmsystem<\/li>\n<li style=\"text-align: left;\">regelm\u00e4\u00dfig gewartete Aufz\u00fcge<\/li>\n<li style=\"text-align: left;\">eine strukturierte Verkabelung<\/li>\n<li style=\"text-align: left;\">ein Sicherheits-Kamera\u00fcberwachungssystem <\/li>\n<li style=\"text-align: left;\">ein Zutrittssystem<\/li>\n<\/ul>\n<\/div>\n<\/div>\n<\/div>\n<div class=\"cell small-12 medium-6 my-content-cell\"><img loading=\"lazy\" decoding=\"async\" class=\"alignnone wp-image-4067\" src=\"https:\/\/bck.sk\/wp-content\/uploads\/2022\/10\/GlobalLogic-5.jpg\" alt=\"\" width=\"942\" height=\"530\" \/><\/div>\n<\/div>\n<\/div>\n","protected":false},"excerpt":{"rendered":"<p>Das Business Centre Ko\u0161ice bietet seinen Mietern: eine Design- und \u00fcberzeitliche Architektur das Energiezertifikat der Klasse A einen optischen Datenanschluss ein reguliertes Heizsystem ein Klimasystem \u00f6ffnungsf\u00e4hige Fenster eine komplette Glasfassade einen hervorragenden Tageslichteinfall ein brandbest\u00e4ndiges EPS-W\u00e4rmed\u00e4mmsystem regelm\u00e4\u00dfig gewartete Aufz\u00fcge eine strukturierte Verkabelung ein Sicherheits-Kamera\u00fcberwachungssystem ein Zutrittssystem<\/p>\n","protected":false},"author":1,"featured_media":4169,"parent":0,"menu_order":32,"comment_status":"closed","ping_status":"closed","template":"template-full-width.php","meta":{"_acf_changed":false,"footnotes":""},"class_list":["post-1609","page","type-page","status-publish","has-post-thumbnail","hentry"],"acf":[],"yoast_head":"<!-- This site is optimized with the Yoast SEO plugin v27.3 - https:\/\/yoast.com\/product\/yoast-seo-wordpress\/ -->\n<title>STANDARDAUSSTATTUNG DER B\u00dcROR\u00c4UME UND TECHNOLOGIEN - Business Centre Ko\u0161ice<\/title>\n<meta name=\"robots\" content=\"index, follow, max-snippet:-1, max-image-preview:large, max-video-preview:-1\" \/>\n<link rel=\"canonical\" href=\"https:\/\/bck.sk\/de\/standardausstattung-der-bueroraeume-und-technologien\/\" \/>\n<meta property=\"og:locale\" content=\"de_DE\" \/>\n<meta property=\"og:type\" content=\"article\" \/>\n<meta property=\"og:title\" content=\"STANDARDAUSSTATTUNG DER B\u00dcROR\u00c4UME UND TECHNOLOGIEN - Business Centre Ko\u0161ice\" \/>\n<meta property=\"og:description\" content=\"Das Business Centre Ko\u0161ice bietet seinen Mietern: eine Design- und \u00fcberzeitliche Architektur das Energiezertifikat der Klasse A einen optischen Datenanschluss ein reguliertes Heizsystem ein Klimasystem \u00f6ffnungsf\u00e4hige Fenster eine komplette Glasfassade einen hervorragenden Tageslichteinfall ein brandbest\u00e4ndiges EPS-W\u00e4rmed\u00e4mmsystem regelm\u00e4\u00dfig gewartete Aufz\u00fcge eine strukturierte Verkabelung ein Sicherheits-Kamera\u00fcberwachungssystem ein Zutrittssystem\" \/>\n<meta property=\"og:url\" content=\"https:\/\/bck.sk\/de\/standardausstattung-der-bueroraeume-und-technologien\/\" \/>\n<meta property=\"og:site_name\" content=\"Business Centre Ko\u0161ice\" \/>\n<meta property=\"article:modified_time\" content=\"2022-10-12T10:31:56+00:00\" \/>\n<meta property=\"og:image\" content=\"https:\/\/bck.sk\/wp-content\/uploads\/2022\/10\/BCK-kancelarie-21-scaled.jpg\" \/>\n\t<meta property=\"og:image:width\" content=\"2560\" \/>\n\t<meta property=\"og:image:height\" content=\"1707\" \/>\n\t<meta property=\"og:image:type\" content=\"image\/jpeg\" \/>\n<meta name=\"twitter:card\" content=\"summary_large_image\" \/>\n<meta name=\"twitter:label1\" content=\"Gesch\u00e4tzte Lesezeit\" \/>\n\t<meta name=\"twitter:data1\" content=\"1\u00a0Minute\" \/>\n<script type=\"application\/ld+json\" class=\"yoast-schema-graph\">{\"@context\":\"https:\\\/\\\/schema.org\",\"@graph\":[{\"@type\":\"WebPage\",\"@id\":\"https:\\\/\\\/bck.sk\\\/de\\\/standardausstattung-der-bueroraeume-und-technologien\\\/\",\"url\":\"https:\\\/\\\/bck.sk\\\/de\\\/standardausstattung-der-bueroraeume-und-technologien\\\/\",\"name\":\"STANDARDAUSSTATTUNG DER B\u00dcROR\u00c4UME UND TECHNOLOGIEN - Business Centre Ko\u0161ice\",\"isPartOf\":{\"@id\":\"https:\\\/\\\/bck.sk\\\/de\\\/#website\"},\"primaryImageOfPage\":{\"@id\":\"https:\\\/\\\/bck.sk\\\/de\\\/standardausstattung-der-bueroraeume-und-technologien\\\/#primaryimage\"},\"image\":{\"@id\":\"https:\\\/\\\/bck.sk\\\/de\\\/standardausstattung-der-bueroraeume-und-technologien\\\/#primaryimage\"},\"thumbnailUrl\":\"https:\\\/\\\/bck.sk\\\/wp-content\\\/uploads\\\/2022\\\/10\\\/BCK-kancelarie-21-scaled.jpg\",\"datePublished\":\"2020-05-07T14:04:41+00:00\",\"dateModified\":\"2022-10-12T10:31:56+00:00\",\"breadcrumb\":{\"@id\":\"https:\\\/\\\/bck.sk\\\/de\\\/standardausstattung-der-bueroraeume-und-technologien\\\/#breadcrumb\"},\"inLanguage\":\"de\",\"potentialAction\":[{\"@type\":\"ReadAction\",\"target\":[\"https:\\\/\\\/bck.sk\\\/de\\\/standardausstattung-der-bueroraeume-und-technologien\\\/\"]}]},{\"@type\":\"ImageObject\",\"inLanguage\":\"de\",\"@id\":\"https:\\\/\\\/bck.sk\\\/de\\\/standardausstattung-der-bueroraeume-und-technologien\\\/#primaryimage\",\"url\":\"https:\\\/\\\/bck.sk\\\/wp-content\\\/uploads\\\/2022\\\/10\\\/BCK-kancelarie-21-scaled.jpg\",\"contentUrl\":\"https:\\\/\\\/bck.sk\\\/wp-content\\\/uploads\\\/2022\\\/10\\\/BCK-kancelarie-21-scaled.jpg\",\"width\":2560,\"height\":1707,\"caption\":\"Autor n\u00e1vrhu: Ing. arch. Miloslav Kov\u00e1\u010d, PhD.\\\/KOV\u00c1\u010carchitekt Autor fotografi\u00ed: Mgr.art.Marek Bern\u00e1t\\\/Videopreteba\"},{\"@type\":\"BreadcrumbList\",\"@id\":\"https:\\\/\\\/bck.sk\\\/de\\\/standardausstattung-der-bueroraeume-und-technologien\\\/#breadcrumb\",\"itemListElement\":[{\"@type\":\"ListItem\",\"position\":1,\"name\":\"Home\",\"item\":\"https:\\\/\\\/bck.sk\\\/de\\\/\"},{\"@type\":\"ListItem\",\"position\":2,\"name\":\"STANDARDAUSSTATTUNG DER B\u00dcROR\u00c4UME UND TECHNOLOGIEN\"}]},{\"@type\":\"WebSite\",\"@id\":\"https:\\\/\\\/bck.sk\\\/de\\\/#website\",\"url\":\"https:\\\/\\\/bck.sk\\\/de\\\/\",\"name\":\"Business Centre Ko\u0161ice\",\"description\":\"Kancel\u00e1rie na pren\u00e1jom - luxusn\u00e9 kancel\u00e1rske priestory Ko\u0161ice\",\"potentialAction\":[{\"@type\":\"SearchAction\",\"target\":{\"@type\":\"EntryPoint\",\"urlTemplate\":\"https:\\\/\\\/bck.sk\\\/de\\\/?s={search_term_string}\"},\"query-input\":{\"@type\":\"PropertyValueSpecification\",\"valueRequired\":true,\"valueName\":\"search_term_string\"}}],\"inLanguage\":\"de\"}]}<\/script>\n<!-- \/ Yoast SEO plugin. -->","yoast_head_json":{"title":"STANDARDAUSSTATTUNG DER B\u00dcROR\u00c4UME UND TECHNOLOGIEN - Business Centre Ko\u0161ice","robots":{"index":"index","follow":"follow","max-snippet":"max-snippet:-1","max-image-preview":"max-image-preview:large","max-video-preview":"max-video-preview:-1"},"canonical":"https:\/\/bck.sk\/de\/standardausstattung-der-bueroraeume-und-technologien\/","og_locale":"de_DE","og_type":"article","og_title":"STANDARDAUSSTATTUNG DER B\u00dcROR\u00c4UME UND TECHNOLOGIEN - Business Centre Ko\u0161ice","og_description":"Das Business Centre Ko\u0161ice bietet seinen Mietern: eine Design- und \u00fcberzeitliche Architektur das Energiezertifikat der Klasse A einen optischen Datenanschluss ein reguliertes Heizsystem ein Klimasystem \u00f6ffnungsf\u00e4hige Fenster eine komplette Glasfassade einen hervorragenden Tageslichteinfall ein brandbest\u00e4ndiges EPS-W\u00e4rmed\u00e4mmsystem regelm\u00e4\u00dfig gewartete Aufz\u00fcge eine strukturierte Verkabelung ein Sicherheits-Kamera\u00fcberwachungssystem ein Zutrittssystem","og_url":"https:\/\/bck.sk\/de\/standardausstattung-der-bueroraeume-und-technologien\/","og_site_name":"Business Centre Ko\u0161ice","article_modified_time":"2022-10-12T10:31:56+00:00","og_image":[{"width":2560,"height":1707,"url":"https:\/\/bck.sk\/wp-content\/uploads\/2022\/10\/BCK-kancelarie-21-scaled.jpg","type":"image\/jpeg"}],"twitter_card":"summary_large_image","twitter_misc":{"Gesch\u00e4tzte Lesezeit":"1\u00a0Minute"},"schema":{"@context":"https:\/\/schema.org","@graph":[{"@type":"WebPage","@id":"https:\/\/bck.sk\/de\/standardausstattung-der-bueroraeume-und-technologien\/","url":"https:\/\/bck.sk\/de\/standardausstattung-der-bueroraeume-und-technologien\/","name":"STANDARDAUSSTATTUNG DER B\u00dcROR\u00c4UME UND TECHNOLOGIEN - Business Centre Ko\u0161ice","isPartOf":{"@id":"https:\/\/bck.sk\/de\/#website"},"primaryImageOfPage":{"@id":"https:\/\/bck.sk\/de\/standardausstattung-der-bueroraeume-und-technologien\/#primaryimage"},"image":{"@id":"https:\/\/bck.sk\/de\/standardausstattung-der-bueroraeume-und-technologien\/#primaryimage"},"thumbnailUrl":"https:\/\/bck.sk\/wp-content\/uploads\/2022\/10\/BCK-kancelarie-21-scaled.jpg","datePublished":"2020-05-07T14:04:41+00:00","dateModified":"2022-10-12T10:31:56+00:00","breadcrumb":{"@id":"https:\/\/bck.sk\/de\/standardausstattung-der-bueroraeume-und-technologien\/#breadcrumb"},"inLanguage":"de","potentialAction":[{"@type":"ReadAction","target":["https:\/\/bck.sk\/de\/standardausstattung-der-bueroraeume-und-technologien\/"]}]},{"@type":"ImageObject","inLanguage":"de","@id":"https:\/\/bck.sk\/de\/standardausstattung-der-bueroraeume-und-technologien\/#primaryimage","url":"https:\/\/bck.sk\/wp-content\/uploads\/2022\/10\/BCK-kancelarie-21-scaled.jpg","contentUrl":"https:\/\/bck.sk\/wp-content\/uploads\/2022\/10\/BCK-kancelarie-21-scaled.jpg","width":2560,"height":1707,"caption":"Autor n\u00e1vrhu: Ing. arch. Miloslav Kov\u00e1\u010d, PhD.\/KOV\u00c1\u010carchitekt Autor fotografi\u00ed: Mgr.art.Marek Bern\u00e1t\/Videopreteba"},{"@type":"BreadcrumbList","@id":"https:\/\/bck.sk\/de\/standardausstattung-der-bueroraeume-und-technologien\/#breadcrumb","itemListElement":[{"@type":"ListItem","position":1,"name":"Home","item":"https:\/\/bck.sk\/de\/"},{"@type":"ListItem","position":2,"name":"STANDARDAUSSTATTUNG DER B\u00dcROR\u00c4UME UND TECHNOLOGIEN"}]},{"@type":"WebSite","@id":"https:\/\/bck.sk\/de\/#website","url":"https:\/\/bck.sk\/de\/","name":"Business Centre Ko\u0161ice","description":"Kancel\u00e1rie na pren\u00e1jom - luxusn\u00e9 kancel\u00e1rske priestory Ko\u0161ice","potentialAction":[{"@type":"SearchAction","target":{"@type":"EntryPoint","urlTemplate":"https:\/\/bck.sk\/de\/?s={search_term_string}"},"query-input":{"@type":"PropertyValueSpecification","valueRequired":true,"valueName":"search_term_string"}}],"inLanguage":"de"}]}},"_links":{"self":[{"href":"https:\/\/bck.sk\/de\/wp-json\/wp\/v2\/pages\/1609","targetHints":{"allow":["GET"]}}],"collection":[{"href":"https:\/\/bck.sk\/de\/wp-json\/wp\/v2\/pages"}],"about":[{"href":"https:\/\/bck.sk\/de\/wp-json\/wp\/v2\/types\/page"}],"author":[{"embeddable":true,"href":"https:\/\/bck.sk\/de\/wp-json\/wp\/v2\/users\/1"}],"replies":[{"embeddable":true,"href":"https:\/\/bck.sk\/de\/wp-json\/wp\/v2\/comments?post=1609"}],"version-history":[{"count":4,"href":"https:\/\/bck.sk\/de\/wp-json\/wp\/v2\/pages\/1609\/revisions"}],"predecessor-version":[{"id":4214,"href":"https:\/\/bck.sk\/de\/wp-json\/wp\/v2\/pages\/1609\/revisions\/4214"}],"wp:featuredmedia":[{"embeddable":true,"href":"https:\/\/bck.sk\/de\/wp-json\/wp\/v2\/media\/4169"}],"wp:attachment":[{"href":"https:\/\/bck.sk\/de\/wp-json\/wp\/v2\/media?parent=1609"}],"curies":[{"name":"wp","href":"https:\/\/api.w.org\/{rel}","templated":true}]}}