{"id":1523,"date":"2020-05-07T15:57:37","date_gmt":"2020-05-07T13:57:37","guid":{"rendered":"https:\/\/bck.sk\/?page_id=1523"},"modified":"2021-07-12T12:08:52","modified_gmt":"2021-07-12T10:08:52","slug":"etappe-i-erdgeschoss-1-og","status":"publish","type":"page","link":"https:\/\/bck.sk\/de\/3d-raumauswahl\/etappe-i-erdgeschoss-1-og\/","title":{"rendered":"Etappe I \u2013 Erdgescho\u00df (1. OG)"},"content":{"rendered":"<p>Toto je obsah, ktor\u00fd sa d\u00e1 upravi\u0165 cez administra\u010dn\u00fd syst\u00e9m. M\u00f4\u017eu tu by\u0165 jednotliv\u00e9 fotografie, gal\u00e9rie, texty, odkazy na podstr\u00e1nky a s\u00fabory.<\/p>\n<p><img loading=\"lazy\" decoding=\"async\" class=\"alignleft size-medium wp-image-256\" src=\"https:\/\/bck.sk\/wp-content\/uploads\/2020\/03\/Photo-11-02-2020-18-17-05-1-300x225.jpg\" alt=\"\" width=\"300\" height=\"225\" \/><\/p>\n<h3>Podnadpis tretej \u00farovne<\/h3>\n<p>Lorem ipsum dolor sit amet, consectetur adipiscing elit. Morbi at nunc felis. Sed tristique a mi eu congue. Duis imperdiet varius metus, quis tempor libero venenatis ac. Phasellus volutpat diam id ex mollis pellentesque. Phasellus consequat lectus ligula, nec porttitor purus elementum in. Curabitur at ex vitae nisi convallis facilisis. In auctor blandit dapibus. Curabitur non sollicitudin arcu. Duis sapien massa, hendrerit in porta non, rutrum id orci.<\/p>\n<div class=\"grid-container grid-container-gallery-content\">\n<div class=\"grid-x grid-margin-x text-center align-center\">\n<div class=\"cell small-12 medium-4 large-3\">\n<div class=\"my-gallery-thumbnail-container-content\">\n<a href=\"https:\/\/bck.sk\/wp-content\/uploads\/2020\/03\/Photo-11-02-2020-07-34-38.png\" data-lightbox=\"Gal\u00e9ria\" data-title=\"\" class=\"my-gallery-img-button-content\"><img loading=\"lazy\" decoding=\"async\" class=\"gallery-img-content\" src=\"https:\/\/bck.sk\/wp-content\/uploads\/2020\/03\/Photo-11-02-2020-07-34-38.png\" width=\"667\" height=\"500\" alt=\"\" title=\"\" \/><\/a>\n<\/div>\n<\/div>\n<div class=\"cell small-12 medium-4 large-3\">\n<div class=\"my-gallery-thumbnail-container-content\">\n<a href=\"https:\/\/bck.sk\/wp-content\/uploads\/2020\/03\/Photo-11-02-2020-07-34-00.png\" data-lightbox=\"Gal\u00e9ria\" data-title=\"\" class=\"my-gallery-img-button-content\"><img loading=\"lazy\" decoding=\"async\" class=\"gallery-img-content\" src=\"https:\/\/bck.sk\/wp-content\/uploads\/2020\/03\/Photo-11-02-2020-07-34-00-800x500.png\" width=\"800\" height=\"500\" alt=\"\" title=\"\" \/><\/a>\n<\/div>\n<\/div>\n<div class=\"cell small-12 medium-4 large-3\">\n<div class=\"my-gallery-thumbnail-container-content\">\n<a href=\"https:\/\/bck.sk\/wp-content\/uploads\/2020\/03\/Photo-11-02-2020-07-29-21.png\" data-lightbox=\"Gal\u00e9ria\" data-title=\"\" class=\"my-gallery-img-button-content\"><img loading=\"lazy\" decoding=\"async\" class=\"gallery-img-content\" src=\"https:\/\/bck.sk\/wp-content\/uploads\/2020\/03\/Photo-11-02-2020-07-29-21-800x500.png\" width=\"800\" height=\"500\" alt=\"\" title=\"\" \/><\/a>\n<\/div>\n<\/div>\n<div class=\"cell small-12 medium-4 large-3\">\n<div class=\"my-gallery-thumbnail-container-content\">\n<a href=\"https:\/\/bck.sk\/wp-content\/uploads\/2020\/03\/Photo-11-02-2020-07-28-22.png\" data-lightbox=\"Gal\u00e9ria\" data-title=\"\" class=\"my-gallery-img-button-content\"><img loading=\"lazy\" decoding=\"async\" class=\"gallery-img-content\" src=\"https:\/\/bck.sk\/wp-content\/uploads\/2020\/03\/Photo-11-02-2020-07-28-22-800x500.png\" width=\"800\" height=\"500\" alt=\"\" title=\"\" \/><\/a>\n<\/div>\n<\/div>\n<\/div><\/div>\n\n","protected":false},"excerpt":{"rendered":"<p>Toto je obsah, ktor\u00fd sa d\u00e1 upravi\u0165 cez administra\u010dn\u00fd syst\u00e9m. M\u00f4\u017eu tu by\u0165 jednotliv\u00e9 fotografie, gal\u00e9rie, texty, odkazy na podstr\u00e1nky a s\u00fabory. Podnadpis tretej \u00farovne Lorem ipsum dolor sit amet, consectetur adipiscing elit. Morbi at nunc felis. Sed tristique a mi eu congue. Duis imperdiet varius metus, quis tempor libero venenatis ac. Phasellus volutpat diam<a class=\"excerpt-read-more\" href=\"https:\/\/bck.sk\/de\/3d-raumauswahl\/etappe-i-erdgeschoss-1-og\/\" title=\"ReadEtappe I \u2013 Erdgescho\u00df (1. OG)\">&#8230; Read more &raquo;<\/a><\/p>\n","protected":false},"author":1,"featured_media":0,"parent":1605,"menu_order":21,"comment_status":"closed","ping_status":"closed","template":"template-poschodie.php","meta":{"_acf_changed":false,"footnotes":""},"class_list":["post-1523","page","type-page","status-publish","hentry"],"acf":[],"yoast_head":"<!-- This site is optimized with the Yoast SEO plugin v27.3 - https:\/\/yoast.com\/product\/yoast-seo-wordpress\/ -->\n<title>Etappe I \u2013 Erdgescho\u00df (1. OG) - Business Centre Ko\u0161ice<\/title>\n<meta name=\"robots\" content=\"index, follow, max-snippet:-1, max-image-preview:large, max-video-preview:-1\" \/>\n<link rel=\"canonical\" href=\"https:\/\/bck.sk\/de\/3d-raumauswahl\/etappe-i-erdgeschoss-1-og\/\" \/>\n<meta property=\"og:locale\" content=\"de_DE\" \/>\n<meta property=\"og:type\" content=\"article\" \/>\n<meta property=\"og:title\" content=\"Etappe I \u2013 Erdgescho\u00df (1. OG) - Business Centre Ko\u0161ice\" \/>\n<meta property=\"og:description\" content=\"Toto je obsah, ktor\u00fd sa d\u00e1 upravi\u0165 cez administra\u010dn\u00fd syst\u00e9m. M\u00f4\u017eu tu by\u0165 jednotliv\u00e9 fotografie, gal\u00e9rie, texty, odkazy na podstr\u00e1nky a s\u00fabory. Podnadpis tretej \u00farovne Lorem ipsum dolor sit amet, consectetur adipiscing elit. Morbi at nunc felis. Sed tristique a mi eu congue. Duis imperdiet varius metus, quis tempor libero venenatis ac. Phasellus volutpat diam... Read more &raquo;\" \/>\n<meta property=\"og:url\" content=\"https:\/\/bck.sk\/de\/3d-raumauswahl\/etappe-i-erdgeschoss-1-og\/\" \/>\n<meta property=\"og:site_name\" content=\"Business Centre Ko\u0161ice\" \/>\n<meta property=\"article:modified_time\" content=\"2021-07-12T10:08:52+00:00\" \/>\n<meta property=\"og:image\" content=\"https:\/\/bck.sk\/wp-content\/uploads\/2020\/03\/Photo-11-02-2020-07-34-38.png\" \/>\n<meta name=\"twitter:card\" content=\"summary_large_image\" \/>\n<meta name=\"twitter:label1\" content=\"Gesch\u00e4tzte Lesezeit\" \/>\n\t<meta name=\"twitter:data1\" content=\"1\u00a0Minute\" \/>\n<script type=\"application\/ld+json\" class=\"yoast-schema-graph\">{\"@context\":\"https:\\\/\\\/schema.org\",\"@graph\":[{\"@type\":\"WebPage\",\"@id\":\"https:\\\/\\\/bck.sk\\\/de\\\/3d-raumauswahl\\\/etappe-i-erdgeschoss-1-og\\\/\",\"url\":\"https:\\\/\\\/bck.sk\\\/de\\\/3d-raumauswahl\\\/etappe-i-erdgeschoss-1-og\\\/\",\"name\":\"Etappe I \u2013 Erdgescho\u00df (1. OG) - Business Centre Ko\u0161ice\",\"isPartOf\":{\"@id\":\"https:\\\/\\\/bck.sk\\\/de\\\/#website\"},\"primaryImageOfPage\":{\"@id\":\"https:\\\/\\\/bck.sk\\\/de\\\/3d-raumauswahl\\\/etappe-i-erdgeschoss-1-og\\\/#primaryimage\"},\"image\":{\"@id\":\"https:\\\/\\\/bck.sk\\\/de\\\/3d-raumauswahl\\\/etappe-i-erdgeschoss-1-og\\\/#primaryimage\"},\"thumbnailUrl\":\"https:\\\/\\\/bck.sk\\\/wp-content\\\/uploads\\\/2020\\\/03\\\/Photo-11-02-2020-18-17-05-1-300x225.jpg\",\"datePublished\":\"2020-05-07T13:57:37+00:00\",\"dateModified\":\"2021-07-12T10:08:52+00:00\",\"breadcrumb\":{\"@id\":\"https:\\\/\\\/bck.sk\\\/de\\\/3d-raumauswahl\\\/etappe-i-erdgeschoss-1-og\\\/#breadcrumb\"},\"inLanguage\":\"de\",\"potentialAction\":[{\"@type\":\"ReadAction\",\"target\":[\"https:\\\/\\\/bck.sk\\\/de\\\/3d-raumauswahl\\\/etappe-i-erdgeschoss-1-og\\\/\"]}]},{\"@type\":\"ImageObject\",\"inLanguage\":\"de\",\"@id\":\"https:\\\/\\\/bck.sk\\\/de\\\/3d-raumauswahl\\\/etappe-i-erdgeschoss-1-og\\\/#primaryimage\",\"url\":\"https:\\\/\\\/bck.sk\\\/wp-content\\\/uploads\\\/2020\\\/03\\\/Photo-11-02-2020-18-17-05-1-300x225.jpg\",\"contentUrl\":\"https:\\\/\\\/bck.sk\\\/wp-content\\\/uploads\\\/2020\\\/03\\\/Photo-11-02-2020-18-17-05-1-300x225.jpg\"},{\"@type\":\"BreadcrumbList\",\"@id\":\"https:\\\/\\\/bck.sk\\\/de\\\/3d-raumauswahl\\\/etappe-i-erdgeschoss-1-og\\\/#breadcrumb\",\"itemListElement\":[{\"@type\":\"ListItem\",\"position\":1,\"name\":\"Home\",\"item\":\"https:\\\/\\\/bck.sk\\\/de\\\/\"},{\"@type\":\"ListItem\",\"position\":2,\"name\":\"3D-RAUMAUSWAHL\",\"item\":\"https:\\\/\\\/bck.sk\\\/de\\\/3d-raumauswahl\\\/\"},{\"@type\":\"ListItem\",\"position\":3,\"name\":\"Etappe I \u2013 Erdgescho\u00df (1. OG)\"}]},{\"@type\":\"WebSite\",\"@id\":\"https:\\\/\\\/bck.sk\\\/de\\\/#website\",\"url\":\"https:\\\/\\\/bck.sk\\\/de\\\/\",\"name\":\"Business Centre Ko\u0161ice\",\"description\":\"Kancel\u00e1rie na pren\u00e1jom - luxusn\u00e9 kancel\u00e1rske priestory Ko\u0161ice\",\"potentialAction\":[{\"@type\":\"SearchAction\",\"target\":{\"@type\":\"EntryPoint\",\"urlTemplate\":\"https:\\\/\\\/bck.sk\\\/de\\\/?s={search_term_string}\"},\"query-input\":{\"@type\":\"PropertyValueSpecification\",\"valueRequired\":true,\"valueName\":\"search_term_string\"}}],\"inLanguage\":\"de\"}]}<\/script>\n<!-- \/ Yoast SEO plugin. -->","yoast_head_json":{"title":"Etappe I \u2013 Erdgescho\u00df (1. OG) - Business Centre Ko\u0161ice","robots":{"index":"index","follow":"follow","max-snippet":"max-snippet:-1","max-image-preview":"max-image-preview:large","max-video-preview":"max-video-preview:-1"},"canonical":"https:\/\/bck.sk\/de\/3d-raumauswahl\/etappe-i-erdgeschoss-1-og\/","og_locale":"de_DE","og_type":"article","og_title":"Etappe I \u2013 Erdgescho\u00df (1. OG) - Business Centre Ko\u0161ice","og_description":"Toto je obsah, ktor\u00fd sa d\u00e1 upravi\u0165 cez administra\u010dn\u00fd syst\u00e9m. M\u00f4\u017eu tu by\u0165 jednotliv\u00e9 fotografie, gal\u00e9rie, texty, odkazy na podstr\u00e1nky a s\u00fabory. Podnadpis tretej \u00farovne Lorem ipsum dolor sit amet, consectetur adipiscing elit. Morbi at nunc felis. Sed tristique a mi eu congue. Duis imperdiet varius metus, quis tempor libero venenatis ac. Phasellus volutpat diam... Read more &raquo;","og_url":"https:\/\/bck.sk\/de\/3d-raumauswahl\/etappe-i-erdgeschoss-1-og\/","og_site_name":"Business Centre Ko\u0161ice","article_modified_time":"2021-07-12T10:08:52+00:00","og_image":[{"url":"https:\/\/bck.sk\/wp-content\/uploads\/2020\/03\/Photo-11-02-2020-07-34-38.png","type":"","width":"","height":""}],"twitter_card":"summary_large_image","twitter_misc":{"Gesch\u00e4tzte Lesezeit":"1\u00a0Minute"},"schema":{"@context":"https:\/\/schema.org","@graph":[{"@type":"WebPage","@id":"https:\/\/bck.sk\/de\/3d-raumauswahl\/etappe-i-erdgeschoss-1-og\/","url":"https:\/\/bck.sk\/de\/3d-raumauswahl\/etappe-i-erdgeschoss-1-og\/","name":"Etappe I \u2013 Erdgescho\u00df (1. OG) - Business Centre Ko\u0161ice","isPartOf":{"@id":"https:\/\/bck.sk\/de\/#website"},"primaryImageOfPage":{"@id":"https:\/\/bck.sk\/de\/3d-raumauswahl\/etappe-i-erdgeschoss-1-og\/#primaryimage"},"image":{"@id":"https:\/\/bck.sk\/de\/3d-raumauswahl\/etappe-i-erdgeschoss-1-og\/#primaryimage"},"thumbnailUrl":"https:\/\/bck.sk\/wp-content\/uploads\/2020\/03\/Photo-11-02-2020-18-17-05-1-300x225.jpg","datePublished":"2020-05-07T13:57:37+00:00","dateModified":"2021-07-12T10:08:52+00:00","breadcrumb":{"@id":"https:\/\/bck.sk\/de\/3d-raumauswahl\/etappe-i-erdgeschoss-1-og\/#breadcrumb"},"inLanguage":"de","potentialAction":[{"@type":"ReadAction","target":["https:\/\/bck.sk\/de\/3d-raumauswahl\/etappe-i-erdgeschoss-1-og\/"]}]},{"@type":"ImageObject","inLanguage":"de","@id":"https:\/\/bck.sk\/de\/3d-raumauswahl\/etappe-i-erdgeschoss-1-og\/#primaryimage","url":"https:\/\/bck.sk\/wp-content\/uploads\/2020\/03\/Photo-11-02-2020-18-17-05-1-300x225.jpg","contentUrl":"https:\/\/bck.sk\/wp-content\/uploads\/2020\/03\/Photo-11-02-2020-18-17-05-1-300x225.jpg"},{"@type":"BreadcrumbList","@id":"https:\/\/bck.sk\/de\/3d-raumauswahl\/etappe-i-erdgeschoss-1-og\/#breadcrumb","itemListElement":[{"@type":"ListItem","position":1,"name":"Home","item":"https:\/\/bck.sk\/de\/"},{"@type":"ListItem","position":2,"name":"3D-RAUMAUSWAHL","item":"https:\/\/bck.sk\/de\/3d-raumauswahl\/"},{"@type":"ListItem","position":3,"name":"Etappe I \u2013 Erdgescho\u00df (1. OG)"}]},{"@type":"WebSite","@id":"https:\/\/bck.sk\/de\/#website","url":"https:\/\/bck.sk\/de\/","name":"Business Centre Ko\u0161ice","description":"Kancel\u00e1rie na pren\u00e1jom - luxusn\u00e9 kancel\u00e1rske priestory Ko\u0161ice","potentialAction":[{"@type":"SearchAction","target":{"@type":"EntryPoint","urlTemplate":"https:\/\/bck.sk\/de\/?s={search_term_string}"},"query-input":{"@type":"PropertyValueSpecification","valueRequired":true,"valueName":"search_term_string"}}],"inLanguage":"de"}]}},"_links":{"self":[{"href":"https:\/\/bck.sk\/de\/wp-json\/wp\/v2\/pages\/1523","targetHints":{"allow":["GET"]}}],"collection":[{"href":"https:\/\/bck.sk\/de\/wp-json\/wp\/v2\/pages"}],"about":[{"href":"https:\/\/bck.sk\/de\/wp-json\/wp\/v2\/types\/page"}],"author":[{"embeddable":true,"href":"https:\/\/bck.sk\/de\/wp-json\/wp\/v2\/users\/1"}],"replies":[{"embeddable":true,"href":"https:\/\/bck.sk\/de\/wp-json\/wp\/v2\/comments?post=1523"}],"version-history":[{"count":2,"href":"https:\/\/bck.sk\/de\/wp-json\/wp\/v2\/pages\/1523\/revisions"}],"predecessor-version":[{"id":2825,"href":"https:\/\/bck.sk\/de\/wp-json\/wp\/v2\/pages\/1523\/revisions\/2825"}],"up":[{"embeddable":true,"href":"https:\/\/bck.sk\/de\/wp-json\/wp\/v2\/pages\/1605"}],"wp:attachment":[{"href":"https:\/\/bck.sk\/de\/wp-json\/wp\/v2\/media?parent=1523"}],"curies":[{"name":"wp","href":"https:\/\/api.w.org\/{rel}","templated":true}]}}